{"id":18107,"date":"2024-03-05T17:19:04","date_gmt":"2024-03-05T16:19:04","guid":{"rendered":"https:\/\/woerrlein-naturfoto.de\/wordpress\/?page_id=18107"},"modified":"2024-03-05T17:36:56","modified_gmt":"2024-03-05T16:36:56","slug":"affenknabenkraut","status":"publish","type":"page","link":"https:\/\/woerrlein-naturfoto.de\/wordpress\/knabenkraeuter-iii-orchis-a-z\/affenknabenkraut\/","title":{"rendered":"Affen-Knabenkraut"},"content":{"rendered":"<p><span style=\"color: #ffff00;\"><a style=\"color: #ffff00;\" href=\"http:\/\/woerrlein-naturfoto.de\/wordpress\/hauptseite-pflanzen\/pflanzen\/\">Pflanzen<\/a> <\/span>-&gt;<span style=\"color: #ffff00;\"><a style=\"color: #ffff00;\" href=\"http:\/\/woerrlein-naturfoto.de\/wordpress\/hauptseite-pflanzen\/pflanzen\/blueten-i-orchideen-2\/\">Orchideen <\/a><\/span>-&gt; <span style=\"color: #ffff00;\"><a style=\"color: #ffff00;\" href=\"http:\/\/woerrlein-naturfoto.de\/wordpress\/hauptseite-pflanzen\/pflanzen\/knabenkraeuter-iii-orchis\/\">Knabenkr\u00e4uter III (Orchis)<\/a><\/span><br \/>\n<a href=\"http:\/\/woerrlein-naturfoto.de\/wordpress\/pflanzen-von-a-z\/\">Pflanzen von A-Z<\/a><br \/>\nZur Galerie <a href=\"http:\/\/woerrlein-naturfoto.de\/wordpress\/hauptseite-pflanzen\/pflanzen\/knabenkraeuter-iii-orchis\/\">Knabenkr\u00e4uter III\u00a0<\/a><\/p>\n<p><img loading=\"lazy\" decoding=\"async\" class=\"alignleft wp-image-17973\" src=\"https:\/\/woerrlein-naturfoto.de\/wordpress\/wp-content\/uploads\/2019\/08\/Affenknabenkraut_230528_5039-267x400.jpg\" alt=\"\" width=\"267\" height=\"400\" srcset=\"https:\/\/woerrlein-naturfoto.de\/wordpress\/wp-content\/uploads\/2019\/08\/Affenknabenkraut_230528_5039-267x400.jpg 267w, https:\/\/woerrlein-naturfoto.de\/wordpress\/wp-content\/uploads\/2019\/08\/Affenknabenkraut_230528_5039.jpg 567w\" sizes=\"auto, (max-width: 267px) 100vw, 267px\" \/>Das <b>Affen-Knabenkraut<\/b> (<i>Orchis simia<\/i>)<sup id=\"cite_ref-FloraWeb_1-0\" class=\"reference\"><\/sup> ist eine Pflanzenart aus der Gattung der Knabenkr\u00e4uter (<i>Orchis<\/i>) innerhalb der Familie der Orchideen.<br \/>\nDas Affen-Knabenkraut ist eine ausdauernde, krautige Pflanze, die Wuchsh\u00f6hen von 20 bis 45 Zentimetern erreicht. Die zwei bis f\u00fcnf in einer Rosette angeordneten Laubbl\u00e4tter sind ungefleckt und bis zu 20 Zentimeter lang.<br \/>\nDer ovale Bl\u00fctenstand ist dichtbl\u00fctig. Typisch f\u00fcr diese Art ist das Aufbl\u00fchen von <b>oben nach unten<\/b>. Die zwittrigen Bl\u00fcten sind <a title=\"Zygomorph\" href=\"https:\/\/de.wikipedia.org\/wiki\/Zygomorph\" target=\"_blank\" rel=\"noopener\">zygomorph<\/a> und dreiz\u00e4hlig. Kelch- und Kronbl\u00e4tter bilden einen Helm, au\u00dfen wei\u00dflich-rosa, innen purpurfarben gepunktet. Die Lippe ist 15 bis 20 Millimeter lang, deutlich dreilappig, mittlerer Lappen tief zweigeteilt mit kurzem Anh\u00e4ngsel in der Mitte. Seitenlappen und Zipfel des Mittellappen sehr schmal, hell bis kr\u00e4ftig rosa gef\u00e4rbt. Mitte der Lippe wei\u00dflich mit feinen Punkten. Sporn zylindrisch, abw\u00e4rts gebogen. Es gibt rein wei\u00dfbl\u00fchende oder fast rein wei\u00df bl\u00fchende Exemplare.<br \/>\nDas Affen-Knabenkraut kommt haupts\u00e4chlich im Mittelmeerraum vor, au\u00dferdem gibt es isolierte Vorkommen in West- und Mitteleuropa, Kleinasien, Iran, Kaukasusraum sowie Nordafrika.<br \/>\nEs kommt in Mitteleuropa nur im \u00e4u\u00dfersten S\u00fcdwesten bei der Burgundischen Pforte, im Oberrheintal (am Kaiserstuhl), im Oberelsass und in der \u00e4u\u00dfersten S\u00fcdwestschweiz sehr selten vor. Es bildet an seinen Standorten zuweilen kleinere, sehr lockere und meist individuenarme Best\u00e4nde. In Deutschland ist es nur in den w\u00e4rmeren Regionen haupts\u00e4chlich entlang des Rheins zu finden. In der Schweiz finden sich Vorkommen in den Kantonen Genf und Waadt. Die Tendenz zur Ausbreitung, wie sie bei der Bocks-Riemenzunge und verschiedenen heimischen Ragwurzen beobachtet wurde, ist bei dieser Art bisher nur im Ansatz zu erkennen.<\/p>\n<p><strong>Bl\u00fctezeit:<\/strong> \u00a0\u00a0\u00a0 Ende April bis Ende Mai<\/p>\n<p>Zur Galerie <a href=\"http:\/\/woerrlein-naturfoto.de\/wordpress\/hauptseite-pflanzen\/pflanzen\/knabenkraeuter-iii-orchis\/\">Knabenkr\u00e4uter III<\/a><\/p>\n<p><em>Quelle des Textauszuges und weitere Infos bei <\/em><a href=\"https:\/\/de.wikipedia.org\/wiki\/Affen-Knabenkraut\" target=\"_blank\" rel=\"noopener noreferrer\">Wikipedia<\/a><em> (<\/em><a href=\"http:\/\/www.gnu.org\/licenses\/fdl-1.3.txt\" target=\"_blank\" rel=\"noopener noreferrer\">GNU-Lizenz<\/a><em>)\u2013 mein Dank gilt den <\/em><a href=\"https:\/\/de.wikipedia.org\/w\/index.php?title=Affen-Knabenkraut&amp;action=history\" target=\"_blank\" rel=\"noopener noreferrer\">Autoren<\/a><em>.<\/em><\/p>\n","protected":false},"excerpt":{"rendered":"<p>Pflanzen -&gt;Orchideen -&gt; Knabenkr\u00e4uter III (Orchis) Pflanzen von A-Z Zur Galerie Knabenkr\u00e4uter III\u00a0 Das Affen-Knabenkraut (Orchis simia) ist eine Pflanzenart aus der Gattung der Knabenkr\u00e4uter (Orchis) innerhalb der Familie der Orchideen. Das Affen-Knabenkraut ist eine ausdauernde, krautige Pflanze, die Wuchsh\u00f6hen von 20 bis 45 Zentimetern erreicht. Die zwei bis f\u00fcnf in einer Rosette angeordneten Laubbl\u00e4tter &hellip; <a href=\"https:\/\/woerrlein-naturfoto.de\/wordpress\/knabenkraeuter-iii-orchis-a-z\/affenknabenkraut\/\" class=\"more-link\"><span class=\"screen-reader-text\">Affen-Knabenkraut<\/span> weiterlesen <span class=\"meta-nav\">&rarr;<\/span><\/a><\/p>\n","protected":false},"author":1,"featured_media":0,"parent":14212,"menu_order":0,"comment_status":"closed","ping_status":"closed","template":"page-templates\/full-width.php","meta":{"footnotes":""},"class_list":["post-18107","page","type-page","status-publish","hentry"],"_links":{"self":[{"href":"https:\/\/woerrlein-naturfoto.de\/wordpress\/wp-json\/wp\/v2\/pages\/18107","targetHints":{"allow":["GET"]}}],"collection":[{"href":"https:\/\/woerrlein-naturfoto.de\/wordpress\/wp-json\/wp\/v2\/pages"}],"about":[{"href":"https:\/\/woerrlein-naturfoto.de\/wordpress\/wp-json\/wp\/v2\/types\/page"}],"author":[{"embeddable":true,"href":"https:\/\/woerrlein-naturfoto.de\/wordpress\/wp-json\/wp\/v2\/users\/1"}],"replies":[{"embeddable":true,"href":"https:\/\/woerrlein-naturfoto.de\/wordpress\/wp-json\/wp\/v2\/comments?post=18107"}],"version-history":[{"count":5,"href":"https:\/\/woerrlein-naturfoto.de\/wordpress\/wp-json\/wp\/v2\/pages\/18107\/revisions"}],"predecessor-version":[{"id":18112,"href":"https:\/\/woerrlein-naturfoto.de\/wordpress\/wp-json\/wp\/v2\/pages\/18107\/revisions\/18112"}],"up":[{"embeddable":true,"href":"https:\/\/woerrlein-naturfoto.de\/wordpress\/wp-json\/wp\/v2\/pages\/14212"}],"wp:attachment":[{"href":"https:\/\/woerrlein-naturfoto.de\/wordpress\/wp-json\/wp\/v2\/media?parent=18107"}],"curies":[{"name":"wp","href":"https:\/\/api.w.org\/{rel}","templated":true}]}}