{"id":17910,"date":"2024-01-24T14:41:33","date_gmt":"2024-01-24T13:41:33","guid":{"rendered":"https:\/\/woerrlein-naturfoto.de\/wordpress\/?page_id=17910"},"modified":"2024-01-24T14:41:33","modified_gmt":"2024-01-24T13:41:33","slug":"elch","status":"publish","type":"page","link":"https:\/\/woerrlein-naturfoto.de\/wordpress\/paarhufer-unpaarhufer-a-z\/elch\/","title":{"rendered":"Elch"},"content":{"rendered":"<p><a href=\"http:\/\/woerrlein-naturfoto.de\/wordpress\/hauptseite-sonstige-tiere\/sonstige-tiere\/\"><span style=\"color: #ffff66;\">sonstige Tiere<\/span> <\/a>-&gt;<a title=\"S\u00e4ugetiere II (Paarhufer, Unpaarhufer)\" href=\"http:\/\/woerrlein-naturfoto.de\/wordpress\/hauptseite-sonstige-tiere\/sonstige-tiere\/saeugetiere-ii-paarhufer-unpaarhufer\/\"> <span style=\"color: #ffff66;\">S\u00e4ugetiere II (Paarhufer, Unpaarhufer)<\/span><\/a><br \/>\n<a href=\"http:\/\/woerrlein-naturfoto.de\/wordpress\/sonstige-tiere-von-a-z\/\">sonstige Tiere von A-Z<\/a><br \/>\nzur Gallerie <a title=\"S\u00e4ugetiere II (Paarhufer, Unpaarhufer)\" href=\"http:\/\/woerrlein-naturfoto.de\/wordpress\/hauptseite-sonstige-tiere\/sonstige-tiere\/saeugetiere-ii-paarhufer-unpaarhufer\/\">Paarhufer, Unpaarhufer<\/a><\/p>\n<p><img loading=\"lazy\" decoding=\"async\" class=\"alignleft wp-image-17864\" src=\"https:\/\/woerrlein-naturfoto.de\/wordpress\/wp-content\/uploads\/2015\/02\/Elch_AW27701L-600x400.jpg\" alt=\"\" width=\"600\" height=\"400\" srcset=\"https:\/\/woerrlein-naturfoto.de\/wordpress\/wp-content\/uploads\/2015\/02\/Elch_AW27701L-600x400.jpg 600w, https:\/\/woerrlein-naturfoto.de\/wordpress\/wp-content\/uploads\/2015\/02\/Elch_AW27701L-768x512.jpg 768w, https:\/\/woerrlein-naturfoto.de\/wordpress\/wp-content\/uploads\/2015\/02\/Elch_AW27701L-120x80.jpg 120w, https:\/\/woerrlein-naturfoto.de\/wordpress\/wp-content\/uploads\/2015\/02\/Elch_AW27701L.jpg 1000w\" sizes=\"auto, (max-width: 600px) 100vw, 600px\" \/>Der <b>Elch<\/b> (<i>Alces alces<\/i>) ist die gr\u00f6\u00dfte heute vorkommende Art der Hirsche. Sein Lebensraum erstreckt sich \u00fcber Nordeuropa, Nordasien und Nordamerika. Der Elch wird von der <a title=\"IUCN\" href=\"https:\/\/de.wikipedia.org\/wiki\/IUCN\" target=\"_blank\" rel=\"noopener\">IUCN<\/a> als \u201enicht gef\u00e4hrdet\u201c eingestuft.<br \/>\nCharakteristisch f\u00fcr den K\u00f6rperbau des Elches ist der kurze massige Rumpf mit seinen relativ langen Gliedma\u00dfen. Der Brustkorb ist bei erwachsenen Tieren stark entwickelt und die Schulterpartie muskul\u00f6s. Die Wirbel der Brustwirbels\u00e4ule tragen verl\u00e4ngerte Dornforts\u00e4tze. Dort setzen die Muskeln und B\u00e4nder an, die das Gewicht des Geweihes tragen. Dadurch entsteht ein erh\u00f6hter Widerrist, der typische Elchbuckel, der mit langen, abstehenden Haaren bedeckt ist. Der schw\u00e4cher ausgebildete hintere Teil des Rumpfes f\u00e4llt nach hinten ab. Der mit Haaren bedeckte Schwanz ist mit acht bis zehn Zentimetern eher kurz und erreicht nur ein Drittel der L\u00e4nge der Ohren; er liegt dicht am K\u00f6rper an und tritt kaum aus dem Fell hervor. Ein auff\u00e4lliger Geschlechtsdimorphismus besteht, bezogen auf den K\u00f6rperbau, nicht. Elchk\u00fche sind lediglich etwas leichter, der Widerrist tritt nicht so stark in Erscheinung und die Schulterpartie ist etwas schw\u00e4cher bemuskelt.<br \/>\nElche sind <a title=\"Paarhufer\" href=\"https:\/\/de.wikipedia.org\/wiki\/Paarhufer\" target=\"_blank\" rel=\"noopener\">Paarhufer<\/a> und haben somit gespaltene Hufe. Ein Huf besteht jeweils aus innerer und \u00e4u\u00dferer Hauptklaue (Schale genannt) und einer zugeh\u00f6rigen Afterklaue. Die Hauptklauen sind bis zu 18 Zentimeter lang, laufen spitz aus und sind insbesondere an der Vorderseite hart- und scharfkantig. Die vorderen Hufe sind etwas gr\u00f6\u00dfer und breiter als die hinteren. Eine Besonderheit ist die Schwimmhaut, eine Verbindungshaut zwischen den gro\u00dfen Schalen, die sich nur beim Elch findet, keine andere Hirschart weist diese Eigenart auf. Die Hufe sind immer etwas gespreizt, auf weichem Grund gehen sie besonders weit auseinander, dabei spannt sich die Schwimmhaut und vermindert das Einsinken im Schnee oder morastigen Boden. Bei weit gespreizten Hufen \u00fcbernehmen auch die Afterklauen eine St\u00fctzfunktion.<\/p>\n<p>Zur Galerie <a title=\"S\u00e4ugetiere II (Paarhufer, Unpaarhufer)\" href=\"http:\/\/woerrlein-naturfoto.de\/wordpress\/hauptseite-sonstige-tiere\/sonstige-tiere\/saeugetiere-ii-paarhufer-unpaarhufer\/\">Paarhufer, Unpaarhufer<\/a><\/p>\n<p>&nbsp;<\/p>\n<p><em>Quelle des Textauszuges und weitere Infos bei <\/em><a href=\"https:\/\/de.wikipedia.org\/wiki\/Elch\" target=\"_blank\" rel=\"noopener\">Wikipedia<\/a><em> (<\/em><a href=\"http:\/\/www.gnu.org\/licenses\/fdl-1.3.txt\" target=\"_blank\" rel=\"noopener\">GNU-Lizenz<\/a><em>)\u2013 mein Dank gilt den <\/em><a href=\"https:\/\/de.wikipedia.org\/w\/index.php?title=Elch&amp;action=history\" target=\"_blank\" rel=\"noopener\">Autoren<\/a><em>.<\/em><\/p>\n","protected":false},"excerpt":{"rendered":"<p>sonstige Tiere -&gt; S\u00e4ugetiere II (Paarhufer, Unpaarhufer) sonstige Tiere von A-Z zur Gallerie Paarhufer, Unpaarhufer Der Elch (Alces alces) ist die gr\u00f6\u00dfte heute vorkommende Art der Hirsche. Sein Lebensraum erstreckt sich \u00fcber Nordeuropa, Nordasien und Nordamerika. Der Elch wird von der IUCN als \u201enicht gef\u00e4hrdet\u201c eingestuft. Charakteristisch f\u00fcr den K\u00f6rperbau des Elches ist der kurze &hellip; <a href=\"https:\/\/woerrlein-naturfoto.de\/wordpress\/paarhufer-unpaarhufer-a-z\/elch\/\" class=\"more-link\"><span class=\"screen-reader-text\">Elch<\/span> weiterlesen <span class=\"meta-nav\">&rarr;<\/span><\/a><\/p>\n","protected":false},"author":1,"featured_media":0,"parent":5544,"menu_order":0,"comment_status":"closed","ping_status":"closed","template":"page-templates\/full-width.php","meta":{"footnotes":""},"class_list":["post-17910","page","type-page","status-publish","hentry"],"_links":{"self":[{"href":"https:\/\/woerrlein-naturfoto.de\/wordpress\/wp-json\/wp\/v2\/pages\/17910","targetHints":{"allow":["GET"]}}],"collection":[{"href":"https:\/\/woerrlein-naturfoto.de\/wordpress\/wp-json\/wp\/v2\/pages"}],"about":[{"href":"https:\/\/woerrlein-naturfoto.de\/wordpress\/wp-json\/wp\/v2\/types\/page"}],"author":[{"embeddable":true,"href":"https:\/\/woerrlein-naturfoto.de\/wordpress\/wp-json\/wp\/v2\/users\/1"}],"replies":[{"embeddable":true,"href":"https:\/\/woerrlein-naturfoto.de\/wordpress\/wp-json\/wp\/v2\/comments?post=17910"}],"version-history":[{"count":1,"href":"https:\/\/woerrlein-naturfoto.de\/wordpress\/wp-json\/wp\/v2\/pages\/17910\/revisions"}],"predecessor-version":[{"id":17911,"href":"https:\/\/woerrlein-naturfoto.de\/wordpress\/wp-json\/wp\/v2\/pages\/17910\/revisions\/17911"}],"up":[{"embeddable":true,"href":"https:\/\/woerrlein-naturfoto.de\/wordpress\/wp-json\/wp\/v2\/pages\/5544"}],"wp:attachment":[{"href":"https:\/\/woerrlein-naturfoto.de\/wordpress\/wp-json\/wp\/v2\/media?parent=17910"}],"curies":[{"name":"wp","href":"https:\/\/api.w.org\/{rel}","templated":true}]}}