{"id":17904,"date":"2024-01-24T14:26:13","date_gmt":"2024-01-24T13:26:13","guid":{"rendered":"https:\/\/woerrlein-naturfoto.de\/wordpress\/?page_id=17904"},"modified":"2024-01-24T14:29:20","modified_gmt":"2024-01-24T13:29:20","slug":"polarfuchs","status":"publish","type":"page","link":"https:\/\/woerrlein-naturfoto.de\/wordpress\/saeugetiere-iii-a-z\/polarfuchs\/","title":{"rendered":"Polarfuchs"},"content":{"rendered":"<p><a href=\"http:\/\/woerrlein-naturfoto.de\/wordpress\/hauptseite-sonstige-tiere\/sonstige-tiere\/\"><span style=\"color: #ffff66;\">sonstige Tiere<\/span> <\/a>-&gt;<a title=\"S\u00e4ugetiere III (sonstige S\u00e4ugetiere)\" href=\"http:\/\/woerrlein-naturfoto.de\/wordpress\/hauptseite-sonstige-tiere\/sonstige-tiere\/saeugetiere-iii-sonstige-saeugetiere\/\"> <span style=\"color: #ffff66;\">S\u00e4ugetiere III (sonstige S\u00e4ugetiere)<\/span><\/a><br \/>\n<a href=\"http:\/\/woerrlein-naturfoto.de\/wordpress\/sonstige-tiere-von-a-z\/\">sonstige Tiere von A-Z<\/a><br \/>\nzur Galerie <a title=\"S\u00e4ugetiere III (sonstige S\u00e4ugetiere)\" href=\"http:\/\/woerrlein-naturfoto.de\/wordpress\/hauptseite-sonstige-tiere\/sonstige-tiere\/saeugetiere-iii-sonstige-saeugetiere\/\">sonstige S\u00e4ugetiere<\/a><\/p>\n<p><img loading=\"lazy\" decoding=\"async\" class=\"alignleft wp-image-17855\" src=\"https:\/\/woerrlein-naturfoto.de\/wordpress\/wp-content\/uploads\/2024\/01\/Polarfuchs_230308_2519-600x400.jpg\" alt=\"\" width=\"600\" height=\"400\" srcset=\"https:\/\/woerrlein-naturfoto.de\/wordpress\/wp-content\/uploads\/2024\/01\/Polarfuchs_230308_2519-600x400.jpg 600w, https:\/\/woerrlein-naturfoto.de\/wordpress\/wp-content\/uploads\/2024\/01\/Polarfuchs_230308_2519-768x512.jpg 768w, https:\/\/woerrlein-naturfoto.de\/wordpress\/wp-content\/uploads\/2024\/01\/Polarfuchs_230308_2519-120x80.jpg 120w, https:\/\/woerrlein-naturfoto.de\/wordpress\/wp-content\/uploads\/2024\/01\/Polarfuchs_230308_2519.jpg 1000w\" sizes=\"auto, (max-width: 600px) 100vw, 600px\" \/>Der <b>Polarfuchs,<\/b> <b>Schneefuchs<\/b> oder <b>Eisfuchs<\/b> (<i>Vulpes lagopus)<\/i> ist eine Fuchsart, die in der n\u00f6rdlichen Polarregion beheimatet ist.<br \/>\nDer wissenschaftliche Name bedeutet \u201ehasenf\u00fc\u00dfiger Fuchs\u201c, da seine Pfoten wie die des <a title=\"Polarhase\" href=\"https:\/\/de.wikipedia.org\/wiki\/Polarhase\" target=\"_blank\" rel=\"noopener\">Polarhasen<\/a> mit dichtem Pelz besetzt sind. Seine Gestalt weist ihn als typischen Fuchs aus, doch wirken seine Kopf- und Schnauzenform gedrungener als etwa beim Rotfuchs. Die durchschnittliche L\u00e4nge misst, unter Einbeziehung des etwa 35 Zentimeter langen Schwanzes, zwischen 65 und 90 Zentimetern. Die Schulterh\u00f6he betr\u00e4gt etwa 30 Zentimeter, das Gewicht rund 5 Kilogramm. Die F\u00e4hen (Weibchen) sind nur wenig kleiner als die m\u00e4nnlichen Tiere.<br \/>\nDer Polarfuchs ist der einzige Wildhund, der die Farbe seines Pelzes den Jahreszeiten entsprechend wechselt. Im Sommer sind Kopf, R\u00fccken, Schwanz und Beine braun, die Flanken und der Bauch hellbeige behaart. Diese besonders im Juli und August ausgepr\u00e4gte, im Vergleich zum Winterfell auch k\u00fcrzere Fellbedeckung bietet in der Tundra eine perfekte Tarnung.<br \/>\nW\u00e4hrend sich das Sommerfell aller Polarf\u00fcchse \u00e4hnelt, treten in der Winterfellphase zwei sehr unterschiedliche Farbversionen auf \u2013 eine wei\u00dfe und eine blaue Variante. Entsprechend unterscheidet man zwischen \u201eWei\u00dffuchs\u201c und \u201eBlaufuchs\u201c. Der Wei\u00dffuchs tr\u00e4gt im Winter ein rein wei\u00dfes Fell. Die Farben des winterlichen Blaufuchsfells variieren dagegen von hellgrau bis dunkelblau und sogar schwarz; Unterschiede zeigen sich von Wurf zu Wurf und auch geografisch.<br \/>\nDer Polarfuchs h\u00e4lt sich <a title=\"Polargebiet\" href=\"https:\/\/de.wikipedia.org\/wiki\/Polargebiet\" target=\"_blank\" rel=\"noopener\">zirkumpolar<\/a> n\u00f6rdlich der Waldgrenze auf und ist in Nordeuropa (Skandinavien, Spitzbergen, Island), Nordrussland (Sibirien), Nordkanada, Alaska (Vereinigte Staaten) und Gr\u00f6nland verbreitet. Sein Habitat ist vor allem die Tundra, doch leben Polarf\u00fcchse sogar auf dem Packeis des Arktischen Ozeans.<\/p>\n<p>Zur Galerie <a title=\"S\u00e4ugetiere III (sonstige S\u00e4ugetiere)\" href=\"http:\/\/woerrlein-naturfoto.de\/wordpress\/hauptseite-sonstige-tiere\/sonstige-tiere\/saeugetiere-iii-sonstige-saeugetiere\/\">sonstige S\u00e4ugetiere<\/a><\/p>\n<p>&nbsp;<\/p>\n<p><em>Quelle des Textauszuges und weitere Infos bei <\/em><a href=\"https:\/\/de.wikipedia.org\/wiki\/Polarfuchs\" target=\"_blank\" rel=\"noopener\">Wikipedia<\/a><em> (<\/em><a href=\"http:\/\/www.gnu.org\/licenses\/fdl-1.3.txt\" target=\"_blank\" rel=\"noopener\">GNU-Lizenz<\/a><em>)\u2013 mein Dank gilt den <\/em><a href=\"https:\/\/de.wikipedia.org\/w\/index.php?title=Polarfuchs&amp;action=history\" target=\"_blank\" rel=\"noopener\">Autoren<\/a><em>.<\/em><\/p>\n","protected":false},"excerpt":{"rendered":"<p>sonstige Tiere -&gt; S\u00e4ugetiere III (sonstige S\u00e4ugetiere) sonstige Tiere von A-Z zur Galerie sonstige S\u00e4ugetiere Der Polarfuchs, Schneefuchs oder Eisfuchs (Vulpes lagopus) ist eine Fuchsart, die in der n\u00f6rdlichen Polarregion beheimatet ist. Der wissenschaftliche Name bedeutet \u201ehasenf\u00fc\u00dfiger Fuchs\u201c, da seine Pfoten wie die des Polarhasen mit dichtem Pelz besetzt sind. Seine Gestalt weist ihn als &hellip; <a href=\"https:\/\/woerrlein-naturfoto.de\/wordpress\/saeugetiere-iii-a-z\/polarfuchs\/\" class=\"more-link\"><span class=\"screen-reader-text\">Polarfuchs<\/span> weiterlesen <span class=\"meta-nav\">&rarr;<\/span><\/a><\/p>\n","protected":false},"author":1,"featured_media":0,"parent":5629,"menu_order":0,"comment_status":"closed","ping_status":"closed","template":"page-templates\/full-width.php","meta":{"footnotes":""},"class_list":["post-17904","page","type-page","status-publish","hentry"],"_links":{"self":[{"href":"https:\/\/woerrlein-naturfoto.de\/wordpress\/wp-json\/wp\/v2\/pages\/17904","targetHints":{"allow":["GET"]}}],"collection":[{"href":"https:\/\/woerrlein-naturfoto.de\/wordpress\/wp-json\/wp\/v2\/pages"}],"about":[{"href":"https:\/\/woerrlein-naturfoto.de\/wordpress\/wp-json\/wp\/v2\/types\/page"}],"author":[{"embeddable":true,"href":"https:\/\/woerrlein-naturfoto.de\/wordpress\/wp-json\/wp\/v2\/users\/1"}],"replies":[{"embeddable":true,"href":"https:\/\/woerrlein-naturfoto.de\/wordpress\/wp-json\/wp\/v2\/comments?post=17904"}],"version-history":[{"count":4,"href":"https:\/\/woerrlein-naturfoto.de\/wordpress\/wp-json\/wp\/v2\/pages\/17904\/revisions"}],"predecessor-version":[{"id":17908,"href":"https:\/\/woerrlein-naturfoto.de\/wordpress\/wp-json\/wp\/v2\/pages\/17904\/revisions\/17908"}],"up":[{"embeddable":true,"href":"https:\/\/woerrlein-naturfoto.de\/wordpress\/wp-json\/wp\/v2\/pages\/5629"}],"wp:attachment":[{"href":"https:\/\/woerrlein-naturfoto.de\/wordpress\/wp-json\/wp\/v2\/media?parent=17904"}],"curies":[{"name":"wp","href":"https:\/\/api.w.org\/{rel}","templated":true}]}}