{"id":17748,"date":"2023-12-19T17:18:40","date_gmt":"2023-12-19T16:18:40","guid":{"rendered":"https:\/\/woerrlein-naturfoto.de\/wordpress\/?page_id=17748"},"modified":"2023-12-19T17:25:36","modified_gmt":"2023-12-19T16:25:36","slug":"samtente","status":"publish","type":"page","link":"https:\/\/woerrlein-naturfoto.de\/wordpress\/meeresenten-a-z\/samtente\/","title":{"rendered":"Samtente"},"content":{"rendered":"<p><span style=\"color: #ffff00;\"><a style=\"color: #ffff00;\" href=\"http:\/\/woerrlein-naturfoto.de\/wordpress\/voegel\/\">V\u00f6gel <\/a><\/span>-&gt;<span style=\"color: #ffff00;\"><a style=\"color: #ffff00;\" href=\"http:\/\/woerrlein-naturfoto.de\/wordpress\/hauptseite-voegel\/voegel\/gaensevoegel-2\/\"> G\u00e4nsev\u00f6gel <\/a><\/span>-&gt;<span style=\"color: #ffff00;\"><a style=\"color: #ffff00;\" href=\"https:\/\/woerrlein-naturfoto.de\/wordpress\/hauptseite-voegel\/voegel\/gaensevoegel-2\/meeresenten\/\"> Meeresenten<\/a><\/span><br \/>\n<a href=\"http:\/\/woerrlein-naturfoto.de\/wordpress\/voegel_von_a-z\/\">V\u00f6gel von A-Z<\/a><br \/>\nzur Galerie <a title=\"Meeresenten\" href=\"http:\/\/woerrlein-naturfoto.de\/wordpress\/hauptseite-voegel\/voegel\/gaensevoegel-2\/meeresenten\/\">Meeresenten<\/a><\/p>\n<p><img loading=\"lazy\" decoding=\"async\" class=\"alignleft wp-image-17711\" src=\"https:\/\/woerrlein-naturfoto.de\/wordpress\/wp-content\/uploads\/2023\/12\/Samtente_230619_6422-600x400.jpg\" alt=\"\" width=\"600\" height=\"400\" srcset=\"https:\/\/woerrlein-naturfoto.de\/wordpress\/wp-content\/uploads\/2023\/12\/Samtente_230619_6422-600x400.jpg 600w, https:\/\/woerrlein-naturfoto.de\/wordpress\/wp-content\/uploads\/2023\/12\/Samtente_230619_6422-768x512.jpg 768w, https:\/\/woerrlein-naturfoto.de\/wordpress\/wp-content\/uploads\/2023\/12\/Samtente_230619_6422-120x80.jpg 120w, https:\/\/woerrlein-naturfoto.de\/wordpress\/wp-content\/uploads\/2023\/12\/Samtente_230619_6422.jpg 1000w\" sizes=\"auto, (max-width: 600px) 100vw, 600px\" \/><\/p>\n<p>Die <b>Samtente<\/b> (<i>Melanitta fusca<\/i>) ist eine Meerente in der Familie der Entenv\u00f6gel, die sowohl in Eurasien als auch Nordamerika vorkommt. Es werden insgesamt drei Unterarten unterschieden, die sich bei den M\u00e4nnchen vor allem durch die Form des Augenflecks unterscheiden. Bei den Weibchen dagegen variiert die Schnabelform und die Stellung der Federspitzen am Schnabel. In Eurasien \u00fcberlappen sich sowohl die Sommer- wie Winterstandorte mit der sehr \u00e4hnlich aussehenden <a href=\"https:\/\/woerrlein-naturfoto.de\/wordpress\/meeresenten-a-z\/trauerente\/\" target=\"_blank\" rel=\"noopener\">Trauerente<\/a> (<i>Melanitta nigra<\/i>).<br \/>\nIn Mitteleuropa ist die Samtente an der Nord- und Ostseek\u00fcste ein h\u00e4ufiger Durchz\u00fcgler und Wintergast. Im Binnenland kann sie regelm\u00e4\u00dfiger und h\u00e4ufiger beobachtet werden als die Trauerente. Im K\u00fcstenbereich finden sich auch einige \u00dcbersommerer ein.<br \/>\nDie Samtente bewohnt die n\u00f6rdlichen Gebiete Europas, Asiens und Nordamerikas. Zu ihren Brutgebieten z\u00e4hlt \u2013 vom S\u00fcden Norwegens und Schwedens abgesehen \u2013 Skandinavien. Sie findet sich auch in der Ostsee und br\u00fctet unter anderem in Sch\u00e4rengebieten. Am h\u00e4ufigsten kommt sie in <a title=\"Fennoskandinavien\" href=\"https:\/\/de.wikipedia.org\/wiki\/Fennoskandinavien\" target=\"_blank\" rel=\"noopener\">Fennoskandinavien<\/a> in einer H\u00f6he \u00fcber 500 Metern vor. Dort finden sich je 100 Quadratkilometer 3,4 Brutpaare.<sup id=\"cite_ref-ke716_6-0\" class=\"reference\"><\/sup> Die Anzahl der skandinavischen Brutv\u00f6gel hat allerdings im 20. Jahrhundert kontinuierlich abgenommen. Norwegen ist jedoch nach wie vor ein wichtiges Mausergebiet f\u00fcr diese Art. 1985 wurden hier 10.600 Samtenten gez\u00e4hlt, die ihre Mauser in norwegischen und d\u00e4nischen Gew\u00e4ssern verbrachten.<br \/>\nDie Samtente sucht ihre Nahrung ausschlie\u00dflich tauchend, wobei sie 1 Minute unter Wasser bleiben und dabei bis zu 10 Meter tief tauchen kann. Haupts\u00e4chlich ern\u00e4hrt sie sich von Krebs- und Weichtieren.<\/p>\n<p>L\u00e4nge: 51-58 cm\u00a0\u00a0 Spannweite: 90-100 cm\u00a0\u00a0 Gewicht: 1,0-1,8 kg\u00a0\u00a0 Gelege: 7-9 Eier<\/p>\n<p>zur Galerie <a title=\"Meeresenten\" href=\"http:\/\/woerrlein-naturfoto.de\/wordpress\/hauptseite-voegel\/voegel\/gaensevoegel-2\/meeresenten\/\">Meeresenten<\/a><code><br \/>\n<\/code><\/p>\n<p>&nbsp;<\/p>\n<p><em>Quelle des Textauszuges und weitere Infos bei <\/em><a href=\"http:\/\/de.wikipedia.org\/wiki\/Eiderenten\" target=\"_blank\" rel=\"noopener\">Wikipedia<\/a> <em>(<\/em><a href=\"http:\/\/www.gnu.org\/licenses\/fdl-1.3.txt\" target=\"_blank\" rel=\"noopener\">GNU-Lizenz<\/a><em>)<\/em> \u2013 <em>mein Dank gilt den<\/em> <a href=\"http:\/\/de.wikipedia.org\/w\/index.php?title=Eiderenten&amp;action=history\" target=\"_blank\" rel=\"noopener\">Autoren<\/a>.<\/p>\n","protected":false},"excerpt":{"rendered":"<p>V\u00f6gel -&gt; G\u00e4nsev\u00f6gel -&gt; Meeresenten V\u00f6gel von A-Z zur Galerie Meeresenten Die Samtente (Melanitta fusca) ist eine Meerente in der Familie der Entenv\u00f6gel, die sowohl in Eurasien als auch Nordamerika vorkommt. Es werden insgesamt drei Unterarten unterschieden, die sich bei den M\u00e4nnchen vor allem durch die Form des Augenflecks unterscheiden. Bei den Weibchen dagegen variiert &hellip; <a href=\"https:\/\/woerrlein-naturfoto.de\/wordpress\/meeresenten-a-z\/samtente\/\" class=\"more-link\"><span class=\"screen-reader-text\">Samtente<\/span> weiterlesen <span class=\"meta-nav\">&rarr;<\/span><\/a><\/p>\n","protected":false},"author":1,"featured_media":0,"parent":2296,"menu_order":0,"comment_status":"closed","ping_status":"closed","template":"page-templates\/full-width.php","meta":{"footnotes":""},"class_list":["post-17748","page","type-page","status-publish","hentry"],"_links":{"self":[{"href":"https:\/\/woerrlein-naturfoto.de\/wordpress\/wp-json\/wp\/v2\/pages\/17748","targetHints":{"allow":["GET"]}}],"collection":[{"href":"https:\/\/woerrlein-naturfoto.de\/wordpress\/wp-json\/wp\/v2\/pages"}],"about":[{"href":"https:\/\/woerrlein-naturfoto.de\/wordpress\/wp-json\/wp\/v2\/types\/page"}],"author":[{"embeddable":true,"href":"https:\/\/woerrlein-naturfoto.de\/wordpress\/wp-json\/wp\/v2\/users\/1"}],"replies":[{"embeddable":true,"href":"https:\/\/woerrlein-naturfoto.de\/wordpress\/wp-json\/wp\/v2\/comments?post=17748"}],"version-history":[{"count":4,"href":"https:\/\/woerrlein-naturfoto.de\/wordpress\/wp-json\/wp\/v2\/pages\/17748\/revisions"}],"predecessor-version":[{"id":17753,"href":"https:\/\/woerrlein-naturfoto.de\/wordpress\/wp-json\/wp\/v2\/pages\/17748\/revisions\/17753"}],"up":[{"embeddable":true,"href":"https:\/\/woerrlein-naturfoto.de\/wordpress\/wp-json\/wp\/v2\/pages\/2296"}],"wp:attachment":[{"href":"https:\/\/woerrlein-naturfoto.de\/wordpress\/wp-json\/wp\/v2\/media?parent=17748"}],"curies":[{"name":"wp","href":"https:\/\/api.w.org\/{rel}","templated":true}]}}