{"id":17632,"date":"2023-12-02T18:42:22","date_gmt":"2023-12-02T17:42:22","guid":{"rendered":"https:\/\/woerrlein-naturfoto.de\/wordpress\/?page_id=17632"},"modified":"2023-12-02T18:49:09","modified_gmt":"2023-12-02T17:49:09","slug":"norne","status":"publish","type":"page","link":"https:\/\/woerrlein-naturfoto.de\/wordpress\/verschiedene-orchideen-a-z\/norne\/","title":{"rendered":"Norne"},"content":{"rendered":"<p><span style=\"color: #ffff66;\"><a style=\"color: #ffff66;\" href=\"http:\/\/woerrlein-naturfoto.de\/wordpress\/hauptseite-pflanzen\/pflanzen\/\"><span style=\"color: #ffff00;\">Pflanzen<\/span><\/a> <\/span>-&gt;<span style=\"color: #ffff66;\"><a style=\"color: #ffff66;\" href=\"http:\/\/woerrlein-naturfoto.de\/wordpress\/hauptseite-pflanzen\/pflanzen\/blueten-i-orchideen-2\/\"><span style=\"color: #ffff00;\">Orchideen <\/span><\/a><\/span>-&gt;<span style=\"color: #ffff00;\"> <a style=\"color: #ffff00;\" href=\"http:\/\/woerrlein-naturfoto.de\/wordpress\/hauptseite-pflanzen\/pflanzen\/blueten-i-orchideen\/\">verschiedene Orchideen<\/a><\/span><br \/>\n<a href=\"http:\/\/woerrlein-naturfoto.de\/wordpress\/pflanzen-von-a-z\/\">Pflanzen von A-Z<\/a><br \/>\nZur Galerie <a href=\"http:\/\/woerrlein-naturfoto.de\/wordpress\/hauptseite-pflanzen\/pflanzen\/blueten-i-orchideen\/\">verschiedene Orchideen<\/a><\/p>\n<p><img loading=\"lazy\" decoding=\"async\" class=\"alignleft wp-image-17485\" src=\"https:\/\/woerrlein-naturfoto.de\/wordpress\/wp-content\/uploads\/2015\/01\/Norne_230606_4337-600x400.jpg\" alt=\"\" width=\"600\" height=\"400\" srcset=\"https:\/\/woerrlein-naturfoto.de\/wordpress\/wp-content\/uploads\/2015\/01\/Norne_230606_4337-600x400.jpg 600w, https:\/\/woerrlein-naturfoto.de\/wordpress\/wp-content\/uploads\/2015\/01\/Norne_230606_4337-768x512.jpg 768w, https:\/\/woerrlein-naturfoto.de\/wordpress\/wp-content\/uploads\/2015\/01\/Norne_230606_4337-120x80.jpg 120w, https:\/\/woerrlein-naturfoto.de\/wordpress\/wp-content\/uploads\/2015\/01\/Norne_230606_4337.jpg 1000w\" sizes=\"auto, (max-width: 600px) 100vw, 600px\" \/><\/p>\n<p>Die <b>Norne <\/b> (<i>Calypso bulbosa<\/i>) ist eine Pflanzen-Art in der Familie der Orchideengew\u00e4chse (Orchidaceae). Die Gattung <i>Calypso<\/i> ist monotypisch mit der Norne als einziger Art.<br \/>\nDie Norne ist ein sommergr\u00fcner, mehrj\u00e4hriger, perennierender, krautig wachsender Knollengeophyt mit einer rundlich, eif\u00f6rmigen Knolle als \u00dcberdauerungsorgan. Sie ist von abgestorbenen Blattscheiden umh\u00fcllt und hat verl\u00e4ngerte Wurzeln. Die durchschnittliche Wuchsh\u00f6he der Pflanze betr\u00e4gt 8\u00a0bis 20\u00a0Zentimeter.<br \/>\nAm Grund befindet sich nur ein einziges Laubblatt, das bis ca. 7\u00a0Zentimeter H\u00f6he gestielt ist. Die elliptisch-l\u00e4ngliche bis eif\u00f6rmige Spreite ist bis 6\u00a0Zentimeter lang und bis zu 5\u00a0Zentimeter breit. Die Oberseite des Blattes ist dunkelgr\u00fcn, w\u00e4hrend die Unterseite purpur gef\u00e4rbt ist. Der St\u00e4ngel ist am Grunde von einigen wenigen, scheidigen Bl\u00e4ttern umh\u00fcllt und tr\u00e4gt eine einzelne Bl\u00fcte.<br \/>\nDie gro\u00dfe, attraktive Bl\u00fcte ist zwittrig, zygomorph und dreiz\u00e4hlig. Die abstehenden Kronbl\u00e4tter (Petalen) und Kelchbl\u00e4tter (Sepalen) sind rosa bis violett gef\u00e4rbt, etwa 10\u00a0bis 12\u00a0Millimeter lang und etwa 2\u00a0bis 4\u00a0Millimeter breit. Die Lippe (Labellum) ist wei\u00df bis rosa mit rosa oder gelben Flecken. Sie hat im hinteren Teil eine weit ge\u00f6ffnete, schuhf\u00f6rmige H\u00f6hlung und ist etwa 15\u00a0bis 25\u00a0Millimeter lang. Ein Sporn fehlt.<br \/>\nAls Best\u00e4uber werden nach Untersuchungen von Mosquin, Ackermann, Boyden, Proctor und Harder sowie Alexandersson und Agren Nektar suchende Hummeln (<i>Bombus<\/i>) und Kuckuckshummeln (<i>Psithyrus<\/i>) genannt.<\/p>\n<p><strong>Bl\u00fctezeit:<\/strong> \u00a0\u00a0\u00a0 nach der Schneeschmelze, von April bis Juni<\/p>\n<p>Zur Galerie <a href=\"http:\/\/woerrlein-naturfoto.de\/wordpress\/hauptseite-pflanzen\/pflanzen\/blueten-i-orchideen\/\">verschiedene Orchideen<\/a><\/p>\n<p><em>Quelle des Textauszuges und weitere Infos bei <\/em><a href=\"https:\/\/de.wikipedia.org\/wiki\/Norne_(Orchideen)\" target=\"_blank\" rel=\"noopener noreferrer\">Wikipedia<\/a><em> (<\/em><a href=\"http:\/\/www.gnu.org\/licenses\/fdl-1.3.txt\" target=\"_blank\" rel=\"noopener noreferrer\">GNU-Lizenz<\/a><em>)\u2013 mein Dank gilt den <\/em><a href=\"https:\/\/de.wikipedia.org\/w\/index.php?title=Norne_(Orchideen)&amp;action=history\" target=\"_blank\" rel=\"noopener noreferrer\">Autoren<\/a><em>.<\/em><\/p>\n<p>&nbsp;<\/p>\n","protected":false},"excerpt":{"rendered":"<p>Pflanzen -&gt;Orchideen -&gt; verschiedene Orchideen Pflanzen von A-Z Zur Galerie verschiedene Orchideen Die Norne (Calypso bulbosa) ist eine Pflanzen-Art in der Familie der Orchideengew\u00e4chse (Orchidaceae). Die Gattung Calypso ist monotypisch mit der Norne als einziger Art. Die Norne ist ein sommergr\u00fcner, mehrj\u00e4hriger, perennierender, krautig wachsender Knollengeophyt mit einer rundlich, eif\u00f6rmigen Knolle als \u00dcberdauerungsorgan. Sie ist &hellip; <a href=\"https:\/\/woerrlein-naturfoto.de\/wordpress\/verschiedene-orchideen-a-z\/norne\/\" class=\"more-link\"><span class=\"screen-reader-text\">Norne<\/span> weiterlesen <span class=\"meta-nav\">&rarr;<\/span><\/a><\/p>\n","protected":false},"author":1,"featured_media":0,"parent":14214,"menu_order":0,"comment_status":"closed","ping_status":"closed","template":"page-templates\/full-width.php","meta":{"footnotes":""},"class_list":["post-17632","page","type-page","status-publish","hentry"],"_links":{"self":[{"href":"https:\/\/woerrlein-naturfoto.de\/wordpress\/wp-json\/wp\/v2\/pages\/17632","targetHints":{"allow":["GET"]}}],"collection":[{"href":"https:\/\/woerrlein-naturfoto.de\/wordpress\/wp-json\/wp\/v2\/pages"}],"about":[{"href":"https:\/\/woerrlein-naturfoto.de\/wordpress\/wp-json\/wp\/v2\/types\/page"}],"author":[{"embeddable":true,"href":"https:\/\/woerrlein-naturfoto.de\/wordpress\/wp-json\/wp\/v2\/users\/1"}],"replies":[{"embeddable":true,"href":"https:\/\/woerrlein-naturfoto.de\/wordpress\/wp-json\/wp\/v2\/comments?post=17632"}],"version-history":[{"count":4,"href":"https:\/\/woerrlein-naturfoto.de\/wordpress\/wp-json\/wp\/v2\/pages\/17632\/revisions"}],"predecessor-version":[{"id":17636,"href":"https:\/\/woerrlein-naturfoto.de\/wordpress\/wp-json\/wp\/v2\/pages\/17632\/revisions\/17636"}],"up":[{"embeddable":true,"href":"https:\/\/woerrlein-naturfoto.de\/wordpress\/wp-json\/wp\/v2\/pages\/14214"}],"wp:attachment":[{"href":"https:\/\/woerrlein-naturfoto.de\/wordpress\/wp-json\/wp\/v2\/media?parent=17632"}],"curies":[{"name":"wp","href":"https:\/\/api.w.org\/{rel}","templated":true}]}}