{"id":17477,"date":"2023-11-16T20:07:48","date_gmt":"2023-11-16T19:07:48","guid":{"rendered":"https:\/\/woerrlein-naturfoto.de\/wordpress\/?page_id=17477"},"modified":"2023-11-16T20:07:48","modified_gmt":"2023-11-16T19:07:48","slug":"kleines-sumpfhuhn","status":"publish","type":"page","link":"https:\/\/woerrlein-naturfoto.de\/wordpress\/rallenvoegel-a-z\/kleines-sumpfhuhn\/","title":{"rendered":"Kleines Sumpfhuhn"},"content":{"rendered":"<p><a href=\"http:\/\/woerrlein-naturfoto.de\/wordpress\/voegel\/\"><span style=\"color: #ffff66;\">V\u00f6gel<\/span> <\/a>-&gt;<a href=\"http:\/\/woerrlein-naturfoto.de\/wordpress\/hauptseite-voegel\/voegel\/rallenvoegel\/\"> <span style=\"color: #ffff66;\">Rallenv\u00f6gel<\/span><\/a><br \/>\n<a title=\"V\u00f6gel von A-Z\" href=\"http:\/\/woerrlein-naturfoto.de\/wordpress\/voegel\/voegel_von_a-z\/\">V\u00f6gel von A-Z<\/a><br \/>\nzur Galerie <a title=\"Rallenv\u00f6gel\" href=\"http:\/\/woerrlein-naturfoto.de\/wordpress\/hauptseite-voegel\/voegel\/rallenvoegel\/\">Rallenv\u00f6gel<\/a><\/p>\n<p><img loading=\"lazy\" decoding=\"async\" class=\"alignleft wp-image-17435\" src=\"https:\/\/woerrlein-naturfoto.de\/wordpress\/wp-content\/uploads\/2014\/12\/KleinesSumpfhuhn_231023_7871-600x400.jpg\" alt=\"\" width=\"600\" height=\"400\" srcset=\"https:\/\/woerrlein-naturfoto.de\/wordpress\/wp-content\/uploads\/2014\/12\/KleinesSumpfhuhn_231023_7871-600x400.jpg 600w, https:\/\/woerrlein-naturfoto.de\/wordpress\/wp-content\/uploads\/2014\/12\/KleinesSumpfhuhn_231023_7871-768x512.jpg 768w, https:\/\/woerrlein-naturfoto.de\/wordpress\/wp-content\/uploads\/2014\/12\/KleinesSumpfhuhn_231023_7871-120x80.jpg 120w, https:\/\/woerrlein-naturfoto.de\/wordpress\/wp-content\/uploads\/2014\/12\/KleinesSumpfhuhn_231023_7871.jpg 1000w\" sizes=\"auto, (max-width: 600px) 100vw, 600px\" \/>Das <b>Kleinsumpfhuhn<\/b> (<i>Zapornia parva<\/i>), auch <b>Kleines Sumpfhuhn <\/b> oder <b>Kleinralle<\/b> genannt, ist eine in Eurasien beheimatete Vogelart aus der Familie der Rallen. Im Osten Mitteleuropas ist das Kleine Sumpfhuhn ein verbreiteter Brut- und Sommervogel. In Deutschland, den Niederlanden, der Schweiz und Tschechien gibt es dagegen nur lokal vereinzelte Brutvorkommen.<br \/>\nEs geh\u00f6rt gemeinsam mit dem Zwergsumpfhuhn zu den kleinsten einheimischen Rallenarten. Das Kleine Sumpfhuhn wird bis zu sechs Jahre alt. Das oben braune Federkleid hat eine schw\u00e4rzliche und wei\u00dfe Zeichnung. Unten ist es beim M\u00e4nnchen blaugrau mit einer schwachen B\u00e4nderung der Flanken, beim Weibchen br\u00e4unlich. Vom \u00e4hnlichen Zwergsumpfhuhn unterscheidet sich das Kleinsumpfhuhn durch gr\u00fcnliche und nicht br\u00e4unlich-rosa Beine, olivgr\u00fcnen Schnabel mit rotem Fleck an der Basis und die fehlende schwarze B\u00e4nderung der Flanken.<br \/>\nDas Kleinsumpfhuhn frisst wirbellose Tiere und deren Larven, zartes Pflanzenmaterial und Samen von Wasserpflanzen. Es ist tagaktiv und zeigt sich vor allem morgens und abends. Das M\u00e4nnchen singt vorwiegend in der D\u00e4mmerung. Der Ruf besteht aus \u00bbgak\u00ab oder \u00bbqu\u00e4ck\u00ab. Das unverpaarte Weibchen hat eigene Rufe wie \u00bbp\u00f6ck p\u00f6ek p\u00f6ck\u00ab oder \u00bbkikerr\u00ab.<br \/>\nDas Kleinsumpfhuhn ist auf der Roten Liste der Brutv\u00f6gel Deutschlands als \u201egef\u00e4hrdet\u201c (Kategorie 3) eingestuft<sup id=\"cite_ref-3\" class=\"reference\"><\/sup>.<\/p>\n<p>L\u00e4nge: 18-20 cm\u00a0\u00a0 Spannweite: 34-39 cm\u00a0\u00a0 Gewicht: 37-60 g\u00a0\u00a0 Gelege: 7-9 Eier<\/p>\n<p>zur Galerie <a title=\"Rallenv\u00f6gel\" href=\"http:\/\/woerrlein-naturfoto.de\/wordpress\/hauptseite-voegel\/voegel\/rallenvoegel\/\">Rallenv\u00f6gel<\/a><code><br \/>\n<\/code><\/p>\n<p>&nbsp;<\/p>\n<p><em>Quelle des Textauszuges und weitere Infos bei <\/em><a href=\"https:\/\/de.wikipedia.org\/wiki\/Kleinsumpfhuhn\" target=\"_blank\" rel=\"noopener\">Wikipedia<\/a> <em>(<\/em><a href=\"http:\/\/www.gnu.org\/licenses\/fdl-1.3.txt\" target=\"_blank\" rel=\"noopener\">GNU-Lizenz<\/a><em>)<\/em> \u2013 <em>mein Dank gilt den<\/em> <a href=\"https:\/\/de.wikipedia.org\/w\/index.php?title=Kleinsumpfhuhn&amp;action=history\" target=\"_blank\" rel=\"noopener\">Autoren<\/a>.<\/p>\n","protected":false},"excerpt":{"rendered":"<p>V\u00f6gel -&gt; Rallenv\u00f6gel V\u00f6gel von A-Z zur Galerie Rallenv\u00f6gel Das Kleinsumpfhuhn (Zapornia parva), auch Kleines Sumpfhuhn oder Kleinralle genannt, ist eine in Eurasien beheimatete Vogelart aus der Familie der Rallen. Im Osten Mitteleuropas ist das Kleine Sumpfhuhn ein verbreiteter Brut- und Sommervogel. In Deutschland, den Niederlanden, der Schweiz und Tschechien gibt es dagegen nur lokal &hellip; <a href=\"https:\/\/woerrlein-naturfoto.de\/wordpress\/rallenvoegel-a-z\/kleines-sumpfhuhn\/\" class=\"more-link\"><span class=\"screen-reader-text\">Kleines Sumpfhuhn<\/span> weiterlesen <span class=\"meta-nav\">&rarr;<\/span><\/a><\/p>\n","protected":false},"author":1,"featured_media":0,"parent":2501,"menu_order":0,"comment_status":"closed","ping_status":"closed","template":"page-templates\/full-width.php","meta":{"footnotes":""},"class_list":["post-17477","page","type-page","status-publish","hentry"],"_links":{"self":[{"href":"https:\/\/woerrlein-naturfoto.de\/wordpress\/wp-json\/wp\/v2\/pages\/17477","targetHints":{"allow":["GET"]}}],"collection":[{"href":"https:\/\/woerrlein-naturfoto.de\/wordpress\/wp-json\/wp\/v2\/pages"}],"about":[{"href":"https:\/\/woerrlein-naturfoto.de\/wordpress\/wp-json\/wp\/v2\/types\/page"}],"author":[{"embeddable":true,"href":"https:\/\/woerrlein-naturfoto.de\/wordpress\/wp-json\/wp\/v2\/users\/1"}],"replies":[{"embeddable":true,"href":"https:\/\/woerrlein-naturfoto.de\/wordpress\/wp-json\/wp\/v2\/comments?post=17477"}],"version-history":[{"count":1,"href":"https:\/\/woerrlein-naturfoto.de\/wordpress\/wp-json\/wp\/v2\/pages\/17477\/revisions"}],"predecessor-version":[{"id":17478,"href":"https:\/\/woerrlein-naturfoto.de\/wordpress\/wp-json\/wp\/v2\/pages\/17477\/revisions\/17478"}],"up":[{"embeddable":true,"href":"https:\/\/woerrlein-naturfoto.de\/wordpress\/wp-json\/wp\/v2\/pages\/2501"}],"wp:attachment":[{"href":"https:\/\/woerrlein-naturfoto.de\/wordpress\/wp-json\/wp\/v2\/media?parent=17477"}],"curies":[{"name":"wp","href":"https:\/\/api.w.org\/{rel}","templated":true}]}}