{"id":17333,"date":"2023-09-05T10:48:13","date_gmt":"2023-09-05T08:48:13","guid":{"rendered":"https:\/\/woerrlein-naturfoto.de\/wordpress\/?page_id=17333"},"modified":"2023-09-05T10:53:42","modified_gmt":"2023-09-05T08:53:42","slug":"blindschleiche","status":"publish","type":"page","link":"https:\/\/woerrlein-naturfoto.de\/wordpress\/reptilien-a-z\/blindschleiche\/","title":{"rendered":"Blindschleiche"},"content":{"rendered":"<p><a href=\"http:\/\/woerrlein-naturfoto.de\/wordpress\/hauptseite-sonstige-tiere\/sonstige-tiere\/\"><span style=\"color: #ffff66;\">sonstige Tiere<\/span> <\/a>-&gt;<a title=\"Reptilien\" href=\"http:\/\/woerrlein-naturfoto.de\/wordpress\/hauptseite-sonstige-tiere\/sonstige-tiere\/reptilien-2\/\"> <span style=\"color: #ffff66;\">Reptilien<\/span><\/a><br \/>\n<a href=\"http:\/\/woerrlein-naturfoto.de\/wordpress\/sonstige-tiere-von-a-z\/\">sonstige Tiere von A-Z<\/a><br \/>\nzur Galerie <a title=\"Reptilien\" href=\"http:\/\/woerrlein-naturfoto.de\/wordpress\/hauptseite-sonstige-tiere\/sonstige-tiere\/reptilien-2\/\">Reptilien<\/a><\/p>\n<p><img loading=\"lazy\" decoding=\"async\" class=\"alignleft wp-image-17302\" src=\"https:\/\/woerrlein-naturfoto.de\/wordpress\/wp-content\/uploads\/2015\/02\/Blindschleiche_AW_80055-267x400.jpg\" alt=\"\" width=\"267\" height=\"400\" srcset=\"https:\/\/woerrlein-naturfoto.de\/wordpress\/wp-content\/uploads\/2015\/02\/Blindschleiche_AW_80055-267x400.jpg 267w, https:\/\/woerrlein-naturfoto.de\/wordpress\/wp-content\/uploads\/2015\/02\/Blindschleiche_AW_80055.jpg 567w\" sizes=\"auto, (max-width: 267px) 100vw, 267px\" \/><\/p>\n<p>Die <b>Blindschleiche<\/b> (genauer: <b>Westliche Blindschleiche<\/b>) (<i>Anguis fragilis<\/i>) ist eine Echsenart innerhalb der Familie der Schleichen. In Mitteleuropa geh\u00f6rt sie zu den am h\u00e4ufigsten vorkommenden Reptilien. Mit ihrem beinlosen, langgestreckten K\u00f6rper gleicht sie einer Schlange und wird auch oft f\u00fcr eine solche gehalten. Dieses Missverst\u00e4ndnis spiegelt sich sogar im wissenschaftlichen Gattungsnamen wider, den ihr Carl von Linn\u00e9 gegeben hat (lateinisch <i>anguis<\/i> = \u201eSchlange\u201c; der Artname <i>fragilis<\/i> bedeutet \u201ezerbrechlich\u201c). Wichtige Unterscheidungsmerkmale zu den Schlangen sind das leichte Abbrechen des Schwanzes sowie das f\u00fcr alle Schleichen typische Vorhandensein von beweglichen Augenlidern und \u00e4u\u00dferen Geh\u00f6r\u00f6ffnungen, wenn auch letztere durch Schuppen verdeckt sind,<br \/>\nEin anderer verbreiteter Irrtum ist, dass die Blindschleiche gem\u00e4\u00df der Artbezeichnung blind sei. Der deutsche Name wird in der Fachliteratur aber in der Regel auf das Althochdeutsche <i>plintsl\u00eecho<\/i> zur\u00fcckgef\u00fchrt, was nach allgemeiner Auffassung so viel wie \u201eblendende oder gl\u00e4nzende Schleiche\u201c bedeutet und sich auf das Gl\u00e4nzen der glatten Schuppenhaut sowie die typische Fortbewegung beziehen d\u00fcrfte. Alternativ wird der Name manchmal aber auch tats\u00e4chlich auf die Wortbedeutung von \u201eblind\u201c im Sinne von nichtsehend zur\u00fcckgef\u00fchrt. Andere, heute nicht oder kaum mehr gebr\u00e4uchliche Bezeichnungen lauten <i>Haselwurm<\/i> und <i>Hartwurm<\/i>.<br \/>\nDie Blindschleiche wurde von der Deutschen Gesellschaft f\u00fcr Herpetologie und Terrarienkunde zum <a title=\"Reptil\/Lurch des Jahres\" href=\"https:\/\/de.wikipedia.org\/wiki\/Reptil\/Lurch_des_Jahres\" target=\"_blank\" rel=\"noopener\">Reptil des Jahres 2017<\/a> gek\u00fcrt.<\/p>\n<p>Zur Galerie <a title=\"Reptilien\" href=\"http:\/\/woerrlein-naturfoto.de\/wordpress\/hauptseite-sonstige-tiere\/sonstige-tiere\/reptilien-2\/\">Reptilien<\/a><\/p>\n<p>&nbsp;<\/p>\n<p><em>Quelle des Textauszuges und weitere Infos bei <\/em><a href=\"https:\/\/de.wikipedia.org\/wiki\/Blindschleiche\" target=\"_blank\" rel=\"noopener\">Wikipedia<\/a><em> (<\/em><a href=\"http:\/\/www.gnu.org\/licenses\/fdl-1.3.txt\" target=\"_blank\" rel=\"noopener\">GNU-Lizenz<\/a><em>)\u2013 mein Dank gilt den <\/em><a href=\"https:\/\/de.wikipedia.org\/w\/index.php?title=Blindschleiche&amp;action=history\" target=\"_blank\" rel=\"noopener\">Autoren<\/a><em>.<\/em><\/p>\n","protected":false},"excerpt":{"rendered":"<p>sonstige Tiere -&gt; Reptilien sonstige Tiere von A-Z zur Galerie Reptilien Die Blindschleiche (genauer: Westliche Blindschleiche) (Anguis fragilis) ist eine Echsenart innerhalb der Familie der Schleichen. In Mitteleuropa geh\u00f6rt sie zu den am h\u00e4ufigsten vorkommenden Reptilien. Mit ihrem beinlosen, langgestreckten K\u00f6rper gleicht sie einer Schlange und wird auch oft f\u00fcr eine solche gehalten. Dieses Missverst\u00e4ndnis &hellip; <a href=\"https:\/\/woerrlein-naturfoto.de\/wordpress\/reptilien-a-z\/blindschleiche\/\" class=\"more-link\"><span class=\"screen-reader-text\">Blindschleiche<\/span> weiterlesen <span class=\"meta-nav\">&rarr;<\/span><\/a><\/p>\n","protected":false},"author":1,"featured_media":0,"parent":5452,"menu_order":0,"comment_status":"closed","ping_status":"closed","template":"page-templates\/full-width.php","meta":{"footnotes":""},"class_list":["post-17333","page","type-page","status-publish","hentry"],"_links":{"self":[{"href":"https:\/\/woerrlein-naturfoto.de\/wordpress\/wp-json\/wp\/v2\/pages\/17333","targetHints":{"allow":["GET"]}}],"collection":[{"href":"https:\/\/woerrlein-naturfoto.de\/wordpress\/wp-json\/wp\/v2\/pages"}],"about":[{"href":"https:\/\/woerrlein-naturfoto.de\/wordpress\/wp-json\/wp\/v2\/types\/page"}],"author":[{"embeddable":true,"href":"https:\/\/woerrlein-naturfoto.de\/wordpress\/wp-json\/wp\/v2\/users\/1"}],"replies":[{"embeddable":true,"href":"https:\/\/woerrlein-naturfoto.de\/wordpress\/wp-json\/wp\/v2\/comments?post=17333"}],"version-history":[{"count":3,"href":"https:\/\/woerrlein-naturfoto.de\/wordpress\/wp-json\/wp\/v2\/pages\/17333\/revisions"}],"predecessor-version":[{"id":17336,"href":"https:\/\/woerrlein-naturfoto.de\/wordpress\/wp-json\/wp\/v2\/pages\/17333\/revisions\/17336"}],"up":[{"embeddable":true,"href":"https:\/\/woerrlein-naturfoto.de\/wordpress\/wp-json\/wp\/v2\/pages\/5452"}],"wp:attachment":[{"href":"https:\/\/woerrlein-naturfoto.de\/wordpress\/wp-json\/wp\/v2\/media?parent=17333"}],"curies":[{"name":"wp","href":"https:\/\/api.w.org\/{rel}","templated":true}]}}