{"id":17296,"date":"2023-08-12T18:10:18","date_gmt":"2023-08-12T16:10:18","guid":{"rendered":"https:\/\/woerrlein-naturfoto.de\/wordpress\/?page_id=17296"},"modified":"2023-08-12T18:12:51","modified_gmt":"2023-08-12T16:12:51","slug":"vielfrass","status":"publish","type":"page","link":"https:\/\/woerrlein-naturfoto.de\/wordpress\/saeugetiere-iii-a-z\/vielfrass\/","title":{"rendered":"Vielfra\u00df"},"content":{"rendered":"<p><a href=\"http:\/\/woerrlein-naturfoto.de\/wordpress\/hauptseite-sonstige-tiere\/sonstige-tiere\/\"><span style=\"color: #ffff66;\">sonstige Tiere<\/span> <\/a>-&gt;<a title=\"S\u00e4ugetiere III (sonstige S\u00e4ugetiere)\" href=\"http:\/\/woerrlein-naturfoto.de\/wordpress\/hauptseite-sonstige-tiere\/sonstige-tiere\/saeugetiere-iii-sonstige-saeugetiere\/\"> <span style=\"color: #ffff66;\">S\u00e4ugetiere III (sonstige S\u00e4ugetiere)<\/span><\/a><br \/>\n<a href=\"http:\/\/woerrlein-naturfoto.de\/wordpress\/sonstige-tiere-von-a-z\/\">sonstige Tiere von A-Z<\/a><br \/>\nzur Galerie <a title=\"S\u00e4ugetiere III (sonstige S\u00e4ugetiere)\" href=\"http:\/\/woerrlein-naturfoto.de\/wordpress\/hauptseite-sonstige-tiere\/sonstige-tiere\/saeugetiere-iii-sonstige-saeugetiere\/\">sonstige S\u00e4ugetiere<\/a><\/p>\n<p><img loading=\"lazy\" decoding=\"async\" class=\"alignleft wp-image-17254\" src=\"https:\/\/woerrlein-naturfoto.de\/wordpress\/wp-content\/uploads\/2015\/02\/Vielfrass_RP_00784-600x400.jpg\" alt=\"\" width=\"600\" height=\"400\" srcset=\"https:\/\/woerrlein-naturfoto.de\/wordpress\/wp-content\/uploads\/2015\/02\/Vielfrass_RP_00784-600x400.jpg 600w, https:\/\/woerrlein-naturfoto.de\/wordpress\/wp-content\/uploads\/2015\/02\/Vielfrass_RP_00784-768x511.jpg 768w, https:\/\/woerrlein-naturfoto.de\/wordpress\/wp-content\/uploads\/2015\/02\/Vielfrass_RP_00784-120x80.jpg 120w, https:\/\/woerrlein-naturfoto.de\/wordpress\/wp-content\/uploads\/2015\/02\/Vielfrass_RP_00784.jpg 1000w\" sizes=\"auto, (max-width: 600px) 100vw, 600px\" \/>Der <b>Vielfra\u00df<\/b> (<i>Gulo gulo<\/i>) ist eine Raubtierart aus der Familie der Marder (Mustelidae), die im n\u00f6rdlichen Eurasien und in Nordamerika lebt. Er wird auch als <b>B\u00e4renmarder<\/b>, <b>Gierling<\/b>, <b>Giermagen<\/b> oder <b>Gierschlund<\/b> bezeichnet.<br \/>\nDer Vielfra\u00df \u00e4hnelt in seinem K\u00f6rperbau den Echten Mardern, wird aber deutlich gr\u00f6\u00dfer. Er erreicht eine Kopf-Rumpf-L\u00e4nge von 65 bis 105 Zentimetern und eine Schwanzl\u00e4nge von 17 bis 26 Zentimetern. Mit einem Gewicht von bis zu 32 Kilogramm werden M\u00e4nnchen deutlich schwerer als Weibchen, die 20 Kilogramm erreichen k\u00f6nnen. Der massive Kopf und die kr\u00e4ftigen Gliedma\u00dfen erwecken einen deutlich kompakteren und kr\u00e4ftigeren Eindruck als bei anderen Mardern. Die Ohren sind relativ klein und der Schwanz ist kurz und buschig. Das lange, dichte Fell ist dunkelbraun oder schw\u00e4rzlich gef\u00e4rbt, charakteristisch ist eine gelbliche oder hellbraune Bandzeichnung, die sich von den Schultern \u00fcber die Seiten des Rumpfes erstreckt und sich \u00fcber der Schwanzwurzel wieder vereint.<br \/>\nDer Vielfra\u00df ist \u00fcber die Taiga- und Tundrag\u00fcrtel der n\u00f6rdlichen Halbkugel verbreitet. Sein heutiges Verbreitungsgebiet umfasst Skandinavien, das n\u00f6rdliche Sibirien, Alaska, weite Teile Kanadas und vereinzelte Populationen im Nordwesten der Vereinigten Staaten. In geschichtlicher Zeit war er auch weiter s\u00fcdlich heimisch, so in Polen und im Baltikum und in etlichen Regionen der Vereinigten Staaten, wo sich sein Verbreitungsgebiet bis Kalifornien und Pennsylvania erstreckte. Aus diesen Gegenden wurde er durch menschliche Bejagung zur\u00fcckgedr\u00e4ngt. In der Harzer Einhornh\u00f6hle wurden Vielfra\u00dfknochen aus einer Epoche der Kaltzeit (Glazialfauna) gefunden. Knochen aus fr\u00fcher Zeit wurden auch an vielen Stellen im Alpenraum und umliegenden Landschaften wie den Westkarpaten gefunden, wobei die meisten Fundstellen zwischen 200 und 950 Metern \u00fcber dem Meer liegen.<\/p>\n<p>Zur Galerie <a title=\"S\u00e4ugetiere III (sonstige S\u00e4ugetiere)\" href=\"http:\/\/woerrlein-naturfoto.de\/wordpress\/hauptseite-sonstige-tiere\/sonstige-tiere\/saeugetiere-iii-sonstige-saeugetiere\/\">sonstige S\u00e4ugetiere<\/a><\/p>\n<p>&nbsp;<\/p>\n<p><em>Quelle des Textauszuges und weitere Infos bei <\/em><a href=\"https:\/\/de.wikipedia.org\/w\/index.php?title=Vielfra%C3%9F&amp;action=history\" target=\"_blank\" rel=\"noopener\">Wikipedia<\/a><em> (<\/em><a href=\"http:\/\/www.gnu.org\/licenses\/fdl-1.3.txt\" target=\"_blank\" rel=\"noopener\">GNU-Lizenz<\/a><em>)\u2013 mein Dank gilt den <\/em><a href=\"https:\/\/de.wikipedia.org\/w\/index.php?title=Vielfra%C3%9F&amp;action=history\" target=\"_blank\" rel=\"noopener\">Autoren<\/a><em>.<\/em><\/p>\n","protected":false},"excerpt":{"rendered":"<p>sonstige Tiere -&gt; S\u00e4ugetiere III (sonstige S\u00e4ugetiere) sonstige Tiere von A-Z zur Galerie sonstige S\u00e4ugetiere Der Vielfra\u00df (Gulo gulo) ist eine Raubtierart aus der Familie der Marder (Mustelidae), die im n\u00f6rdlichen Eurasien und in Nordamerika lebt. Er wird auch als B\u00e4renmarder, Gierling, Giermagen oder Gierschlund bezeichnet. Der Vielfra\u00df \u00e4hnelt in seinem K\u00f6rperbau den Echten Mardern, &hellip; <a href=\"https:\/\/woerrlein-naturfoto.de\/wordpress\/saeugetiere-iii-a-z\/vielfrass\/\" class=\"more-link\"><span class=\"screen-reader-text\">Vielfra\u00df<\/span> weiterlesen <span class=\"meta-nav\">&rarr;<\/span><\/a><\/p>\n","protected":false},"author":1,"featured_media":0,"parent":5629,"menu_order":0,"comment_status":"closed","ping_status":"closed","template":"page-templates\/full-width.php","meta":{"footnotes":""},"class_list":["post-17296","page","type-page","status-publish","hentry"],"_links":{"self":[{"href":"https:\/\/woerrlein-naturfoto.de\/wordpress\/wp-json\/wp\/v2\/pages\/17296","targetHints":{"allow":["GET"]}}],"collection":[{"href":"https:\/\/woerrlein-naturfoto.de\/wordpress\/wp-json\/wp\/v2\/pages"}],"about":[{"href":"https:\/\/woerrlein-naturfoto.de\/wordpress\/wp-json\/wp\/v2\/types\/page"}],"author":[{"embeddable":true,"href":"https:\/\/woerrlein-naturfoto.de\/wordpress\/wp-json\/wp\/v2\/users\/1"}],"replies":[{"embeddable":true,"href":"https:\/\/woerrlein-naturfoto.de\/wordpress\/wp-json\/wp\/v2\/comments?post=17296"}],"version-history":[{"count":3,"href":"https:\/\/woerrlein-naturfoto.de\/wordpress\/wp-json\/wp\/v2\/pages\/17296\/revisions"}],"predecessor-version":[{"id":17300,"href":"https:\/\/woerrlein-naturfoto.de\/wordpress\/wp-json\/wp\/v2\/pages\/17296\/revisions\/17300"}],"up":[{"embeddable":true,"href":"https:\/\/woerrlein-naturfoto.de\/wordpress\/wp-json\/wp\/v2\/pages\/5629"}],"wp:attachment":[{"href":"https:\/\/woerrlein-naturfoto.de\/wordpress\/wp-json\/wp\/v2\/media?parent=17296"}],"curies":[{"name":"wp","href":"https:\/\/api.w.org\/{rel}","templated":true}]}}