{"id":17291,"date":"2023-08-12T17:54:20","date_gmt":"2023-08-12T15:54:20","guid":{"rendered":"https:\/\/woerrlein-naturfoto.de\/wordpress\/?page_id=17291"},"modified":"2023-08-12T17:58:55","modified_gmt":"2023-08-12T15:58:55","slug":"rotfuchs","status":"publish","type":"page","link":"https:\/\/woerrlein-naturfoto.de\/wordpress\/saeugetiere-iii-a-z\/rotfuchs\/","title":{"rendered":"Rotfuchs"},"content":{"rendered":"<p><a href=\"http:\/\/woerrlein-naturfoto.de\/wordpress\/hauptseite-sonstige-tiere\/sonstige-tiere\/\"><span style=\"color: #ffff66;\">sonstige Tiere<\/span> <\/a>-&gt;<a title=\"S\u00e4ugetiere III (sonstige S\u00e4ugetiere)\" href=\"http:\/\/woerrlein-naturfoto.de\/wordpress\/hauptseite-sonstige-tiere\/sonstige-tiere\/saeugetiere-iii-sonstige-saeugetiere\/\"> <span style=\"color: #ffff66;\">S\u00e4ugetiere III (sonstige S\u00e4ugetiere)<\/span><\/a><br \/>\n<a href=\"http:\/\/woerrlein-naturfoto.de\/wordpress\/sonstige-tiere-von-a-z\/\">sonstige Tiere von A-Z<\/a><br \/>\nzur Galerie <a title=\"S\u00e4ugetiere III (sonstige S\u00e4ugetiere)\" href=\"http:\/\/woerrlein-naturfoto.de\/wordpress\/hauptseite-sonstige-tiere\/sonstige-tiere\/saeugetiere-iii-sonstige-saeugetiere\/\">sonstige S\u00e4ugetiere<\/a><\/p>\n<p><img loading=\"lazy\" decoding=\"async\" class=\"alignleft wp-image-17253\" src=\"https:\/\/woerrlein-naturfoto.de\/wordpress\/wp-content\/uploads\/2015\/02\/Fuchs_RP_00636-600x400.jpg\" alt=\"\" width=\"600\" height=\"400\" srcset=\"https:\/\/woerrlein-naturfoto.de\/wordpress\/wp-content\/uploads\/2015\/02\/Fuchs_RP_00636-600x400.jpg 600w, https:\/\/woerrlein-naturfoto.de\/wordpress\/wp-content\/uploads\/2015\/02\/Fuchs_RP_00636-768x512.jpg 768w, https:\/\/woerrlein-naturfoto.de\/wordpress\/wp-content\/uploads\/2015\/02\/Fuchs_RP_00636-120x80.jpg 120w, https:\/\/woerrlein-naturfoto.de\/wordpress\/wp-content\/uploads\/2015\/02\/Fuchs_RP_00636.jpg 1000w\" sizes=\"auto, (max-width: 600px) 100vw, 600px\" \/>Der <b>Rotfuchs<\/b> (<i>Vulpes vulpes<\/i>) ist der einzige mitteleurop\u00e4ische Vertreter der F\u00fcchse und wird daher meistens als \u201eder Fuchs\u201c bezeichnet. Er ist in Europa der h\u00e4ufigste Wildhund.<br \/>\nDie K\u00f6rperma\u00dfe des Rotfuchses sind geographisch und jahreszeitlich starken Schwankungen unterworfen. Das K\u00f6rpergewicht liegt durchschnittlich f\u00fcr M\u00e4nnchen im Bereich 5 bis 8 kg, f\u00fcr Weibchen bei 5 bis 6,5 kg. Schwerere Tiere (bis 14,5 kg) sind selten. Die K\u00f6rperl\u00e4nge (ohne Schwanz) betr\u00e4gt f\u00fcr M\u00e4nnchen 65 bis 75 cm, f\u00fcr Weibchen 62 bis 68 cm, die Schwanzl\u00e4nge entsprechend 35 bis 45 cm oder 30 bis 42 cm (Durchschnittswerte f\u00fcr europ\u00e4ische F\u00fcchse).<br \/>\nDas Fell ist oberseits r\u00f6tlich, unterseits wei\u00df; der Farbton variiert je nach Verbreitungsgebiet oberseits zwischen r\u00f6tlichgelb bis tiefrotbraun und unterseits zwischen reinwei\u00df bis schiefergrau. Die unteren Teile der Beine sowie die Hinterseiten der Ohren sind schwarz gef\u00e4rbt. Insgesamt variiert die Fellf\u00e4rbung stark. Die h\u00e4ufigste Farbvariante ist der Birkfuchs mit gelb-roter Oberseite, wei\u00dfer Kehle und wei\u00dfer Schwanzspitze. Der seltenere Kohl- oder Brandfuchs ist insgesamt dunkel, \u00fcberwiegend dunkelbraun-rot, Bauch und Kehle sind grauwei\u00df, die wei\u00dfe Schwanzspitze fehlt. Der Kreuzfuchs weist quer \u00fcber den Schultern und l\u00e4ngs des R\u00fcckens einen dunklen Streifen auf. Der Silberfuchs ist dunkelgrau bis schwarz (\u2192 <a title=\"Silberfuchsfell\" href=\"https:\/\/de.wikipedia.org\/wiki\/Silberfuchsfell\" target=\"_blank\" rel=\"noopener\">Silberfuchsfell<\/a>). Der Fuchs macht im Jahr zwei Fellwechsel durch. Im Fr\u00fchjahr ab Anfang April verliert er das dichte Winterfell, gleichzeitig bildet sich das lichte Sommerfell. Dieses wird ab Ende April an den Unterschenkeln sichtbar und hat bis Ende Juni die Beine, den Bauch und die Flanken erfasst. Der Fellwechsel setzt sich fort \u00fcber das Gesicht zum R\u00fccken bis zur Schwanzspitze, die im sp\u00e4ten August erreicht wird. Erst im September ist das Sommerfell vollst\u00e4ndig. Bereits im Oktober bildet sich dann wieder von den Beinen \u00fcber Schwanz, R\u00fccken und Gesicht das Winterfell.<sup id=\"cite_ref-Labhardt20_2-1\" class=\"reference\"><\/sup><\/p>\n<p>Zur Galerie <a title=\"S\u00e4ugetiere III (sonstige S\u00e4ugetiere)\" href=\"http:\/\/woerrlein-naturfoto.de\/wordpress\/hauptseite-sonstige-tiere\/sonstige-tiere\/saeugetiere-iii-sonstige-saeugetiere\/\">sonstige S\u00e4ugetiere<\/a><\/p>\n<p>&nbsp;<\/p>\n<p><em>Quelle des Textauszuges und weitere Infos bei <\/em><a href=\"https:\/\/de.wikipedia.org\/wiki\/Rotfuchs\" target=\"_blank\" rel=\"noopener\">Wikipedia<\/a><em> (<\/em><a href=\"http:\/\/www.gnu.org\/licenses\/fdl-1.3.txt\" target=\"_blank\" rel=\"noopener\">GNU-Lizenz<\/a><em>)\u2013 mein Dank gilt den <\/em><a href=\"https:\/\/de.wikipedia.org\/w\/index.php?title=Rotfuchs&amp;action=history\" target=\"_blank\" rel=\"noopener\">Autoren<\/a><em>.<\/em><\/p>\n","protected":false},"excerpt":{"rendered":"<p>sonstige Tiere -&gt; S\u00e4ugetiere III (sonstige S\u00e4ugetiere) sonstige Tiere von A-Z zur Galerie sonstige S\u00e4ugetiere Der Rotfuchs (Vulpes vulpes) ist der einzige mitteleurop\u00e4ische Vertreter der F\u00fcchse und wird daher meistens als \u201eder Fuchs\u201c bezeichnet. Er ist in Europa der h\u00e4ufigste Wildhund. Die K\u00f6rperma\u00dfe des Rotfuchses sind geographisch und jahreszeitlich starken Schwankungen unterworfen. Das K\u00f6rpergewicht liegt &hellip; <a href=\"https:\/\/woerrlein-naturfoto.de\/wordpress\/saeugetiere-iii-a-z\/rotfuchs\/\" class=\"more-link\"><span class=\"screen-reader-text\">Rotfuchs<\/span> weiterlesen <span class=\"meta-nav\">&rarr;<\/span><\/a><\/p>\n","protected":false},"author":1,"featured_media":0,"parent":5629,"menu_order":0,"comment_status":"closed","ping_status":"closed","template":"page-templates\/full-width.php","meta":{"footnotes":""},"class_list":["post-17291","page","type-page","status-publish","hentry"],"_links":{"self":[{"href":"https:\/\/woerrlein-naturfoto.de\/wordpress\/wp-json\/wp\/v2\/pages\/17291","targetHints":{"allow":["GET"]}}],"collection":[{"href":"https:\/\/woerrlein-naturfoto.de\/wordpress\/wp-json\/wp\/v2\/pages"}],"about":[{"href":"https:\/\/woerrlein-naturfoto.de\/wordpress\/wp-json\/wp\/v2\/types\/page"}],"author":[{"embeddable":true,"href":"https:\/\/woerrlein-naturfoto.de\/wordpress\/wp-json\/wp\/v2\/users\/1"}],"replies":[{"embeddable":true,"href":"https:\/\/woerrlein-naturfoto.de\/wordpress\/wp-json\/wp\/v2\/comments?post=17291"}],"version-history":[{"count":3,"href":"https:\/\/woerrlein-naturfoto.de\/wordpress\/wp-json\/wp\/v2\/pages\/17291\/revisions"}],"predecessor-version":[{"id":17294,"href":"https:\/\/woerrlein-naturfoto.de\/wordpress\/wp-json\/wp\/v2\/pages\/17291\/revisions\/17294"}],"up":[{"embeddable":true,"href":"https:\/\/woerrlein-naturfoto.de\/wordpress\/wp-json\/wp\/v2\/pages\/5629"}],"wp:attachment":[{"href":"https:\/\/woerrlein-naturfoto.de\/wordpress\/wp-json\/wp\/v2\/media?parent=17291"}],"curies":[{"name":"wp","href":"https:\/\/api.w.org\/{rel}","templated":true}]}}