{"id":15691,"date":"2022-11-18T16:18:31","date_gmt":"2022-11-18T15:18:31","guid":{"rendered":"https:\/\/woerrlein-naturfoto.de\/wordpress\/?page_id=15691"},"modified":"2024-10-13T10:06:58","modified_gmt":"2024-10-13T08:06:58","slug":"gruenschenkel","status":"publish","type":"page","link":"https:\/\/woerrlein-naturfoto.de\/wordpress\/schnepfen_a-z\/gruenschenkel\/","title":{"rendered":"Gr\u00fcnschenkel"},"content":{"rendered":"<p><a href=\"http:\/\/woerrlein-naturfoto.de\/wordpress\/voegel\/\"><span style=\"color: #ffff66;\">V\u00f6gel<\/span> <\/a>-&gt;<a href=\"http:\/\/woerrlein-naturfoto.de\/wordpress\/hauptseite-voegel\/voegel\/watvoegel-2\"> <span style=\"color: #ffff66;\">Watv\u00f6gel<\/span> <\/a><br \/>\n<a title=\"V\u00f6gel von A-Z\" href=\"http:\/\/woerrlein-naturfoto.de\/wordpress\/voegel\/voegel_von_a-z\/\">V\u00f6gel von A-Z<\/a><br \/>\nZur Galerie <a title=\"Schnepfenv\u00f6gel\" href=\"http:\/\/woerrlein-naturfoto.de\/wordpress\/hauptseite-voegel\/voegel\/watvoegel\/schnepfenvoegel\/\">Schnepfen I<\/a><\/p>\n<p><img loading=\"lazy\" decoding=\"async\" class=\"alignleft wp-image-15651\" src=\"https:\/\/woerrlein-naturfoto.de\/wordpress\/wp-content\/uploads\/2022\/11\/Gruenschenkel_220815_0746-600x400.jpg\" alt=\"\" width=\"600\" height=\"400\" srcset=\"https:\/\/woerrlein-naturfoto.de\/wordpress\/wp-content\/uploads\/2022\/11\/Gruenschenkel_220815_0746-600x400.jpg 600w, https:\/\/woerrlein-naturfoto.de\/wordpress\/wp-content\/uploads\/2022\/11\/Gruenschenkel_220815_0746-768x512.jpg 768w, https:\/\/woerrlein-naturfoto.de\/wordpress\/wp-content\/uploads\/2022\/11\/Gruenschenkel_220815_0746-120x80.jpg 120w, https:\/\/woerrlein-naturfoto.de\/wordpress\/wp-content\/uploads\/2022\/11\/Gruenschenkel_220815_0746.jpg 1000w\" sizes=\"auto, (max-width: 600px) 100vw, 600px\" \/>Der <b>Gr\u00fcnschenkel<\/b> (<i>Tringa nebularia<\/i>) ist eine <a title=\"Monotypisch\" href=\"https:\/\/de.wikipedia.org\/wiki\/Monotypisch\" target=\"_blank\" rel=\"noopener\">monotypische<\/a> Vogelart aus der Familie der Schnepfenv\u00f6gel. Der Gr\u00fcnschenkel ist ein Brutvogel der borealen Zone Nordeurasiens. In Mitteleuropa ist er w\u00e4hrend der Zugzeiten ein regelm\u00e4\u00dfiger Durchz\u00fcgler. Im Wattenmeer der Niederlande k\u00f6nnen im Mai sowie im Juli bis September mehrere tausend Gr\u00fcnschenkel beobachtet werden.<br \/>\nDer Gr\u00fcnschenkel hat lange, graugr\u00fcne Beine und einen langen, kr\u00e4ftigen, leicht aufw\u00e4rts gebogenen Schnabel. Die Oberseite ist braun, grau gemustert und sein Bauch ist wei\u00df gef\u00e4rbt.<br \/>\nDer scheue Gr\u00fcnschenkel kann schwimmen und tauchen. Im Flug zeigt er wie der Rotschenkel einen keilf\u00f6rmig verlaufenden, wei\u00dfen B\u00fcrzel. Ihm fehlt allerdings anders als dem Rotschenkel die wei\u00dfe Fl\u00fcgelzeichnung. Er fliegt schnell und kraftvoll. Gelegentlich ist ein unruhiger Zickzackflug zu beobachten. Sein Ruf klingt in etwa wie \u201etj\u00fc tj\u00fc tj\u00fc\u201c.<br \/>\nDas Verbreitungsgebiet des Gr\u00fcnschenkels erstreckt sich von Schottland und Skandinavien bis zu den Tundrenzonen Sibiriens und Kamtschatkas. Die Art ist \u00fcberwiegend ein Langstreckenzieher. \u00dcberwinterungsquartiere finden sich im atlantischen Westeuropa, im Mittelmeergebiet, von Vorderasien bis ins afrikanische Kapland, Sri Lanka, Hinterindien, auf den Sundainseln und in Australien. Der Hauptzugweg der westpal\u00e4arktischen Zugv\u00f6gel verl\u00e4uft gew\u00f6hnlich in s\u00fcd-s\u00fcdwestlicher Richtung. So ziehen finnische Brutv\u00f6gel beispielsweise bis Frankreich, Italien und Polen. Das europ\u00e4ische Binnenland wird von Gr\u00fcnschenkeln in breiter Front \u00fcberflogen, allerdings ist eine Zugverdichtung entlang der K\u00fcsten zu beobachten. International bedeutende Rastpl\u00e4tze und \u00dcberwinterungsquartiere sind unter anderem die Feuchtgebiete der finnischen Provinz Oulau, das Wattenmeer der Nordsee, das Rhein-Maas-Delta, die Banc d\u2019Arguin an der mauretanischen K\u00fcste und die M\u00fcndung des Nigers in Mali.<br \/>\nDer Gr\u00fcnschenkel ern\u00e4hrt sich von W\u00fcrmern, Krebstieren, Insekten und deren Larven. Au\u00dferdem pickt er mit seinem passenden Werkzeug auch kleine Fische aus dem flachen Wasser.<br \/>\nCharakteristisch f\u00fcr den Gr\u00fcnschenkel ist ein sehr lebhaftes Verhalten w\u00e4hrend der Nahrungssuche. Dabei l\u00e4uft er h\u00e4ufig auf und ab und wechselt abrupt die Richtung. Die Nahrung wird \u00fcberwiegend visuell geortet und dann von der Wasseroberfl\u00e4che, dem Boden oder der Vegetation abgesammelt. Deutlich seltener stochert der Gr\u00fcnschenkel im feuchten Substrat oder sucht mit seitlich schwenkenden Schnabelbewegungen im Wasser nach Beute. Gelegentlich sind trippelnde Bewegungen auszumachen, mit denen er vermutlich im seichten Wasser die Beute vom Grund aufscheucht.<sup id=\"cite_ref-5\" class=\"reference\"><\/sup><\/p>\n<p>L\u00e4nge: 30 &#8211; 35 cm\u00a0\u00a0 Spannweite: 60 &#8211; 70 cm\u00a0\u00a0 Gewicht: 130 &#8211; 240 g\u00a0\u00a0 Gelege: 4 Eier<\/p>\n<p>Zur Galerie <a title=\"Schnepfenv\u00f6gel\" href=\"http:\/\/woerrlein-naturfoto.de\/wordpress\/hauptseite-voegel\/voegel\/watvoegel\/schnepfenvoegel\/\">Schnepfen I<\/a><\/p>\n<p>&nbsp;<\/p>\n<p><em>Quelle des Textauszuges und weitere Infos bei <\/em><a href=\"https:\/\/de.wikipedia.org\/wiki\/Gr%C3%BCnschenkel\" target=\"_blank\" rel=\"noopener\">Wikipedia<\/a> <em>(<\/em><a href=\"http:\/\/www.gnu.org\/licenses\/fdl-1.3.txt\" target=\"_blank\" rel=\"noopener\">GNU-Lizenz<\/a><em>)<\/em> \u2013 <em>mein Dank gilt den<\/em> <a href=\"https:\/\/de.wikipedia.org\/w\/index.php?title=Gr%C3%BCnschenkel&amp;action=history\" target=\"_blank\" rel=\"noopener\">Autoren<\/a>.<\/p>\n","protected":false},"excerpt":{"rendered":"<p>V\u00f6gel -&gt; Watv\u00f6gel V\u00f6gel von A-Z Zur Galerie Schnepfen I Der Gr\u00fcnschenkel (Tringa nebularia) ist eine monotypische Vogelart aus der Familie der Schnepfenv\u00f6gel. Der Gr\u00fcnschenkel ist ein Brutvogel der borealen Zone Nordeurasiens. In Mitteleuropa ist er w\u00e4hrend der Zugzeiten ein regelm\u00e4\u00dfiger Durchz\u00fcgler. Im Wattenmeer der Niederlande k\u00f6nnen im Mai sowie im Juli bis September mehrere &hellip; <a href=\"https:\/\/woerrlein-naturfoto.de\/wordpress\/schnepfen_a-z\/gruenschenkel\/\" class=\"more-link\"><span class=\"screen-reader-text\">Gr\u00fcnschenkel<\/span> weiterlesen <span class=\"meta-nav\">&rarr;<\/span><\/a><\/p>\n","protected":false},"author":1,"featured_media":0,"parent":1143,"menu_order":0,"comment_status":"closed","ping_status":"closed","template":"page-templates\/full-width.php","meta":{"footnotes":""},"class_list":["post-15691","page","type-page","status-publish","hentry"],"_links":{"self":[{"href":"https:\/\/woerrlein-naturfoto.de\/wordpress\/wp-json\/wp\/v2\/pages\/15691","targetHints":{"allow":["GET"]}}],"collection":[{"href":"https:\/\/woerrlein-naturfoto.de\/wordpress\/wp-json\/wp\/v2\/pages"}],"about":[{"href":"https:\/\/woerrlein-naturfoto.de\/wordpress\/wp-json\/wp\/v2\/types\/page"}],"author":[{"embeddable":true,"href":"https:\/\/woerrlein-naturfoto.de\/wordpress\/wp-json\/wp\/v2\/users\/1"}],"replies":[{"embeddable":true,"href":"https:\/\/woerrlein-naturfoto.de\/wordpress\/wp-json\/wp\/v2\/comments?post=15691"}],"version-history":[{"count":4,"href":"https:\/\/woerrlein-naturfoto.de\/wordpress\/wp-json\/wp\/v2\/pages\/15691\/revisions"}],"predecessor-version":[{"id":18947,"href":"https:\/\/woerrlein-naturfoto.de\/wordpress\/wp-json\/wp\/v2\/pages\/15691\/revisions\/18947"}],"up":[{"embeddable":true,"href":"https:\/\/woerrlein-naturfoto.de\/wordpress\/wp-json\/wp\/v2\/pages\/1143"}],"wp:attachment":[{"href":"https:\/\/woerrlein-naturfoto.de\/wordpress\/wp-json\/wp\/v2\/media?parent=15691"}],"curies":[{"name":"wp","href":"https:\/\/api.w.org\/{rel}","templated":true}]}}