{"id":15622,"date":"2022-10-19T19:06:03","date_gmt":"2022-10-19T17:06:03","guid":{"rendered":"https:\/\/woerrlein-naturfoto.de\/wordpress\/?page_id=15622"},"modified":"2022-10-19T19:06:37","modified_gmt":"2022-10-19T17:06:37","slug":"schmetterlings-tramete","status":"publish","type":"page","link":"https:\/\/woerrlein-naturfoto.de\/wordpress\/pilze-a-z\/schmetterlings-tramete\/","title":{"rendered":"Schmetterlings-Tramete"},"content":{"rendered":"<p><a href=\"http:\/\/woerrlein-naturfoto.de\/wordpress\/hauptseite-pflanzen\/pflanzen\/\"><span style=\"color: #ffff66;\">Pflanzen<\/span> <\/a>-&gt;<a href=\"http:\/\/woerrlein-naturfoto.de\/wordpress\/hauptseite-pflanzen\/pflanzen\/pilze-2\/\"> <span style=\"color: #ffff66;\">Pilze<\/span><\/a><br \/>\n<a href=\"http:\/\/woerrlein-naturfoto.de\/wordpress\/pflanzen-von-a-z\/\">Pflanzen von A-Z<\/a><br \/>\nzur Galerie <a href=\"https:\/\/woerrlein-naturfoto.de\/wordpress\/hauptseite-pflanzen\/pflanzen\/pilze-2\/pilze-iii-s-bis-z\/\">Pilze III<\/a><\/p>\n<p><img loading=\"lazy\" decoding=\"async\" class=\"alignleft wp-image-15449\" src=\"https:\/\/woerrlein-naturfoto.de\/wordpress\/wp-content\/uploads\/2022\/10\/Schmetterlings-Tramete_221016_3549-600x400.jpg\" alt=\"\" width=\"600\" height=\"400\" srcset=\"https:\/\/woerrlein-naturfoto.de\/wordpress\/wp-content\/uploads\/2022\/10\/Schmetterlings-Tramete_221016_3549-600x400.jpg 600w, https:\/\/woerrlein-naturfoto.de\/wordpress\/wp-content\/uploads\/2022\/10\/Schmetterlings-Tramete_221016_3549-768x512.jpg 768w, https:\/\/woerrlein-naturfoto.de\/wordpress\/wp-content\/uploads\/2022\/10\/Schmetterlings-Tramete_221016_3549-120x80.jpg 120w, https:\/\/woerrlein-naturfoto.de\/wordpress\/wp-content\/uploads\/2022\/10\/Schmetterlings-Tramete_221016_3549.jpg 1000w\" sizes=\"auto, (max-width: 600px) 100vw, 600px\" \/>Die <b>Schmetterlings-Tramete<\/b> (<i>Trametes versicolor<\/i>, auch <i>Coriolus versicolor<\/i> genannt), auch bekannt als <b>Bunte Tramete<\/b> oder <b>Schmetterlingsporling<\/b>, ist eine h\u00e4ufige holzbewohnende Pilzart aus der Familie der Stielporlingsverwandten.<br \/>\nDie Schmetterlings-Tramete bildet 2\u20136, in Ausnahmef\u00e4llen auch bis 8 cm breite flache konsolen- bis rosettenf\u00f6rmige H\u00fcte aus. Die Fruchtk\u00f6rper stehen meist in gro\u00dfen Gruppen am Substrat, sie k\u00f6nnen stielartig angewachsen sein oder etwas am Substrat herablaufen, die Anwachsstelle ist bis 3 mm dick. Die feinsamtige Oberseite der relativ d\u00fcnnen H\u00fcte ist immer bunt gezont, das Farbspektrum reicht von hell- bis dunkelbraun, auch olivfarbige, bl\u00e4uliche und r\u00f6tliche T\u00f6ne k\u00f6nnen vorhanden sein. Die Zuwachszone ist wei\u00df abgesetzt, der Hutrand flatterig-wellig, etwas gekerbt und scharf begrenzt. Auf der Hutoberfl\u00e4che finden sich seidig-gl\u00e4nzende blaue bis schwarze Zonen. Die wei\u00dfe Unterseite der H\u00fcte ist mit feinen (3\u20135 pro mm), rundlich-eckigen Poren besetzt.<br \/>\nDie Schmetterlings-Tramete ist wahrscheinlich weltweit verbreitet. In Mitteleuropa geh\u00f6rt sie zu den h\u00e4ufigsten Porlingen und kann \u00fcberall gefunden werden.<\/p>\n<p>zur Galerie <a href=\"https:\/\/woerrlein-naturfoto.de\/wordpress\/hauptseite-pflanzen\/pflanzen\/pilze-2\/pilze-iii-s-bis-z\/\">Pilze III<\/a><\/p>\n<p><em>Quelle des Textauszuges und weitere Infos bei <\/em><a href=\"https:\/\/de.wikipedia.org\/wiki\/Schmetterlings-Tramete\" target=\"_blank\" rel=\"noopener noreferrer\">Wikipedia<\/a><em> (<\/em><a href=\"http:\/\/www.gnu.org\/licenses\/fdl-1.3.txt\" target=\"_blank\" rel=\"noopener noreferrer\">GNU-Lizenz<\/a><em>)\u2013 mein Dank gilt den <\/em><a href=\"https:\/\/de.wikipedia.org\/w\/index.php?title=Schmetterlings-Tramete&amp;action=history\" target=\"_blank\" rel=\"noopener noreferrer\">Autoren<\/a><em>.<\/em><\/p>\n","protected":false},"excerpt":{"rendered":"<p>Pflanzen -&gt; Pilze Pflanzen von A-Z zur Galerie Pilze III Die Schmetterlings-Tramete (Trametes versicolor, auch Coriolus versicolor genannt), auch bekannt als Bunte Tramete oder Schmetterlingsporling, ist eine h\u00e4ufige holzbewohnende Pilzart aus der Familie der Stielporlingsverwandten. Die Schmetterlings-Tramete bildet 2\u20136, in Ausnahmef\u00e4llen auch bis 8 cm breite flache konsolen- bis rosettenf\u00f6rmige H\u00fcte aus. Die Fruchtk\u00f6rper stehen &hellip; <a href=\"https:\/\/woerrlein-naturfoto.de\/wordpress\/pilze-a-z\/schmetterlings-tramete\/\" class=\"more-link\"><span class=\"screen-reader-text\">Schmetterlings-Tramete<\/span> weiterlesen <span class=\"meta-nav\">&rarr;<\/span><\/a><\/p>\n","protected":false},"author":1,"featured_media":0,"parent":5118,"menu_order":0,"comment_status":"closed","ping_status":"closed","template":"page-templates\/full-width.php","meta":{"footnotes":""},"class_list":["post-15622","page","type-page","status-publish","hentry"],"_links":{"self":[{"href":"https:\/\/woerrlein-naturfoto.de\/wordpress\/wp-json\/wp\/v2\/pages\/15622","targetHints":{"allow":["GET"]}}],"collection":[{"href":"https:\/\/woerrlein-naturfoto.de\/wordpress\/wp-json\/wp\/v2\/pages"}],"about":[{"href":"https:\/\/woerrlein-naturfoto.de\/wordpress\/wp-json\/wp\/v2\/types\/page"}],"author":[{"embeddable":true,"href":"https:\/\/woerrlein-naturfoto.de\/wordpress\/wp-json\/wp\/v2\/users\/1"}],"replies":[{"embeddable":true,"href":"https:\/\/woerrlein-naturfoto.de\/wordpress\/wp-json\/wp\/v2\/comments?post=15622"}],"version-history":[{"count":1,"href":"https:\/\/woerrlein-naturfoto.de\/wordpress\/wp-json\/wp\/v2\/pages\/15622\/revisions"}],"predecessor-version":[{"id":15626,"href":"https:\/\/woerrlein-naturfoto.de\/wordpress\/wp-json\/wp\/v2\/pages\/15622\/revisions\/15626"}],"up":[{"embeddable":true,"href":"https:\/\/woerrlein-naturfoto.de\/wordpress\/wp-json\/wp\/v2\/pages\/5118"}],"wp:attachment":[{"href":"https:\/\/woerrlein-naturfoto.de\/wordpress\/wp-json\/wp\/v2\/media?parent=15622"}],"curies":[{"name":"wp","href":"https:\/\/api.w.org\/{rel}","templated":true}]}}