{"id":15611,"date":"2022-10-19T18:12:00","date_gmt":"2022-10-19T16:12:00","guid":{"rendered":"https:\/\/woerrlein-naturfoto.de\/wordpress\/?page_id=15611"},"modified":"2022-10-19T18:30:47","modified_gmt":"2022-10-19T16:30:47","slug":"pantherpilz","status":"publish","type":"page","link":"https:\/\/woerrlein-naturfoto.de\/wordpress\/pilze-a-z\/pantherpilz\/","title":{"rendered":"Pantherpilz"},"content":{"rendered":"<p><a href=\"http:\/\/woerrlein-naturfoto.de\/wordpress\/hauptseite-pflanzen\/pflanzen\/\"><span style=\"color: #ffff66;\">Pflanzen<\/span> <\/a>-&gt;<a href=\"http:\/\/woerrlein-naturfoto.de\/wordpress\/hauptseite-pflanzen\/pflanzen\/pilze-2\/\"> <span style=\"color: #ffff66;\">Pilze<\/span><\/a><br \/>\n<a href=\"http:\/\/woerrlein-naturfoto.de\/wordpress\/pflanzen-von-a-z\/\">Pflanzen von A-Z<\/a><br \/>\nzur Galerie <a href=\"https:\/\/woerrlein-naturfoto.de\/wordpress\/hauptseite-pflanzen\/pflanzen\/pilze-2\/pilze-ii-h-bis-r\/\">Pilze II<\/a><\/p>\n<p><img loading=\"lazy\" decoding=\"async\" class=\"alignleft wp-image-15445\" src=\"https:\/\/woerrlein-naturfoto.de\/wordpress\/wp-content\/uploads\/2022\/10\/Pantherpilz_221012_3453-600x400.jpg\" alt=\"\" width=\"600\" height=\"400\" srcset=\"https:\/\/woerrlein-naturfoto.de\/wordpress\/wp-content\/uploads\/2022\/10\/Pantherpilz_221012_3453-600x400.jpg 600w, https:\/\/woerrlein-naturfoto.de\/wordpress\/wp-content\/uploads\/2022\/10\/Pantherpilz_221012_3453-768x512.jpg 768w, https:\/\/woerrlein-naturfoto.de\/wordpress\/wp-content\/uploads\/2022\/10\/Pantherpilz_221012_3453-120x80.jpg 120w, https:\/\/woerrlein-naturfoto.de\/wordpress\/wp-content\/uploads\/2022\/10\/Pantherpilz_221012_3453.jpg 1000w\" sizes=\"auto, (max-width: 600px) 100vw, 600px\" \/>Der <b>Pantherpilz<\/b> (<i>Amanita pantherina<\/i>) ist eine Pilzart aus der Familie der Wulstlingsverwandten. Die Fruchtk\u00f6rper des Pantherpilzes zeigen typische Wulstlingsmerkmale: braune, mit wei\u00dfen Flocken besetzte H\u00fcte, beringte wei\u00dfe Stiele mit verdickter Knolle am unteren Ende und helle, dicht stehende Lamellen. Der Pantherpilz ist stark giftig. Die Fruchtk\u00f6rper enthalten <a title=\"Ibotens\u00e4ure\" href=\"https:\/\/de.wikipedia.org\/wiki\/Ibotens%C3%A4ure\" target=\"_blank\" rel=\"noopener\">Ibotens\u00e4ure<\/a>, <a title=\"Muscimol\" href=\"https:\/\/de.wikipedia.org\/wiki\/Muscimol\" target=\"_blank\" rel=\"noopener\">Muscimol<\/a> und Muscazon.<br \/>\nDie Nominatform des Pantherpilzes zeichnet sich aus durch Fruchtk\u00f6rper mit ausgebreiteten, flachen braunen H\u00fcten und schlanken wei\u00dfen Stielen. Die H\u00fcte werden 4\u201310\u00a0cm breit und haben eine bei feuchter Witterung schmierige, bei trockenem Wetter matt gl\u00e4nzende Huthaut. Charakteristisch sind vor allem die wei\u00dfen Flocken, die Reste des Velums darstellen und konzentrisch um die Hutmitte angeordnet sind. Bei Regen werden sie leicht abgewaschen, \u00e4ltere Exemplare zeigen also meist ein ausged\u00fcnntes Flockenmuster. Die Oberhaut des Hutes ist abziehbar, ihr Farbton variiert von dunkelbraun bis wei\u00dfbr\u00e4unlich, der Rand ist meist gerieft. Bei jungen Fruchtk\u00f6rpern hat der Hut noch eine kugelige Form, breitet sich aber im Alter flach aus. Die Lamellen sind wei\u00df, weich und stehen dicht beieinander.<br \/>\nDer Stiel des Pantherpilzes wird 6\u201312\u00a0cm hoch und hat einen Durchmesser von 0,5\u20132\u00a0cm. Er ist wei\u00df, zartflockig und innen faserig, bei alten Exemplaren hohl. Der Pantherpilz hat eine schlanke Knolle an der Stielbasis. Sie ist charakteristisch gerandet und mit einem Wulst scharf abgesetzt. Die Assoziation mit einem Fu\u00df, der in einer Socke steckt, gab diesem Merkmal den umgangssprachlichen Begriff \u201eBergsteigers\u00f6ckchen\u201c. Dar\u00fcber sind undeutlich eine oder mehr ringf\u00f6rmige G\u00fcrtelzonen zu erkennen. Die <a title=\"Annulus (Mykologie)\" href=\"https:\/\/de.wikipedia.org\/wiki\/Annulus_(Mykologie)\" target=\"_blank\" rel=\"noopener\">Manschette<\/a> sitzt mittig oder nur wenig h\u00f6her am Stiel und weist dadurch keine Riefen als Abdr\u00fccke der Lamellenschneiden auf (Ausnahmen k\u00f6nnen vorkommen). Bei jungen Fruchtk\u00f6rpern steht sie in der Regel ab, wird jedoch im Alter schlaffer und liegt schlie\u00dflich als d\u00fcnner Ring an. Das wei\u00dfe Fleisch ist zerbrechlich. Es riecht leicht nach Rettich, schmeckt jedoch schwach s\u00fc\u00dflich.<br \/>\nEine Verwechslung mit dem h\u00e4ufig gesammelten und als Speisepilz gesch\u00e4tzten <a title=\"Perlpilz\" href=\"https:\/\/de.wikipedia.org\/wiki\/Perlpilz\" target=\"_blank\" rel=\"noopener\">Perlpilz<\/a> (<i>Amanita rubescens<\/i>), wie mit dem <a title=\"Grauer Wulstling\" href=\"https:\/\/de.wikipedia.org\/wiki\/Grauer_Wulstling\" target=\"_blank\" rel=\"noopener\">Grauen Wulstling<\/a> (<i>Amanita excelsa<\/i>) ist m\u00f6glich.<\/p>\n<p><strong>Vorkommen:<\/strong> \u00a0\u00a0\u00a0\u00a0\u00a0\u00a0 Juni bis November<\/p>\n<p>zur Galerie <a href=\"https:\/\/woerrlein-naturfoto.de\/wordpress\/hauptseite-pflanzen\/pflanzen\/pilze-2\/pilze-ii-h-bis-r\/\">Pilze II<\/a><\/p>\n<p><em>Quelle des Textauszuges und weitere Infos bei <\/em><a href=\"https:\/\/de.wikipedia.org\/wiki\/Pantherpilz\" target=\"_blank\" rel=\"noopener noreferrer\">Wikipedia<\/a><em> (<\/em><a href=\"http:\/\/www.gnu.org\/licenses\/fdl-1.3.txt\" target=\"_blank\" rel=\"noopener noreferrer\">GNU-Lizenz<\/a><em>)\u2013 mein Dank gilt den <\/em><a href=\"https:\/\/de.wikipedia.org\/w\/index.php?title=Pantherpilz&amp;action=history\" target=\"_blank\" rel=\"noopener noreferrer\">Autoren<\/a><em>.<\/em><\/p>\n","protected":false},"excerpt":{"rendered":"<p>Pflanzen -&gt; Pilze Pflanzen von A-Z zur Galerie Pilze II Der Pantherpilz (Amanita pantherina) ist eine Pilzart aus der Familie der Wulstlingsverwandten. Die Fruchtk\u00f6rper des Pantherpilzes zeigen typische Wulstlingsmerkmale: braune, mit wei\u00dfen Flocken besetzte H\u00fcte, beringte wei\u00dfe Stiele mit verdickter Knolle am unteren Ende und helle, dicht stehende Lamellen. Der Pantherpilz ist stark giftig. Die &hellip; <a href=\"https:\/\/woerrlein-naturfoto.de\/wordpress\/pilze-a-z\/pantherpilz\/\" class=\"more-link\"><span class=\"screen-reader-text\">Pantherpilz<\/span> weiterlesen <span class=\"meta-nav\">&rarr;<\/span><\/a><\/p>\n","protected":false},"author":1,"featured_media":0,"parent":5118,"menu_order":0,"comment_status":"closed","ping_status":"closed","template":"page-templates\/full-width.php","meta":{"footnotes":""},"class_list":["post-15611","page","type-page","status-publish","hentry"],"_links":{"self":[{"href":"https:\/\/woerrlein-naturfoto.de\/wordpress\/wp-json\/wp\/v2\/pages\/15611","targetHints":{"allow":["GET"]}}],"collection":[{"href":"https:\/\/woerrlein-naturfoto.de\/wordpress\/wp-json\/wp\/v2\/pages"}],"about":[{"href":"https:\/\/woerrlein-naturfoto.de\/wordpress\/wp-json\/wp\/v2\/types\/page"}],"author":[{"embeddable":true,"href":"https:\/\/woerrlein-naturfoto.de\/wordpress\/wp-json\/wp\/v2\/users\/1"}],"replies":[{"embeddable":true,"href":"https:\/\/woerrlein-naturfoto.de\/wordpress\/wp-json\/wp\/v2\/comments?post=15611"}],"version-history":[{"count":6,"href":"https:\/\/woerrlein-naturfoto.de\/wordpress\/wp-json\/wp\/v2\/pages\/15611\/revisions"}],"predecessor-version":[{"id":15617,"href":"https:\/\/woerrlein-naturfoto.de\/wordpress\/wp-json\/wp\/v2\/pages\/15611\/revisions\/15617"}],"up":[{"embeddable":true,"href":"https:\/\/woerrlein-naturfoto.de\/wordpress\/wp-json\/wp\/v2\/pages\/5118"}],"wp:attachment":[{"href":"https:\/\/woerrlein-naturfoto.de\/wordpress\/wp-json\/wp\/v2\/media?parent=15611"}],"curies":[{"name":"wp","href":"https:\/\/api.w.org\/{rel}","templated":true}]}}