{"id":15599,"date":"2022-10-19T17:45:29","date_gmt":"2022-10-19T15:45:29","guid":{"rendered":"https:\/\/woerrlein-naturfoto.de\/wordpress\/?page_id=15599"},"modified":"2022-10-19T17:50:03","modified_gmt":"2022-10-19T15:50:03","slug":"flockenstieliger-hexen-roehrling","status":"publish","type":"page","link":"https:\/\/woerrlein-naturfoto.de\/wordpress\/pilze-a-z\/flockenstieliger-hexen-roehrling\/","title":{"rendered":"Flockenstieliger Hexen-R\u00f6hrling"},"content":{"rendered":"<p><a href=\"http:\/\/woerrlein-naturfoto.de\/wordpress\/hauptseite-pflanzen\/pflanzen\/\"><span style=\"color: #ffff66;\">Pflanzen<\/span> <\/a>-&gt;<a href=\"http:\/\/woerrlein-naturfoto.de\/wordpress\/hauptseite-pflanzen\/pflanzen\/pilze-2\/\"> <span style=\"color: #ffff66;\">Pilze<\/span><\/a><br \/>\n<a href=\"http:\/\/woerrlein-naturfoto.de\/wordpress\/pflanzen-von-a-z\/\">Pflanzen von A-Z<\/a><br \/>\nzur Galerie <a href=\"https:\/\/woerrlein-naturfoto.de\/wordpress\/hauptseite-pflanzen\/pflanzen\/pilze-2\/pilze-i-a-bis-g\/\">Pilze I<\/a><\/p>\n<p><img loading=\"lazy\" decoding=\"async\" class=\"alignleft wp-image-15440\" src=\"https:\/\/woerrlein-naturfoto.de\/wordpress\/wp-content\/uploads\/2022\/10\/FlockenstieligerHexen-Roehrling.AW_85104-600x400.jpg\" alt=\"\" width=\"600\" height=\"400\" srcset=\"https:\/\/woerrlein-naturfoto.de\/wordpress\/wp-content\/uploads\/2022\/10\/FlockenstieligerHexen-Roehrling.AW_85104-600x400.jpg 600w, https:\/\/woerrlein-naturfoto.de\/wordpress\/wp-content\/uploads\/2022\/10\/FlockenstieligerHexen-Roehrling.AW_85104-768x512.jpg 768w, https:\/\/woerrlein-naturfoto.de\/wordpress\/wp-content\/uploads\/2022\/10\/FlockenstieligerHexen-Roehrling.AW_85104-120x80.jpg 120w, https:\/\/woerrlein-naturfoto.de\/wordpress\/wp-content\/uploads\/2022\/10\/FlockenstieligerHexen-Roehrling.AW_85104.jpg 1000w\" sizes=\"auto, (max-width: 600px) 100vw, 600px\" \/>Der <b>Flockenstielige Hexen-R\u00f6hrling<\/b> (<i>Neoboletus erythropus<\/i>) ist eine Pilzart aus der Familie der Dickr\u00f6hrlingsverwandten. Er ist ein h\u00e4ufiger Waldpilz und wird im Volksmund je nach Landstrich auch <b>Schuster-<\/b>, <b>Tannen-<\/b>, <b>Donnerpilz<\/b> oder <b>Zigeuner<\/b> (z. B. im Bayerischen Wald) genannt. Die Bezeichnung \u201eSchusterpilz\u201c entstand wohl wegen der wildlederartigen Oberfl\u00e4che des Hutes. Er ist roh unvertr\u00e4glich, gilt gekocht aber als hervorragender Speisepilz.<br \/>\nDer Hut ist halbkugelig bis polsterf\u00f6rmig, verflacht aber im Alter etwas. Er erreicht einen Durchmesser zwischen 6 und 20, manchmal auch 25\u00a0Zentimetern. Die Oberseite ist meist dunkelbraun gef\u00e4rbt; selten ist sie heller braun oder mit oliven Anteilen get\u00f6nt. Die Huthaut ist fein samtig-filzig, verkahlt jedoch im Alter. Bei feuchter Witterung ist sie f\u00fcr kurze Zeit etwas schleimig. Die R\u00f6hren sind gelb und besitzen einen Olivton. Druckstellen verf\u00e4rben sich stark blau. Die Poren sind orange bis rot gef\u00e4rbt. Meist ist die T\u00f6nung \u00fcber den gesamten Durchmesser recht gleichm\u00e4\u00dfig. Auf Druck laufen die Poren ebenfalls blau an.<br \/>\nDer Stiel wird zwischen 5 und 15\u00a0Zentimetern lang und 2 bis 5\u00a0Zentimeter dick. Er ist walzig bis keulig geformt, allerdings kaum bauchig verdickt. Die Oberfl\u00e4che ist gelb bis br\u00e4unlichgelb gef\u00e4rbt und mit feinen Flocken \u00fcberzogen. Am oberen Teil des Stiels k\u00f6nnen diese mehr gelblich sein. An der Basis befindet sich olivfarbener Filz; das angewachsene Myzel ist blass gelblich get\u00f6nt.<br \/>\nDas Fleisch ist dottergelb, in der Basis manchmal leicht r\u00f6tlich. Bei Verletzung verf\u00e4rbt es sich sofort kr\u00e4ftig blau. Nach einigen Stunden entf\u00e4rbt es sich wieder tr\u00fcbgelb. Das Hutfleisch unter der R\u00f6hrenschicht (R\u00f6hrenboden) ist gelb. Es besitzt keinen bestimmten Geruch und schmeckt mild.<br \/>\nUnkundige Sammler k\u00f6nnen diese Arten mit dem giftigen <a title=\"Satans-R\u00f6hrling\" href=\"https:\/\/de.wikipedia.org\/wiki\/Satans-R%C3%B6hrling\" target=\"_blank\" rel=\"noopener\">Satans-R\u00f6hrling<\/a> (<i>Rubroboletus satanas<\/i>) verwechseln, der sich bei Fleischverletzung nur m\u00e4\u00dfig blau verf\u00e4rbt, ein Stielnetz und (vor allem im Jungstadium) eine wesentlich hellere, graue Hutfarbe hat.<\/p>\n<p><strong>Vorkommen:<\/strong> \u00a0\u00a0\u00a0\u00a0\u00a0\u00a0 Mai &#8211; Oktober<\/p>\n<p>zur Galerie <a href=\"https:\/\/woerrlein-naturfoto.de\/wordpress\/hauptseite-pflanzen\/pflanzen\/pilze-2\/pilze-i-a-bis-g\/\">Pilze I<\/a><\/p>\n<p><em>Quelle des Textauszuges und weitere Infos bei <\/em><a href=\"https:\/\/de.wikipedia.org\/wiki\/Flockenstieliger_Hexen-R%C3%B6hrling\" target=\"_blank\" rel=\"noopener noreferrer\">Wikipedia<\/a><em> (<\/em><a href=\"http:\/\/www.gnu.org\/licenses\/fdl-1.3.txt\" target=\"_blank\" rel=\"noopener noreferrer\">GNU-Lizenz<\/a><em>)\u2013 mein Dank gilt den <\/em><a href=\"https:\/\/de.wikipedia.org\/w\/index.php?title=Flockenstieliger_Hexen-R%C3%B6hrling&amp;action=history\" target=\"_blank\" rel=\"noopener noreferrer\">Autoren<\/a><em>.<\/em><\/p>\n","protected":false},"excerpt":{"rendered":"<p>Pflanzen -&gt; Pilze Pflanzen von A-Z zur Galerie Pilze I Der Flockenstielige Hexen-R\u00f6hrling (Neoboletus erythropus) ist eine Pilzart aus der Familie der Dickr\u00f6hrlingsverwandten. Er ist ein h\u00e4ufiger Waldpilz und wird im Volksmund je nach Landstrich auch Schuster-, Tannen-, Donnerpilz oder Zigeuner (z. B. im Bayerischen Wald) genannt. Die Bezeichnung \u201eSchusterpilz\u201c entstand wohl wegen der wildlederartigen &hellip; <a href=\"https:\/\/woerrlein-naturfoto.de\/wordpress\/pilze-a-z\/flockenstieliger-hexen-roehrling\/\" class=\"more-link\"><span class=\"screen-reader-text\">Flockenstieliger Hexen-R\u00f6hrling<\/span> weiterlesen <span class=\"meta-nav\">&rarr;<\/span><\/a><\/p>\n","protected":false},"author":1,"featured_media":0,"parent":5118,"menu_order":0,"comment_status":"closed","ping_status":"closed","template":"page-templates\/full-width.php","meta":{"footnotes":""},"class_list":["post-15599","page","type-page","status-publish","hentry"],"_links":{"self":[{"href":"https:\/\/woerrlein-naturfoto.de\/wordpress\/wp-json\/wp\/v2\/pages\/15599","targetHints":{"allow":["GET"]}}],"collection":[{"href":"https:\/\/woerrlein-naturfoto.de\/wordpress\/wp-json\/wp\/v2\/pages"}],"about":[{"href":"https:\/\/woerrlein-naturfoto.de\/wordpress\/wp-json\/wp\/v2\/types\/page"}],"author":[{"embeddable":true,"href":"https:\/\/woerrlein-naturfoto.de\/wordpress\/wp-json\/wp\/v2\/users\/1"}],"replies":[{"embeddable":true,"href":"https:\/\/woerrlein-naturfoto.de\/wordpress\/wp-json\/wp\/v2\/comments?post=15599"}],"version-history":[{"count":4,"href":"https:\/\/woerrlein-naturfoto.de\/wordpress\/wp-json\/wp\/v2\/pages\/15599\/revisions"}],"predecessor-version":[{"id":15603,"href":"https:\/\/woerrlein-naturfoto.de\/wordpress\/wp-json\/wp\/v2\/pages\/15599\/revisions\/15603"}],"up":[{"embeddable":true,"href":"https:\/\/woerrlein-naturfoto.de\/wordpress\/wp-json\/wp\/v2\/pages\/5118"}],"wp:attachment":[{"href":"https:\/\/woerrlein-naturfoto.de\/wordpress\/wp-json\/wp\/v2\/media?parent=15599"}],"curies":[{"name":"wp","href":"https:\/\/api.w.org\/{rel}","templated":true}]}}