{"id":15588,"date":"2022-10-19T14:51:09","date_gmt":"2022-10-19T12:51:09","guid":{"rendered":"https:\/\/woerrlein-naturfoto.de\/wordpress\/?page_id=15588"},"modified":"2022-10-19T14:57:55","modified_gmt":"2022-10-19T12:57:55","slug":"dehnbarer-helmling","status":"publish","type":"page","link":"https:\/\/woerrlein-naturfoto.de\/wordpress\/pilze-a-z\/dehnbarer-helmling\/","title":{"rendered":"Dehnbarer Helmling"},"content":{"rendered":"<p><a href=\"http:\/\/woerrlein-naturfoto.de\/wordpress\/hauptseite-pflanzen\/pflanzen\/\"><span style=\"color: #ffff66;\">Pflanzen<\/span> <\/a>-&gt;<a href=\"http:\/\/woerrlein-naturfoto.de\/wordpress\/hauptseite-pflanzen\/pflanzen\/pilze-2\/\"> <span style=\"color: #ffff66;\">Pilze<\/span><\/a><br \/>\n<a href=\"http:\/\/woerrlein-naturfoto.de\/wordpress\/pflanzen-von-a-z\/\">Pflanzen von A-Z<\/a><br \/>\nzur Galerie <a href=\"https:\/\/woerrlein-naturfoto.de\/wordpress\/hauptseite-pflanzen\/pflanzen\/pilze-2\/pilze-i-a-bis-g\/\">Pilze I<\/a><\/p>\n<p><img loading=\"lazy\" decoding=\"async\" class=\"alignleft wp-image-15429\" src=\"https:\/\/woerrlein-naturfoto.de\/wordpress\/wp-content\/uploads\/2022\/10\/DehnbareHelmlinge_221012_3285-267x400.jpg\" alt=\"\" width=\"267\" height=\"400\" srcset=\"https:\/\/woerrlein-naturfoto.de\/wordpress\/wp-content\/uploads\/2022\/10\/DehnbareHelmlinge_221012_3285-267x400.jpg 267w, https:\/\/woerrlein-naturfoto.de\/wordpress\/wp-content\/uploads\/2022\/10\/DehnbareHelmlinge_221012_3285.jpg 567w\" sizes=\"auto, (max-width: 267px) 100vw, 267px\" \/>Der <b>Dehnbare Helmling<\/b> (<i>Mycena epipterygia)<\/i> ist eine Pilz-Art aus der Familie der Mycenaceae. Der sehr variable Helmling ist gelblich-gr\u00fcn bis graubr\u00e4unlich gef\u00e4rbt. Sein Hut und sein Stiel sind von einer schmierigen, dehnbaren gelatin\u00f6sen Haut \u00fcberzogen. Zieht man den Pilz am Stiel auseinander, bleiben beide H\u00e4lften lange durch eine gelatin\u00f6se Haut verbunden. Daher tr\u00e4gt der Pilz auch die Bezeichnungen <b>\u00dcberh\u00e4uteter Helmling<\/b> oder <b>Gummi-Helmling<\/b>. Der h\u00e4ufige und ungenie\u00dfbare Pilz w\u00e4chst in Laub- und Nadelw\u00e4ldern. Der Hut des Dehnbaren Helmlings ist 1\u20132,5 cm breit. Er ist anfangs glockig, sp\u00e4ter glockig bis gew\u00f6lbt und tr\u00e4gt am Scheitel oft einen flachen Buckel. Die Hutfarbe variiert sehr stark. Der Hut kann gelbgr\u00fcnlich bis gelbbr\u00e4unlich, aber auch graugelblich bis graubraun gef\u00e4rbt sein. Zum Rand hin wird die Farbe meist heller. Der Hutrand ist durchscheinend gerieft. Bei feuchter Witterung ist der Helmling von einer dicken klebrigen Schicht bedeckt, die sich als durchsichtige, gallertartige Haut abziehen l\u00e4sst.<br \/>\nDie Lamellen sind am Stiel angewachsen oder laufen mit einem Z\u00e4hnchen daran herab. Sie sind anfangs wei\u00dflich bis grau-wei\u00dflich gef\u00e4rbt. Sp\u00e4ter k\u00f6nnen sie auch grau-rosa \u00fcberhaucht sein. Von den Lamellenschneiden l\u00e4sst sich mit einer Nadel oder einer Pinzette ein gelatin\u00f6ser Faden abziehen. Die Lamellen stehen relativ weit auseinander und sind mit Zwischenlamellen untermischt. Etwa 17\u201323\u00a0Lamellen reichen vom Hutrand bis zum Stiel. Das Sporenpulver ist wei\u00df.<br \/>\nDer zylindrische Stiel ist bis 8\u00a0cm lang und 1\u20133\u00a0mm breit. Er ist z\u00e4h, hohl, gelblich bis gelbgr\u00fcnlich gef\u00e4rbt, und wie der Hut mit einer gelatin\u00f6sen Haut \u00fcberzogen, die sich beim Auseinanderziehen des Stiels gummiartig dehnt. Der Pilz wird deswegen auch Gummihelmling genannt. Bei Feuchtigkeit f\u00fchlt sich der Stiel sehr schleimig bis klebrig an. Der Fruchtk\u00f6rper riecht jung und unverletzt leicht geranienartig. Er kann aber auch muffig-erdig oder muffig-mehlig riechen. Das Fleisch schmeckt leicht mehlartig.<\/p>\n<p><strong>Vorkommen:<\/strong>\u00a0\u00a0\u00a0\u00a0\u00a0\u00a0\u00a0 August &#8211; November<\/p>\n<p>zur Galerie <a href=\"https:\/\/woerrlein-naturfoto.de\/wordpress\/hauptseite-pflanzen\/pflanzen\/pilze-2\/pilze-i-a-bis-g\/\">Pilze I<\/a><\/p>\n<p><em>Quelle des Textauszuges und weitere Infos bei <\/em><a href=\"https:\/\/de.wikipedia.org\/wiki\/Amiant-K%C3%B6rnchenschirmling\" target=\"_blank\" rel=\"noopener noreferrer\">Wikipedia<\/a><em> (<\/em><a href=\"http:\/\/www.gnu.org\/licenses\/fdl-1.3.txt\" target=\"_blank\" rel=\"noopener noreferrer\">GNU-Lizenz<\/a><em>)\u2013 mein Dank gilt den <\/em><a href=\"https:\/\/de.wikipedia.org\/w\/index.php?title=Amiant-K%C3%B6rnchenschirmling&amp;action=history\" target=\"_blank\" rel=\"noopener noreferrer\">Autoren<\/a><em>.<\/em><\/p>\n","protected":false},"excerpt":{"rendered":"<p>Pflanzen -&gt; Pilze Pflanzen von A-Z zur Galerie Pilze I Der Dehnbare Helmling (Mycena epipterygia) ist eine Pilz-Art aus der Familie der Mycenaceae. Der sehr variable Helmling ist gelblich-gr\u00fcn bis graubr\u00e4unlich gef\u00e4rbt. Sein Hut und sein Stiel sind von einer schmierigen, dehnbaren gelatin\u00f6sen Haut \u00fcberzogen. Zieht man den Pilz am Stiel auseinander, bleiben beide H\u00e4lften &hellip; <a href=\"https:\/\/woerrlein-naturfoto.de\/wordpress\/pilze-a-z\/dehnbarer-helmling\/\" class=\"more-link\"><span class=\"screen-reader-text\">Dehnbarer Helmling<\/span> weiterlesen <span class=\"meta-nav\">&rarr;<\/span><\/a><\/p>\n","protected":false},"author":1,"featured_media":0,"parent":5118,"menu_order":0,"comment_status":"closed","ping_status":"closed","template":"page-templates\/full-width.php","meta":{"footnotes":""},"class_list":["post-15588","page","type-page","status-publish","hentry"],"_links":{"self":[{"href":"https:\/\/woerrlein-naturfoto.de\/wordpress\/wp-json\/wp\/v2\/pages\/15588","targetHints":{"allow":["GET"]}}],"collection":[{"href":"https:\/\/woerrlein-naturfoto.de\/wordpress\/wp-json\/wp\/v2\/pages"}],"about":[{"href":"https:\/\/woerrlein-naturfoto.de\/wordpress\/wp-json\/wp\/v2\/types\/page"}],"author":[{"embeddable":true,"href":"https:\/\/woerrlein-naturfoto.de\/wordpress\/wp-json\/wp\/v2\/users\/1"}],"replies":[{"embeddable":true,"href":"https:\/\/woerrlein-naturfoto.de\/wordpress\/wp-json\/wp\/v2\/comments?post=15588"}],"version-history":[{"count":4,"href":"https:\/\/woerrlein-naturfoto.de\/wordpress\/wp-json\/wp\/v2\/pages\/15588\/revisions"}],"predecessor-version":[{"id":15592,"href":"https:\/\/woerrlein-naturfoto.de\/wordpress\/wp-json\/wp\/v2\/pages\/15588\/revisions\/15592"}],"up":[{"embeddable":true,"href":"https:\/\/woerrlein-naturfoto.de\/wordpress\/wp-json\/wp\/v2\/pages\/5118"}],"wp:attachment":[{"href":"https:\/\/woerrlein-naturfoto.de\/wordpress\/wp-json\/wp\/v2\/media?parent=15588"}],"curies":[{"name":"wp","href":"https:\/\/api.w.org\/{rel}","templated":true}]}}