{"id":15585,"date":"2022-10-19T14:45:03","date_gmt":"2022-10-19T12:45:03","guid":{"rendered":"https:\/\/woerrlein-naturfoto.de\/wordpress\/?page_id=15585"},"modified":"2022-11-29T17:13:33","modified_gmt":"2022-11-29T16:13:33","slug":"buchenschleim-ruebling","status":"publish","type":"page","link":"https:\/\/woerrlein-naturfoto.de\/wordpress\/pilze-a-z\/buchenschleim-ruebling\/","title":{"rendered":"Buchen-Schleimr\u00fcbling"},"content":{"rendered":"<p><a href=\"http:\/\/woerrlein-naturfoto.de\/wordpress\/hauptseite-pflanzen\/pflanzen\/\"><span style=\"color: #ffff66;\">Pflanzen<\/span> <\/a>-&gt;<a href=\"http:\/\/woerrlein-naturfoto.de\/wordpress\/hauptseite-pflanzen\/pflanzen\/pilze-2\/\"> <span style=\"color: #ffff66;\">Pilze<\/span><\/a><br \/>\n<a href=\"http:\/\/woerrlein-naturfoto.de\/wordpress\/pflanzen-von-a-z\/\">Pflanzen von A-Z<\/a><br \/>\nzur Galerie <a href=\"https:\/\/woerrlein-naturfoto.de\/wordpress\/hauptseite-pflanzen\/pflanzen\/pilze-2\/pilze-i-a-bis-g\/\">Pilze I<\/a><\/p>\n<p><img loading=\"lazy\" decoding=\"async\" class=\"alignleft wp-image-15425\" src=\"https:\/\/woerrlein-naturfoto.de\/wordpress\/wp-content\/uploads\/2022\/10\/Buchen-Schleimrueblinge_221016_3500-267x400.jpg\" alt=\"\" width=\"267\" height=\"400\" srcset=\"https:\/\/woerrlein-naturfoto.de\/wordpress\/wp-content\/uploads\/2022\/10\/Buchen-Schleimrueblinge_221016_3500-267x400.jpg 267w, https:\/\/woerrlein-naturfoto.de\/wordpress\/wp-content\/uploads\/2022\/10\/Buchen-Schleimrueblinge_221016_3500.jpg 567w\" sizes=\"auto, (max-width: 267px) 100vw, 267px\" \/>Der <b>Buchen-<\/b> oder <b>Beringte Schleimr\u00fcbling<\/b> (<i>Mucidula mucida<\/i>) ist eine Pilzart aus der Familie Physalacriaceae.<br \/>\nDie Fruchtk\u00f6rper stehen meist b\u00fcschelig. Der Hut ist 2\u201310 cm breit, anfangs gew\u00f6lbt, sp\u00e4ter flacher ausgebreitet, jung blassgrau, dann eher wei\u00dflich mit leicht ockerfarbenen Anflug in der Mitte, etwas durchscheinend, schleimig. Die Lamellen sind breit und entferntstehend. Das reichlich abgegebene Sporenpulver bedeckt h\u00e4ufig die Umgebung der Fruchtk\u00f6rper. Der 30\u2013100 mm lange und 3\u201310 mm dicke Stiel ist oberhalb des gerieften Ringes wei\u00dfstreifig, unterhalb etwas schuppig. Der Buchen-Schleimr\u00fcbling hat d\u00fcnnes, wei\u00dfes Fleisch.<br \/>\nDer Buchen-Schleimr\u00fcbling w\u00e4chst saprobiontisch oder parasitisch auf \u00c4sten oder St\u00e4mmen der Rotbuche, seltener an anderen Laubb\u00e4umen, sehr selten an Fichten, er kommt vor allem im Bergland vor.<\/p>\n<p><strong>Vorkommen:<\/strong> \u00a0\u00a0\u00a0\u00a0\u00a0\u00a0 Juli &#8211; Oktober<\/p>\n<p>zur Galerie <a href=\"https:\/\/woerrlein-naturfoto.de\/wordpress\/hauptseite-pflanzen\/pflanzen\/pilze-2\/pilze-i-a-bis-g\/\">Pilze I<\/a><\/p>\n<p><em>Quelle des Textauszuges und weitere Infos bei <\/em><a href=\"https:\/\/de.wikipedia.org\/wiki\/Buchen-Schleimr%C3%BCbling\" target=\"_blank\" rel=\"noopener noreferrer\">Wikipedia<\/a><em> (<\/em><a href=\"http:\/\/www.gnu.org\/licenses\/fdl-1.3.txt\" target=\"_blank\" rel=\"noopener noreferrer\">GNU-Lizenz<\/a><em>)\u2013 mein Dank gilt den <\/em><a href=\"https:\/\/de.wikipedia.org\/w\/index.php?title=Amiant-K%C3%B6rnchenschirmling&amp;action=history\" target=\"_blank\" rel=\"noopener noreferrer\">Autoren<\/a><em>.<\/em><\/p>\n","protected":false},"excerpt":{"rendered":"<p>Pflanzen -&gt; Pilze Pflanzen von A-Z zur Galerie Pilze I Der Buchen- oder Beringte Schleimr\u00fcbling (Mucidula mucida) ist eine Pilzart aus der Familie Physalacriaceae. Die Fruchtk\u00f6rper stehen meist b\u00fcschelig. Der Hut ist 2\u201310 cm breit, anfangs gew\u00f6lbt, sp\u00e4ter flacher ausgebreitet, jung blassgrau, dann eher wei\u00dflich mit leicht ockerfarbenen Anflug in der Mitte, etwas durchscheinend, schleimig. &hellip; <a href=\"https:\/\/woerrlein-naturfoto.de\/wordpress\/pilze-a-z\/buchenschleim-ruebling\/\" class=\"more-link\"><span class=\"screen-reader-text\">Buchen-Schleimr\u00fcbling<\/span> weiterlesen <span class=\"meta-nav\">&rarr;<\/span><\/a><\/p>\n","protected":false},"author":1,"featured_media":0,"parent":5118,"menu_order":0,"comment_status":"closed","ping_status":"closed","template":"page-templates\/full-width.php","meta":{"footnotes":""},"class_list":["post-15585","page","type-page","status-publish","hentry"],"_links":{"self":[{"href":"https:\/\/woerrlein-naturfoto.de\/wordpress\/wp-json\/wp\/v2\/pages\/15585","targetHints":{"allow":["GET"]}}],"collection":[{"href":"https:\/\/woerrlein-naturfoto.de\/wordpress\/wp-json\/wp\/v2\/pages"}],"about":[{"href":"https:\/\/woerrlein-naturfoto.de\/wordpress\/wp-json\/wp\/v2\/types\/page"}],"author":[{"embeddable":true,"href":"https:\/\/woerrlein-naturfoto.de\/wordpress\/wp-json\/wp\/v2\/users\/1"}],"replies":[{"embeddable":true,"href":"https:\/\/woerrlein-naturfoto.de\/wordpress\/wp-json\/wp\/v2\/comments?post=15585"}],"version-history":[{"count":2,"href":"https:\/\/woerrlein-naturfoto.de\/wordpress\/wp-json\/wp\/v2\/pages\/15585\/revisions"}],"predecessor-version":[{"id":15699,"href":"https:\/\/woerrlein-naturfoto.de\/wordpress\/wp-json\/wp\/v2\/pages\/15585\/revisions\/15699"}],"up":[{"embeddable":true,"href":"https:\/\/woerrlein-naturfoto.de\/wordpress\/wp-json\/wp\/v2\/pages\/5118"}],"wp:attachment":[{"href":"https:\/\/woerrlein-naturfoto.de\/wordpress\/wp-json\/wp\/v2\/media?parent=15585"}],"curies":[{"name":"wp","href":"https:\/\/api.w.org\/{rel}","templated":true}]}}