{"id":15405,"date":"2022-10-01T18:54:51","date_gmt":"2022-10-01T16:54:51","guid":{"rendered":"https:\/\/woerrlein-naturfoto.de\/wordpress\/?page_id=15405"},"modified":"2022-10-01T19:02:34","modified_gmt":"2022-10-01T17:02:34","slug":"seidenschwanz","status":"publish","type":"page","link":"https:\/\/woerrlein-naturfoto.de\/wordpress\/wildes-durcheinander-a-z\/seidenschwanz\/","title":{"rendered":"Seidenschwanz"},"content":{"rendered":"<p><a href=\"http:\/\/woerrlein-naturfoto.de\/wordpress\/voegel\/\"><span style=\"color: #ffff66;\">V\u00f6gel<\/span> <\/a>-&gt;<a href=\"http:\/\/woerrlein-naturfoto.de\/wordpress\/hauptseite-voegel\/voegel\/wildes-durcheinander\/\"> <span style=\"color: #ffff66;\">wildes Durcheinander<\/span><\/a><br \/>\n<a title=\"V\u00f6gel von A-Z\" href=\"http:\/\/woerrlein-naturfoto.de\/wordpress\/voegel\/voegel_von_a-z\/\">V\u00f6gel von A-Z<\/a><br \/>\nZur Galerie <a title=\"wildes Durcheinander\" href=\"http:\/\/woerrlein-naturfoto.de\/wordpress\/hauptseite-voegel\/voegel\/wildes-durcheinander\/\">sonstiger Vogelarten<\/a><\/p>\n<p><img loading=\"lazy\" decoding=\"async\" class=\"alignleft wp-image-15404\" src=\"https:\/\/woerrlein-naturfoto.de\/wordpress\/wp-content\/uploads\/2018\/03\/Seidenschwanz_1526a-600x400.jpg\" alt=\"\" width=\"600\" height=\"400\" srcset=\"https:\/\/woerrlein-naturfoto.de\/wordpress\/wp-content\/uploads\/2018\/03\/Seidenschwanz_1526a-600x400.jpg 600w, https:\/\/woerrlein-naturfoto.de\/wordpress\/wp-content\/uploads\/2018\/03\/Seidenschwanz_1526a-768x512.jpg 768w, https:\/\/woerrlein-naturfoto.de\/wordpress\/wp-content\/uploads\/2018\/03\/Seidenschwanz_1526a-120x80.jpg 120w, https:\/\/woerrlein-naturfoto.de\/wordpress\/wp-content\/uploads\/2018\/03\/Seidenschwanz_1526a.jpg 1000w\" sizes=\"auto, (max-width: 600px) 100vw, 600px\" \/>Der <b>Seidenschwanz<\/b> (<i>Bombycilla garrulus<\/i>) ist ein Singvogel aus der Familie der Seidenschw\u00e4nze (Bombycillidae).<br \/>\nAus der Ferne wirken die knapp starengro\u00dfen V\u00f6gel eher unauff\u00e4llig rostgraubraun, aus der N\u00e4he sind sie jedoch sehr auff\u00e4llig und bunt. Auff\u00e4lligstes und unverkennbares Kennzeichen ist die spitz nach hinten verlaufende, teilweise aufrichtbare Federhaube. Vom Ansatz des kr\u00e4ftigen schwarzen Schnabels zieht sich \u00fcber die Augen bis zum Nacken ein tiefschwarzer Streifen, der bei ausgef\u00e4rbten V\u00f6geln eine feine wei\u00dfe Randung aufweist. \u00c4hnlich wie beim gleich gro\u00dfen, aber nicht verwandten Kernbei\u00dfer zeigt sich unter dem Schnabel ein schwarzer Kehllatz. Der Schwanz endet mit einer schwarzen und danach dottergelben Binde. Einige der Armschwingen enden in meist roten (manchmal auch rotorangen), wie Siegellack gl\u00e4nzenden Tr\u00f6pfchen, die zum englischen Namen <i>Waxwing<\/i> gef\u00fchrt haben. Aus der N\u00e4he f\u00e4llt die feine wei\u00dfe B\u00e4nderung der orangegelb eingefassten tiefschwarzen Handschwingen auf. Die Jungtiere haben eine wei\u00dfliche, grau gestrichelte Kehle; der Bauch ist wei\u00dflich und braungrau. Die Geschlechter unterscheiden sich nicht in Gr\u00f6\u00dfe und Farbe.<br \/>\nEr ist ein geselliger Vogel und daher meist in Gruppen anzutreffen. Sein gl\u00e4serner Ruf klingt wie \u201eSirrrrr\u201c oder \u201ewie ein klingelnder Schl\u00fcsselbund\u201c. Ein Seidenschwanz kann bis zu 13 Jahre alt werden.<br \/>\nDer Seidenschwanz besiedelt die gesamte Taigazone von Nordskandinavien bis zur Hudson Bay in Kanada. Die n\u00f6rdliche Verbreitungsgrenze f\u00e4llt mit der \u00dcbergangszone von Taiga zur Waldtundra zusammen, die S\u00fcdgrenze der Verbreitung ist regional sehr unterschiedlich: Zwar werden im gesamten Verbreitungsgebiet vor allem die n\u00f6rdlicheren Teile der Taiga besiedelt, es bestehen aber \u2013 insbesondere in Zentral- und Ostsibirien \u2013 auch gr\u00f6\u00dfere Vorkommen, die am S\u00fcdrand des Waldg\u00fcrtels liegen. Die Art br\u00fctet in aufgelockerten, zum Teil unterholzreichen, fichtendominierten Mischwaldbest\u00e4nden, sehr h\u00e4ufig in Gew\u00e4ssern\u00e4he. In Ostasien werden bevorzugt lockere L\u00e4rchenbest\u00e4nde besiedelt. Aber auch relativ trockener Birkenwald, wie er etwa in den Fj\u00e4lls besteht, wird als Bruthabitat angenommen.<br \/>\nDie fallweise in den S\u00fcden abwandernden Seidenschwanzschw\u00e4rme halten sich dort nomadisierend sehr h\u00e4ufig in anthropogen gestalteten Lebensr\u00e4umen wie Parklandschaften, Friedh\u00f6fen oder Stadtrandgebieten auf und n\u00fctzen das dort bereitstehende Nahrungsangebot.<br \/>\nIm Herbst und Winter besteht die Nahrung aus Beeren (Ebereschen-, Wacholder-, Mistel-, Schneeball-, Liguster- und Wei\u00dfdornbeeren sowie Hagebutten), \u00c4pfeln und Birnen. Der Seidenschwanz geh\u00f6rt also zu den wenigen Arten von Mistelverbreiterv\u00f6geln in Mitteleuropa. In St\u00e4dten werden durch einzelne Schw\u00e4rme in wenigen Tagen gro\u00dfe Fl\u00e4chen von Wildem Wein fl\u00e4chig abgeerntet, bevor dann zu einem anderen Standort gewechselt wird. Zur Brutzeit ern\u00e4hrt sich der Seidenschwanz von Insekten, die er von einer Warte aus entdeckt und anschlie\u00dfend im Flug erbeutet. Der Seidenschwanz vertilgt an jedem Tag etwa das Doppelte seines eigenen K\u00f6rpergewichts. Den m\u00f6glichen Alkoholgehalt von \u00fcberreifen Fr\u00fcchten kann er durch seine gro\u00dfe Leber ziemlich schnell abbauen.<\/p>\n<p>L\u00e4nge: 18 cm\u00a0\u00a0 Spannweite: 26-30 cm\u00a0\u00a0 Gewicht: 50-70 g\u00a0\u00a0 Gelege: 4-5 Eier<\/p>\n<p>Zur Galerie <a title=\"wildes Durcheinander\" href=\"http:\/\/woerrlein-naturfoto.de\/wordpress\/hauptseite-voegel\/voegel\/wildes-durcheinander\/\">sonstiger Vogelarten<\/a><\/p>\n<p>&nbsp;<\/p>\n<p><em>Quelle des Textauszuges und weitere Infos bei <\/em><a href=\"https:\/\/de.wikipedia.org\/wiki\/Seidenschwanz_(Art)\" target=\"_blank\" rel=\"noopener\">Wikipedia<\/a><em> (<\/em><a href=\"http:\/\/www.gnu.org\/licenses\/fdl-1.3.txt\" target=\"_blank\" rel=\"noopener\">GNU-Lizenz<\/a><em>)\u2013 mein Dank gilt den <\/em><a href=\"https:\/\/de.wikipedia.org\/w\/index.php?title=Seidenschwanz_(Art)&amp;action=history\" target=\"_blank\" rel=\"noopener\">Autoren<\/a><em>.<\/em><\/p>\n","protected":false},"excerpt":{"rendered":"<p>V\u00f6gel -&gt; wildes Durcheinander V\u00f6gel von A-Z Zur Galerie sonstiger Vogelarten Der Seidenschwanz (Bombycilla garrulus) ist ein Singvogel aus der Familie der Seidenschw\u00e4nze (Bombycillidae). Aus der Ferne wirken die knapp starengro\u00dfen V\u00f6gel eher unauff\u00e4llig rostgraubraun, aus der N\u00e4he sind sie jedoch sehr auff\u00e4llig und bunt. Auff\u00e4lligstes und unverkennbares Kennzeichen ist die spitz nach hinten verlaufende, &hellip; <a href=\"https:\/\/woerrlein-naturfoto.de\/wordpress\/wildes-durcheinander-a-z\/seidenschwanz\/\" class=\"more-link\"><span class=\"screen-reader-text\">Seidenschwanz<\/span> weiterlesen <span class=\"meta-nav\">&rarr;<\/span><\/a><\/p>\n","protected":false},"author":1,"featured_media":0,"parent":3118,"menu_order":0,"comment_status":"closed","ping_status":"closed","template":"page-templates\/full-width.php","meta":{"footnotes":""},"class_list":["post-15405","page","type-page","status-publish","hentry"],"_links":{"self":[{"href":"https:\/\/woerrlein-naturfoto.de\/wordpress\/wp-json\/wp\/v2\/pages\/15405","targetHints":{"allow":["GET"]}}],"collection":[{"href":"https:\/\/woerrlein-naturfoto.de\/wordpress\/wp-json\/wp\/v2\/pages"}],"about":[{"href":"https:\/\/woerrlein-naturfoto.de\/wordpress\/wp-json\/wp\/v2\/types\/page"}],"author":[{"embeddable":true,"href":"https:\/\/woerrlein-naturfoto.de\/wordpress\/wp-json\/wp\/v2\/users\/1"}],"replies":[{"embeddable":true,"href":"https:\/\/woerrlein-naturfoto.de\/wordpress\/wp-json\/wp\/v2\/comments?post=15405"}],"version-history":[{"count":5,"href":"https:\/\/woerrlein-naturfoto.de\/wordpress\/wp-json\/wp\/v2\/pages\/15405\/revisions"}],"predecessor-version":[{"id":15410,"href":"https:\/\/woerrlein-naturfoto.de\/wordpress\/wp-json\/wp\/v2\/pages\/15405\/revisions\/15410"}],"up":[{"embeddable":true,"href":"https:\/\/woerrlein-naturfoto.de\/wordpress\/wp-json\/wp\/v2\/pages\/3118"}],"wp:attachment":[{"href":"https:\/\/woerrlein-naturfoto.de\/wordpress\/wp-json\/wp\/v2\/media?parent=15405"}],"curies":[{"name":"wp","href":"https:\/\/api.w.org\/{rel}","templated":true}]}}