{"id":15382,"date":"2022-09-26T17:44:38","date_gmt":"2022-09-26T15:44:38","guid":{"rendered":"https:\/\/woerrlein-naturfoto.de\/wordpress\/?page_id=15382"},"modified":"2022-09-26T17:55:59","modified_gmt":"2022-09-26T15:55:59","slug":"herbst-drehwurz","status":"publish","type":"page","link":"https:\/\/woerrlein-naturfoto.de\/wordpress\/verschiedene-orchideen-a-z\/herbst-drehwurz\/","title":{"rendered":"Herbst-Drehwurz"},"content":{"rendered":"<p><span style=\"color: #ffff66;\"><a style=\"color: #ffff66;\" href=\"http:\/\/woerrlein-naturfoto.de\/wordpress\/hauptseite-pflanzen\/pflanzen\/\"><span style=\"color: #ffff00;\">Pflanzen<\/span><\/a> <\/span>-&gt;<span style=\"color: #ffff66;\"><a style=\"color: #ffff66;\" href=\"http:\/\/woerrlein-naturfoto.de\/wordpress\/hauptseite-pflanzen\/pflanzen\/blueten-i-orchideen-2\/\"><span style=\"color: #ffff00;\">Orchideen <\/span><\/a><\/span>-&gt;<span style=\"color: #ffff00;\"> <a style=\"color: #ffff00;\" href=\"http:\/\/woerrlein-naturfoto.de\/wordpress\/hauptseite-pflanzen\/pflanzen\/blueten-i-orchideen\/\">verschiedene Orchideen<\/a><\/span><br \/>\n<a href=\"http:\/\/woerrlein-naturfoto.de\/wordpress\/pflanzen-von-a-z\/\">Pflanzen von A-Z<\/a><br \/>\nZur Galerie <a href=\"http:\/\/woerrlein-naturfoto.de\/wordpress\/hauptseite-pflanzen\/pflanzen\/blueten-i-orchideen\/\">verschiedene Orchideen<\/a><\/p>\n<p><img loading=\"lazy\" decoding=\"async\" class=\"alignleft wp-image-15378\" src=\"https:\/\/woerrlein-naturfoto.de\/wordpress\/wp-content\/uploads\/2015\/01\/Herbst-Drehwurz_220821_1889-267x400.jpg\" alt=\"\" width=\"267\" height=\"400\" srcset=\"https:\/\/woerrlein-naturfoto.de\/wordpress\/wp-content\/uploads\/2015\/01\/Herbst-Drehwurz_220821_1889-267x400.jpg 267w, https:\/\/woerrlein-naturfoto.de\/wordpress\/wp-content\/uploads\/2015\/01\/Herbst-Drehwurz_220821_1889.jpg 567w\" sizes=\"auto, (max-width: 267px) 100vw, 267px\" \/>Die <b>Herbst-Drehwurz<\/b> (<i>Spiranthes spiralis<\/i>), auch <b>Dreh\u00e4hre<\/b>, <b>Schraubenstendel<\/b> oder <b>Herbst-Wendel\u00e4hre<\/b> genannt, aus der Gattung der Drehwurzen (<i>Spiranthes<\/i>) ist die am sp\u00e4testen bl\u00fchende heimische Orchideenart. Der wissenschaftliche Gattungsname <i>Spiranthes<\/i> wird von den griechischen W\u00f6rtern \u03c3\u03c0\u03b5\u1fd6\u03c1\u03b1 <i>speira<\/i> f\u00fcr alles Gewundene, Windung und \u1f04\u03bd\u03b8\u03bf\u03c2 <i>anthos<\/i> f\u00fcr Blume, Bl\u00fcte gebildet und bezieht sich auf den spiralig gewundenen Bl\u00fctenstand der Pflanze. Auch der lateinische Artname <i>spiralis<\/i> weist auf diesen Zusammenhang hin. Die deutsche Bezeichnung Herbst-Drehwurz nimmt zus\u00e4tzlich Bezug auf die sp\u00e4te Bl\u00fctezeit. Durch besondere Anspr\u00fcche an ihren Standort ist die Herbst-Drehwurz sehr selten geworden.<br \/>\nDiese sehr zierlich anmutende, ausdauernde krautige Pflanze erreicht Wuchsh\u00f6hen zwischen 5 und 30 Zentimetern. Dieser Geophyt besitzt zwei R\u00fcben als Speicherorgane, die auch als Wurzeln das Wasser aufnehmen. Es werden keine zus\u00e4tzlichen Wurzeln gebildet. Vom Herbst bis zum Einziehen der Pflanze werden in der Regel zwei neue R\u00fcben gebildet, seltener auch nur eine oder drei. Die alten sterben langsam ab. Die Blattrosette formt sich in aller Regel aus dicht am Boden anliegenden drei bis sieben gl\u00e4nzenden Laubbl\u00e4ttern, die eine L\u00e4nge von 1,5 bis 3,5\u00a0cm und eine Breite von 1 bis 1,5\u00a0cm haben.<br \/>\nEntlang des Bl\u00fctenst\u00e4ngels befinden sich drei bis f\u00fcnf scheidige Bl\u00e4tter. Er ist besonders im Bereich der Bl\u00fcten\u00e4hre stark behaart und erh\u00e4lt dadurch ein graugr\u00fcnes Aussehen. Der \u00e4hrige Bl\u00fctenstand ist 3 bis 12\u00a0cm lang und mehr oder weniger spiralf\u00f6rmig gedreht. Die kleinen Bl\u00fcten duften. Die drei Bl\u00fctenh\u00fcllbl\u00e4tter des \u00e4u\u00dferen, die zwei des inneren Perigonkreises und die Lippe sind etwa 5 bis 7 mm lang. Der Rand der Lippe ist gekerbt und erscheint aus der N\u00e4he betrachtet wie ausgefranst.<br \/>\nDer Wachstumszyklus w\u00e4hrend der Vegetationsperiode weicht bei dieser Art sehr stark von den anderen heimischen Orchideen ab: Zwischen Juli und August beginnt der Bl\u00fctentrieb zu wachsen. Zu dieser Zeit sind noch keine Laubbl\u00e4tter sichtbar. W\u00e4hrend der Bl\u00fctezeit zwischen Ende August und Anfang Oktober treiben sie direkt <i>neben<\/i> dem Bl\u00fctentrieb aus. Sie \u00fcberdauern den Winter und verwelken bis zum Beginn des Sommers. Der n\u00e4chste Bl\u00fctentrieb w\u00e4chst dann aus der Mitte der nicht mehr vorhandenen Blattrosette.<\/p>\n<p><strong>Bl\u00fctezeit:<\/strong> \u00a0\u00a0\u00a0 Ende August bis Anfang Oktober<\/p>\n<p>Zur Galerie <a href=\"http:\/\/woerrlein-naturfoto.de\/wordpress\/hauptseite-pflanzen\/pflanzen\/blueten-i-orchideen\/\">verschiedene Orchideen<\/a><\/p>\n<p><em>Quelle des Textauszuges und weitere Infos bei <\/em><a href=\"https:\/\/de.wikipedia.org\/wiki\/Herbst-Drehwurz\" target=\"_blank\" rel=\"noopener noreferrer\">Wikipedia<\/a><em> (<\/em><a href=\"http:\/\/www.gnu.org\/licenses\/fdl-1.3.txt\" target=\"_blank\" rel=\"noopener noreferrer\">GNU-Lizenz<\/a><em>)\u2013 mein Dank gilt den <\/em><a href=\"https:\/\/de.wikipedia.org\/w\/index.php?title=Herbst-Drehwurz&amp;action=history\" target=\"_blank\" rel=\"noopener noreferrer\">Autoren<\/a><em>.<\/em><\/p>\n","protected":false},"excerpt":{"rendered":"<p>Pflanzen -&gt;Orchideen -&gt; verschiedene Orchideen Pflanzen von A-Z Zur Galerie verschiedene Orchideen Die Herbst-Drehwurz (Spiranthes spiralis), auch Dreh\u00e4hre, Schraubenstendel oder Herbst-Wendel\u00e4hre genannt, aus der Gattung der Drehwurzen (Spiranthes) ist die am sp\u00e4testen bl\u00fchende heimische Orchideenart. Der wissenschaftliche Gattungsname Spiranthes wird von den griechischen W\u00f6rtern \u03c3\u03c0\u03b5\u1fd6\u03c1\u03b1 speira f\u00fcr alles Gewundene, Windung und \u1f04\u03bd\u03b8\u03bf\u03c2 anthos f\u00fcr Blume, &hellip; <a href=\"https:\/\/woerrlein-naturfoto.de\/wordpress\/verschiedene-orchideen-a-z\/herbst-drehwurz\/\" class=\"more-link\"><span class=\"screen-reader-text\">Herbst-Drehwurz<\/span> weiterlesen <span class=\"meta-nav\">&rarr;<\/span><\/a><\/p>\n","protected":false},"author":1,"featured_media":0,"parent":14214,"menu_order":0,"comment_status":"closed","ping_status":"closed","template":"page-templates\/full-width.php","meta":{"footnotes":""},"class_list":["post-15382","page","type-page","status-publish","hentry"],"_links":{"self":[{"href":"https:\/\/woerrlein-naturfoto.de\/wordpress\/wp-json\/wp\/v2\/pages\/15382","targetHints":{"allow":["GET"]}}],"collection":[{"href":"https:\/\/woerrlein-naturfoto.de\/wordpress\/wp-json\/wp\/v2\/pages"}],"about":[{"href":"https:\/\/woerrlein-naturfoto.de\/wordpress\/wp-json\/wp\/v2\/types\/page"}],"author":[{"embeddable":true,"href":"https:\/\/woerrlein-naturfoto.de\/wordpress\/wp-json\/wp\/v2\/users\/1"}],"replies":[{"embeddable":true,"href":"https:\/\/woerrlein-naturfoto.de\/wordpress\/wp-json\/wp\/v2\/comments?post=15382"}],"version-history":[{"count":5,"href":"https:\/\/woerrlein-naturfoto.de\/wordpress\/wp-json\/wp\/v2\/pages\/15382\/revisions"}],"predecessor-version":[{"id":15387,"href":"https:\/\/woerrlein-naturfoto.de\/wordpress\/wp-json\/wp\/v2\/pages\/15382\/revisions\/15387"}],"up":[{"embeddable":true,"href":"https:\/\/woerrlein-naturfoto.de\/wordpress\/wp-json\/wp\/v2\/pages\/14214"}],"wp:attachment":[{"href":"https:\/\/woerrlein-naturfoto.de\/wordpress\/wp-json\/wp\/v2\/media?parent=15382"}],"curies":[{"name":"wp","href":"https:\/\/api.w.org\/{rel}","templated":true}]}}