{"id":15309,"date":"2022-08-27T14:48:03","date_gmt":"2022-08-27T12:48:03","guid":{"rendered":"https:\/\/woerrlein-naturfoto.de\/wordpress\/?page_id=15309"},"modified":"2022-08-27T14:48:03","modified_gmt":"2022-08-27T12:48:03","slug":"suedliche-mosaikjungfer","status":"publish","type":"page","link":"https:\/\/woerrlein-naturfoto.de\/wordpress\/sonstige-libellen-a-z\/suedliche-mosaikjungfer\/","title":{"rendered":"S\u00fcdliche Mosaikjungfer"},"content":{"rendered":"<p><span style=\"color: #ffff99;\"><a style=\"color: #ffff99;\" href=\"http:\/\/woerrlein-naturfoto.de\/wordpress\/insekten\/\"><span style=\"color: #ffff00;\">Insekten<\/span> <\/a><\/span>-&gt;<span style=\"color: #ffff99;\"><a style=\"color: #ffff99;\" href=\"http:\/\/woerrlein-naturfoto.de\/wordpress\/hauptseite-insekten\/insekten\/libellen\/\"><span style=\"color: #ffff00;\"> Libellen<\/span> <\/a><\/span>-&gt;<span style=\"color: #ffff00;\"> <a style=\"color: #ffff00;\" href=\"http:\/\/woerrlein-naturfoto.de\/wordpress\/hauptseite-insekten\/insekten\/libellen\/wildes-durcheinander\/\">wildes Durcheinander<\/a><\/span><br \/>\n<a title=\"Insekten A-Z\" href=\"http:\/\/woerrlein-naturfoto.de\/wordpress\/insekten-a-z\/\">Insekten von A-Z<\/a><br \/>\nzur Galerie <a title=\"wildes Durcheinander\" href=\"http:\/\/woerrlein-naturfoto.de\/wordpress\/hauptseite-insekten\/insekten\/libellen\/wildes-durcheinander\/\">sonstige Libellen\u00a0<\/a><\/p>\n<p><img loading=\"lazy\" decoding=\"async\" class=\"alignleft wp-image-15295\" src=\"https:\/\/woerrlein-naturfoto.de\/wordpress\/wp-content\/uploads\/2015\/01\/SuedlicheMosaikjungfer_220731_9637-600x400.jpg\" alt=\"\" width=\"600\" height=\"400\" srcset=\"https:\/\/woerrlein-naturfoto.de\/wordpress\/wp-content\/uploads\/2015\/01\/SuedlicheMosaikjungfer_220731_9637-600x400.jpg 600w, https:\/\/woerrlein-naturfoto.de\/wordpress\/wp-content\/uploads\/2015\/01\/SuedlicheMosaikjungfer_220731_9637-768x511.jpg 768w, https:\/\/woerrlein-naturfoto.de\/wordpress\/wp-content\/uploads\/2015\/01\/SuedlicheMosaikjungfer_220731_9637-120x80.jpg 120w, https:\/\/woerrlein-naturfoto.de\/wordpress\/wp-content\/uploads\/2015\/01\/SuedlicheMosaikjungfer_220731_9637.jpg 1000w\" sizes=\"auto, (max-width: 600px) 100vw, 600px\" \/>Die <b>S\u00fcdliche Mosaikjungfer<\/b> (<i>Aeshna affinis<\/i>) ist eine Libellenart aus der Familie der Edellibellen. Es handelt sich um eine Art des Mittelmeergebietes, die derzeit klimabedingt ihr Areal nach Norden ausdehnt und sich dabei inzwischen auch in Norddeutschland etabliert hat.<br \/>\nDie S\u00fcdliche Mosaikjungfer erreicht Fl\u00fcgelspannweiten von 8 bis 8,5 Zentimetern und geh\u00f6rt mit einer K\u00f6rperl\u00e4nge von 6 bis 6,5 Zentimetern zu den eher kleineren Edellibellen. Der Brustabschnitt ist oben braun, an den Seiten gr\u00fcn mit schwarzen Streifen. Verwechslungsgefahr besteht vor allem mit der <a title=\"Herbst-Mosaikjungfer\" href=\"https:\/\/woerrlein-naturfoto.de\/wordpress\/sonstige-libellen-a-z\/herbstmosaikjungfer\/\" target=\"_blank\" rel=\"noopener\">Herbst-Mosaikjungfer<\/a> (<i>Aeshna mixta<\/i>), bei der jedoch eine abweichende seitliche Thoraxzeichnung und -f\u00e4rbung vorhanden ist. Der Hinterleib der M\u00e4nnchen ist schwarz mit einer kr\u00e4ftig blauen Fleckenzeichnung auf der Oberseite. Die Weibchen sind hellbraun und gelb gefleckt; es kommen aber auch blau gefleckte Weibchen vor.<br \/>\nDie M\u00e4nnchen fliegen entlang der Schilfr\u00e4nder und setzen sich gelegentlich auf die Pflanzen. Hier findet auch die Paarung statt. Die Eiablage erfolgt meistens als Tandem, wobei das M\u00e4nnchen sich h\u00e4ufig an senkrechte Pflanzenst\u00e4ngel klammert und das Weibchen auf dem Boden sitzt. Es sticht die Eier in den feuchten Boden ein. Diese Eiablage kann jedoch auch ohne Begleitung stattfinden.<\/p>\n<p><strong>Flugzeit:<\/strong> \u00a0\u00a0\u00a0 Juli bis August.<\/p>\n<p>Zur Galerie <a title=\"wildes Durcheinander\" href=\"http:\/\/woerrlein-naturfoto.de\/wordpress\/hauptseite-insekten\/insekten\/libellen\/wildes-durcheinander\/\">sonstige Libellen<\/a><\/p>\n<p>&nbsp;<\/p>\n<p><em>Quelle des Textauszuges und weitere Infos bei <\/em><a href=\"https:\/\/de.wikipedia.org\/wiki\/S%C3%BCdliche_Mosaikjungfer\" target=\"_blank\" rel=\"noopener\">Wikipedia<\/a><em> (<\/em><a href=\"http:\/\/www.gnu.org\/licenses\/fdl-1.3.txt\" target=\"_blank\" rel=\"noopener\">GNU-Lizenz<\/a><em>)\u2013 mein Dank gilt den <\/em><a href=\"https:\/\/de.wikipedia.org\/w\/index.php?title=S%C3%BCdliche_Mosaikjungfer&amp;action=history\" target=\"_blank\" rel=\"noopener\">Autoren<\/a><em>.<\/em><\/p>\n<p>&nbsp;<\/p>\n","protected":false},"excerpt":{"rendered":"<p>Insekten -&gt; Libellen -&gt; wildes Durcheinander Insekten von A-Z zur Galerie sonstige Libellen\u00a0 Die S\u00fcdliche Mosaikjungfer (Aeshna affinis) ist eine Libellenart aus der Familie der Edellibellen. Es handelt sich um eine Art des Mittelmeergebietes, die derzeit klimabedingt ihr Areal nach Norden ausdehnt und sich dabei inzwischen auch in Norddeutschland etabliert hat. Die S\u00fcdliche Mosaikjungfer erreicht &hellip; <a href=\"https:\/\/woerrlein-naturfoto.de\/wordpress\/sonstige-libellen-a-z\/suedliche-mosaikjungfer\/\" class=\"more-link\"><span class=\"screen-reader-text\">S\u00fcdliche Mosaikjungfer<\/span> weiterlesen <span class=\"meta-nav\">&rarr;<\/span><\/a><\/p>\n","protected":false},"author":1,"featured_media":0,"parent":3655,"menu_order":0,"comment_status":"closed","ping_status":"closed","template":"page-templates\/full-width.php","meta":{"footnotes":""},"class_list":["post-15309","page","type-page","status-publish","hentry"],"_links":{"self":[{"href":"https:\/\/woerrlein-naturfoto.de\/wordpress\/wp-json\/wp\/v2\/pages\/15309","targetHints":{"allow":["GET"]}}],"collection":[{"href":"https:\/\/woerrlein-naturfoto.de\/wordpress\/wp-json\/wp\/v2\/pages"}],"about":[{"href":"https:\/\/woerrlein-naturfoto.de\/wordpress\/wp-json\/wp\/v2\/types\/page"}],"author":[{"embeddable":true,"href":"https:\/\/woerrlein-naturfoto.de\/wordpress\/wp-json\/wp\/v2\/users\/1"}],"replies":[{"embeddable":true,"href":"https:\/\/woerrlein-naturfoto.de\/wordpress\/wp-json\/wp\/v2\/comments?post=15309"}],"version-history":[{"count":1,"href":"https:\/\/woerrlein-naturfoto.de\/wordpress\/wp-json\/wp\/v2\/pages\/15309\/revisions"}],"predecessor-version":[{"id":15310,"href":"https:\/\/woerrlein-naturfoto.de\/wordpress\/wp-json\/wp\/v2\/pages\/15309\/revisions\/15310"}],"up":[{"embeddable":true,"href":"https:\/\/woerrlein-naturfoto.de\/wordpress\/wp-json\/wp\/v2\/pages\/3655"}],"wp:attachment":[{"href":"https:\/\/woerrlein-naturfoto.de\/wordpress\/wp-json\/wp\/v2\/media?parent=15309"}],"curies":[{"name":"wp","href":"https:\/\/api.w.org\/{rel}","templated":true}]}}