{"id":15263,"date":"2022-08-26T18:47:39","date_gmt":"2022-08-26T16:47:39","guid":{"rendered":"https:\/\/woerrlein-naturfoto.de\/wordpress\/?page_id=15263"},"modified":"2022-08-26T18:51:13","modified_gmt":"2022-08-26T16:51:13","slug":"rotbraunes-ochsenauge","status":"publish","type":"page","link":"https:\/\/woerrlein-naturfoto.de\/wordpress\/edelfalter-a-z\/rotbraunes-ochsenauge\/","title":{"rendered":"Rotbraunes Ochsenauge"},"content":{"rendered":"<p><span style=\"color: #ffff00;\"><a href=\"http:\/\/woerrlein-naturfoto.de\/wordpress\/insekten\/\"><span style=\"color: #ffff66;\"><span style=\"color: #ffff00;\">Insekten<\/span><\/span><\/a><\/span> -&gt; <span style=\"color: #ffff00;\"><a href=\"http:\/\/woerrlein-naturfoto.de\/wordpress\/hauptseite-insekten\/insekten\/schmetterlinge-2\/\"><span style=\"color: #ffff66;\"><span style=\"color: #ffff00;\">Schmetterlinge<\/span><\/span><\/a><\/span>-&gt;<a href=\"https:\/\/woerrlein-naturfoto.de\/wordpress\/hauptseite-insekten\/insekten\/schmetterlinge-2\/edelfalter\/\"><span style=\"color: #ffff66;\"><span style=\"color: #ffff00;\">Edelfalter<\/span><\/span><\/a><br \/>\n<a title=\"Insekten A-Z\" href=\"http:\/\/woerrlein-naturfoto.de\/wordpress\/insekten-a-z\/\">Insekten von A-Z<\/a><br \/>\nzur Galerie <a href=\"https:\/\/woerrlein-naturfoto.de\/wordpress\/hauptseite-insekten\/insekten\/schmetterlinge-2\/edelfalter\/\">Edelfalter<\/a><\/p>\n<p><img loading=\"lazy\" decoding=\"async\" class=\"alignleft wp-image-15253\" src=\"https:\/\/woerrlein-naturfoto.de\/wordpress\/wp-content\/uploads\/2019\/10\/RotbraunesOchsenauge_AW_81025-267x400.jpg\" alt=\"\" width=\"267\" height=\"400\" srcset=\"https:\/\/woerrlein-naturfoto.de\/wordpress\/wp-content\/uploads\/2019\/10\/RotbraunesOchsenauge_AW_81025-267x400.jpg 267w, https:\/\/woerrlein-naturfoto.de\/wordpress\/wp-content\/uploads\/2019\/10\/RotbraunesOchsenauge_AW_81025.jpg 567w\" sizes=\"auto, (max-width: 267px) 100vw, 267px\" \/>Das <b>Rotbraune Ochsenauge<\/b> (<i>Pyronia tithonus<\/i>), gelegentlich auch als <b>Rostbraunes Ochsenauge<\/b>, <b>Braunger\u00e4ndertes Ochsenauge<\/b> oder <b>Gelbes Ochsenauge<\/b> bezeichnet, ist ein Schmetterling aus der Familie der Edelfalter.<br \/>\nDie Falter erreichen eine Fl\u00fcgelspannweite von 34 bis 42 Millimetern. M\u00e4nnliche und weibliche Falter unterscheiden sich deutlich in ihrer F\u00e4rbung, was auch als Sexualdimorphismus bezeichnet wird. Die M\u00e4nnchen haben eine rotbraune Grundf\u00e4rbung. Auf den Vorderfl\u00fcgeln ist vom Innenrand ausgehend ein dunkler Duftschuppenfleck zu erkennen. Nahe der Fl\u00fcgelspitze befinden sich zwei ineinander flie\u00dfende wei\u00df zentrierte, schwarze Augenflecke. Die Weibchen haben eine etwas hellere Grundf\u00e4rbung, die von rotbraun \u00fcber gelbbraun bis zu ockerfarbig variieren kann. Ihnen fehlt der dunkle Duftschuppenfleck und die Augenflecke sind etwas kleiner als bei den M\u00e4nnchen. Beide Geschlechter zeigen auf den Vorder- und Hinterfl\u00fcgel breite braune Randzonen. Die Unterseiten sind bei m\u00e4nnlichen und weiblichen Faltern \u00e4hnlich gef\u00e4rbt. W\u00e4hrend die Unterseite der Vorderfl\u00fcgel gro\u00dffl\u00e4chig hell rotbraun get\u00f6nt ist und die Augenflecke der Vorderseite durchscheinen, zeigt die Unterseite der Hinterfl\u00fcgel eine leicht marmorierte, \u00fcberwiegend graubraune F\u00e4rbung mit einer gelblichen oder wei\u00dflichen Binde in der <a title=\"Fl\u00fcgel (Schmetterling)\" href=\"https:\/\/de.wikipedia.org\/wiki\/Fl%C3%BCgel_(Schmetterling)\" target=\"_blank\" rel=\"noopener\">Postdiskalregion<\/a>.<\/p>\n<p><strong>Flugzeit:<\/strong> \u00a0\u00a0\u00a0\u00a0 Anfang Juni bis Anfang September in einer Generation.<\/p>\n<p>Zur Galerie <a href=\"https:\/\/woerrlein-naturfoto.de\/wordpress\/hauptseite-insekten\/insekten\/schmetterlinge-2\/edelfalter\/\">Edelfalter<\/a><\/p>\n<p><em>Quelle des Textauszuges und weitere Infos bei <\/em><a href=\"https:\/\/de.wikipedia.org\/wiki\/Rotbraunes_Ochsenauge\" target=\"_blank\" rel=\"noopener noreferrer\">Wikipedia<\/a><em> (<\/em><a href=\"http:\/\/www.gnu.org\/licenses\/fdl-1.3.txt\" target=\"_blank\" rel=\"noopener noreferrer\">GNU-Lizenz<\/a><em>)\u2013 mein Dank gilt den <\/em><a href=\"https:\/\/de.wikipedia.org\/w\/index.php?title=Rotbraunes_Ochsenauge&amp;action=history\" target=\"_blank\" rel=\"noopener noreferrer\">Autoren<\/a><em>.<\/em><\/p>\n","protected":false},"excerpt":{"rendered":"<p>Insekten -&gt; Schmetterlinge-&gt;Edelfalter Insekten von A-Z zur Galerie Edelfalter Das Rotbraune Ochsenauge (Pyronia tithonus), gelegentlich auch als Rostbraunes Ochsenauge, Braunger\u00e4ndertes Ochsenauge oder Gelbes Ochsenauge bezeichnet, ist ein Schmetterling aus der Familie der Edelfalter. Die Falter erreichen eine Fl\u00fcgelspannweite von 34 bis 42 Millimetern. M\u00e4nnliche und weibliche Falter unterscheiden sich deutlich in ihrer F\u00e4rbung, was auch &hellip; <a href=\"https:\/\/woerrlein-naturfoto.de\/wordpress\/edelfalter-a-z\/rotbraunes-ochsenauge\/\" class=\"more-link\"><span class=\"screen-reader-text\">Rotbraunes Ochsenauge<\/span> weiterlesen <span class=\"meta-nav\">&rarr;<\/span><\/a><\/p>\n","protected":false},"author":1,"featured_media":0,"parent":11134,"menu_order":0,"comment_status":"closed","ping_status":"closed","template":"page-templates\/full-width.php","meta":{"footnotes":""},"class_list":["post-15263","page","type-page","status-publish","hentry"],"_links":{"self":[{"href":"https:\/\/woerrlein-naturfoto.de\/wordpress\/wp-json\/wp\/v2\/pages\/15263","targetHints":{"allow":["GET"]}}],"collection":[{"href":"https:\/\/woerrlein-naturfoto.de\/wordpress\/wp-json\/wp\/v2\/pages"}],"about":[{"href":"https:\/\/woerrlein-naturfoto.de\/wordpress\/wp-json\/wp\/v2\/types\/page"}],"author":[{"embeddable":true,"href":"https:\/\/woerrlein-naturfoto.de\/wordpress\/wp-json\/wp\/v2\/users\/1"}],"replies":[{"embeddable":true,"href":"https:\/\/woerrlein-naturfoto.de\/wordpress\/wp-json\/wp\/v2\/comments?post=15263"}],"version-history":[{"count":3,"href":"https:\/\/woerrlein-naturfoto.de\/wordpress\/wp-json\/wp\/v2\/pages\/15263\/revisions"}],"predecessor-version":[{"id":15266,"href":"https:\/\/woerrlein-naturfoto.de\/wordpress\/wp-json\/wp\/v2\/pages\/15263\/revisions\/15266"}],"up":[{"embeddable":true,"href":"https:\/\/woerrlein-naturfoto.de\/wordpress\/wp-json\/wp\/v2\/pages\/11134"}],"wp:attachment":[{"href":"https:\/\/woerrlein-naturfoto.de\/wordpress\/wp-json\/wp\/v2\/media?parent=15263"}],"curies":[{"name":"wp","href":"https:\/\/api.w.org\/{rel}","templated":true}]}}