{"id":15211,"date":"2022-07-26T15:47:40","date_gmt":"2022-07-26T13:47:40","guid":{"rendered":"https:\/\/woerrlein-naturfoto.de\/wordpress\/?page_id=15211"},"modified":"2022-07-26T15:55:02","modified_gmt":"2022-07-26T13:55:02","slug":"kleiner-eisvogel","status":"publish","type":"page","link":"https:\/\/woerrlein-naturfoto.de\/wordpress\/edelfalter-a-z\/kleiner-eisvogel\/","title":{"rendered":"Kleiner Eisvogel"},"content":{"rendered":"<p><a href=\"http:\/\/woerrlein-naturfoto.de\/wordpress\/insekten\/\"><span style=\"color: #ffff00;\">Insekten<\/span><\/a> -&gt; <span style=\"color: #ffff00;\"><a style=\"color: #ffff00;\" href=\"http:\/\/woerrlein-naturfoto.de\/wordpress\/hauptseite-insekten\/insekten\/schmetterlinge-2\/\">Schmetterlinge<\/a><\/span>-&gt;<a href=\"https:\/\/woerrlein-naturfoto.de\/wordpress\/hauptseite-insekten\/insekten\/schmetterlinge-2\/edelfalter\/\"><span style=\"color: #ffff00;\">Edelfalter<\/span><\/a><br \/>\n<a title=\"Insekten A-Z\" href=\"http:\/\/woerrlein-naturfoto.de\/wordpress\/insekten-a-z\/\">Insekten von A-Z<\/a><br \/>\nzur Galerie <a href=\"https:\/\/woerrlein-naturfoto.de\/wordpress\/hauptseite-insekten\/insekten\/schmetterlinge-2\/edelfalter\/\">Edelfalter<\/a><\/p>\n<p><img loading=\"lazy\" decoding=\"async\" class=\"alignleft wp-image-15178\" src=\"https:\/\/woerrlein-naturfoto.de\/wordpress\/wp-content\/uploads\/2019\/10\/KleinerEisvogel_220623_7506-600x400.jpg\" alt=\"\" width=\"600\" height=\"400\" srcset=\"https:\/\/woerrlein-naturfoto.de\/wordpress\/wp-content\/uploads\/2019\/10\/KleinerEisvogel_220623_7506-600x400.jpg 600w, https:\/\/woerrlein-naturfoto.de\/wordpress\/wp-content\/uploads\/2019\/10\/KleinerEisvogel_220623_7506-768x512.jpg 768w, https:\/\/woerrlein-naturfoto.de\/wordpress\/wp-content\/uploads\/2019\/10\/KleinerEisvogel_220623_7506-120x80.jpg 120w, https:\/\/woerrlein-naturfoto.de\/wordpress\/wp-content\/uploads\/2019\/10\/KleinerEisvogel_220623_7506.jpg 1000w\" sizes=\"auto, (max-width: 600px) 100vw, 600px\" \/>Der <b>Kleine Eisvogel<\/b> (<i>Limenitis camilla<\/i>), auch <b>Kleiner Eisfalter<\/b> ist ein Tagfalter aus der Familie der Edelfalter.<br \/>\nDie Falter erreichen eine Fl\u00fcgelspannweite von 45 bis 52 Millimetern. Ihre Fl\u00fcgeloberseiten sind schwarzbraun gef\u00e4rbt und tragen eine breite Binde aus wei\u00dfen Flecken, die bei ge\u00f6ffneten Fl\u00fcgeln etwa einen nach vorne ge\u00f6ffneten Halbkreis \u00fcber die beiden Fl\u00fcgelpaare bilden. Auf den Vorderfl\u00fcgeln ist die Binde anders als auf den Hinterfl\u00fcgeln etwas unregelm\u00e4\u00dfig geformt. Ein paar kleinere wei\u00dfe Flecken finden sich auch zwischen der Binde und dem Fl\u00fcgelau\u00dfenrand. Zwischen der Binde und dem Au\u00dfenrand beider Fl\u00fcgelpaare verlaufen zwei Reihen mit kleinen, unscheinbaren, dunklen Flecken.<br \/>\nAuf der Fl\u00fcgelunterseite sind die kleinen dunklen Flecken gut erkennbar, da sie von orange-brauner Grundfarbe ist. Die wei\u00dfe Binde, fein schwarz ges\u00e4umt, ist dominierend. Am Au\u00dfenrand und auch am Fl\u00fcgelansatz finden sich weitere wei\u00dfe Bereiche, an die manchmal dunkle Flecken grenzen.<br \/>\nDer K\u00f6rper der Falter ist auf der Unterseite wei\u00df bis blaugrau, auf der Oberseite dunkel gef\u00e4rbt. Lediglich die Hinterleibsspitze kann angrenzend an die wei\u00dfe Binde wei\u00dflich angest\u00e4ubt sein. Die M\u00e4nnchen haben eine etwas spitzer zulaufende Fl\u00fcgelform, und ihre wei\u00dfe Binde ist auch etwas schmaler.<br \/>\nDie Tiere kommen in Europa und Asien, \u00f6stlich bis nach Japan vor, fehlen aber im Mittelmeergebiet, auf der Iberischen Halbinsel und n\u00f6rdlich von D\u00e4nemark. Es handelt sich um die am weitesten verbreitete Art der Gattung <i>Limenitis<\/i>. Sie lebt in feuchten W\u00e4ldern, insbesondere in Auw\u00e4ldern und im Bergland.<br \/>\nDie Falter saugen nur selten an Bl\u00fcten, sondern in erster Linie an feuchten Bodenstellen, Tierkot und an <a title=\"Honigtau\" href=\"https:\/\/de.wikipedia.org\/wiki\/Honigtau\" target=\"_blank\" rel=\"noopener\">Honigtau<\/a> von Blattl\u00e4usen. Sie fliegen anders als der Gro\u00dfe Eisvogel sehr dicht \u00fcber dem Boden und sind vor allem auf engen, schattigen und mit dichtem Laub \u00fcberdachten Waldwegen in kleinen Gruppen auf- und abfliegend zu finden.<\/p>\n<p><strong>Flugzeit:<\/strong> \u00a0\u00a0\u00a0 Mitte Juni bis Mitte August in einer Generation.<\/p>\n<p>Zur Galerie <a href=\"https:\/\/woerrlein-naturfoto.de\/wordpress\/hauptseite-insekten\/insekten\/schmetterlinge-2\/edelfalter\/\">Edelfalter<\/a><\/p>\n<p><em>Quelle des Textauszuges und weitere Infos bei <\/em><a href=\"https:\/\/de.wikipedia.org\/wiki\/Kleiner_Eisvogel\" target=\"_blank\" rel=\"noopener noreferrer\">Wikipedia<\/a><em> (<\/em><a href=\"http:\/\/www.gnu.org\/licenses\/fdl-1.3.txt\" target=\"_blank\" rel=\"noopener noreferrer\">GNU-Lizenz<\/a><em>)\u2013 mein Dank gilt den <\/em><a href=\"https:\/\/de.wikipedia.org\/w\/index.php?title=Kleiner_Eisvogel&amp;action=history\" target=\"_blank\" rel=\"noopener noreferrer\">Autoren<\/a><em>.<\/em><\/p>\n","protected":false},"excerpt":{"rendered":"<p>Insekten -&gt; Schmetterlinge-&gt;Edelfalter Insekten von A-Z zur Galerie Edelfalter Der Kleine Eisvogel (Limenitis camilla), auch Kleiner Eisfalter ist ein Tagfalter aus der Familie der Edelfalter. Die Falter erreichen eine Fl\u00fcgelspannweite von 45 bis 52 Millimetern. Ihre Fl\u00fcgeloberseiten sind schwarzbraun gef\u00e4rbt und tragen eine breite Binde aus wei\u00dfen Flecken, die bei ge\u00f6ffneten Fl\u00fcgeln etwa einen nach &hellip; <a href=\"https:\/\/woerrlein-naturfoto.de\/wordpress\/edelfalter-a-z\/kleiner-eisvogel\/\" class=\"more-link\"><span class=\"screen-reader-text\">Kleiner Eisvogel<\/span> weiterlesen <span class=\"meta-nav\">&rarr;<\/span><\/a><\/p>\n","protected":false},"author":1,"featured_media":0,"parent":11134,"menu_order":0,"comment_status":"closed","ping_status":"closed","template":"page-templates\/full-width.php","meta":{"footnotes":""},"class_list":["post-15211","page","type-page","status-publish","hentry"],"_links":{"self":[{"href":"https:\/\/woerrlein-naturfoto.de\/wordpress\/wp-json\/wp\/v2\/pages\/15211","targetHints":{"allow":["GET"]}}],"collection":[{"href":"https:\/\/woerrlein-naturfoto.de\/wordpress\/wp-json\/wp\/v2\/pages"}],"about":[{"href":"https:\/\/woerrlein-naturfoto.de\/wordpress\/wp-json\/wp\/v2\/types\/page"}],"author":[{"embeddable":true,"href":"https:\/\/woerrlein-naturfoto.de\/wordpress\/wp-json\/wp\/v2\/users\/1"}],"replies":[{"embeddable":true,"href":"https:\/\/woerrlein-naturfoto.de\/wordpress\/wp-json\/wp\/v2\/comments?post=15211"}],"version-history":[{"count":3,"href":"https:\/\/woerrlein-naturfoto.de\/wordpress\/wp-json\/wp\/v2\/pages\/15211\/revisions"}],"predecessor-version":[{"id":15214,"href":"https:\/\/woerrlein-naturfoto.de\/wordpress\/wp-json\/wp\/v2\/pages\/15211\/revisions\/15214"}],"up":[{"embeddable":true,"href":"https:\/\/woerrlein-naturfoto.de\/wordpress\/wp-json\/wp\/v2\/pages\/11134"}],"wp:attachment":[{"href":"https:\/\/woerrlein-naturfoto.de\/wordpress\/wp-json\/wp\/v2\/media?parent=15211"}],"curies":[{"name":"wp","href":"https:\/\/api.w.org\/{rel}","templated":true}]}}