{"id":15201,"date":"2022-07-26T14:12:26","date_gmt":"2022-07-26T12:12:26","guid":{"rendered":"https:\/\/woerrlein-naturfoto.de\/wordpress\/?page_id=15201"},"modified":"2022-07-26T14:19:43","modified_gmt":"2022-07-26T12:19:43","slug":"glaenzende-binsenjungfer","status":"publish","type":"page","link":"https:\/\/woerrlein-naturfoto.de\/wordpress\/teichjungfern-a-z\/glaenzende-binsenjungfer\/","title":{"rendered":"Gl\u00e4nzende Binsenjungfer"},"content":{"rendered":"<p><a href=\"http:\/\/woerrlein-naturfoto.de\/wordpress\/insekten\/\"><span style=\"color: #ffff66;\">Insekten<\/span> <\/a>-&gt;<a href=\"http:\/\/woerrlein-naturfoto.de\/wordpress\/hauptseite-insekten\/insekten\/libellen\/\"> <span style=\"color: #ffff66;\">Libellen<\/span> <\/a>-&gt;<a href=\"http:\/\/woerrlein-naturfoto.de\/wordpress\/hauptseite-insekten\/insekten\/libellen\/teichjungfern-2\/\"> <span style=\"color: #ffff66;\">Teichjungfern<\/span><\/a><br \/>\n<a title=\"Insekten A-Z\" href=\"http:\/\/woerrlein-naturfoto.de\/wordpress\/insekten-a-z\/\">Insekten von A-Z<\/a><br \/>\nzur Galerie <a href=\"http:\/\/woerrlein-naturfoto.de\/wordpress\/hauptseite-insekten\/insekten\/libellen\/teichjungfern-2\/\">Teichjungfern<\/a><\/p>\n<p><img loading=\"lazy\" decoding=\"async\" class=\"alignleft wp-image-13356\" src=\"https:\/\/woerrlein-naturfoto.de\/wordpress\/wp-content\/uploads\/2015\/01\/Binsenjungfer_AW_72445_8256x5504-600x400.jpg\" alt=\"\" width=\"600\" height=\"400\" srcset=\"https:\/\/woerrlein-naturfoto.de\/wordpress\/wp-content\/uploads\/2015\/01\/Binsenjungfer_AW_72445_8256x5504-600x400.jpg 600w, https:\/\/woerrlein-naturfoto.de\/wordpress\/wp-content\/uploads\/2015\/01\/Binsenjungfer_AW_72445_8256x5504-768x512.jpg 768w, https:\/\/woerrlein-naturfoto.de\/wordpress\/wp-content\/uploads\/2015\/01\/Binsenjungfer_AW_72445_8256x5504-120x80.jpg 120w, https:\/\/woerrlein-naturfoto.de\/wordpress\/wp-content\/uploads\/2015\/01\/Binsenjungfer_AW_72445_8256x5504.jpg 1000w\" sizes=\"auto, (max-width: 600px) 100vw, 600px\" \/>Die <b>Gl\u00e4nzende Binsenjungfer<\/b> (<i>Lestes dryas<\/i>) ist eine Libelle der Gattung der Binsenjungfern und geh\u00f6rt zur Familie der Teichjungfern.<br \/>\nDie Gl\u00e4nzende Binsenjungfer erreicht eine Fl\u00fcgelspannweite von circa f\u00fcnf Zentimetern. Sie hat einen metallisch-gr\u00fcn gef\u00e4rbten Thorax und ein gl\u00e4nzend schwarzgr\u00fcnes Abdomen, das beim geschlechtsreifen M\u00e4nnchen am Ende verdickt und blau bereift ist. Im Alter werden die dunklen K\u00f6rperpartien kupferfarben und stumpfer. Die Fl\u00fcgelmale sind einfarbig schw\u00e4rzlich. Die Art kann leicht mit der wesentlich h\u00e4ufigeren <a title=\"Gemeine Binsenjungfer\" href=\"https:\/\/woerrlein-naturfoto.de\/wordpress\/teichjungfern-a-z\/gemeine-binsenjungfer\/\" target=\"_blank\" rel=\"noopener\">Gemeinen Binsenjungfer<\/a> (<i>Lestes sponsa<\/i>) verwechselt werden. Sicher sind beide nur durch Betrachtung der inneren Hinterleibsanh\u00e4nge bei M\u00e4nnchen bzw. des Legestachels bei Weibchen mit einer Lupe zu unterscheiden. Auch ist beim M\u00e4nnchen der zweite Hinterleibsring (2. Segment hinter dem Fl\u00fcgelansatz) nicht vollst\u00e4ndig blau bereift. Im direkten Vergleich wirkt <i>Lestes dryas<\/i> etwas kr\u00e4ftiger und gl\u00e4nzender.<br \/>\nDas Verhalten der Gl\u00e4nzenden Binsenjungfer ist dem von <i>L.\u00a0sponsa<\/i> sehr \u00e4hnlich. Meistens findet man sie auf senkrechten Pflanzenteilen sitzend, dort vollzieht sich auch die Paarung. Die Eier werden im Paarungstandem in aus dem Wasser ragende, senkrechte Pflanzen wie z.\u00a0B. Binsen gestochen. Dabei klettern die Tiere so lange am St\u00e4ngel nach unten, bis ihre K\u00f6rper meist komplett ins Wasser eintauchen. Nur selten findet die Eiablage ohne das M\u00e4nnchen statt.<\/p>\n<p><strong>Flugzeit:<\/strong> \u00a0\u00a0\u00a0 Juni bis Mitte September<\/p>\n<p>Zur Galerie <a href=\"http:\/\/woerrlein-naturfoto.de\/wordpress\/hauptseite-insekten\/insekten\/libellen\/teichjungfern-2\/\">Teichjungfern<\/a><\/p>\n<p><em>Quelle des Textauszuges und weitere Infos bei <\/em><a href=\"https:\/\/de.wikipedia.org\/wiki\/Gl%C3%A4nzende_Binsenjungfer\" target=\"_blank\" rel=\"noopener\">Wikipedia<\/a><em> (<\/em><a href=\"http:\/\/www.gnu.org\/licenses\/fdl-1.3.txt\" target=\"_blank\" rel=\"noopener\">GNU-Lizenz<\/a><em>)\u2013 mein Dank gilt den <\/em><a href=\"https:\/\/de.wikipedia.org\/w\/index.php?title=Gl%C3%A4nzende_Binsenjungfer&amp;action=history\" target=\"_blank\" rel=\"noopener\">Autoren<\/a><em>.<\/em><\/p>\n","protected":false},"excerpt":{"rendered":"<p>Insekten -&gt; Libellen -&gt; Teichjungfern Insekten von A-Z zur Galerie Teichjungfern Die Gl\u00e4nzende Binsenjungfer (Lestes dryas) ist eine Libelle der Gattung der Binsenjungfern und geh\u00f6rt zur Familie der Teichjungfern. Die Gl\u00e4nzende Binsenjungfer erreicht eine Fl\u00fcgelspannweite von circa f\u00fcnf Zentimetern. Sie hat einen metallisch-gr\u00fcn gef\u00e4rbten Thorax und ein gl\u00e4nzend schwarzgr\u00fcnes Abdomen, das beim geschlechtsreifen M\u00e4nnchen am &hellip; <a href=\"https:\/\/woerrlein-naturfoto.de\/wordpress\/teichjungfern-a-z\/glaenzende-binsenjungfer\/\" class=\"more-link\"><span class=\"screen-reader-text\">Gl\u00e4nzende Binsenjungfer<\/span> weiterlesen <span class=\"meta-nav\">&rarr;<\/span><\/a><\/p>\n","protected":false},"author":1,"featured_media":0,"parent":3616,"menu_order":0,"comment_status":"closed","ping_status":"closed","template":"page-templates\/full-width.php","meta":{"footnotes":""},"class_list":["post-15201","page","type-page","status-publish","hentry"],"_links":{"self":[{"href":"https:\/\/woerrlein-naturfoto.de\/wordpress\/wp-json\/wp\/v2\/pages\/15201","targetHints":{"allow":["GET"]}}],"collection":[{"href":"https:\/\/woerrlein-naturfoto.de\/wordpress\/wp-json\/wp\/v2\/pages"}],"about":[{"href":"https:\/\/woerrlein-naturfoto.de\/wordpress\/wp-json\/wp\/v2\/types\/page"}],"author":[{"embeddable":true,"href":"https:\/\/woerrlein-naturfoto.de\/wordpress\/wp-json\/wp\/v2\/users\/1"}],"replies":[{"embeddable":true,"href":"https:\/\/woerrlein-naturfoto.de\/wordpress\/wp-json\/wp\/v2\/comments?post=15201"}],"version-history":[{"count":5,"href":"https:\/\/woerrlein-naturfoto.de\/wordpress\/wp-json\/wp\/v2\/pages\/15201\/revisions"}],"predecessor-version":[{"id":15206,"href":"https:\/\/woerrlein-naturfoto.de\/wordpress\/wp-json\/wp\/v2\/pages\/15201\/revisions\/15206"}],"up":[{"embeddable":true,"href":"https:\/\/woerrlein-naturfoto.de\/wordpress\/wp-json\/wp\/v2\/pages\/3616"}],"wp:attachment":[{"href":"https:\/\/woerrlein-naturfoto.de\/wordpress\/wp-json\/wp\/v2\/media?parent=15201"}],"curies":[{"name":"wp","href":"https:\/\/api.w.org\/{rel}","templated":true}]}}