{"id":15164,"date":"2022-07-25T18:24:49","date_gmt":"2022-07-25T16:24:49","guid":{"rendered":"https:\/\/woerrlein-naturfoto.de\/wordpress\/?page_id=15164"},"modified":"2022-07-25T18:24:49","modified_gmt":"2022-07-25T16:24:49","slug":"lindenschwaermer","status":"publish","type":"page","link":"https:\/\/woerrlein-naturfoto.de\/wordpress\/nachtfalter-a-z\/lindenschwaermer\/","title":{"rendered":"Lindenschw\u00e4rmer"},"content":{"rendered":"<p><a href=\"http:\/\/woerrlein-naturfoto.de\/wordpress\/insekten\/\"><span style=\"color: #ffff66;\">Insekten<\/span> <\/a>-&gt;<a href=\"http:\/\/woerrlein-naturfoto.de\/wordpress\/hauptseite-insekten\/insekten\/schmetterlinge-2\/\"> <span style=\"color: #ffff66;\">Schmetterlinge<\/span><\/a>-&gt;<a href=\"https:\/\/woerrlein-naturfoto.de\/wordpress\/hauptseite-insekten\/insekten\/schmetterlinge-2\/nachtfalter\/\"><span style=\"color: #ffff66;\">Nachtfalter<\/span><\/a><br \/>\n<a title=\"Insekten A-Z\" href=\"http:\/\/woerrlein-naturfoto.de\/wordpress\/insekten-a-z\/\">Insekten von A-Z<\/a><br \/>\nzur Galerie <a href=\"https:\/\/woerrlein-naturfoto.de\/wordpress\/hauptseite-insekten\/insekten\/schmetterlinge-2\/nachtfalter\/\">Nachtfalter<\/a><\/p>\n<p><img loading=\"lazy\" decoding=\"async\" class=\"alignleft wp-image-15162\" src=\"https:\/\/woerrlein-naturfoto.de\/wordpress\/wp-content\/uploads\/2019\/10\/LIndenschwaermer_220513_4842-600x400.jpg\" alt=\"\" width=\"600\" height=\"400\" srcset=\"https:\/\/woerrlein-naturfoto.de\/wordpress\/wp-content\/uploads\/2019\/10\/LIndenschwaermer_220513_4842-600x400.jpg 600w, https:\/\/woerrlein-naturfoto.de\/wordpress\/wp-content\/uploads\/2019\/10\/LIndenschwaermer_220513_4842-768x512.jpg 768w, https:\/\/woerrlein-naturfoto.de\/wordpress\/wp-content\/uploads\/2019\/10\/LIndenschwaermer_220513_4842-120x80.jpg 120w, https:\/\/woerrlein-naturfoto.de\/wordpress\/wp-content\/uploads\/2019\/10\/LIndenschwaermer_220513_4842.jpg 1000w\" sizes=\"auto, (max-width: 600px) 100vw, 600px\" \/>Der <b>Lindenschw\u00e4rmer<\/b> (<i>Mimas tiliae<\/i>) ist ein Schmetterling (Nachtfalter) aus der Familie der Schw\u00e4rmer. Die Raupen des Lindenschw\u00e4rmers fressen die Bl\u00e4tter verschiedener Laubb\u00e4ume, die Falter nehmen keine Nahrung mehr auf. Die mittelgro\u00dfe Art ist in Mitteleuropa weit verbreitet und h\u00e4ufig.<br \/>\nDie Falter erreichen eine Fl\u00fcgelspannweite von 60 bis 80 Millimetern. Obwohl die F\u00e4rbung der Tiere sehr variabel ist und sich auch M\u00e4nnchen und Weibchen unterscheiden (Sexualdimorphismus), ist die Art in ihrem Verbreitungsgebiet unverwechselbar. Wie bei allen Arten der Gattung <i>Mimas<\/i> ist der Vorderfl\u00fcgelau\u00dfenrand gewellt, ebenso ist der Saugr\u00fcssel sehr kurz und zur\u00fcckgebildet. Die Grundfarbe der Tiere ist fuchsrot, braun, grau, gelb oder gr\u00fcn. Die Vorderfl\u00fcgel der Weibchen sind meist br\u00e4unlich, die der M\u00e4nnchen gehen deutlich ins Gr\u00fcnliche. Der Hinterleib der Weibchen hat gerade Seitenr\u00e4nder und ist sehr dick, da die meisten Eier bereits nach dem Schl\u00fcpfen aus der Puppe voll entwickelt sind. Der Hinterleib der M\u00e4nnchen ist dagegen schlanker und deutlich nach oben gekr\u00fcmmt. Die Musterung der Fl\u00fcgel ist ebenfalls sehr variabel. Die breite, mittig \u00fcber den Vorderfl\u00fcgel laufende dunkle Binde kann durchgezogen, unterbrochen oder komplett fehlend sein.<\/p>\n<p><strong>Flugzeit:<\/strong> \u00a0\u00a0\u00a0 Ende Mai bis Anfang Juli in einer Generation<\/p>\n<p>Zur Galerie <a href=\"https:\/\/woerrlein-naturfoto.de\/wordpress\/hauptseite-insekten\/insekten\/schmetterlinge-2\/nachtfalter\/\">Nachtfalter<\/a><\/p>\n<p>&nbsp;<\/p>\n<p><em>Quelle des Textauszuges und weitere Infos bei <\/em><a href=\"https:\/\/de.wikipedia.org\/wiki\/Lindenschw%C3%A4rmer\" target=\"_blank\" rel=\"noopener noreferrer\">Wikipedia<\/a><em> (<\/em><a href=\"http:\/\/www.gnu.org\/licenses\/fdl-1.3.txt\" target=\"_blank\" rel=\"noopener noreferrer\">GNU-Lizenz<\/a><em>)\u2013 mein Dank gilt den <\/em><a href=\"https:\/\/de.wikipedia.org\/w\/index.php?title=Lindenschw%C3%A4rmer&amp;action=history\" target=\"_blank\" rel=\"noopener noreferrer\">Autoren<\/a><em>.<\/em><\/p>\n","protected":false},"excerpt":{"rendered":"<p>Insekten -&gt; Schmetterlinge-&gt;Nachtfalter Insekten von A-Z zur Galerie Nachtfalter Der Lindenschw\u00e4rmer (Mimas tiliae) ist ein Schmetterling (Nachtfalter) aus der Familie der Schw\u00e4rmer. Die Raupen des Lindenschw\u00e4rmers fressen die Bl\u00e4tter verschiedener Laubb\u00e4ume, die Falter nehmen keine Nahrung mehr auf. Die mittelgro\u00dfe Art ist in Mitteleuropa weit verbreitet und h\u00e4ufig. Die Falter erreichen eine Fl\u00fcgelspannweite von 60 &hellip; <a href=\"https:\/\/woerrlein-naturfoto.de\/wordpress\/nachtfalter-a-z\/lindenschwaermer\/\" class=\"more-link\"><span class=\"screen-reader-text\">Lindenschw\u00e4rmer<\/span> weiterlesen <span class=\"meta-nav\">&rarr;<\/span><\/a><\/p>\n","protected":false},"author":1,"featured_media":0,"parent":11172,"menu_order":0,"comment_status":"closed","ping_status":"closed","template":"page-templates\/full-width.php","meta":{"footnotes":""},"class_list":["post-15164","page","type-page","status-publish","hentry"],"_links":{"self":[{"href":"https:\/\/woerrlein-naturfoto.de\/wordpress\/wp-json\/wp\/v2\/pages\/15164","targetHints":{"allow":["GET"]}}],"collection":[{"href":"https:\/\/woerrlein-naturfoto.de\/wordpress\/wp-json\/wp\/v2\/pages"}],"about":[{"href":"https:\/\/woerrlein-naturfoto.de\/wordpress\/wp-json\/wp\/v2\/types\/page"}],"author":[{"embeddable":true,"href":"https:\/\/woerrlein-naturfoto.de\/wordpress\/wp-json\/wp\/v2\/users\/1"}],"replies":[{"embeddable":true,"href":"https:\/\/woerrlein-naturfoto.de\/wordpress\/wp-json\/wp\/v2\/comments?post=15164"}],"version-history":[{"count":1,"href":"https:\/\/woerrlein-naturfoto.de\/wordpress\/wp-json\/wp\/v2\/pages\/15164\/revisions"}],"predecessor-version":[{"id":15166,"href":"https:\/\/woerrlein-naturfoto.de\/wordpress\/wp-json\/wp\/v2\/pages\/15164\/revisions\/15166"}],"up":[{"embeddable":true,"href":"https:\/\/woerrlein-naturfoto.de\/wordpress\/wp-json\/wp\/v2\/pages\/11172"}],"wp:attachment":[{"href":"https:\/\/woerrlein-naturfoto.de\/wordpress\/wp-json\/wp\/v2\/media?parent=15164"}],"curies":[{"name":"wp","href":"https:\/\/api.w.org\/{rel}","templated":true}]}}