{"id":15160,"date":"2022-07-25T18:12:00","date_gmt":"2022-07-25T16:12:00","guid":{"rendered":"https:\/\/woerrlein-naturfoto.de\/wordpress\/?page_id=15160"},"modified":"2022-07-25T18:12:00","modified_gmt":"2022-07-25T16:12:00","slug":"veraenderliches-rotwidderchen","status":"publish","type":"page","link":"https:\/\/woerrlein-naturfoto.de\/wordpress\/nachtfalter-a-z\/veraenderliches-rotwidderchen\/","title":{"rendered":"Ver\u00e4nderliches Rotwidderchen"},"content":{"rendered":"<p><a href=\"http:\/\/woerrlein-naturfoto.de\/wordpress\/insekten\/\"><span style=\"color: #ffff66;\">Insekten<\/span> <\/a>-&gt;<a href=\"http:\/\/woerrlein-naturfoto.de\/wordpress\/hauptseite-insekten\/insekten\/schmetterlinge-2\/\"> <span style=\"color: #ffff66;\">Schmetterlinge<\/span><\/a>-&gt;<a href=\"https:\/\/woerrlein-naturfoto.de\/wordpress\/hauptseite-insekten\/insekten\/schmetterlinge-2\/nachtfalter\/\"><span style=\"color: #ffff66;\">Nachtfalter<\/span><\/a><br \/>\n<a title=\"Insekten A-Z\" href=\"http:\/\/woerrlein-naturfoto.de\/wordpress\/insekten-a-z\/\">Insekten von A-Z<\/a><br \/>\nzur Galerie <a href=\"https:\/\/woerrlein-naturfoto.de\/wordpress\/hauptseite-insekten\/insekten\/schmetterlinge-2\/nachtfalter\/\">Nachtfalter<\/a><\/p>\n<p><img loading=\"lazy\" decoding=\"async\" class=\"alignleft wp-image-15154\" src=\"https:\/\/woerrlein-naturfoto.de\/wordpress\/wp-content\/uploads\/2019\/10\/VeraenderlichesWidderchen_AW_80355-600x400.jpg\" alt=\"\" width=\"600\" height=\"400\" srcset=\"https:\/\/woerrlein-naturfoto.de\/wordpress\/wp-content\/uploads\/2019\/10\/VeraenderlichesWidderchen_AW_80355-600x400.jpg 600w, https:\/\/woerrlein-naturfoto.de\/wordpress\/wp-content\/uploads\/2019\/10\/VeraenderlichesWidderchen_AW_80355-768x512.jpg 768w, https:\/\/woerrlein-naturfoto.de\/wordpress\/wp-content\/uploads\/2019\/10\/VeraenderlichesWidderchen_AW_80355-120x80.jpg 120w, https:\/\/woerrlein-naturfoto.de\/wordpress\/wp-content\/uploads\/2019\/10\/VeraenderlichesWidderchen_AW_80355.jpg 1000w\" sizes=\"auto, (max-width: 600px) 100vw, 600px\" \/>Das <b>Ver\u00e4nderliche Rotwidderchen<\/b> oder <b>Beringte Kronwickenwidderchen<\/b> (<i>Zygaena ephialtes<\/i>) ist ein Schmetterling (Nachtfalter) aus der Familie der Widderchen.<br \/>\nDie Falter erreichen eine Fl\u00fcgelspannweite von 30 bis 40 Millimetern. Sie sind, wie ihr deutscher Name schon sagt, <i>ver\u00e4nderlich<\/i>, da die Farbe der f\u00fcnf bis sechs Flecken auf ihren Vorderfl\u00fcgeln stark variieren kann. Die Flecken k\u00f6nnen von rot \u00fcber gelb bis wei\u00df gef\u00e4rbt sein. Das wichtigste Erkennungs- und Unterscheidungsmerkmal ist der rote, manchmal auch gelbe Segmentring (G\u00fcrtel) auf dem hinteren Bereich des Hinterleibs. Die Hinterfl\u00fcgel sind rot, gelblich oder komplett schwarz gef\u00e4rbt und haben einen feinen, schwarzen Au\u00dfenrand. Auf ihnen findet man manchmal ein bis zwei weitere, helle Punkte. Die Spitzen der F\u00fchler sind wei\u00df.<br \/>\nDas Ver\u00e4nderliche Rotwidderchen kommt in verschiedenen Formen in weiten Teilen Europas vor. Es ist recht selten anzutreffen, im Frankenjura und auch in S\u00fcdeuropa sind sie aber h\u00e4ufiger. Die Falter findet man bevorzugt dort, wo die Nahrungspflanzen der Raupen in gr\u00f6\u00dferen Best\u00e4nden vorkommen, wie etwa an Bahnd\u00e4mmen und Stra\u00dfenb\u00f6schungen, auf jeden Fall aber nur auf Kalksteinb\u00f6den, Magerrasen und in lichten W\u00e4ldern. W\u00e4rmere, trockene Gebiete und sonnige H\u00e4nge werden au\u00dferdem bevorzugt, daher nehmen die Best\u00e4nde Richtung Norden ab.<\/p>\n<p><strong>Flugzeit:<\/strong> \u00a0\u00a0\u00a0 Anfang Juli bis August in einer Generation<\/p>\n<p>Zur Galerie <a href=\"https:\/\/woerrlein-naturfoto.de\/wordpress\/hauptseite-insekten\/insekten\/schmetterlinge-2\/nachtfalter\/\">Nachtfalter<\/a><\/p>\n<p>&nbsp;<\/p>\n<p><em>Quelle des Textauszuges und weitere Infos bei <\/em><a href=\"https:\/\/de.wikipedia.org\/wiki\/Ver%C3%A4nderliches_Rotwidderchen\" target=\"_blank\" rel=\"noopener noreferrer\">Wikipedia<\/a><em> (<\/em><a href=\"http:\/\/www.gnu.org\/licenses\/fdl-1.3.txt\" target=\"_blank\" rel=\"noopener noreferrer\">GNU-Lizenz<\/a><em>)\u2013 mein Dank gilt den <\/em><a href=\"https:\/\/de.wikipedia.org\/w\/index.php?title=Ver%C3%A4nderliches_Rotwidderchen&amp;action=history\" target=\"_blank\" rel=\"noopener noreferrer\">Autoren<\/a><em>.<\/em><\/p>\n","protected":false},"excerpt":{"rendered":"<p>Insekten -&gt; Schmetterlinge-&gt;Nachtfalter Insekten von A-Z zur Galerie Nachtfalter Das Ver\u00e4nderliche Rotwidderchen oder Beringte Kronwickenwidderchen (Zygaena ephialtes) ist ein Schmetterling (Nachtfalter) aus der Familie der Widderchen. Die Falter erreichen eine Fl\u00fcgelspannweite von 30 bis 40 Millimetern. Sie sind, wie ihr deutscher Name schon sagt, ver\u00e4nderlich, da die Farbe der f\u00fcnf bis sechs Flecken auf ihren &hellip; <a href=\"https:\/\/woerrlein-naturfoto.de\/wordpress\/nachtfalter-a-z\/veraenderliches-rotwidderchen\/\" class=\"more-link\"><span class=\"screen-reader-text\">Ver\u00e4nderliches Rotwidderchen<\/span> weiterlesen <span class=\"meta-nav\">&rarr;<\/span><\/a><\/p>\n","protected":false},"author":1,"featured_media":0,"parent":11172,"menu_order":0,"comment_status":"closed","ping_status":"closed","template":"page-templates\/full-width.php","meta":{"footnotes":""},"class_list":["post-15160","page","type-page","status-publish","hentry"],"_links":{"self":[{"href":"https:\/\/woerrlein-naturfoto.de\/wordpress\/wp-json\/wp\/v2\/pages\/15160","targetHints":{"allow":["GET"]}}],"collection":[{"href":"https:\/\/woerrlein-naturfoto.de\/wordpress\/wp-json\/wp\/v2\/pages"}],"about":[{"href":"https:\/\/woerrlein-naturfoto.de\/wordpress\/wp-json\/wp\/v2\/types\/page"}],"author":[{"embeddable":true,"href":"https:\/\/woerrlein-naturfoto.de\/wordpress\/wp-json\/wp\/v2\/users\/1"}],"replies":[{"embeddable":true,"href":"https:\/\/woerrlein-naturfoto.de\/wordpress\/wp-json\/wp\/v2\/comments?post=15160"}],"version-history":[{"count":1,"href":"https:\/\/woerrlein-naturfoto.de\/wordpress\/wp-json\/wp\/v2\/pages\/15160\/revisions"}],"predecessor-version":[{"id":15161,"href":"https:\/\/woerrlein-naturfoto.de\/wordpress\/wp-json\/wp\/v2\/pages\/15160\/revisions\/15161"}],"up":[{"embeddable":true,"href":"https:\/\/woerrlein-naturfoto.de\/wordpress\/wp-json\/wp\/v2\/pages\/11172"}],"wp:attachment":[{"href":"https:\/\/woerrlein-naturfoto.de\/wordpress\/wp-json\/wp\/v2\/media?parent=15160"}],"curies":[{"name":"wp","href":"https:\/\/api.w.org\/{rel}","templated":true}]}}