{"id":15141,"date":"2022-07-25T16:37:23","date_gmt":"2022-07-25T14:37:23","guid":{"rendered":"https:\/\/woerrlein-naturfoto.de\/wordpress\/?page_id=15141"},"modified":"2022-07-25T16:37:23","modified_gmt":"2022-07-25T14:37:23","slug":"rostfarbiger-dickkopffalter","status":"publish","type":"page","link":"https:\/\/woerrlein-naturfoto.de\/wordpress\/verschiedene-schmetterlinge-a-z\/rostfarbiger-dickkopffalter\/","title":{"rendered":"Rostfarbiger Dickkopffalter"},"content":{"rendered":"<p><a href=\"http:\/\/woerrlein-naturfoto.de\/wordpress\/insekten\/\"><span style=\"color: #ffff66;\">Insekten<\/span> <\/a>-&gt;<a href=\"http:\/\/woerrlein-naturfoto.de\/wordpress\/hauptseite-insekten\/insekten\/schmetterlinge-2\/\"> <span style=\"color: #ffff66;\">Schmetterlinge<\/span><\/a><br \/>\n<a title=\"Insekten A-Z\" href=\"http:\/\/woerrlein-naturfoto.de\/wordpress\/insekten-a-z\/\">Insekten von A-Z<\/a><br \/>\nzur Galerie <a href=\"https:\/\/woerrlein-naturfoto.de\/wordpress\/hauptseite-insekten\/insekten\/schmetterlinge-2\/wildes-durcheinander\/\">sonstige Schmetterlinge<\/a><\/p>\n<p><img loading=\"lazy\" decoding=\"async\" class=\"alignleft wp-image-15107\" src=\"https:\/\/woerrlein-naturfoto.de\/wordpress\/wp-content\/uploads\/2019\/10\/RostfarbigerDickkopffalter_AW20271L_6779x4519-600x400.jpg\" alt=\"\" width=\"600\" height=\"400\" srcset=\"https:\/\/woerrlein-naturfoto.de\/wordpress\/wp-content\/uploads\/2019\/10\/RostfarbigerDickkopffalter_AW20271L_6779x4519-600x400.jpg 600w, https:\/\/woerrlein-naturfoto.de\/wordpress\/wp-content\/uploads\/2019\/10\/RostfarbigerDickkopffalter_AW20271L_6779x4519-768x512.jpg 768w, https:\/\/woerrlein-naturfoto.de\/wordpress\/wp-content\/uploads\/2019\/10\/RostfarbigerDickkopffalter_AW20271L_6779x4519-120x80.jpg 120w, https:\/\/woerrlein-naturfoto.de\/wordpress\/wp-content\/uploads\/2019\/10\/RostfarbigerDickkopffalter_AW20271L_6779x4519.jpg 1000w\" sizes=\"auto, (max-width: 600px) 100vw, 600px\" \/>Der <b>Rostfarbige Dickkopffalter<\/b> (<i>Ochlodes sylvanus<\/i>) ist ein Tagfalter aus der Familie der Dickkopffalter.<br \/>\nDie Falter erreichen eine Fl\u00fcgelspannweite von 25 bis 32 Millimeter. Die Fl\u00fcgel des Rostfarbenen Dickkopffalters sind, wie der Name schon verr\u00e4t, rostbraun gef\u00e4rbt. Die Hinterfl\u00fcgelunterseiten sind mehr oder weniger gr\u00fcnlich und weisen undeutliche gelbe Flecke auf. Die M\u00e4nnchen zeichnen sich auf der Vorderfl\u00fcgel-Oberseite durch einen l\u00e4nglichen schwarzen Duftschuppenfleck aus.<br \/>\nDie Rostfarbigen Dickkopffalter leben in naturnahen feuchten und trockenen Biotopen. Dazu geh\u00f6ren sowohl das Offenland (Wiesen, Wegr\u00e4nder, Brachen, Hochstaudenfluren) als auch \u00dcbergangsbereiche zum Wald. Wichtige Nektarpflanzen der Falter, wie der meisten anderen europ\u00e4ischen Tagfalter, finden sich insbesondere unter den Lippenbl\u00fctlern (Gemeine Wirbeldost, Deutsche Ziest, Ross-Minze, Wiesen-Salbei, Oregano oder Echte Betonie) sowie den Asteraceen.<\/p>\n<p><strong>Flugzeit:<\/strong> \u00a0\u00a0\u00a0 Mai bis Juli\/August in einer Generation.<\/p>\n<p>Zur Galerie <a href=\"https:\/\/woerrlein-naturfoto.de\/wordpress\/hauptseite-insekten\/insekten\/schmetterlinge-2\/wildes-durcheinander\/\">sonstige Schmetterlinge<\/a><\/p>\n<p><em>Quelle des Textauszuges und weitere Infos bei <\/em><a href=\"https:\/\/de.wikipedia.org\/wiki\/Rostfarbiger_Dickkopffalter\" target=\"_blank\" rel=\"noopener noreferrer\">Wikipedia<\/a><em> (<\/em><a href=\"http:\/\/www.gnu.org\/licenses\/fdl-1.3.txt\" target=\"_blank\" rel=\"noopener noreferrer\">GNU-Lizenz<\/a><em>)\u2013 mein Dank gilt den <\/em><a href=\"https:\/\/de.wikipedia.org\/w\/index.php?title=Rostfarbiger_Dickkopffalter&amp;action=history\" target=\"_blank\" rel=\"noopener noreferrer\">Autoren<\/a><em>.<\/em><\/p>\n","protected":false},"excerpt":{"rendered":"<p>Insekten -&gt; Schmetterlinge Insekten von A-Z zur Galerie sonstige Schmetterlinge Der Rostfarbige Dickkopffalter (Ochlodes sylvanus) ist ein Tagfalter aus der Familie der Dickkopffalter. Die Falter erreichen eine Fl\u00fcgelspannweite von 25 bis 32 Millimeter. Die Fl\u00fcgel des Rostfarbenen Dickkopffalters sind, wie der Name schon verr\u00e4t, rostbraun gef\u00e4rbt. Die Hinterfl\u00fcgelunterseiten sind mehr oder weniger gr\u00fcnlich und weisen &hellip; <a href=\"https:\/\/woerrlein-naturfoto.de\/wordpress\/verschiedene-schmetterlinge-a-z\/rostfarbiger-dickkopffalter\/\" class=\"more-link\"><span class=\"screen-reader-text\">Rostfarbiger Dickkopffalter<\/span> weiterlesen <span class=\"meta-nav\">&rarr;<\/span><\/a><\/p>\n","protected":false},"author":1,"featured_media":0,"parent":11203,"menu_order":0,"comment_status":"closed","ping_status":"closed","template":"page-templates\/full-width.php","meta":{"footnotes":""},"class_list":["post-15141","page","type-page","status-publish","hentry"],"_links":{"self":[{"href":"https:\/\/woerrlein-naturfoto.de\/wordpress\/wp-json\/wp\/v2\/pages\/15141","targetHints":{"allow":["GET"]}}],"collection":[{"href":"https:\/\/woerrlein-naturfoto.de\/wordpress\/wp-json\/wp\/v2\/pages"}],"about":[{"href":"https:\/\/woerrlein-naturfoto.de\/wordpress\/wp-json\/wp\/v2\/types\/page"}],"author":[{"embeddable":true,"href":"https:\/\/woerrlein-naturfoto.de\/wordpress\/wp-json\/wp\/v2\/users\/1"}],"replies":[{"embeddable":true,"href":"https:\/\/woerrlein-naturfoto.de\/wordpress\/wp-json\/wp\/v2\/comments?post=15141"}],"version-history":[{"count":1,"href":"https:\/\/woerrlein-naturfoto.de\/wordpress\/wp-json\/wp\/v2\/pages\/15141\/revisions"}],"predecessor-version":[{"id":15142,"href":"https:\/\/woerrlein-naturfoto.de\/wordpress\/wp-json\/wp\/v2\/pages\/15141\/revisions\/15142"}],"up":[{"embeddable":true,"href":"https:\/\/woerrlein-naturfoto.de\/wordpress\/wp-json\/wp\/v2\/pages\/11203"}],"wp:attachment":[{"href":"https:\/\/woerrlein-naturfoto.de\/wordpress\/wp-json\/wp\/v2\/media?parent=15141"}],"curies":[{"name":"wp","href":"https:\/\/api.w.org\/{rel}","templated":true}]}}