{"id":15110,"date":"2022-07-21T12:28:00","date_gmt":"2022-07-21T10:28:00","guid":{"rendered":"https:\/\/woerrlein-naturfoto.de\/wordpress\/?page_id=15110"},"modified":"2022-07-21T12:28:00","modified_gmt":"2022-07-21T10:28:00","slug":"braunkolbiger-braun-dickkopffalter","status":"publish","type":"page","link":"https:\/\/woerrlein-naturfoto.de\/wordpress\/verschiedene-schmetterlinge-a-z\/braunkolbiger-braun-dickkopffalter\/","title":{"rendered":"Braunkolbiger Braun-Dickkopffalter"},"content":{"rendered":"<p><a href=\"http:\/\/woerrlein-naturfoto.de\/wordpress\/insekten\/\"><span style=\"color: #ffff66;\">Insekten<\/span> <\/a>-&gt;<a href=\"http:\/\/woerrlein-naturfoto.de\/wordpress\/hauptseite-insekten\/insekten\/schmetterlinge-2\/\"> <span style=\"color: #ffff66;\">Schmetterlinge<\/span><\/a><br \/>\n<a title=\"Insekten A-Z\" href=\"http:\/\/woerrlein-naturfoto.de\/wordpress\/insekten-a-z\/\">Insekten von A-Z<\/a><br \/>\nzur Galerie <a href=\"https:\/\/woerrlein-naturfoto.de\/wordpress\/hauptseite-insekten\/insekten\/schmetterlinge-2\/wildes-durcheinander\/\">sonstige Schmetterlinge<\/a><\/p>\n<p><img loading=\"lazy\" decoding=\"async\" class=\"alignleft wp-image-7913\" src=\"https:\/\/woerrlein-naturfoto.de\/wordpress\/wp-content\/uploads\/2015\/01\/Dickkopffalter_AW04561_1491x994.jpg\" alt=\"\" width=\"600\" height=\"400\" \/>Der <b>Braunkolbige-<\/b> oder <b>Ockergelbe Braun-Dickkopffalter<\/b> (<i>Thymelicus sylvestris<\/i>) ist ein Schmetterling aus der Familie der Dickkopffalter.<br \/>\nDie Falter erreichen eine Spannweite von 27 bis 34 Millimetern. Sie haben hell orangebraun gef\u00e4rbte Fl\u00fcgeloberseiten, deren Fl\u00fcgeladern kontrastreich erkennbar sind. Der Fl\u00fcgelrand ist dunkelbraun. Die Fl\u00fcgelunterseite ist an der Spitze des Vorderfl\u00fcgels und fast auf der gesamten Fl\u00e4che des Hinterfl\u00fcgels gr\u00fcnlich-grau gef\u00e4rbt. Auf der Unterseite der Hinterfl\u00fcgel ist der Innenrand breit gelb ges\u00e4umt. Die Unterseiten der F\u00fchlerkolben sind im Gegensatz zum \u00e4hnlichen Schwarzkolbigen Braun-Dickkopffalter (<i>Thymelicus lineola<\/i>) gelbbraun gef\u00e4rbt. Der dunkle Duftschuppenfleck des M\u00e4nnchens ist schmal, aber deutlich erkennbar.<\/p>\n<p><strong>Flugzeit:<\/strong> \u00a0\u00a0\u00a0 Juni bis (selten)September in einer Generation.<\/p>\n<p>Zur Galerie <a href=\"https:\/\/woerrlein-naturfoto.de\/wordpress\/hauptseite-insekten\/insekten\/schmetterlinge-2\/wildes-durcheinander\/\">sonstige Schmetterlinge<\/a><\/p>\n<p><em>Quelle des Textauszuges und weitere Infos bei <\/em><a href=\"https:\/\/de.wikipedia.org\/wiki\/Braunkolbiger_Braun-Dickkopffalter\" target=\"_blank\" rel=\"noopener noreferrer\">Wikipedia<\/a><em> (<\/em><a href=\"http:\/\/www.gnu.org\/licenses\/fdl-1.3.txt\" target=\"_blank\" rel=\"noopener noreferrer\">GNU-Lizenz<\/a><em>)\u2013 mein Dank gilt den <\/em><a href=\"https:\/\/de.wikipedia.org\/w\/index.php?title=Braunkolbiger_Braun-Dickkopffalter&amp;action=history\" target=\"_blank\" rel=\"noopener noreferrer\">Autoren<\/a><em>.<\/em><\/p>\n","protected":false},"excerpt":{"rendered":"<p>Insekten -&gt; Schmetterlinge Insekten von A-Z zur Galerie sonstige Schmetterlinge Der Braunkolbige- oder Ockergelbe Braun-Dickkopffalter (Thymelicus sylvestris) ist ein Schmetterling aus der Familie der Dickkopffalter. Die Falter erreichen eine Spannweite von 27 bis 34 Millimetern. Sie haben hell orangebraun gef\u00e4rbte Fl\u00fcgeloberseiten, deren Fl\u00fcgeladern kontrastreich erkennbar sind. Der Fl\u00fcgelrand ist dunkelbraun. Die Fl\u00fcgelunterseite ist an der &hellip; <a href=\"https:\/\/woerrlein-naturfoto.de\/wordpress\/verschiedene-schmetterlinge-a-z\/braunkolbiger-braun-dickkopffalter\/\" class=\"more-link\"><span class=\"screen-reader-text\">Braunkolbiger Braun-Dickkopffalter<\/span> weiterlesen <span class=\"meta-nav\">&rarr;<\/span><\/a><\/p>\n","protected":false},"author":1,"featured_media":0,"parent":11203,"menu_order":0,"comment_status":"closed","ping_status":"closed","template":"page-templates\/full-width.php","meta":{"footnotes":""},"class_list":["post-15110","page","type-page","status-publish","hentry"],"_links":{"self":[{"href":"https:\/\/woerrlein-naturfoto.de\/wordpress\/wp-json\/wp\/v2\/pages\/15110","targetHints":{"allow":["GET"]}}],"collection":[{"href":"https:\/\/woerrlein-naturfoto.de\/wordpress\/wp-json\/wp\/v2\/pages"}],"about":[{"href":"https:\/\/woerrlein-naturfoto.de\/wordpress\/wp-json\/wp\/v2\/types\/page"}],"author":[{"embeddable":true,"href":"https:\/\/woerrlein-naturfoto.de\/wordpress\/wp-json\/wp\/v2\/users\/1"}],"replies":[{"embeddable":true,"href":"https:\/\/woerrlein-naturfoto.de\/wordpress\/wp-json\/wp\/v2\/comments?post=15110"}],"version-history":[{"count":1,"href":"https:\/\/woerrlein-naturfoto.de\/wordpress\/wp-json\/wp\/v2\/pages\/15110\/revisions"}],"predecessor-version":[{"id":15111,"href":"https:\/\/woerrlein-naturfoto.de\/wordpress\/wp-json\/wp\/v2\/pages\/15110\/revisions\/15111"}],"up":[{"embeddable":true,"href":"https:\/\/woerrlein-naturfoto.de\/wordpress\/wp-json\/wp\/v2\/pages\/11203"}],"wp:attachment":[{"href":"https:\/\/woerrlein-naturfoto.de\/wordpress\/wp-json\/wp\/v2\/media?parent=15110"}],"curies":[{"name":"wp","href":"https:\/\/api.w.org\/{rel}","templated":true}]}}