{"id":15037,"date":"2022-07-20T16:47:29","date_gmt":"2022-07-20T14:47:29","guid":{"rendered":"https:\/\/woerrlein-naturfoto.de\/wordpress\/?page_id=15037"},"modified":"2022-07-20T16:47:29","modified_gmt":"2022-07-20T14:47:29","slug":"zwerg-blaeuling","status":"publish","type":"page","link":"https:\/\/woerrlein-naturfoto.de\/wordpress\/blaeulinge-a-z\/zwerg-blaeuling\/","title":{"rendered":"Zwerg-Bl\u00e4uling"},"content":{"rendered":"<p><a href=\"http:\/\/woerrlein-naturfoto.de\/wordpress\/insekten\/\"><span style=\"color: #ffff66;\">Insekten<\/span> <\/a>-&gt;<a href=\"http:\/\/woerrlein-naturfoto.de\/wordpress\/hauptseite-insekten\/insekten\/schmetterlinge-2\/\"> <span style=\"color: #ffff66;\">Schmetterlinge<\/span><\/a><br \/>\n<a title=\"Insekten A-Z\" href=\"http:\/\/woerrlein-naturfoto.de\/wordpress\/insekten-a-z\/\">Insekten von A-Z<\/a><br \/>\nzur Galerie <a href=\"https:\/\/woerrlein-naturfoto.de\/wordpress\/hauptseite-insekten\/insekten\/schmetterlinge-2\/blaeulinge\/\">Bl\u00e4ulinge I<\/a><\/p>\n<p><img loading=\"lazy\" decoding=\"async\" class=\"alignleft wp-image-15000\" src=\"https:\/\/woerrlein-naturfoto.de\/wordpress\/wp-content\/uploads\/2019\/10\/Zwergblaeuling_AW_71596-600x400.jpg\" alt=\"\" width=\"600\" height=\"400\" srcset=\"https:\/\/woerrlein-naturfoto.de\/wordpress\/wp-content\/uploads\/2019\/10\/Zwergblaeuling_AW_71596-600x400.jpg 600w, https:\/\/woerrlein-naturfoto.de\/wordpress\/wp-content\/uploads\/2019\/10\/Zwergblaeuling_AW_71596-768x512.jpg 768w, https:\/\/woerrlein-naturfoto.de\/wordpress\/wp-content\/uploads\/2019\/10\/Zwergblaeuling_AW_71596-120x80.jpg 120w, https:\/\/woerrlein-naturfoto.de\/wordpress\/wp-content\/uploads\/2019\/10\/Zwergblaeuling_AW_71596.jpg 1000w\" sizes=\"auto, (max-width: 600px) 100vw, 600px\" \/>Der <b>Zwerg-Bl\u00e4uling<\/b> (<i>Cupido minimus<\/i>) ist ein Schmetterling aus der Familie der Bl\u00e4ulinge. Seinen Namen verdankt er seiner auch f\u00fcr Bl\u00e4ulinge geringen K\u00f6rpergr\u00f6\u00dfe. Der Zwerg-Bl\u00e4uling ist der kleinste Tagfalter Mitteleuropas.<br \/>\nDie Falter erreichen eine Fl\u00fcgelspannweite von 18 bis 22 Millimeter. Oberseits sind die Fl\u00fcgel meist graubraun und bei den M\u00e4nnchen zudem noch blau gest\u00e4ubt. Diese Best\u00e4ubung kann aber auch fehlen. Die Fl\u00fcgelunterseiten sind hellgrau und an der Basis leicht blau gest\u00e4ubt. Vor allem in der <a class=\"mw-redirect\" title=\"Postdiskal\" href=\"https:\/\/de.wikipedia.org\/wiki\/Postdiskal\" target=\"_blank\" rel=\"noopener\">Postdiskalregion<\/a> kann man eine Reihe kleiner, hell gerandeter schwarzer Punkte erkennen. Auch auf der Vorderfl\u00fcgelunterseite, die wie der Hinterfl\u00fcgel gef\u00e4rbt ist, sind solche Punkte zu finden.<sup id=\"cite_ref-Tolman\/Lewington_1-0\" class=\"reference\"><\/sup><\/p>\n<p><strong>Flugzeit:<\/strong> \u00a0\u00a0\u00a0 April bis Juli in einer Generation (in hei\u00dfen Gegenden zwei Generationen bis August)<\/p>\n<p>Zur Galerie <a href=\"https:\/\/woerrlein-naturfoto.de\/wordpress\/hauptseite-insekten\/insekten\/schmetterlinge-2\/blaeulinge\/\">Bl\u00e4ulinge I<\/a><\/p>\n<p>&nbsp;<\/p>\n<p><em>Quelle des Textauszuges und weitere Infos bei <\/em><a href=\"https:\/\/de.wikipedia.org\/wiki\/Zwerg-Bl%C3%A4uling\" target=\"_blank\" rel=\"noopener noreferrer\">Wikipedia<\/a><em> (<\/em><a href=\"http:\/\/www.gnu.org\/licenses\/fdl-1.3.txt\" target=\"_blank\" rel=\"noopener noreferrer\">GNU-Lizenz<\/a><em>)\u2013 mein Dank gilt den <\/em><a href=\"https:\/\/de.wikipedia.org\/w\/index.php?title=Zwerg-Bl%C3%A4uling&amp;action=history\" target=\"_blank\" rel=\"noopener noreferrer\">Autoren<\/a><em>.<\/em><\/p>\n","protected":false},"excerpt":{"rendered":"<p>Insekten -&gt; Schmetterlinge Insekten von A-Z zur Galerie Bl\u00e4ulinge I Der Zwerg-Bl\u00e4uling (Cupido minimus) ist ein Schmetterling aus der Familie der Bl\u00e4ulinge. Seinen Namen verdankt er seiner auch f\u00fcr Bl\u00e4ulinge geringen K\u00f6rpergr\u00f6\u00dfe. Der Zwerg-Bl\u00e4uling ist der kleinste Tagfalter Mitteleuropas. Die Falter erreichen eine Fl\u00fcgelspannweite von 18 bis 22 Millimeter. Oberseits sind die Fl\u00fcgel meist graubraun &hellip; <a href=\"https:\/\/woerrlein-naturfoto.de\/wordpress\/blaeulinge-a-z\/zwerg-blaeuling\/\" class=\"more-link\"><span class=\"screen-reader-text\">Zwerg-Bl\u00e4uling<\/span> weiterlesen <span class=\"meta-nav\">&rarr;<\/span><\/a><\/p>\n","protected":false},"author":1,"featured_media":0,"parent":11125,"menu_order":0,"comment_status":"closed","ping_status":"closed","template":"page-templates\/full-width.php","meta":{"footnotes":""},"class_list":["post-15037","page","type-page","status-publish","hentry"],"_links":{"self":[{"href":"https:\/\/woerrlein-naturfoto.de\/wordpress\/wp-json\/wp\/v2\/pages\/15037","targetHints":{"allow":["GET"]}}],"collection":[{"href":"https:\/\/woerrlein-naturfoto.de\/wordpress\/wp-json\/wp\/v2\/pages"}],"about":[{"href":"https:\/\/woerrlein-naturfoto.de\/wordpress\/wp-json\/wp\/v2\/types\/page"}],"author":[{"embeddable":true,"href":"https:\/\/woerrlein-naturfoto.de\/wordpress\/wp-json\/wp\/v2\/users\/1"}],"replies":[{"embeddable":true,"href":"https:\/\/woerrlein-naturfoto.de\/wordpress\/wp-json\/wp\/v2\/comments?post=15037"}],"version-history":[{"count":1,"href":"https:\/\/woerrlein-naturfoto.de\/wordpress\/wp-json\/wp\/v2\/pages\/15037\/revisions"}],"predecessor-version":[{"id":15038,"href":"https:\/\/woerrlein-naturfoto.de\/wordpress\/wp-json\/wp\/v2\/pages\/15037\/revisions\/15038"}],"up":[{"embeddable":true,"href":"https:\/\/woerrlein-naturfoto.de\/wordpress\/wp-json\/wp\/v2\/pages\/11125"}],"wp:attachment":[{"href":"https:\/\/woerrlein-naturfoto.de\/wordpress\/wp-json\/wp\/v2\/media?parent=15037"}],"curies":[{"name":"wp","href":"https:\/\/api.w.org\/{rel}","templated":true}]}}