{"id":15033,"date":"2022-07-20T16:27:36","date_gmt":"2022-07-20T14:27:36","guid":{"rendered":"https:\/\/woerrlein-naturfoto.de\/wordpress\/?page_id=15033"},"modified":"2022-07-20T16:35:39","modified_gmt":"2022-07-20T14:35:39","slug":"zahnfluegel-blaeuling","status":"publish","type":"page","link":"https:\/\/woerrlein-naturfoto.de\/wordpress\/blaeulinge-a-z\/zahnfluegel-blaeuling\/","title":{"rendered":"Zahnfl\u00fcgel-Bl\u00e4uling"},"content":{"rendered":"<p><a href=\"http:\/\/woerrlein-naturfoto.de\/wordpress\/insekten\/\"><span style=\"color: #ffff66;\">Insekten<\/span> <\/a>-&gt;<a href=\"http:\/\/woerrlein-naturfoto.de\/wordpress\/hauptseite-insekten\/insekten\/schmetterlinge-2\/\"> <span style=\"color: #ffff66;\">Schmetterlinge<\/span><\/a><br \/>\n<a title=\"Insekten A-Z\" href=\"http:\/\/woerrlein-naturfoto.de\/wordpress\/insekten-a-z\/\">Insekten von A-Z<\/a><br \/>\nzur Galerie <a href=\"https:\/\/woerrlein-naturfoto.de\/wordpress\/hauptseite-insekten\/insekten\/schmetterlinge-2\/blaeulinge\/\">Bl\u00e4ulinge I<\/a><\/p>\n<p><img loading=\"lazy\" decoding=\"async\" class=\"alignleft wp-image-14999\" src=\"https:\/\/woerrlein-naturfoto.de\/wordpress\/wp-content\/uploads\/2019\/10\/Zahnfluegelblaeuling_AW_79545-600x400.jpg\" alt=\"\" width=\"600\" height=\"400\" srcset=\"https:\/\/woerrlein-naturfoto.de\/wordpress\/wp-content\/uploads\/2019\/10\/Zahnfluegelblaeuling_AW_79545-600x400.jpg 600w, https:\/\/woerrlein-naturfoto.de\/wordpress\/wp-content\/uploads\/2019\/10\/Zahnfluegelblaeuling_AW_79545-768x512.jpg 768w, https:\/\/woerrlein-naturfoto.de\/wordpress\/wp-content\/uploads\/2019\/10\/Zahnfluegelblaeuling_AW_79545-120x80.jpg 120w, https:\/\/woerrlein-naturfoto.de\/wordpress\/wp-content\/uploads\/2019\/10\/Zahnfluegelblaeuling_AW_79545.jpg 1000w\" sizes=\"auto, (max-width: 600px) 100vw, 600px\" \/>Der <b>Zahnfl\u00fcgel-Bl\u00e4uling<\/b> (<i>Polyommatus daphnis<\/i>) ist ein Schmetterling (Tagfalter) aus der Familie der Bl\u00e4ulinge. Seinen deutschen Artnamen hat er aufgrund der zahnreihenartigen Ausbuchtungen der Hinterfl\u00fcgelr\u00e4nder bekommen. Der Zahnfl\u00fcgel-Bl\u00e4uling kann von Anf\u00e4ngern durch den gewellten Rand der Hinterfl\u00fcgel f\u00e4lschlicherweise als Zipfelfalter eingeordnet werden, diese haben aber keine Punkte auf der Fl\u00fcgelunterseite.<br \/>\nDas M\u00e4nnchen hat eine Vorderfl\u00fcgell\u00e4nge von 18 bis 19 Millimeter und ist etwas gr\u00f6\u00dfer als das Weibchen. Oberseits sind die Fl\u00fcgel der M\u00e4nnchen hellblau bis t\u00fcrkis mit schmalen schwarzbraunen S\u00e4umen. Die Unterseite ist hellgrau und etwas dunkler auf den Hinterfl\u00fcgeln. Die schwarzen Flecke sind wei\u00df umrandet. Die Zelle des Vorderfl\u00fcgels hat keinen Diskoidalfleck, auf dem Hinterfl\u00fcgel gibt es keine orangen Flecke am Au\u00dfenrand. Die Oberseite der Weibchen ist kr\u00e4ftiger blau mit schwarzem Diskoidalfleck. Am Vorder- und Au\u00dfenrand sind die dunklen S\u00e4ume stark ausgepr\u00e4gt. Die Ausbuchtungen am Hinterfl\u00fcgelrand sind st\u00e4rker ausgepr\u00e4gt. Die Fl\u00fcgelunterseite ist graubraun mit einem wei\u00dfen Wisch und gleicht sonst dem M\u00e4nnchen. Die dunkle Form <i>steeveni<\/i> der Weibchen hat eine graubraune Fl\u00fcgeloberseite und diffus wei\u00dflich oder graubraun begrenzte Flecken.<br \/>\nDer Zahnfl\u00fcgel-Bl\u00e4uling lebt an warmen, bl\u00fctenreichen Stellen und bevorzugt Kalkboden. In Deutschland kommt der Zahnfl\u00fcgel-Bl\u00e4uling vor allem an Muschelkalkh\u00e4ngen und Magerrasen in prim\u00e4ren Sukzessionsstadien vor. Die Raupe ern\u00e4hrt sich von Tragant- und Esparsetten-Arten sowie Bunter Kronwicke.<\/p>\n<p><strong>Flugzeit:<\/strong> \u00a0\u00a0\u00a0 Juni bis August in einer Generation<\/p>\n<p>Zur Galerie <a href=\"https:\/\/woerrlein-naturfoto.de\/wordpress\/hauptseite-insekten\/insekten\/schmetterlinge-2\/blaeulinge\/\">Bl\u00e4ulinge I<\/a><\/p>\n<p>&nbsp;<\/p>\n<p><em>Quelle des Textauszuges und weitere Infos bei <\/em><a href=\"https:\/\/de.wikipedia.org\/wiki\/Zahnfl%C3%BCgel-Bl%C3%A4uling\" target=\"_blank\" rel=\"noopener noreferrer\">Wikipedia<\/a><em> (<\/em><a href=\"http:\/\/www.gnu.org\/licenses\/fdl-1.3.txt\" target=\"_blank\" rel=\"noopener noreferrer\">GNU-Lizenz<\/a><em>)\u2013 mein Dank gilt den <\/em><a href=\"https:\/\/de.wikipedia.org\/w\/index.php?title=Zahnfl%C3%BCgel-Bl%C3%A4uling&amp;action=history\" target=\"_blank\" rel=\"noopener noreferrer\">Autoren<\/a><em>.<\/em><\/p>\n<p>&nbsp;<\/p>\n","protected":false},"excerpt":{"rendered":"<p>Insekten -&gt; Schmetterlinge Insekten von A-Z zur Galerie Bl\u00e4ulinge I Der Zahnfl\u00fcgel-Bl\u00e4uling (Polyommatus daphnis) ist ein Schmetterling (Tagfalter) aus der Familie der Bl\u00e4ulinge. Seinen deutschen Artnamen hat er aufgrund der zahnreihenartigen Ausbuchtungen der Hinterfl\u00fcgelr\u00e4nder bekommen. Der Zahnfl\u00fcgel-Bl\u00e4uling kann von Anf\u00e4ngern durch den gewellten Rand der Hinterfl\u00fcgel f\u00e4lschlicherweise als Zipfelfalter eingeordnet werden, diese haben aber keine &hellip; <a href=\"https:\/\/woerrlein-naturfoto.de\/wordpress\/blaeulinge-a-z\/zahnfluegel-blaeuling\/\" class=\"more-link\"><span class=\"screen-reader-text\">Zahnfl\u00fcgel-Bl\u00e4uling<\/span> weiterlesen <span class=\"meta-nav\">&rarr;<\/span><\/a><\/p>\n","protected":false},"author":1,"featured_media":0,"parent":11125,"menu_order":0,"comment_status":"closed","ping_status":"closed","template":"page-templates\/full-width.php","meta":{"footnotes":""},"class_list":["post-15033","page","type-page","status-publish","hentry"],"_links":{"self":[{"href":"https:\/\/woerrlein-naturfoto.de\/wordpress\/wp-json\/wp\/v2\/pages\/15033","targetHints":{"allow":["GET"]}}],"collection":[{"href":"https:\/\/woerrlein-naturfoto.de\/wordpress\/wp-json\/wp\/v2\/pages"}],"about":[{"href":"https:\/\/woerrlein-naturfoto.de\/wordpress\/wp-json\/wp\/v2\/types\/page"}],"author":[{"embeddable":true,"href":"https:\/\/woerrlein-naturfoto.de\/wordpress\/wp-json\/wp\/v2\/users\/1"}],"replies":[{"embeddable":true,"href":"https:\/\/woerrlein-naturfoto.de\/wordpress\/wp-json\/wp\/v2\/comments?post=15033"}],"version-history":[{"count":3,"href":"https:\/\/woerrlein-naturfoto.de\/wordpress\/wp-json\/wp\/v2\/pages\/15033\/revisions"}],"predecessor-version":[{"id":15036,"href":"https:\/\/woerrlein-naturfoto.de\/wordpress\/wp-json\/wp\/v2\/pages\/15033\/revisions\/15036"}],"up":[{"embeddable":true,"href":"https:\/\/woerrlein-naturfoto.de\/wordpress\/wp-json\/wp\/v2\/pages\/11125"}],"wp:attachment":[{"href":"https:\/\/woerrlein-naturfoto.de\/wordpress\/wp-json\/wp\/v2\/media?parent=15033"}],"curies":[{"name":"wp","href":"https:\/\/api.w.org\/{rel}","templated":true}]}}