{"id":15029,"date":"2022-07-20T15:58:50","date_gmt":"2022-07-20T13:58:50","guid":{"rendered":"https:\/\/woerrlein-naturfoto.de\/wordpress\/?page_id=15029"},"modified":"2022-07-20T16:48:58","modified_gmt":"2022-07-20T14:48:58","slug":"kurzschwaenziger-blaeuling","status":"publish","type":"page","link":"https:\/\/woerrlein-naturfoto.de\/wordpress\/blaeulinge-a-z\/kurzschwaenziger-blaeuling\/","title":{"rendered":"Kurzschw\u00e4nziger Bl\u00e4uling"},"content":{"rendered":"<p><a href=\"http:\/\/woerrlein-naturfoto.de\/wordpress\/insekten\/\"><span style=\"color: #ffff66;\">Insekten<\/span> <\/a>-&gt;<a href=\"http:\/\/woerrlein-naturfoto.de\/wordpress\/hauptseite-insekten\/insekten\/schmetterlinge-2\/\"> <span style=\"color: #ffff66;\">Schmetterlinge<\/span><\/a><br \/>\n<a title=\"Insekten A-Z\" href=\"http:\/\/woerrlein-naturfoto.de\/wordpress\/insekten-a-z\/\">Insekten von A-Z<\/a><br \/>\nzur Galerie <a href=\"https:\/\/woerrlein-naturfoto.de\/wordpress\/hauptseite-insekten\/insekten\/schmetterlinge-2\/blaeulinge\/\">Bl\u00e4ulinge I<\/a><\/p>\n<p><img loading=\"lazy\" decoding=\"async\" class=\"alignleft wp-image-14981\" src=\"https:\/\/woerrlein-naturfoto.de\/wordpress\/wp-content\/uploads\/2019\/10\/Kurzschwaenziger_Blaeuling_AW_64787_6794x4529-600x400.jpg\" alt=\"\" width=\"600\" height=\"400\" srcset=\"https:\/\/woerrlein-naturfoto.de\/wordpress\/wp-content\/uploads\/2019\/10\/Kurzschwaenziger_Blaeuling_AW_64787_6794x4529-600x400.jpg 600w, https:\/\/woerrlein-naturfoto.de\/wordpress\/wp-content\/uploads\/2019\/10\/Kurzschwaenziger_Blaeuling_AW_64787_6794x4529-768x512.jpg 768w, https:\/\/woerrlein-naturfoto.de\/wordpress\/wp-content\/uploads\/2019\/10\/Kurzschwaenziger_Blaeuling_AW_64787_6794x4529-120x80.jpg 120w, https:\/\/woerrlein-naturfoto.de\/wordpress\/wp-content\/uploads\/2019\/10\/Kurzschwaenziger_Blaeuling_AW_64787_6794x4529.jpg 1000w\" sizes=\"auto, (max-width: 600px) 100vw, 600px\" \/>Der <b>Kurzschw\u00e4nzige Bl\u00e4uling<\/b> (<i>Cupido argiades<\/i>) ist ein Schmetterling (Tagfalter) aus der Familie der Bl\u00e4ulinge.<br \/>\nDie Falter erreichen eine Fl\u00fcgelspannweite von 25 bis 35 Millimetern. Der Kurzschw\u00e4nzige Bl\u00e4uling ist damit nach dem <a href=\"https:\/\/woerrlein-naturfoto.de\/wordpress\/blaeulinge-a-z\/zwerg-blaeuling\/\" target=\"_blank\" rel=\"noopener\">Zwergbl\u00e4uling<\/a> der zweitkleinste Bl\u00e4uling in Mitteleuropa. Charakteristisch f\u00fcr die Art sind je ein kurzes Schw\u00e4nzchen an den Hinterfl\u00fcgeln. Die Fl\u00fcgeloberseiten der M\u00e4nnchen sind bl\u00e4ulich violett, die der zweiten Generation sind dunkler und weniger violett gef\u00e4rbt. Die Fl\u00fcgelr\u00e4nder beider Fl\u00fcgelpaare sind schwarz gerandet und kurz, hell gefranst. Die Hinterfl\u00fcgel haben auf den Oberseiten manchmal schwarze Marginalflecken. Die Weibchen haben braungrau gef\u00e4rbte Fl\u00fcgeloberseiten, die meist blauviolett gest\u00e4ubt sind. Auf den Hinterfl\u00fcgeln ist am Ansatz der Schw\u00e4nzchen je ein orangeschwarzer Punkt zu erkennen. Die Fl\u00fcgelunterseiten beider Geschlechter sind gleich gef\u00e4rbt. Sie sind hellgrau gef\u00e4rbt und am Ansatz hellblau gest\u00e4ubt. Auf den Hinterfl\u00fcgelunterseiten sind mehrere schwarze, wei\u00df gerandete Flecken unregelm\u00e4\u00dfig verteilt. Daneben ist, genauso wie auf den Vorderfl\u00fcgelunterseiten, in der Fl\u00fcgelmitte ein kurzer schwarzer Strich erkennbar, der aber auf den Hinterfl\u00fcgeln schmaler ausgebildet ist. Am Fl\u00fcgelrand sind meist nur zwei, manchmal auch schwach ein weiterer, kr\u00e4ftig gef\u00e4rbte orange Flecken mit schwarzem Vorder- und Hinterrand erkennbar. Die restlichen Flecken sind nur durch die schwarzen Bereiche angedeutet.<sup id=\"cite_ref-Tolman\/Lewington_1-0\" class=\"reference\"><\/sup><\/p>\n<p><strong>Flugzeit:<\/strong> \u00a0\u00a0\u00a0 Ende April bis Mitte Juni und Juli bis August, in zwei Generationen.<\/p>\n<p>Zur Galerie <a href=\"https:\/\/woerrlein-naturfoto.de\/wordpress\/hauptseite-insekten\/insekten\/schmetterlinge-2\/blaeulinge\/\">Bl\u00e4ulinge I<\/a><\/p>\n<p><em>Quelle des Textauszuges und weitere Infos bei <\/em><a href=\"https:\/\/de.wikipedia.org\/wiki\/Kurzschw%C3%A4nziger_Bl%C3%A4uling\" target=\"_blank\" rel=\"noopener noreferrer\">Wikipedia<\/a><em> (<\/em><a href=\"http:\/\/www.gnu.org\/licenses\/fdl-1.3.txt\" target=\"_blank\" rel=\"noopener noreferrer\">GNU-Lizenz<\/a><em>)\u2013 mein Dank gilt den <\/em><a href=\"https:\/\/de.wikipedia.org\/w\/index.php?title=Kurzschw%C3%A4nziger_Bl%C3%A4uling&amp;action=history\" target=\"_blank\" rel=\"noopener noreferrer\">Autoren<\/a><em>.<\/em><\/p>\n","protected":false},"excerpt":{"rendered":"<p>Insekten -&gt; Schmetterlinge Insekten von A-Z zur Galerie Bl\u00e4ulinge I Der Kurzschw\u00e4nzige Bl\u00e4uling (Cupido argiades) ist ein Schmetterling (Tagfalter) aus der Familie der Bl\u00e4ulinge. Die Falter erreichen eine Fl\u00fcgelspannweite von 25 bis 35 Millimetern. Der Kurzschw\u00e4nzige Bl\u00e4uling ist damit nach dem Zwergbl\u00e4uling der zweitkleinste Bl\u00e4uling in Mitteleuropa. Charakteristisch f\u00fcr die Art sind je ein kurzes &hellip; <a href=\"https:\/\/woerrlein-naturfoto.de\/wordpress\/blaeulinge-a-z\/kurzschwaenziger-blaeuling\/\" class=\"more-link\"><span class=\"screen-reader-text\">Kurzschw\u00e4nziger Bl\u00e4uling<\/span> weiterlesen <span class=\"meta-nav\">&rarr;<\/span><\/a><\/p>\n","protected":false},"author":1,"featured_media":0,"parent":11125,"menu_order":0,"comment_status":"closed","ping_status":"closed","template":"page-templates\/full-width.php","meta":{"footnotes":""},"class_list":["post-15029","page","type-page","status-publish","hentry"],"_links":{"self":[{"href":"https:\/\/woerrlein-naturfoto.de\/wordpress\/wp-json\/wp\/v2\/pages\/15029","targetHints":{"allow":["GET"]}}],"collection":[{"href":"https:\/\/woerrlein-naturfoto.de\/wordpress\/wp-json\/wp\/v2\/pages"}],"about":[{"href":"https:\/\/woerrlein-naturfoto.de\/wordpress\/wp-json\/wp\/v2\/types\/page"}],"author":[{"embeddable":true,"href":"https:\/\/woerrlein-naturfoto.de\/wordpress\/wp-json\/wp\/v2\/users\/1"}],"replies":[{"embeddable":true,"href":"https:\/\/woerrlein-naturfoto.de\/wordpress\/wp-json\/wp\/v2\/comments?post=15029"}],"version-history":[{"count":4,"href":"https:\/\/woerrlein-naturfoto.de\/wordpress\/wp-json\/wp\/v2\/pages\/15029\/revisions"}],"predecessor-version":[{"id":15039,"href":"https:\/\/woerrlein-naturfoto.de\/wordpress\/wp-json\/wp\/v2\/pages\/15029\/revisions\/15039"}],"up":[{"embeddable":true,"href":"https:\/\/woerrlein-naturfoto.de\/wordpress\/wp-json\/wp\/v2\/pages\/11125"}],"wp:attachment":[{"href":"https:\/\/woerrlein-naturfoto.de\/wordpress\/wp-json\/wp\/v2\/media?parent=15029"}],"curies":[{"name":"wp","href":"https:\/\/api.w.org\/{rel}","templated":true}]}}