{"id":15027,"date":"2022-07-20T15:46:54","date_gmt":"2022-07-20T13:46:54","guid":{"rendered":"https:\/\/woerrlein-naturfoto.de\/wordpress\/?page_id=15027"},"modified":"2022-07-20T15:46:54","modified_gmt":"2022-07-20T13:46:54","slug":"faulbaum-blaeuling","status":"publish","type":"page","link":"https:\/\/woerrlein-naturfoto.de\/wordpress\/blaeulinge-a-z\/faulbaum-blaeuling\/","title":{"rendered":"Faulbaum-Bl\u00e4uling"},"content":{"rendered":"<p><a href=\"http:\/\/woerrlein-naturfoto.de\/wordpress\/insekten\/\"><span style=\"color: #ffff66;\">Insekten<\/span> <\/a>-&gt;<a href=\"http:\/\/woerrlein-naturfoto.de\/wordpress\/hauptseite-insekten\/insekten\/schmetterlinge-2\/\"> <span style=\"color: #ffff66;\">Schmetterlinge<\/span><\/a><br \/>\n<a title=\"Insekten A-Z\" href=\"http:\/\/woerrlein-naturfoto.de\/wordpress\/insekten-a-z\/\">Insekten von A-Z<\/a><br \/>\nzur Galerie <a href=\"https:\/\/woerrlein-naturfoto.de\/wordpress\/hauptseite-insekten\/insekten\/schmetterlinge-2\/blaeulinge\/\">Bl\u00e4ulinge I<\/a><\/p>\n<p><img loading=\"lazy\" decoding=\"async\" class=\"alignleft wp-image-14972\" src=\"https:\/\/woerrlein-naturfoto.de\/wordpress\/wp-content\/uploads\/2019\/10\/Faulbaumblaeling_220628_7580-600x400.jpg\" alt=\"\" width=\"600\" height=\"400\" srcset=\"https:\/\/woerrlein-naturfoto.de\/wordpress\/wp-content\/uploads\/2019\/10\/Faulbaumblaeling_220628_7580-600x400.jpg 600w, https:\/\/woerrlein-naturfoto.de\/wordpress\/wp-content\/uploads\/2019\/10\/Faulbaumblaeling_220628_7580-768x512.jpg 768w, https:\/\/woerrlein-naturfoto.de\/wordpress\/wp-content\/uploads\/2019\/10\/Faulbaumblaeling_220628_7580-120x80.jpg 120w, https:\/\/woerrlein-naturfoto.de\/wordpress\/wp-content\/uploads\/2019\/10\/Faulbaumblaeling_220628_7580.jpg 1000w\" sizes=\"auto, (max-width: 600px) 100vw, 600px\" \/>Der <b>Faulbaum-Bl\u00e4uling<\/b> (<i>Celastrina argiolus<\/i>), der auch <b>Garten-Bl\u00e4uling<\/b> genannt wird, ist ein Schmetterling (Tagfalter) aus der Familie der Bl\u00e4ulinge, der vor allem in Mitteleuropa vertreten ist.<br \/>\nDer Faulbaum-Bl\u00e4uling ist ein kleiner Falter von nur 20 bis 30 Millimetern Fl\u00fcgelspannweite, der zwar in fast allen halboffenen Biotopen, aber immer nur in geringer Dichte angetroffen wird. Sowohl M\u00e4nnchen als auch Weibchen sind blau gef\u00e4rbt. Die blaue F\u00e4rbung der Fl\u00fcgeloberseiten reicht bei den Weibchen jedoch nicht bis zum Fl\u00fcgelrand. Der dunkle Rand auf der Fl\u00fcgeloberseite der Weibchen ist in der zweiten Generation breiter als in der ersten Generation. Unterseits sind die Falter wei\u00dfblau gef\u00e4rbt und zeigen eine unauff\u00e4llige schwarze Zeichnung.<br \/>\nDer Faulbaum-Bl\u00e4uling bevorzugt feuchte bis halbtrockene, eher lichte W\u00e4lder. Der Bewohner vieler unterschiedlicher Lebensr\u00e4ume mit einer Bindung an Laubb\u00e4ume kommt jedoch auch mit eher trockenen Lebensr\u00e4umen wie zum Beispiel Trockenrasen, Heidelandschaften, Parks und G\u00e4rten zurecht. Der Schmetterling wird daher auch Garten-Bl\u00e4uling genannt, auch weil er als Kulturfolger immer h\u00e4ufiger in G\u00e4rten anzutreffen ist.<sup id=\"cite_ref-NBU_2-1\" class=\"reference\"><\/sup><\/p>\n","protected":false},"excerpt":{"rendered":"<p>Insekten -&gt; Schmetterlinge Insekten von A-Z zur Galerie Bl\u00e4ulinge I Der Faulbaum-Bl\u00e4uling (Celastrina argiolus), der auch Garten-Bl\u00e4uling genannt wird, ist ein Schmetterling (Tagfalter) aus der Familie der Bl\u00e4ulinge, der vor allem in Mitteleuropa vertreten ist. Der Faulbaum-Bl\u00e4uling ist ein kleiner Falter von nur 20 bis 30 Millimetern Fl\u00fcgelspannweite, der zwar in fast allen halboffenen Biotopen, &hellip; <a href=\"https:\/\/woerrlein-naturfoto.de\/wordpress\/blaeulinge-a-z\/faulbaum-blaeuling\/\" class=\"more-link\"><span class=\"screen-reader-text\">Faulbaum-Bl\u00e4uling<\/span> weiterlesen <span class=\"meta-nav\">&rarr;<\/span><\/a><\/p>\n","protected":false},"author":1,"featured_media":0,"parent":11125,"menu_order":0,"comment_status":"closed","ping_status":"closed","template":"page-templates\/full-width.php","meta":{"footnotes":""},"class_list":["post-15027","page","type-page","status-publish","hentry"],"_links":{"self":[{"href":"https:\/\/woerrlein-naturfoto.de\/wordpress\/wp-json\/wp\/v2\/pages\/15027","targetHints":{"allow":["GET"]}}],"collection":[{"href":"https:\/\/woerrlein-naturfoto.de\/wordpress\/wp-json\/wp\/v2\/pages"}],"about":[{"href":"https:\/\/woerrlein-naturfoto.de\/wordpress\/wp-json\/wp\/v2\/types\/page"}],"author":[{"embeddable":true,"href":"https:\/\/woerrlein-naturfoto.de\/wordpress\/wp-json\/wp\/v2\/users\/1"}],"replies":[{"embeddable":true,"href":"https:\/\/woerrlein-naturfoto.de\/wordpress\/wp-json\/wp\/v2\/comments?post=15027"}],"version-history":[{"count":1,"href":"https:\/\/woerrlein-naturfoto.de\/wordpress\/wp-json\/wp\/v2\/pages\/15027\/revisions"}],"predecessor-version":[{"id":15028,"href":"https:\/\/woerrlein-naturfoto.de\/wordpress\/wp-json\/wp\/v2\/pages\/15027\/revisions\/15028"}],"up":[{"embeddable":true,"href":"https:\/\/woerrlein-naturfoto.de\/wordpress\/wp-json\/wp\/v2\/pages\/11125"}],"wp:attachment":[{"href":"https:\/\/woerrlein-naturfoto.de\/wordpress\/wp-json\/wp\/v2\/media?parent=15027"}],"curies":[{"name":"wp","href":"https:\/\/api.w.org\/{rel}","templated":true}]}}