{"id":15022,"date":"2022-07-20T15:22:09","date_gmt":"2022-07-20T13:22:09","guid":{"rendered":"https:\/\/woerrlein-naturfoto.de\/wordpress\/?page_id=15022"},"modified":"2022-07-20T15:32:37","modified_gmt":"2022-07-20T13:32:37","slug":"brombeer-zipfelfalter","status":"publish","type":"page","link":"https:\/\/woerrlein-naturfoto.de\/wordpress\/blaeulinge-a-z\/brombeer-zipfelfalter\/","title":{"rendered":"Brombeer-Zipfelfalter"},"content":{"rendered":"<p><a href=\"http:\/\/woerrlein-naturfoto.de\/wordpress\/insekten\/\"><span style=\"color: #ffff66;\">Insekten<\/span> <\/a>-&gt;<a href=\"http:\/\/woerrlein-naturfoto.de\/wordpress\/hauptseite-insekten\/insekten\/schmetterlinge-2\/\"> <span style=\"color: #ffff66;\">Schmetterlinge<\/span><\/a><br \/>\n<a title=\"Insekten A-Z\" href=\"http:\/\/woerrlein-naturfoto.de\/wordpress\/insekten-a-z\/\">Insekten von A-Z<\/a><br \/>\nzur Galerie <a href=\"https:\/\/woerrlein-naturfoto.de\/wordpress\/hauptseite-insekten\/insekten\/schmetterlinge-2\/blaeulinge-ii-feuerfalter-zipfelfalter\/\">Bl\u00e4ulinge II<\/a><\/p>\n<p><img loading=\"lazy\" decoding=\"async\" class=\"alignleft wp-image-14958\" src=\"https:\/\/woerrlein-naturfoto.de\/wordpress\/wp-content\/uploads\/2022\/07\/BrombeerZipfelfalter_AW22401L-267x400.jpg\" alt=\"\" width=\"267\" height=\"400\" srcset=\"https:\/\/woerrlein-naturfoto.de\/wordpress\/wp-content\/uploads\/2022\/07\/BrombeerZipfelfalter_AW22401L-267x400.jpg 267w, https:\/\/woerrlein-naturfoto.de\/wordpress\/wp-content\/uploads\/2022\/07\/BrombeerZipfelfalter_AW22401L.jpg 567w\" sizes=\"auto, (max-width: 267px) 100vw, 267px\" \/>Der <b>Gr\u00fcne Zipfelfalter<\/b> (<i>Callophrys rubi<\/i>), auch <b>Brombeer-Zipfelfalter<\/b> genannt, ist ein Schmetterling (Tagfalter) aus der Familie der Bl\u00e4ulinge. Seinen Namen verdankt er der gr\u00fcnen Unterseite seiner Fl\u00fcgel, durch die er im Bl\u00e4tterwerk sehr gut getarnt ist. Die Arbeitsgemeinschaft Rheinisch-Westf\u00e4lischer Lepidopterologen und die BUND NRW Naturschutzstiftung w\u00e4hlten ihn zum <a title=\"Schmetterling des Jahres\" href=\"https:\/\/de.wikipedia.org\/wiki\/Schmetterling_des_Jahres\" target=\"_blank\" rel=\"noopener\">Schmetterling des Jahres<\/a> 2020.<br \/>\nDie Fl\u00fcgelspannweite der Falter betr\u00e4gt ca. 25 Millimeter. Oberseits sind die Fl\u00fcgel graubraun, auf der grasgr\u00fcnen Fl\u00fcgelunterseite f\u00e4llt eine wei\u00dfe, unterbrochene Linie in der <a title=\"Fl\u00fcgel (Schmetterling)\" href=\"https:\/\/de.wikipedia.org\/wiki\/Fl%C3%BCgel_(Schmetterling)#Regionen\" target=\"_blank\" rel=\"noopener\">Postdiskalregion<\/a> auf. <i>Callophrys rubi<\/i> kann aufgrund seiner markanten Fl\u00fcgelunterseite mit keiner anderen Art verwechselt werden. Auf den Vorderfl\u00fcgeln der M\u00e4nnchen befindet sich ein <a title=\"Duftschuppe\" href=\"https:\/\/de.wikipedia.org\/wiki\/Duftschuppe\" target=\"_blank\" rel=\"noopener\">Duftschuppenfleck<\/a>. Die Fl\u00fcgelr\u00e4nder sind leicht bogig gezahnt und haben wei\u00dfe und braune Fransen. Als Unterscheidungsmerkmal dient die durchgezogene wei\u00dfe Linie auf der Fl\u00fcgelunterseite.<br \/>\nBesiedelt werden trockene, warme Standorte wie Buschland, Heiden, halboffene Wiesen oder Grasland sowie Waldr\u00e4nder. Die Art kommt nur in mageren Lebensr\u00e4umen mit einer Bindung an Geb\u00fcsche vor.<\/p>\n<p><strong>Flugzeit:<\/strong> \u00a0\u00a0\u00a0 Ende M\u00e4rz bis Juni\/Juli, in einer Generation.<\/p>\n<p>Zur Galerie <a href=\"https:\/\/woerrlein-naturfoto.de\/wordpress\/hauptseite-insekten\/insekten\/schmetterlinge-2\/blaeulinge-ii-feuerfalter-zipfelfalter\/\">Bl\u00e4ulinge II<\/a><\/p>\n<p><em>Quelle des Textauszuges und weitere Infos bei <\/em><a href=\"https:\/\/de.wikipedia.org\/wiki\/Gr%C3%BCner_Zipfelfalter\" target=\"_blank\" rel=\"noopener noreferrer\">Wikipedia<\/a><em> (<\/em><a href=\"http:\/\/www.gnu.org\/licenses\/fdl-1.3.txt\" target=\"_blank\" rel=\"noopener noreferrer\">GNU-Lizenz<\/a><em>)\u2013 mein Dank gilt den <\/em><a href=\"https:\/\/de.wikipedia.org\/w\/index.php?title=Gr%C3%BCner_Zipfelfalter&amp;action=history\" target=\"_blank\" rel=\"noopener noreferrer\">Autoren<\/a><em>.<\/em><\/p>\n","protected":false},"excerpt":{"rendered":"<p>Insekten -&gt; Schmetterlinge Insekten von A-Z zur Galerie Bl\u00e4ulinge II Der Gr\u00fcne Zipfelfalter (Callophrys rubi), auch Brombeer-Zipfelfalter genannt, ist ein Schmetterling (Tagfalter) aus der Familie der Bl\u00e4ulinge. Seinen Namen verdankt er der gr\u00fcnen Unterseite seiner Fl\u00fcgel, durch die er im Bl\u00e4tterwerk sehr gut getarnt ist. Die Arbeitsgemeinschaft Rheinisch-Westf\u00e4lischer Lepidopterologen und die BUND NRW Naturschutzstiftung w\u00e4hlten &hellip; <a href=\"https:\/\/woerrlein-naturfoto.de\/wordpress\/blaeulinge-a-z\/brombeer-zipfelfalter\/\" class=\"more-link\"><span class=\"screen-reader-text\">Brombeer-Zipfelfalter<\/span> weiterlesen <span class=\"meta-nav\">&rarr;<\/span><\/a><\/p>\n","protected":false},"author":1,"featured_media":0,"parent":11125,"menu_order":0,"comment_status":"closed","ping_status":"closed","template":"page-templates\/full-width.php","meta":{"footnotes":""},"class_list":["post-15022","page","type-page","status-publish","hentry"],"_links":{"self":[{"href":"https:\/\/woerrlein-naturfoto.de\/wordpress\/wp-json\/wp\/v2\/pages\/15022","targetHints":{"allow":["GET"]}}],"collection":[{"href":"https:\/\/woerrlein-naturfoto.de\/wordpress\/wp-json\/wp\/v2\/pages"}],"about":[{"href":"https:\/\/woerrlein-naturfoto.de\/wordpress\/wp-json\/wp\/v2\/types\/page"}],"author":[{"embeddable":true,"href":"https:\/\/woerrlein-naturfoto.de\/wordpress\/wp-json\/wp\/v2\/users\/1"}],"replies":[{"embeddable":true,"href":"https:\/\/woerrlein-naturfoto.de\/wordpress\/wp-json\/wp\/v2\/comments?post=15022"}],"version-history":[{"count":4,"href":"https:\/\/woerrlein-naturfoto.de\/wordpress\/wp-json\/wp\/v2\/pages\/15022\/revisions"}],"predecessor-version":[{"id":15026,"href":"https:\/\/woerrlein-naturfoto.de\/wordpress\/wp-json\/wp\/v2\/pages\/15022\/revisions\/15026"}],"up":[{"embeddable":true,"href":"https:\/\/woerrlein-naturfoto.de\/wordpress\/wp-json\/wp\/v2\/pages\/11125"}],"wp:attachment":[{"href":"https:\/\/woerrlein-naturfoto.de\/wordpress\/wp-json\/wp\/v2\/media?parent=15022"}],"curies":[{"name":"wp","href":"https:\/\/api.w.org\/{rel}","templated":true}]}}