{"id":15005,"date":"2022-07-20T15:05:42","date_gmt":"2022-07-20T13:05:42","guid":{"rendered":"https:\/\/woerrlein-naturfoto.de\/wordpress\/?page_id=15005"},"modified":"2022-07-20T15:06:50","modified_gmt":"2022-07-20T13:06:50","slug":"kleiner-schlehen-zipfelfalter","status":"publish","type":"page","link":"https:\/\/woerrlein-naturfoto.de\/wordpress\/blaeulinge-a-z\/kleiner-schlehen-zipfelfalter\/","title":{"rendered":"Kleiner Schlehen-Zipfelfalter"},"content":{"rendered":"<p><a href=\"http:\/\/woerrlein-naturfoto.de\/wordpress\/insekten\/\"><span style=\"color: #ffff66;\">Insekten<\/span> <\/a>-&gt;<a href=\"http:\/\/woerrlein-naturfoto.de\/wordpress\/hauptseite-insekten\/insekten\/schmetterlinge-2\/\"> <span style=\"color: #ffff66;\">Schmetterlinge<\/span><\/a><br \/>\n<a title=\"Insekten A-Z\" href=\"http:\/\/woerrlein-naturfoto.de\/wordpress\/insekten-a-z\/\">Insekten von A-Z<\/a><br \/>\nzur Galerie <a href=\"https:\/\/woerrlein-naturfoto.de\/wordpress\/hauptseite-insekten\/insekten\/schmetterlinge-2\/blaeulinge-ii-feuerfalter-zipfelfalter\/\">Bl\u00e4ulinge II<\/a><\/p>\n<p><img loading=\"lazy\" decoding=\"async\" class=\"alignleft wp-image-14960\" src=\"https:\/\/woerrlein-naturfoto.de\/wordpress\/wp-content\/uploads\/2022\/07\/KleinerSchlehenzipfelfalter_220704_7875-600x400.jpg\" alt=\"\" width=\"600\" height=\"400\" srcset=\"https:\/\/woerrlein-naturfoto.de\/wordpress\/wp-content\/uploads\/2022\/07\/KleinerSchlehenzipfelfalter_220704_7875-600x400.jpg 600w, https:\/\/woerrlein-naturfoto.de\/wordpress\/wp-content\/uploads\/2022\/07\/KleinerSchlehenzipfelfalter_220704_7875-768x512.jpg 768w, https:\/\/woerrlein-naturfoto.de\/wordpress\/wp-content\/uploads\/2022\/07\/KleinerSchlehenzipfelfalter_220704_7875-120x80.jpg 120w, https:\/\/woerrlein-naturfoto.de\/wordpress\/wp-content\/uploads\/2022\/07\/KleinerSchlehenzipfelfalter_220704_7875.jpg 1000w\" sizes=\"auto, (max-width: 600px) 100vw, 600px\" \/>Der <b>Kleine Schlehen-Zipfelfalter<\/b> (<i>Satyrium acaciae<\/i>), auch <b>Kr\u00fcppelschlehen-Zipfelfalter<\/b> oder <b>Akazien-Zipfelfalter<\/b> genannt, ist ein Schmetterling (Tagfalter) aus der Familie der Bl\u00e4ulinge.<br \/>\nDer Name kommt von der alten Bezeichnung der Schlehe als \u201eechte Akazie\u201c, mit den heute als Akazien bekannten Baumart hat der Falter nichts zu tun. Oberseits sind die Fl\u00fcgel dunkelgraubraun mit schwachen orangen Flecken im <a title=\"Fl\u00fcgel (Schmetterling)\" href=\"https:\/\/de.wikipedia.org\/wiki\/Fl%C3%BCgel_(Schmetterling)#R\u00e4nder\" target=\"_blank\" rel=\"noopener\">Analwinkel<\/a>. Das Weibchen ist gr\u00f6\u00dfer als das M\u00e4nnchen, die orangen Flecken sind deutlicher ausgepr\u00e4gt. Auf der graubraunen Fl\u00fcgelunterseite f\u00e4llt eine wei\u00dfe, unterbrochene Linie in der <a title=\"Fl\u00fcgel (Schmetterling)\" href=\"https:\/\/de.wikipedia.org\/wiki\/Fl%C3%BCgel_(Schmetterling)#Regionen\" target=\"_blank\" rel=\"noopener\">Postdiskalregion<\/a> auf, sowie eine nach oben auslaufende orange Submarginalbinde, in der unterhalb des namensgebenden Fl\u00fcgelfortsatzes, dem \u201eZipfel\u201c, ein kleiner Silberfleck zu sehen ist. In der Diskal- und <a title=\"Fl\u00fcgel (Schmetterling)\" href=\"https:\/\/de.wikipedia.org\/wiki\/Fl%C3%BCgel_(Schmetterling)#Regionen\" target=\"_blank\" rel=\"noopener\">Basalregion<\/a> finden sich keine Punkte oder Zeichnung, sondern lediglich eine schwache hellgraue Beschuppung. Der Kleine Schlehen-Zipfelfalter kann mit anderen Zipfelfaltern verwechselt werden, die Unterschiede sind jedoch eindeutig und lassen einen fotografischen Nachweis zu.<\/p>\n<p><strong>Flugzeit:<\/strong> \u00a0\u00a0\u00a0 Ende Juni bis Juli, in einer Generation.<\/p>\n<p>Zur Galerie <a href=\"https:\/\/woerrlein-naturfoto.de\/wordpress\/hauptseite-insekten\/insekten\/schmetterlinge-2\/blaeulinge-ii-feuerfalter-zipfelfalter\/\">Bl\u00e4ulinge II<\/a><\/p>\n<p><em>Quelle des Textauszuges und weitere Infos bei <\/em><a href=\"https:\/\/de.wikipedia.org\/wiki\/Kleiner_Schlehen-Zipfelfalter\" target=\"_blank\" rel=\"noopener noreferrer\">Wikipedia<\/a><em> (<\/em><a href=\"http:\/\/www.gnu.org\/licenses\/fdl-1.3.txt\" target=\"_blank\" rel=\"noopener noreferrer\">GNU-Lizenz<\/a><em>)\u2013 mein Dank gilt den <\/em><a href=\"https:\/\/de.wikipedia.org\/w\/index.php?title=Kleiner_Schlehen-Zipfelfalter&amp;action=history\" target=\"_blank\" rel=\"noopener noreferrer\">Autoren<\/a><em>.<\/em><\/p>\n","protected":false},"excerpt":{"rendered":"<p>Insekten -&gt; Schmetterlinge Insekten von A-Z zur Galerie Bl\u00e4ulinge II Der Kleine Schlehen-Zipfelfalter (Satyrium acaciae), auch Kr\u00fcppelschlehen-Zipfelfalter oder Akazien-Zipfelfalter genannt, ist ein Schmetterling (Tagfalter) aus der Familie der Bl\u00e4ulinge. Der Name kommt von der alten Bezeichnung der Schlehe als \u201eechte Akazie\u201c, mit den heute als Akazien bekannten Baumart hat der Falter nichts zu tun. Oberseits &hellip; <a href=\"https:\/\/woerrlein-naturfoto.de\/wordpress\/blaeulinge-a-z\/kleiner-schlehen-zipfelfalter\/\" class=\"more-link\"><span class=\"screen-reader-text\">Kleiner Schlehen-Zipfelfalter<\/span> weiterlesen <span class=\"meta-nav\">&rarr;<\/span><\/a><\/p>\n","protected":false},"author":1,"featured_media":0,"parent":11125,"menu_order":0,"comment_status":"closed","ping_status":"closed","template":"page-templates\/full-width.php","meta":{"footnotes":""},"class_list":["post-15005","page","type-page","status-publish","hentry"],"_links":{"self":[{"href":"https:\/\/woerrlein-naturfoto.de\/wordpress\/wp-json\/wp\/v2\/pages\/15005","targetHints":{"allow":["GET"]}}],"collection":[{"href":"https:\/\/woerrlein-naturfoto.de\/wordpress\/wp-json\/wp\/v2\/pages"}],"about":[{"href":"https:\/\/woerrlein-naturfoto.de\/wordpress\/wp-json\/wp\/v2\/types\/page"}],"author":[{"embeddable":true,"href":"https:\/\/woerrlein-naturfoto.de\/wordpress\/wp-json\/wp\/v2\/users\/1"}],"replies":[{"embeddable":true,"href":"https:\/\/woerrlein-naturfoto.de\/wordpress\/wp-json\/wp\/v2\/comments?post=15005"}],"version-history":[{"count":2,"href":"https:\/\/woerrlein-naturfoto.de\/wordpress\/wp-json\/wp\/v2\/pages\/15005\/revisions"}],"predecessor-version":[{"id":15009,"href":"https:\/\/woerrlein-naturfoto.de\/wordpress\/wp-json\/wp\/v2\/pages\/15005\/revisions\/15009"}],"up":[{"embeddable":true,"href":"https:\/\/woerrlein-naturfoto.de\/wordpress\/wp-json\/wp\/v2\/pages\/11125"}],"wp:attachment":[{"href":"https:\/\/woerrlein-naturfoto.de\/wordpress\/wp-json\/wp\/v2\/media?parent=15005"}],"curies":[{"name":"wp","href":"https:\/\/api.w.org\/{rel}","templated":true}]}}