{"id":14701,"date":"2022-01-31T13:54:10","date_gmt":"2022-01-31T12:54:10","guid":{"rendered":"https:\/\/woerrlein-naturfoto.de\/wordpress\/?page_id=14701"},"modified":"2025-01-09T15:49:44","modified_gmt":"2025-01-09T14:49:44","slug":"zwergsaeger","status":"publish","type":"page","link":"https:\/\/woerrlein-naturfoto.de\/wordpress\/saeger-a-z\/zwergsaeger\/","title":{"rendered":"Zwergs\u00e4ger"},"content":{"rendered":"<p><span style=\"color: #ffff00;\"><a style=\"color: #ffff00;\" href=\"http:\/\/woerrlein-naturfoto.de\/wordpress\/voegel\/\">V\u00f6gel <\/a><\/span>-&gt;<span style=\"color: #ffff00;\"><a style=\"color: #ffff00;\" href=\"http:\/\/woerrlein-naturfoto.de\/wordpress\/hauptseite-voegel\/voegel\/gaensevoegel-2\/\"> G\u00e4nsev\u00f6gel <\/a><\/span>-&gt;<span style=\"color: #ffff00;\"><a style=\"color: #ffff00;\" href=\"http:\/\/woerrlein-naturfoto.de\/wordpress\/hauptseite-voegel\/voegel\/saeger\/\"> S\u00e4ger<\/a><\/span><br \/>\n<a title=\"V\u00f6gel von A-Z\" href=\"http:\/\/woerrlein-naturfoto.de\/wordpress\/voegel\/voegel_von_a-z\/\">V\u00f6gel von A-Z<\/a><br \/>\nZur Galerie <a title=\"S\u00e4ger\" href=\"http:\/\/woerrlein-naturfoto.de\/wordpress\/hauptseite-voegel\/voegel\/saeger\/\">S\u00e4ger<\/a><\/p>\n<p><img loading=\"lazy\" decoding=\"async\" class=\"alignleft wp-image-19511\" src=\"https:\/\/woerrlein-naturfoto.de\/wordpress\/wp-content\/uploads\/2014\/12\/Zwergsaeger_241124_6743.jpg\" alt=\"\" width=\"600\" height=\"400\" srcset=\"https:\/\/woerrlein-naturfoto.de\/wordpress\/wp-content\/uploads\/2014\/12\/Zwergsaeger_241124_6743.jpg 1000w, https:\/\/woerrlein-naturfoto.de\/wordpress\/wp-content\/uploads\/2014\/12\/Zwergsaeger_241124_6743-600x400.jpg 600w, https:\/\/woerrlein-naturfoto.de\/wordpress\/wp-content\/uploads\/2014\/12\/Zwergsaeger_241124_6743-768x512.jpg 768w, https:\/\/woerrlein-naturfoto.de\/wordpress\/wp-content\/uploads\/2014\/12\/Zwergsaeger_241124_6743-120x80.jpg 120w\" sizes=\"auto, (max-width: 600px) 100vw, 600px\" \/>Der <b>Zwergs\u00e4ger<\/b> (<i>Mergellus albellus<\/i>) ist eine kleine, in Nordeuropa und Nordasien beheimatete S\u00e4gerart aus der Familie der Entenv\u00f6gel (Anatidae). Der Zwergs\u00e4ger ist nahe mit der <a href=\"https:\/\/woerrlein-naturfoto.de\/wordpress\/meeresenten-a-z\/schellente\/\" target=\"_blank\" rel=\"noopener\">Schellente<\/a> (<i>Bucephala clangula<\/i>) verwandt, was auch daran zu erkennen ist, dass beide Arten miteinander hybridisieren. In Mitteleuropa ist der Zwergs\u00e4ger von Oktober bis April regelm\u00e4\u00dfiger Wintergast und dann h\u00e4ufig mit Schellenten vergesellschaftet. Die wichtigsten winterlichen Rastpl\u00e4tze liegen an der K\u00fcste. Im Binnenland ist er wesentlich seltener zu sehen.<br \/>\nM\u00e4nnchen und Weibchen des Zwergs\u00e4gers haben deutlich unterschiedliches Gefieder. Das Federkleid des M\u00e4nnchens ist wei\u00df mit feinen schwarzen Strichen. Das M\u00e4nnchen hat noch einen schwarzen Gesichtsfleck und die Federhaube ist aufrichtbar. Auff\u00e4llig ist der schwarze Fleck zwischen Schnabel und Auge. Der R\u00fccken ist mitunter schwarz. Im Ruhekleid \u00e4hnelt der Erpel den Weibchen. Der R\u00fccken ist allerdings schwarz und er ist deutlich gr\u00f6\u00dfer und f\u00fclliger als die Weibchen. M\u00e4nnchen k\u00f6nnen au\u00dferdem an ihrem gr\u00f6\u00dferen Schnabel identifiziert werden.<br \/>\nDas Zwergs\u00e4gerweibchen hingegen ist schlichter gef\u00e4rbt und hat deutlich kleinere Haubenfedern. Ihr R\u00fccken ist dunkelgrau, die Flanken sind etwas heller. Der Kopf und die Halsseiten sind rotbraun.<br \/>\nJungv\u00f6gel zeigen einen br\u00e4unlichwei\u00dfen Fl\u00fcgelfleck und zimtbraunen statt schwarzbraunen Z\u00fcgel (zwischen Auge und Schnabelbasis). Kinn und Kehle sind wei\u00df. Die Rumpffedern sind br\u00e4unlichgrau und heller ges\u00e4umt als bei adulten V\u00f6geln. Die K\u00fcken sind in ihrer F\u00e4rbung von Schellenten fast nicht unterscheidbar. Sie sind jedoch von geringerer Gr\u00f6\u00dfe und haben bereits den typischen S\u00e4ger-Schnabel.<br \/>\nDie Nahrung besteht in den Wintermonaten fast ausschlie\u00dflich aus 8\u201312 cm langen Fischen. Im Sommer ern\u00e4hren Zwergs\u00e4ger sich au\u00dfer von Fischen auch noch von Wasserinsekten und deren Larven und nehmen als Beikost Fr\u00f6sche, Krebse, W\u00fcrmer und Pflanzenteile auf; darin unterscheiden sie sich von ihren gro\u00dfen Verwandten <a href=\"https:\/\/woerrlein-naturfoto.de\/wordpress\/saeger-a-z\/mittelsaeger-2\/\" target=\"_blank\" rel=\"noopener\">Mittels\u00e4ger<\/a> und <a href=\"https:\/\/woerrlein-naturfoto.de\/wordpress\/saeger-a-z\/gaensesaeger\/\" target=\"_blank\" rel=\"noopener\">G\u00e4nses\u00e4ger<\/a>.<\/p>\n<p>L\u00e4nge: 38-44 cm\u00a0\u00a0 Spannweite: 55-70 cm\u00a0\u00a0 Gewicht: 600-900 g Gelege: 7-9 Eier<\/p>\n<p>zur Galerie <a title=\"S\u00e4ger\" href=\"http:\/\/woerrlein-naturfoto.de\/wordpress\/hauptseite-voegel\/voegel\/saeger\/\">S\u00e4ger<\/a><\/p>\n<p>&nbsp;<\/p>\n<p><em>Quelle des Textauszuges und weitere Infos bei <\/em><a href=\"https:\/\/de.wikipedia.org\/wiki\/Zwergs%C3%A4ger\" target=\"_blank\" rel=\"noopener\">Wikipedia<\/a> <em>(<\/em><a href=\"http:\/\/www.gnu.org\/licenses\/fdl-1.3.txt\" target=\"_blank\" rel=\"noopener\">GNU-Lizenz<\/a><em>)<\/em> \u2013 <em>mein Dank gilt den<\/em> <a href=\"https:\/\/de.wikipedia.org\/w\/index.php?title=Zwergs%C3%A4ger&amp;action=history\" target=\"_blank\" rel=\"noopener\">Autoren<\/a>.<\/p>\n","protected":false},"excerpt":{"rendered":"<p>V\u00f6gel -&gt; G\u00e4nsev\u00f6gel -&gt; S\u00e4ger V\u00f6gel von A-Z Zur Galerie S\u00e4ger Der Zwergs\u00e4ger (Mergellus albellus) ist eine kleine, in Nordeuropa und Nordasien beheimatete S\u00e4gerart aus der Familie der Entenv\u00f6gel (Anatidae). Der Zwergs\u00e4ger ist nahe mit der Schellente (Bucephala clangula) verwandt, was auch daran zu erkennen ist, dass beide Arten miteinander hybridisieren. In Mitteleuropa ist der &hellip; <a href=\"https:\/\/woerrlein-naturfoto.de\/wordpress\/saeger-a-z\/zwergsaeger\/\" class=\"more-link\"><span class=\"screen-reader-text\">Zwergs\u00e4ger<\/span> weiterlesen <span class=\"meta-nav\">&rarr;<\/span><\/a><\/p>\n","protected":false},"author":1,"featured_media":0,"parent":3076,"menu_order":0,"comment_status":"closed","ping_status":"closed","template":"page-templates\/full-width.php","meta":{"footnotes":""},"class_list":["post-14701","page","type-page","status-publish","hentry"],"_links":{"self":[{"href":"https:\/\/woerrlein-naturfoto.de\/wordpress\/wp-json\/wp\/v2\/pages\/14701","targetHints":{"allow":["GET"]}}],"collection":[{"href":"https:\/\/woerrlein-naturfoto.de\/wordpress\/wp-json\/wp\/v2\/pages"}],"about":[{"href":"https:\/\/woerrlein-naturfoto.de\/wordpress\/wp-json\/wp\/v2\/types\/page"}],"author":[{"embeddable":true,"href":"https:\/\/woerrlein-naturfoto.de\/wordpress\/wp-json\/wp\/v2\/users\/1"}],"replies":[{"embeddable":true,"href":"https:\/\/woerrlein-naturfoto.de\/wordpress\/wp-json\/wp\/v2\/comments?post=14701"}],"version-history":[{"count":12,"href":"https:\/\/woerrlein-naturfoto.de\/wordpress\/wp-json\/wp\/v2\/pages\/14701\/revisions"}],"predecessor-version":[{"id":19546,"href":"https:\/\/woerrlein-naturfoto.de\/wordpress\/wp-json\/wp\/v2\/pages\/14701\/revisions\/19546"}],"up":[{"embeddable":true,"href":"https:\/\/woerrlein-naturfoto.de\/wordpress\/wp-json\/wp\/v2\/pages\/3076"}],"wp:attachment":[{"href":"https:\/\/woerrlein-naturfoto.de\/wordpress\/wp-json\/wp\/v2\/media?parent=14701"}],"curies":[{"name":"wp","href":"https:\/\/api.w.org\/{rel}","templated":true}]}}