{"id":14640,"date":"2022-01-09T15:09:33","date_gmt":"2022-01-09T14:09:33","guid":{"rendered":"https:\/\/woerrlein-naturfoto.de\/wordpress\/?page_id=14640"},"modified":"2022-01-09T15:21:05","modified_gmt":"2022-01-09T14:21:05","slug":"eisente","status":"publish","type":"page","link":"https:\/\/woerrlein-naturfoto.de\/wordpress\/meeresenten-a-z\/eisente\/","title":{"rendered":"Eisente"},"content":{"rendered":"<p><span style=\"color: #ffff00;\"><a style=\"color: #ffff00;\" href=\"http:\/\/woerrlein-naturfoto.de\/wordpress\/voegel\/\">V\u00f6gel <\/a><\/span>-&gt;<span style=\"color: #ffff00;\"><a style=\"color: #ffff00;\" href=\"http:\/\/woerrlein-naturfoto.de\/wordpress\/hauptseite-voegel\/voegel\/gaensevoegel-2\/\"> G\u00e4nsev\u00f6gel <\/a><\/span>-&gt;<span style=\"color: #ffff00;\"><a style=\"color: #ffff00;\" href=\"https:\/\/woerrlein-naturfoto.de\/wordpress\/hauptseite-voegel\/voegel\/gaensevoegel-2\/meeresenten\/\"> Meeresenten<\/a><\/span><br \/>\n<a href=\"http:\/\/woerrlein-naturfoto.de\/wordpress\/voegel_von_a-z\/\">V\u00f6gel von A-Z<\/a><br \/>\nzur Galerie <a title=\"Meeresenten\" href=\"http:\/\/woerrlein-naturfoto.de\/wordpress\/hauptseite-voegel\/voegel\/gaensevoegel-2\/meeresenten\/\">Meeresenten<\/a><\/p>\n<p><img loading=\"lazy\" decoding=\"async\" class=\"alignleft wp-image-14601\" src=\"https:\/\/woerrlein-naturfoto.de\/wordpress\/wp-content\/uploads\/2014\/12\/Eisente_RP_04702-600x400.jpg\" alt=\"\" width=\"600\" height=\"400\" srcset=\"https:\/\/woerrlein-naturfoto.de\/wordpress\/wp-content\/uploads\/2014\/12\/Eisente_RP_04702-600x400.jpg 600w, https:\/\/woerrlein-naturfoto.de\/wordpress\/wp-content\/uploads\/2014\/12\/Eisente_RP_04702-768x512.jpg 768w, https:\/\/woerrlein-naturfoto.de\/wordpress\/wp-content\/uploads\/2014\/12\/Eisente_RP_04702-120x80.jpg 120w, https:\/\/woerrlein-naturfoto.de\/wordpress\/wp-content\/uploads\/2014\/12\/Eisente_RP_04702.jpg 1000w\" sizes=\"auto, (max-width: 600px) 100vw, 600px\" \/>Die <b>Eisente<\/b> (<i>Clangula hyemalis<\/i>) ist eine monotypische Art, die zur Familie der Entenv\u00f6gel geh\u00f6rt. Sie ist die kleinste der Tauchenten und wird der Gruppe der Meerenten zugerechnet. Sie nimmt aber innerhalb dieser Gruppe eine Sonderstellung ein, weil sie sich sowohl morphologisch als auch anatomisch von den anderen Arten unterscheidet. Zu den ungew\u00f6hnlichen Eigenschaften dieser im hohen Norden verbreiteten Art z\u00e4hlt, dass sie dreimal im Jahr ihr Gefieder wechselt.<br \/>\nDie Eisente z\u00e4hlt zu den zahlreichsten Enten der arktischen Fauna und galt bis vor kurzem als nicht gef\u00e4hrdet. Etwa f\u00fcnf Millionen Eisenten lebten in Westrussland und dreimal so viele in ihrem \u00fcbrigen Verbreitungsgebiet.<sup id=\"cite_ref-1\" class=\"reference\"> <\/sup>Allerdings erleidet die Art vor allem in Europa seit rund zwei Jahrzehnten einen deutlichen Bestandsr\u00fcckgang und wurde daher von der IUCN im Jahr 2012 erstmals als gef\u00e4hrdet (vulnerable) eingestuft. Unter allen <a title=\"Anatinae\" href=\"https:\/\/de.wikipedia.org\/wiki\/Anatinae\" target=\"_blank\" rel=\"noopener\">Anatinae<\/a> hat sie das n\u00f6rdlichste Brutgebiet. In Europa ist sie w\u00e4hrend des Winterhalbjahrs ein zahlreicher Gast an der Ostseek\u00fcste. Zur Zugzeit l\u00e4sst sie sich etwa im estnischen Matsalu-Nationalpark mit mehr als einer Million Individuen gut beobachten. An der Nordsee kommt sie zahlenm\u00e4\u00dfig deutlich weniger h\u00e4ufig vor. Nur einzelne Eisenten tauchen unregelm\u00e4\u00dfig im Binnenland auf.<br \/>\nDie Eisente ist ein sehr guter Taucher, die ihre Nahrung gew\u00f6hnlich in einer Gew\u00e4ssertiefe von drei bis 10 Metern sucht. Sie ist aber in der Lage, f\u00fcnfzig bis 60 Meter zu erreichen, au\u00dferdem kann sie auch\u00a0 direkt aus dem Flug heraus tauchen. Sie frisst \u00fcberwiegend Schalentiere sowie Weichtiere und Fische. Sie frisst grunds\u00e4tzlich kleinere Nahrung als die anderen n\u00f6rdlichen Meerenten. Eine gewisse Nahrungskonkurrenz kann jedoch zur <a title=\"Kragenente\" href=\"https:\/\/de.wikipedia.org\/wiki\/Kragenente\" target=\"_blank\" rel=\"noopener\">Kragenente<\/a> bestehen.<\/p>\n<p>L\u00e4nge: 40-47 cm\u00a0\u00a0 Spannweite: 73-79 cm\u00a0\u00a0 Gewicht: 600-800 g\u00a0\u00a0 Gelege: 6-9 Eier<\/p>\n<p>zur Galerie <a title=\"Meeresenten\" href=\"http:\/\/woerrlein-naturfoto.de\/wordpress\/hauptseite-voegel\/voegel\/gaensevoegel-2\/meeresenten\/\">Meeresenten<\/a><code><br \/>\n<\/code><\/p>\n<p><em>Quelle des Textauszuges und weitere Infos bei <\/em><a href=\"https:\/\/de.wikipedia.org\/wiki\/Eisente\" target=\"_blank\" rel=\"noopener\">Wikipedia<\/a> <em>(<\/em><a href=\"http:\/\/www.gnu.org\/licenses\/fdl-1.3.txt\" target=\"_blank\" rel=\"noopener\">GNU-Lizenz<\/a><em>)<\/em> \u2013 <em>mein Dank gilt den<\/em> <a href=\"https:\/\/de.wikipedia.org\/w\/index.php?title=Eisente&amp;action=history\" target=\"_blank\" rel=\"noopener\">Autoren<\/a>.<\/p>\n","protected":false},"excerpt":{"rendered":"<p>V\u00f6gel -&gt; G\u00e4nsev\u00f6gel -&gt; Meeresenten V\u00f6gel von A-Z zur Galerie Meeresenten Die Eisente (Clangula hyemalis) ist eine monotypische Art, die zur Familie der Entenv\u00f6gel geh\u00f6rt. Sie ist die kleinste der Tauchenten und wird der Gruppe der Meerenten zugerechnet. Sie nimmt aber innerhalb dieser Gruppe eine Sonderstellung ein, weil sie sich sowohl morphologisch als auch anatomisch &hellip; <a href=\"https:\/\/woerrlein-naturfoto.de\/wordpress\/meeresenten-a-z\/eisente\/\" class=\"more-link\"><span class=\"screen-reader-text\">Eisente<\/span> weiterlesen <span class=\"meta-nav\">&rarr;<\/span><\/a><\/p>\n","protected":false},"author":1,"featured_media":0,"parent":2296,"menu_order":0,"comment_status":"closed","ping_status":"closed","template":"page-templates\/full-width.php","meta":{"footnotes":""},"class_list":["post-14640","page","type-page","status-publish","hentry"],"_links":{"self":[{"href":"https:\/\/woerrlein-naturfoto.de\/wordpress\/wp-json\/wp\/v2\/pages\/14640","targetHints":{"allow":["GET"]}}],"collection":[{"href":"https:\/\/woerrlein-naturfoto.de\/wordpress\/wp-json\/wp\/v2\/pages"}],"about":[{"href":"https:\/\/woerrlein-naturfoto.de\/wordpress\/wp-json\/wp\/v2\/types\/page"}],"author":[{"embeddable":true,"href":"https:\/\/woerrlein-naturfoto.de\/wordpress\/wp-json\/wp\/v2\/users\/1"}],"replies":[{"embeddable":true,"href":"https:\/\/woerrlein-naturfoto.de\/wordpress\/wp-json\/wp\/v2\/comments?post=14640"}],"version-history":[{"count":6,"href":"https:\/\/woerrlein-naturfoto.de\/wordpress\/wp-json\/wp\/v2\/pages\/14640\/revisions"}],"predecessor-version":[{"id":14646,"href":"https:\/\/woerrlein-naturfoto.de\/wordpress\/wp-json\/wp\/v2\/pages\/14640\/revisions\/14646"}],"up":[{"embeddable":true,"href":"https:\/\/woerrlein-naturfoto.de\/wordpress\/wp-json\/wp\/v2\/pages\/2296"}],"wp:attachment":[{"href":"https:\/\/woerrlein-naturfoto.de\/wordpress\/wp-json\/wp\/v2\/media?parent=14640"}],"curies":[{"name":"wp","href":"https:\/\/api.w.org\/{rel}","templated":true}]}}