{"id":14623,"date":"2022-01-09T14:40:49","date_gmt":"2022-01-09T13:40:49","guid":{"rendered":"https:\/\/woerrlein-naturfoto.de\/wordpress\/?page_id=14623"},"modified":"2022-01-09T15:24:08","modified_gmt":"2022-01-09T14:24:08","slug":"trauerente","status":"publish","type":"page","link":"https:\/\/woerrlein-naturfoto.de\/wordpress\/meeresenten-a-z\/trauerente\/","title":{"rendered":"Trauerente"},"content":{"rendered":"<p><span style=\"color: #ffff00;\"><a style=\"color: #ffff00;\" href=\"http:\/\/woerrlein-naturfoto.de\/wordpress\/voegel\/\">V\u00f6gel <\/a><\/span>-&gt;<span style=\"color: #ffff00;\"><a style=\"color: #ffff00;\" href=\"http:\/\/woerrlein-naturfoto.de\/wordpress\/hauptseite-voegel\/voegel\/gaensevoegel-2\/\"> G\u00e4nsev\u00f6gel <\/a><\/span>-&gt;<span style=\"color: #ffff00;\"><a style=\"color: #ffff00;\" href=\"https:\/\/woerrlein-naturfoto.de\/wordpress\/hauptseite-voegel\/voegel\/gaensevoegel-2\/meeresenten\/\"> Meeresenten<\/a><\/span><br \/>\n<a href=\"http:\/\/woerrlein-naturfoto.de\/wordpress\/voegel_von_a-z\/\">V\u00f6gel von A-Z<\/a><br \/>\nzur Galerie <a title=\"Meeresenten\" href=\"http:\/\/woerrlein-naturfoto.de\/wordpress\/hauptseite-voegel\/voegel\/gaensevoegel-2\/meeresenten\/\">Meeresenten<\/a><\/p>\n<p><img loading=\"lazy\" decoding=\"async\" class=\"alignleft wp-image-14611\" src=\"https:\/\/woerrlein-naturfoto.de\/wordpress\/wp-content\/uploads\/2014\/12\/Trauerente_211009_6449-600x400.jpg\" alt=\"\" width=\"600\" height=\"400\" srcset=\"https:\/\/woerrlein-naturfoto.de\/wordpress\/wp-content\/uploads\/2014\/12\/Trauerente_211009_6449-600x400.jpg 600w, https:\/\/woerrlein-naturfoto.de\/wordpress\/wp-content\/uploads\/2014\/12\/Trauerente_211009_6449-768x512.jpg 768w, https:\/\/woerrlein-naturfoto.de\/wordpress\/wp-content\/uploads\/2014\/12\/Trauerente_211009_6449-120x80.jpg 120w, https:\/\/woerrlein-naturfoto.de\/wordpress\/wp-content\/uploads\/2014\/12\/Trauerente_211009_6449.jpg 1000w\" sizes=\"auto, (max-width: 600px) 100vw, 600px\" \/>Die <b>Trauerente<\/b> oder <b>Atlantische Trauerente<\/b> (<i>Melanitta nigra<\/i>) ist ein Entenvogel aus der Gattung der Meerenten, der die n\u00f6rdlichen Regionen Europas, Asiens und Nordamerikas bewohnt. Ihren Namen hat die Trauerente auf Grund der schwarzen Gefiederf\u00e4rbung der Erpel. W\u00e4hrend des Winterhalbjahres h\u00e4lt sich diese Ente unter anderem auch im Nord- und Ostseeraum auf.<br \/>\nDie Brutgebiete der Trauerenten liegen im Norden der Britischen Inseln, auf Island und in Skandinavien, im n\u00f6rdlichen Russland sowie im Westen Sibiriens. Zum Winter hin ziehen die Enten in die gem\u00e4\u00dfigteren Zonen bis nach S\u00fcdspanien und Marokko. An der Nord- und Ostseek\u00fcste ist sie ein h\u00e4ufiger Durchz\u00fcgler im Zeitraum Juli bis Dezember und Februar bis Mai. Au\u00dferhalb der Brutzeit h\u00e4lt sie sich \u00fcberwiegend auf dem Meer auf. \u00dcberwinterungsgebiete finden sich im Norden Norwegen, in der Nordsee sowie entlang der franz\u00f6sischen, iberischen und marokkanischen K\u00fcsten.<br \/>\nDie Nahrung der Trauerenten besteht vorwiegend aus Miesmuscheln, Krebs- und Weichtieren. Im S\u00fc\u00dfwasser macht sie auch Jagd auf Insekten und kleine Fische. Die Beute wird meist tauchend gejagt. Dabei k\u00f6nnen sie Tiefen von bis zu 30 Metern erreichen.<br \/>\nDer weltweite Bestand der Trauerenten wird auf etwa eine Million Individuen gesch\u00e4tzt (Stand 2021). Der Bestand der Trauerente gilt als nicht gef\u00e4hrdet und wird von der IUCN mit <i>Least Concern<\/i> angegeben. In Deutschland ist die Trauerente als eine <a title=\"Arten nationaler Verantwortlichkeit Deutschlands\" href=\"https:\/\/de.wikipedia.org\/wiki\/Arten_nationaler_Verantwortlichkeit_Deutschlands\" target=\"_blank\" rel=\"noopener\">Verantwortungsart<\/a> innerhalb der Nationalen Strategie der Bundesregierung zur biologischen Vielfalt eingestuft und sind an der deutschen Ost- und Nordseek\u00fcste weitreichend gesch\u00fctzt. Mit Ausnahme von Bremen und Sachsen gilt f\u00fcr die Art eine ganzj\u00e4hrige Schonzeit.<\/p>\n<p>L\u00e4nge: 44-54 cm\u00a0\u00a0 Spannweite: 80-90 cm\u00a0\u00a0 Gewicht: 700-1300 g\u00a0\u00a0 Gelege: 6-8 Eier<\/p>\n<p>zur Galerie <a title=\"Meeresenten\" href=\"http:\/\/woerrlein-naturfoto.de\/wordpress\/hauptseite-voegel\/voegel\/gaensevoegel-2\/meeresenten\/\">Meeresenten<\/a><code><br \/>\n<\/code><\/p>\n<p><em>Quelle des Textauszuges und weitere Infos bei <\/em><a href=\"https:\/\/de.wikipedia.org\/wiki\/Trauerente\" target=\"_blank\" rel=\"noopener\">Wikipedia<\/a> <em>(<\/em><a href=\"http:\/\/www.gnu.org\/licenses\/fdl-1.3.txt\" target=\"_blank\" rel=\"noopener\">GNU-Lizenz<\/a><em>)<\/em> \u2013 <em>mein Dank gilt den<\/em> <a href=\"https:\/\/de.wikipedia.org\/w\/index.php?title=Trauerente&amp;action=history\" target=\"_blank\" rel=\"noopener\">Autoren<\/a>.<\/p>\n","protected":false},"excerpt":{"rendered":"<p>V\u00f6gel -&gt; G\u00e4nsev\u00f6gel -&gt; Meeresenten V\u00f6gel von A-Z zur Galerie Meeresenten Die Trauerente oder Atlantische Trauerente (Melanitta nigra) ist ein Entenvogel aus der Gattung der Meerenten, der die n\u00f6rdlichen Regionen Europas, Asiens und Nordamerikas bewohnt. Ihren Namen hat die Trauerente auf Grund der schwarzen Gefiederf\u00e4rbung der Erpel. W\u00e4hrend des Winterhalbjahres h\u00e4lt sich diese Ente unter &hellip; <a href=\"https:\/\/woerrlein-naturfoto.de\/wordpress\/meeresenten-a-z\/trauerente\/\" class=\"more-link\"><span class=\"screen-reader-text\">Trauerente<\/span> weiterlesen <span class=\"meta-nav\">&rarr;<\/span><\/a><\/p>\n","protected":false},"author":1,"featured_media":0,"parent":2296,"menu_order":0,"comment_status":"closed","ping_status":"closed","template":"page-templates\/full-width.php","meta":{"footnotes":""},"class_list":["post-14623","page","type-page","status-publish","hentry"],"_links":{"self":[{"href":"https:\/\/woerrlein-naturfoto.de\/wordpress\/wp-json\/wp\/v2\/pages\/14623","targetHints":{"allow":["GET"]}}],"collection":[{"href":"https:\/\/woerrlein-naturfoto.de\/wordpress\/wp-json\/wp\/v2\/pages"}],"about":[{"href":"https:\/\/woerrlein-naturfoto.de\/wordpress\/wp-json\/wp\/v2\/types\/page"}],"author":[{"embeddable":true,"href":"https:\/\/woerrlein-naturfoto.de\/wordpress\/wp-json\/wp\/v2\/users\/1"}],"replies":[{"embeddable":true,"href":"https:\/\/woerrlein-naturfoto.de\/wordpress\/wp-json\/wp\/v2\/comments?post=14623"}],"version-history":[{"count":12,"href":"https:\/\/woerrlein-naturfoto.de\/wordpress\/wp-json\/wp\/v2\/pages\/14623\/revisions"}],"predecessor-version":[{"id":14648,"href":"https:\/\/woerrlein-naturfoto.de\/wordpress\/wp-json\/wp\/v2\/pages\/14623\/revisions\/14648"}],"up":[{"embeddable":true,"href":"https:\/\/woerrlein-naturfoto.de\/wordpress\/wp-json\/wp\/v2\/pages\/2296"}],"wp:attachment":[{"href":"https:\/\/woerrlein-naturfoto.de\/wordpress\/wp-json\/wp\/v2\/media?parent=14623"}],"curies":[{"name":"wp","href":"https:\/\/api.w.org\/{rel}","templated":true}]}}