{"id":14548,"date":"2021-12-19T18:53:02","date_gmt":"2021-12-19T17:53:02","guid":{"rendered":"https:\/\/woerrlein-naturfoto.de\/wordpress\/?page_id=14548"},"modified":"2022-10-19T14:10:52","modified_gmt":"2022-10-19T12:10:52","slug":"trompetenpfifferling","status":"publish","type":"page","link":"https:\/\/woerrlein-naturfoto.de\/wordpress\/pilze-a-z\/trompetenpfifferling\/","title":{"rendered":"Trompetenpfifferling"},"content":{"rendered":"<p><span style=\"color: #ffff00;\"><a style=\"color: #ffff00;\" href=\"http:\/\/woerrlein-naturfoto.de\/wordpress\/hauptseite-pflanzen\/pflanzen\/\">Pflanzen<\/a> <\/span>-&gt;<span style=\"color: #ffff00;\"><a style=\"color: #ffff00;\" href=\"http:\/\/woerrlein-naturfoto.de\/wordpress\/hauptseite-pflanzen\/pflanzen\/pilze-2\/\"> Pilze<\/a><\/span><br \/>\n<a href=\"http:\/\/woerrlein-naturfoto.de\/wordpress\/pflanzen-von-a-z\/\">Pflanzen von A-Z<\/a><br \/>\nzur Galerie <a href=\"https:\/\/woerrlein-naturfoto.de\/wordpress\/hauptseite-pflanzen\/pflanzen\/pilze-2\/pilze-iii-s-bis-z\/\">Pilze III<\/a><\/p>\n<p><img loading=\"lazy\" decoding=\"async\" class=\"alignleft wp-image-14406\" src=\"https:\/\/woerrlein-naturfoto.de\/wordpress\/wp-content\/uploads\/2015\/01\/GelbstieligerTrompetenpfifferling_AW_73971_7671x5114-600x400.jpg\" alt=\"\" width=\"600\" height=\"400\" srcset=\"https:\/\/woerrlein-naturfoto.de\/wordpress\/wp-content\/uploads\/2015\/01\/GelbstieligerTrompetenpfifferling_AW_73971_7671x5114-600x400.jpg 600w, https:\/\/woerrlein-naturfoto.de\/wordpress\/wp-content\/uploads\/2015\/01\/GelbstieligerTrompetenpfifferling_AW_73971_7671x5114-768x512.jpg 768w, https:\/\/woerrlein-naturfoto.de\/wordpress\/wp-content\/uploads\/2015\/01\/GelbstieligerTrompetenpfifferling_AW_73971_7671x5114-120x80.jpg 120w, https:\/\/woerrlein-naturfoto.de\/wordpress\/wp-content\/uploads\/2015\/01\/GelbstieligerTrompetenpfifferling_AW_73971_7671x5114.jpg 1000w\" sizes=\"auto, (max-width: 600px) 100vw, 600px\" \/>Der <b>Trompetenpfifferling<\/b> (<i>Craterellus tubaeformis<\/i>), ist eine Pilzart aus der Familie Cantharellaceae. Wegen der hohlen Fruchtk\u00f6rper wird die Art auch <b>Durchbohrter Leistling<\/b> genannt. Ein weiterer Name ist <b>Herbstpfifferling<\/b>, der aus der Erscheinungszeit der Pilze resultiert. Der Trompetenpfifferling ist ein Mykorrhizapilz und kommt \u00fcberwiegend in Fichten- und Tannenw\u00e4ldern auf saurem, gerne feuchtem Boden vor. Oft fruktifiziert die Art sehr zahlreich und bedeckt dann rasig den Waldboden.<br \/>\nDer kreisel-, t\u00fcten- oder trichterf\u00f6rmige Fruchtk\u00f6rper ist oft g\u00e4nzlich hohl durchbohrt. Die Farbe seiner Oberseite variiert mit flie\u00dfenden \u00dcberg\u00e4ngen von olivgrau \u00fcber gelbgrau bis ockerbraun, in seltenen F\u00e4llen auch ganz kanariengelb. Er misst 2\u20136(-10)\u00a0cm in der H\u00f6he und wird im Durchmesser ebenso gro\u00df. Eine Untergliederung in Hut und Stiel liegt nicht vor, auch wenn es auf den ersten Blick so scheint. Die matte, hellgelbe, graugelbe oder unscheinbar graue Unterseite wirkt in der Regel deutlich leistenartig, selten auch lamellenartig, bis hin zum Stielteil. Dieses ist nie wirklich rund und von dunkler graugelber oder ockerbrauner Farbe. Die Basis des Fruchtk\u00f6rpers ist gef\u00e4ltelt, spitz zusammengezogen und heller. Das Sporenpulver ist wei\u00dflich.<\/p>\n<p><strong>Vorkommen:<\/strong> \u00a0\u00a0\u00a0\u00a0\u00a0\u00a0 Sommer bis Sp\u00e4therbst<\/p>\n<p>zur Galerie <a href=\"https:\/\/woerrlein-naturfoto.de\/wordpress\/hauptseite-pflanzen\/pflanzen\/pilze-2\/pilze-iii-s-bis-z\/\">Pilze III<\/a><\/p>\n<p><em>Quelle des Textauszuges und weitere Infos bei <\/em><a href=\"https:\/\/de.wikipedia.org\/wiki\/Trompetenpfifferling\" target=\"_blank\" rel=\"noopener noreferrer\">Wikipedia<\/a><em> (<\/em><a href=\"http:\/\/www.gnu.org\/licenses\/fdl-1.3.txt\" target=\"_blank\" rel=\"noopener noreferrer\">GNU-Lizenz<\/a><em>)\u2013 mein Dank gilt den <\/em><a href=\"https:\/\/de.wikipedia.org\/w\/index.php?title=Trompetenpfifferling&amp;action=history\" target=\"_blank\" rel=\"noopener noreferrer\">Autoren<\/a><em>.<\/em><\/p>\n","protected":false},"excerpt":{"rendered":"<p>Pflanzen -&gt; Pilze Pflanzen von A-Z zur Galerie Pilze III Der Trompetenpfifferling (Craterellus tubaeformis), ist eine Pilzart aus der Familie Cantharellaceae. Wegen der hohlen Fruchtk\u00f6rper wird die Art auch Durchbohrter Leistling genannt. Ein weiterer Name ist Herbstpfifferling, der aus der Erscheinungszeit der Pilze resultiert. Der Trompetenpfifferling ist ein Mykorrhizapilz und kommt \u00fcberwiegend in Fichten- und &hellip; <a href=\"https:\/\/woerrlein-naturfoto.de\/wordpress\/pilze-a-z\/trompetenpfifferling\/\" class=\"more-link\"><span class=\"screen-reader-text\">Trompetenpfifferling<\/span> weiterlesen <span class=\"meta-nav\">&rarr;<\/span><\/a><\/p>\n","protected":false},"author":1,"featured_media":0,"parent":5118,"menu_order":0,"comment_status":"closed","ping_status":"closed","template":"page-templates\/full-width.php","meta":{"footnotes":""},"class_list":["post-14548","page","type-page","status-publish","hentry"],"_links":{"self":[{"href":"https:\/\/woerrlein-naturfoto.de\/wordpress\/wp-json\/wp\/v2\/pages\/14548","targetHints":{"allow":["GET"]}}],"collection":[{"href":"https:\/\/woerrlein-naturfoto.de\/wordpress\/wp-json\/wp\/v2\/pages"}],"about":[{"href":"https:\/\/woerrlein-naturfoto.de\/wordpress\/wp-json\/wp\/v2\/types\/page"}],"author":[{"embeddable":true,"href":"https:\/\/woerrlein-naturfoto.de\/wordpress\/wp-json\/wp\/v2\/users\/1"}],"replies":[{"embeddable":true,"href":"https:\/\/woerrlein-naturfoto.de\/wordpress\/wp-json\/wp\/v2\/comments?post=14548"}],"version-history":[{"count":2,"href":"https:\/\/woerrlein-naturfoto.de\/wordpress\/wp-json\/wp\/v2\/pages\/14548\/revisions"}],"predecessor-version":[{"id":15565,"href":"https:\/\/woerrlein-naturfoto.de\/wordpress\/wp-json\/wp\/v2\/pages\/14548\/revisions\/15565"}],"up":[{"embeddable":true,"href":"https:\/\/woerrlein-naturfoto.de\/wordpress\/wp-json\/wp\/v2\/pages\/5118"}],"wp:attachment":[{"href":"https:\/\/woerrlein-naturfoto.de\/wordpress\/wp-json\/wp\/v2\/media?parent=14548"}],"curies":[{"name":"wp","href":"https:\/\/api.w.org\/{rel}","templated":true}]}}