{"id":14543,"date":"2021-12-19T18:28:11","date_gmt":"2021-12-19T17:28:11","guid":{"rendered":"https:\/\/woerrlein-naturfoto.de\/wordpress\/?page_id=14543"},"modified":"2022-10-19T12:54:07","modified_gmt":"2022-10-19T10:54:07","slug":"blutblaettriger-hautkopf","status":"publish","type":"page","link":"https:\/\/woerrlein-naturfoto.de\/wordpress\/pilze-a-z\/blutblaettriger-hautkopf\/","title":{"rendered":"Blutbl\u00e4ttriger Hautkopf"},"content":{"rendered":"<p><span style=\"color: #ffff00;\"><a style=\"color: #ffff00;\" href=\"http:\/\/woerrlein-naturfoto.de\/wordpress\/hauptseite-pflanzen\/pflanzen\/\">Pflanzen<\/a> <\/span>-&gt;<span style=\"color: #ffff00;\"><a style=\"color: #ffff00;\" href=\"http:\/\/woerrlein-naturfoto.de\/wordpress\/hauptseite-pflanzen\/pflanzen\/pilze-2\/\"> Pilze<\/a><\/span><br \/>\n<a href=\"http:\/\/woerrlein-naturfoto.de\/wordpress\/pflanzen-von-a-z\/\">Pflanzen von A-Z<\/a><br \/>\nzur Galerie <a href=\"https:\/\/woerrlein-naturfoto.de\/wordpress\/hauptseite-pflanzen\/pflanzen\/pilze-2\/pilze-i-a-bis-g\/\">Pilze I<\/a><\/p>\n<p><img loading=\"lazy\" decoding=\"async\" class=\"alignleft wp-image-12689\" src=\"https:\/\/woerrlein-naturfoto.de\/wordpress\/wp-content\/uploads\/2015\/01\/Blutblaettriger_Hautkopf_AW_65499_6231x4154-600x400.jpg\" alt=\"\" width=\"600\" height=\"400\" srcset=\"https:\/\/woerrlein-naturfoto.de\/wordpress\/wp-content\/uploads\/2015\/01\/Blutblaettriger_Hautkopf_AW_65499_6231x4154-600x400.jpg 600w, https:\/\/woerrlein-naturfoto.de\/wordpress\/wp-content\/uploads\/2015\/01\/Blutblaettriger_Hautkopf_AW_65499_6231x4154-768x512.jpg 768w, https:\/\/woerrlein-naturfoto.de\/wordpress\/wp-content\/uploads\/2015\/01\/Blutblaettriger_Hautkopf_AW_65499_6231x4154-120x80.jpg 120w, https:\/\/woerrlein-naturfoto.de\/wordpress\/wp-content\/uploads\/2015\/01\/Blutblaettriger_Hautkopf_AW_65499_6231x4154.jpg 1000w\" sizes=\"auto, (max-width: 600px) 100vw, 600px\" \/>Der <b>Blutbl\u00e4ttrige Hautkopf<\/b> (<i>Cortinarius semisanguineus<\/i>) ist eine Pilzart aus der Familie der Schleierlingsverwandten. Die Fruchtk\u00f6rper erscheinen von Juli bis November vorwiegend in bodensauren Nadelw\u00e4ldern.<br \/>\nDer Hut ist 2\u20137 cm breit, anfangs glockig bis gew\u00f6lbt, sp\u00e4ter ausgebreitet und flach gebuckelt. Er ist blassbraun bis umberbraun gef\u00e4rbt und hat oft einen oliv-ockerlichen Beiton, selten ist er auch fast purpurbraun. Die Oberfl\u00e4che ist kahl bis faserig-schuppig und nicht hygrophan. Die gedr\u00e4ngt stehenden, breit angewachsenen Lamellen sind jung zinnober- bis blutrot und im Alter braunrot. Das Sporenpulver ist rostbraun und die Schneiden gelblich. Der mehr oder weniger zylindrische Stiel ist 3\u20139\u00a0cm lang und 0,3\u20130,8\u00a0cm breit. Er ist lebhaft chrom- oder messinggelb gef\u00e4rbt. Die Stielspitze ist oft blasser gelblich, die Stielbasis kann auch r\u00f6tlich \u00fcberhaucht sein. Das gelbe Velum bildet einen unterbrochen-gezackten, gelbbraunen G\u00fcrtel. Das Fleisch ist blass gelblich bis ockergelb und in der Stielbasis mehr orange gef\u00e4rbt. Es riecht beim Anschneiden schwach Jod- oder rettichartig. Der Geschmack ist mild bis leicht bitter.<br \/>\nDer Blutbl\u00e4ttrige Hautkopf ist kein Speisepilz und gilt als giftverd\u00e4chtig. Wie der Blutrote Hautkopf (<i>Cortinarius sanguineus<\/i>) eignet er sich zum F\u00e4rben von Wolle.<\/p>\n<p><strong>Vorkommen:<\/strong> \u00a0\u00a0\u00a0\u00a0\u00a0\u00a0 Juli &#8211; November<\/p>\n<p>zur Galerie <a href=\"https:\/\/woerrlein-naturfoto.de\/wordpress\/hauptseite-pflanzen\/pflanzen\/pilze-2\/pilze-i-a-bis-g\/\">Pilze I<\/a><\/p>\n<p><em>Quelle des Textauszuges und weitere Infos bei <\/em><a href=\"https:\/\/de.wikipedia.org\/wiki\/Blutbl%C3%A4ttriger_Hautkopf\" target=\"_blank\" rel=\"noopener noreferrer\">Wikipedia<\/a><em> (<\/em><a href=\"http:\/\/www.gnu.org\/licenses\/fdl-1.3.txt\" target=\"_blank\" rel=\"noopener noreferrer\">GNU-Lizenz<\/a><em>)\u2013 mein Dank gilt den <\/em><a href=\"https:\/\/de.wikipedia.org\/w\/index.php?title=Blutbl%C3%A4ttriger_Hautkopf&amp;action=history\" target=\"_blank\" rel=\"noopener noreferrer\">Autoren<\/a><em>.<\/em><\/p>\n","protected":false},"excerpt":{"rendered":"<p>Pflanzen -&gt; Pilze Pflanzen von A-Z zur Galerie Pilze I Der Blutbl\u00e4ttrige Hautkopf (Cortinarius semisanguineus) ist eine Pilzart aus der Familie der Schleierlingsverwandten. Die Fruchtk\u00f6rper erscheinen von Juli bis November vorwiegend in bodensauren Nadelw\u00e4ldern. Der Hut ist 2\u20137 cm breit, anfangs glockig bis gew\u00f6lbt, sp\u00e4ter ausgebreitet und flach gebuckelt. Er ist blassbraun bis umberbraun gef\u00e4rbt &hellip; <a href=\"https:\/\/woerrlein-naturfoto.de\/wordpress\/pilze-a-z\/blutblaettriger-hautkopf\/\" class=\"more-link\"><span class=\"screen-reader-text\">Blutbl\u00e4ttriger Hautkopf<\/span> weiterlesen <span class=\"meta-nav\">&rarr;<\/span><\/a><\/p>\n","protected":false},"author":1,"featured_media":0,"parent":5118,"menu_order":0,"comment_status":"closed","ping_status":"closed","template":"page-templates\/full-width.php","meta":{"footnotes":""},"class_list":["post-14543","page","type-page","status-publish","hentry"],"_links":{"self":[{"href":"https:\/\/woerrlein-naturfoto.de\/wordpress\/wp-json\/wp\/v2\/pages\/14543","targetHints":{"allow":["GET"]}}],"collection":[{"href":"https:\/\/woerrlein-naturfoto.de\/wordpress\/wp-json\/wp\/v2\/pages"}],"about":[{"href":"https:\/\/woerrlein-naturfoto.de\/wordpress\/wp-json\/wp\/v2\/types\/page"}],"author":[{"embeddable":true,"href":"https:\/\/woerrlein-naturfoto.de\/wordpress\/wp-json\/wp\/v2\/users\/1"}],"replies":[{"embeddable":true,"href":"https:\/\/woerrlein-naturfoto.de\/wordpress\/wp-json\/wp\/v2\/comments?post=14543"}],"version-history":[{"count":4,"href":"https:\/\/woerrlein-naturfoto.de\/wordpress\/wp-json\/wp\/v2\/pages\/14543\/revisions"}],"predecessor-version":[{"id":15511,"href":"https:\/\/woerrlein-naturfoto.de\/wordpress\/wp-json\/wp\/v2\/pages\/14543\/revisions\/15511"}],"up":[{"embeddable":true,"href":"https:\/\/woerrlein-naturfoto.de\/wordpress\/wp-json\/wp\/v2\/pages\/5118"}],"wp:attachment":[{"href":"https:\/\/woerrlein-naturfoto.de\/wordpress\/wp-json\/wp\/v2\/media?parent=14543"}],"curies":[{"name":"wp","href":"https:\/\/api.w.org\/{rel}","templated":true}]}}