{"id":14527,"date":"2021-12-19T15:24:27","date_gmt":"2021-12-19T14:24:27","guid":{"rendered":"https:\/\/woerrlein-naturfoto.de\/wordpress\/?page_id=14527"},"modified":"2021-12-19T15:24:27","modified_gmt":"2021-12-19T14:24:27","slug":"schwarzspanner","status":"publish","type":"page","link":"https:\/\/woerrlein-naturfoto.de\/wordpress\/nachtfalter-a-z\/schwarzspanner\/","title":{"rendered":"Schwarzspanner"},"content":{"rendered":"<p><a href=\"http:\/\/woerrlein-naturfoto.de\/wordpress\/insekten\/\"><span style=\"color: #ffff00;\">Insekten<\/span> <\/a>-&gt;<span style=\"color: #ffff00;\"><a style=\"color: #ffff00;\" href=\"http:\/\/woerrlein-naturfoto.de\/wordpress\/hauptseite-insekten\/insekten\/schmetterlinge-2\/\"> Schmetterlinge<\/a><\/span>-&gt;<span style=\"color: #ffff00;\"><a style=\"color: #ffff00;\" href=\"https:\/\/woerrlein-naturfoto.de\/wordpress\/hauptseite-insekten\/insekten\/schmetterlinge-2\/nachtfalter\/\">Nachtfalter<\/a><\/span><br \/>\n<a title=\"Insekten A-Z\" href=\"http:\/\/woerrlein-naturfoto.de\/wordpress\/insekten-a-z\/\">Insekten von A-Z<\/a><br \/>\nzur Galerie <a href=\"https:\/\/woerrlein-naturfoto.de\/wordpress\/hauptseite-insekten\/insekten\/schmetterlinge-2\/nachtfalter\/\">Nachtfalter<\/a><\/p>\n<p><img loading=\"lazy\" decoding=\"async\" class=\"alignleft wp-image-13160\" src=\"https:\/\/woerrlein-naturfoto.de\/wordpress\/wp-content\/uploads\/2019\/10\/Schwarzspanner_200616_3426.jpg\" alt=\"\" width=\"600\" height=\"400\" \/>Der <b>Schwarzspanner<\/b> (<i>Odezia atrata<\/i>) ist ein Schmetterling (Nachtfalter) aus der Familie der Spanner. Im schw\u00e4bischen Sprachraum wird er auch als Kaminfegerle bezeichnet.<br \/>\nDie Falter erreichen eine Fl\u00fcgelspannweite von 23 bis 27 Millimetern und besitzen zeichnungslose schwarze Vorder- und Hinterfl\u00fcgel. Lediglich die Fransen der Vorfl\u00fcgel sind an der Fl\u00fcgelspitze wei\u00df.<br \/>\nDie Falter sind tagaktiv und k\u00f6nnen h\u00e4ufig auf Bl\u00fcten beobachtet werden.<br \/>\nDer Schwarzspanner fliegt in einer Generation von Ende Mai bis Ende Juli. Die Falter sind sowohl nacht- als auch tagaktiv und werden gelegentlich auch am Licht beobachtet. Die Raupen k\u00f6nnen von Mai bis Juni angetroffen werden.<sup id=\"cite_ref-Koch_3-1\" class=\"reference\"><\/sup><\/p>\n<p><strong>Flugzeit:<\/strong> \u00a0\u00a0\u00a0 Ende Mai bis Ende Juli<\/p>\n<p>Zur Galerie <a href=\"https:\/\/woerrlein-naturfoto.de\/wordpress\/hauptseite-insekten\/insekten\/schmetterlinge-2\/nachtfalter\/\">Nachtfalter<\/a><\/p>\n<p><em>Quelle des Textauszuges und weitere Infos bei <\/em><a href=\"https:\/\/de.wikipedia.org\/wiki\/Schwarzspanner\" target=\"_blank\" rel=\"noopener noreferrer\">Wikipedia<\/a><em> (<\/em><a href=\"http:\/\/www.gnu.org\/licenses\/fdl-1.3.txt\" target=\"_blank\" rel=\"noopener noreferrer\">GNU-Lizenz<\/a><em>)\u2013 mein Dank gilt den <\/em><a href=\"https:\/\/de.wikipedia.org\/w\/index.php?title=Schwarzspanner&amp;action=history\" target=\"_blank\" rel=\"noopener noreferrer\">Autoren<\/a><em>.<\/em><\/p>\n","protected":false},"excerpt":{"rendered":"<p>Insekten -&gt; Schmetterlinge-&gt;Nachtfalter Insekten von A-Z zur Galerie Nachtfalter Der Schwarzspanner (Odezia atrata) ist ein Schmetterling (Nachtfalter) aus der Familie der Spanner. Im schw\u00e4bischen Sprachraum wird er auch als Kaminfegerle bezeichnet. Die Falter erreichen eine Fl\u00fcgelspannweite von 23 bis 27 Millimetern und besitzen zeichnungslose schwarze Vorder- und Hinterfl\u00fcgel. Lediglich die Fransen der Vorfl\u00fcgel sind an &hellip; <a href=\"https:\/\/woerrlein-naturfoto.de\/wordpress\/nachtfalter-a-z\/schwarzspanner\/\" class=\"more-link\"><span class=\"screen-reader-text\">Schwarzspanner<\/span> weiterlesen <span class=\"meta-nav\">&rarr;<\/span><\/a><\/p>\n","protected":false},"author":1,"featured_media":0,"parent":11172,"menu_order":0,"comment_status":"closed","ping_status":"closed","template":"page-templates\/full-width.php","meta":{"footnotes":""},"class_list":["post-14527","page","type-page","status-publish","hentry"],"_links":{"self":[{"href":"https:\/\/woerrlein-naturfoto.de\/wordpress\/wp-json\/wp\/v2\/pages\/14527","targetHints":{"allow":["GET"]}}],"collection":[{"href":"https:\/\/woerrlein-naturfoto.de\/wordpress\/wp-json\/wp\/v2\/pages"}],"about":[{"href":"https:\/\/woerrlein-naturfoto.de\/wordpress\/wp-json\/wp\/v2\/types\/page"}],"author":[{"embeddable":true,"href":"https:\/\/woerrlein-naturfoto.de\/wordpress\/wp-json\/wp\/v2\/users\/1"}],"replies":[{"embeddable":true,"href":"https:\/\/woerrlein-naturfoto.de\/wordpress\/wp-json\/wp\/v2\/comments?post=14527"}],"version-history":[{"count":1,"href":"https:\/\/woerrlein-naturfoto.de\/wordpress\/wp-json\/wp\/v2\/pages\/14527\/revisions"}],"predecessor-version":[{"id":14528,"href":"https:\/\/woerrlein-naturfoto.de\/wordpress\/wp-json\/wp\/v2\/pages\/14527\/revisions\/14528"}],"up":[{"embeddable":true,"href":"https:\/\/woerrlein-naturfoto.de\/wordpress\/wp-json\/wp\/v2\/pages\/11172"}],"wp:attachment":[{"href":"https:\/\/woerrlein-naturfoto.de\/wordpress\/wp-json\/wp\/v2\/media?parent=14527"}],"curies":[{"name":"wp","href":"https:\/\/api.w.org\/{rel}","templated":true}]}}