{"id":14523,"date":"2021-12-19T15:10:43","date_gmt":"2021-12-19T14:10:43","guid":{"rendered":"https:\/\/woerrlein-naturfoto.de\/wordpress\/?page_id=14523"},"modified":"2021-12-19T15:10:43","modified_gmt":"2021-12-19T14:10:43","slug":"gruenliche-waldhyazinthe","status":"publish","type":"page","link":"https:\/\/woerrlein-naturfoto.de\/wordpress\/verschiedene-orchideen-a-z\/gruenliche-waldhyazinthe\/","title":{"rendered":"Gr\u00fcnliche Waldhyazinthe"},"content":{"rendered":"<p><a href=\"http:\/\/woerrlein-naturfoto.de\/wordpress\/hauptseite-pflanzen\/pflanzen\/\">Pflanzen<\/a> -&gt;<a href=\"http:\/\/woerrlein-naturfoto.de\/wordpress\/hauptseite-pflanzen\/pflanzen\/blueten-i-orchideen-2\/\">Orchideen <\/a>-&gt; <a href=\"http:\/\/woerrlein-naturfoto.de\/wordpress\/hauptseite-pflanzen\/pflanzen\/blueten-i-orchideen\/\">verschiedene Orchideen<\/a><code><\/code><br \/>\n<a href=\"http:\/\/woerrlein-naturfoto.de\/wordpress\/pflanzen-von-a-z\/\">Pflanzen von A-Z<\/a><br \/>\nZur Galerie <a href=\"http:\/\/woerrlein-naturfoto.de\/wordpress\/hauptseite-pflanzen\/pflanzen\/blueten-i-orchideen\/\">verschiedene Orchideen<\/a><\/p>\n<p><img loading=\"lazy\" decoding=\"async\" class=\"alignleft wp-image-14414\" src=\"https:\/\/woerrlein-naturfoto.de\/wordpress\/wp-content\/uploads\/2015\/01\/GruenlicheWaldhyazinthe_AW_22314L-267x400.jpg\" alt=\"\" width=\"267\" height=\"400\" srcset=\"https:\/\/woerrlein-naturfoto.de\/wordpress\/wp-content\/uploads\/2015\/01\/GruenlicheWaldhyazinthe_AW_22314L-267x400.jpg 267w, https:\/\/woerrlein-naturfoto.de\/wordpress\/wp-content\/uploads\/2015\/01\/GruenlicheWaldhyazinthe_AW_22314L.jpg 567w\" sizes=\"auto, (max-width: 267px) 100vw, 267px\" \/>Die <b>Gr\u00fcnliche Waldhyazinthe<\/b> (<i>Platanthera chlorantha<\/i>), auch <b>Gr\u00fcnlich-Waldhyazinthe<\/b> oder <b>Berg-Waldhyazinthe <\/b>genannt, ist eine Pflanzenart aus der Familie der Orchideen. Sie kommt in Europa sowie in Nord- und Ostasien vor. Das Artepitheton <i>chlorantha<\/i> leitet sich in der Bedeutung gr\u00fcn, ergr\u00fcnend aus dem Griechischen ab und bezieht sich auf die gr\u00fcnliche F\u00e4rbung der Bl\u00fcten. Die volkst\u00fcmliche Bezeichnung <b>Berg-Kuckucksblume<\/b> nimmt auf die geh\u00e4uften Vorkommen in montanen H\u00f6henlagen Bezug.<br \/>\nDie Gr\u00fcnliche Waldhyazinthe w\u00e4chst als sommergr\u00fcne, ausdauernde krautige Pflanze, die Wuchsh\u00f6hen von 30 bis 60 Zentimeter erreichen kann. Die zwei r\u00fcbenf\u00f6rmigen, ei- bis spindelf\u00f6rmig geformten Knollen, deren Enden zu wurzelartigen Forts\u00e4tzen verl\u00e4ngert sind, haben eine L\u00e4nge von 2 bis 4 Zentimeter und einer Dicke von 0,8 bis 1,5 Zentimeter. Die aufrechten St\u00e4ngel haben an der Basis eine r\u00f6hrenf\u00f6rmige Blattscheide. Die zwei bis f\u00fcnf Bl\u00e4tter zweigen fast gegenst\u00e4ndig von der St\u00e4ngelbasis ab und sind elliptisch-spatelf\u00f6rmig bis verkehrt-lanzettlich mit einer L\u00e4nge von 10 bis 20 Zentimeter und einer Breite von 3 bis 8 Zentimeter. Sie sind an der Basis schmal und ihre Spitze ist stumpf oder spitz zulaufend.<br \/>\nHauptbest\u00e4uber des Orchideengew\u00e4chses sind Nachtfalter, denen sich die Pollinien auf die Augen setzen. Angelockt werden sie von einem wachs\u00e4hnlichen Duft, den die Bl\u00fcten in der D\u00e4mmerung verst\u00e4rkt bilden. \u00dcber ihren langen und d\u00fcnnen R\u00fcssel k\u00f6nnen die Falter, im Gegensatz zu anderen Insekten, den am Spornende befindlichen Nektar erreichen.<\/p>\n<p><strong>Bl\u00fctezeit:<\/strong> \u00a0\u00a0\u00a0 Mai bis August<\/p>\n<p>Zur Galerie <a href=\"http:\/\/woerrlein-naturfoto.de\/wordpress\/hauptseite-pflanzen\/pflanzen\/blueten-i-orchideen\/\">verschiedene Orchideen<\/a><\/p>\n<p>&nbsp;<\/p>\n<p><em>Quelle des Textauszuges und weitere Infos bei <\/em><a href=\"https:\/\/de.wikipedia.org\/wiki\/Gr%C3%BCnliche_Waldhyazinthe\" target=\"_blank\" rel=\"noopener noreferrer\">Wikipedia<\/a><em> (<\/em><a href=\"http:\/\/www.gnu.org\/licenses\/fdl-1.3.txt\" target=\"_blank\" rel=\"noopener noreferrer\">GNU-Lizenz<\/a><em>)\u2013 mein Dank gilt den <\/em><a href=\"https:\/\/de.wikipedia.org\/w\/index.php?title=Gr%C3%BCnliche_Waldhyazinthe&amp;action=history\" target=\"_blank\" rel=\"noopener noreferrer\">Autoren<\/a><em>.<\/em><\/p>\n","protected":false},"excerpt":{"rendered":"<p>Pflanzen -&gt;Orchideen -&gt; verschiedene Orchideen Pflanzen von A-Z Zur Galerie verschiedene Orchideen Die Gr\u00fcnliche Waldhyazinthe (Platanthera chlorantha), auch Gr\u00fcnlich-Waldhyazinthe oder Berg-Waldhyazinthe genannt, ist eine Pflanzenart aus der Familie der Orchideen. Sie kommt in Europa sowie in Nord- und Ostasien vor. Das Artepitheton chlorantha leitet sich in der Bedeutung gr\u00fcn, ergr\u00fcnend aus dem Griechischen ab und &hellip; <a href=\"https:\/\/woerrlein-naturfoto.de\/wordpress\/verschiedene-orchideen-a-z\/gruenliche-waldhyazinthe\/\" class=\"more-link\"><span class=\"screen-reader-text\">Gr\u00fcnliche Waldhyazinthe<\/span> weiterlesen <span class=\"meta-nav\">&rarr;<\/span><\/a><\/p>\n","protected":false},"author":1,"featured_media":0,"parent":14214,"menu_order":0,"comment_status":"closed","ping_status":"closed","template":"page-templates\/full-width.php","meta":{"footnotes":""},"class_list":["post-14523","page","type-page","status-publish","hentry"],"_links":{"self":[{"href":"https:\/\/woerrlein-naturfoto.de\/wordpress\/wp-json\/wp\/v2\/pages\/14523","targetHints":{"allow":["GET"]}}],"collection":[{"href":"https:\/\/woerrlein-naturfoto.de\/wordpress\/wp-json\/wp\/v2\/pages"}],"about":[{"href":"https:\/\/woerrlein-naturfoto.de\/wordpress\/wp-json\/wp\/v2\/types\/page"}],"author":[{"embeddable":true,"href":"https:\/\/woerrlein-naturfoto.de\/wordpress\/wp-json\/wp\/v2\/users\/1"}],"replies":[{"embeddable":true,"href":"https:\/\/woerrlein-naturfoto.de\/wordpress\/wp-json\/wp\/v2\/comments?post=14523"}],"version-history":[{"count":1,"href":"https:\/\/woerrlein-naturfoto.de\/wordpress\/wp-json\/wp\/v2\/pages\/14523\/revisions"}],"predecessor-version":[{"id":14524,"href":"https:\/\/woerrlein-naturfoto.de\/wordpress\/wp-json\/wp\/v2\/pages\/14523\/revisions\/14524"}],"up":[{"embeddable":true,"href":"https:\/\/woerrlein-naturfoto.de\/wordpress\/wp-json\/wp\/v2\/pages\/14214"}],"wp:attachment":[{"href":"https:\/\/woerrlein-naturfoto.de\/wordpress\/wp-json\/wp\/v2\/media?parent=14523"}],"curies":[{"name":"wp","href":"https:\/\/api.w.org\/{rel}","templated":true}]}}