{"id":14515,"date":"2021-12-19T14:54:49","date_gmt":"2021-12-19T13:54:49","guid":{"rendered":"https:\/\/woerrlein-naturfoto.de\/wordpress\/?page_id=14515"},"modified":"2021-12-19T14:58:39","modified_gmt":"2021-12-19T13:58:39","slug":"rundblaettriges-wintergruen","status":"publish","type":"page","link":"https:\/\/woerrlein-naturfoto.de\/wordpress\/blueten-ii-a-z\/rundblaettriges-wintergruen\/","title":{"rendered":"Rundbl\u00e4ttriges Wintergr\u00fcn"},"content":{"rendered":"<p><a href=\"http:\/\/woerrlein-naturfoto.de\/wordpress\/hauptseite-pflanzen\/pflanzen\/\">Pflanzen <\/a>-&gt;<a href=\"http:\/\/woerrlein-naturfoto.de\/wordpress\/hauptseite-pflanzen\/pflanzen\/blueten-ii-sonstige-blueten\/\"> Bl\u00fcten II (sonstige Bl\u00fcten)<\/a><br \/>\n<a href=\"http:\/\/woerrlein-naturfoto.de\/wordpress\/pflanzen-von-a-z\/\">Pflanzen von A-Z<\/a><br \/>\nZur Galerie <a href=\"http:\/\/woerrlein-naturfoto.de\/wordpress\/hauptseite-pflanzen\/pflanzen\/blueten-ii-sonstige-blueten\/\">sonstige Bl\u00fcten<code><\/code><\/a><\/p>\n<p><img loading=\"lazy\" decoding=\"async\" class=\"alignleft wp-image-14420\" src=\"https:\/\/woerrlein-naturfoto.de\/wordpress\/wp-content\/uploads\/2015\/01\/Rundblaettriges_Wintergruen_AW_17745L-267x400.jpg\" alt=\"\" width=\"267\" height=\"400\" srcset=\"https:\/\/woerrlein-naturfoto.de\/wordpress\/wp-content\/uploads\/2015\/01\/Rundblaettriges_Wintergruen_AW_17745L-267x400.jpg 267w, https:\/\/woerrlein-naturfoto.de\/wordpress\/wp-content\/uploads\/2015\/01\/Rundblaettriges_Wintergruen_AW_17745L.jpg 567w\" sizes=\"auto, (max-width: 267px) 100vw, 267px\" \/>Das <b>Rundbl\u00e4ttrige Wintergr\u00fcn<\/b> (<i>Pyrola rotundifolia<\/i>) ist eine Pflanze aus der Unterfamilie der Wintergr\u00fcngew\u00e4chse und Fichtenspargelgew\u00e4chse\u00a0 in der Familie der Heidekrautgew\u00e4chse.<br \/>\nWie der Name andeutet, sterben die Bl\u00e4tter dieser Pflanze, wie bei allen Wintergr\u00fcngew\u00e4chsen, im Winter nicht ab. Sie sind entweder rund und am Grund keilf\u00f6rmig bis gerundet. Von den <i>Pyrola<\/i>-Arten ist das Rundbl\u00e4ttrige Wintergr\u00fcn eine der gr\u00f6\u00dferen und auff\u00e4lligeren. Ein St\u00e4ngel der Sprossachse kann bis zu 40 Zentimeter hoch werden und bis zu 30 allseitswendige Bl\u00fcten tragen. In der Regel wird der St\u00e4ngel jedoch 15 bis 30 Zentimeter hoch und weist 8 bis 15 Bl\u00fcten auf. Die nickenden, offenen, glockigen Bl\u00fcten erscheinen duften schwach. Die Kronbl\u00e4tter sind rahmwei\u00df mit einem rosa Anflug und messen sechs bis zehn Millimeter L\u00e4nge.<\/p>\n<p><strong>Bl\u00fctezeit:<\/strong> \u00a0\u00a0\u00a0 Juni und Juli<\/p>\n<p>Zur Galerie <a title=\"Eulen\" href=\"http:\/\/woerrlein-naturfoto.de\/wordpress\/hauptseite-pflanzen\/pflanzen\/blueten-ii-sonstige-blueten\/\">sonstige Bl\u00fcten<\/a><\/p>\n<p>&nbsp;<\/p>\n<p><em>Quelle des Textauszuges und weitere Infos bei <\/em><a href=\"https:\/\/de.wikipedia.org\/wiki\/Rundbl%C3%A4ttriges_Wintergr%C3%BCn\" target=\"_blank\" rel=\"noopener\">Wikipedia<\/a><em> (<\/em><a href=\"http:\/\/www.gnu.org\/licenses\/fdl-1.3.txt\" target=\"_blank\" rel=\"noopener\">GNU-Lizenz<\/a><em>)\u2013 mein Dank gilt den <\/em><a href=\"https:\/\/de.wikipedia.org\/w\/index.php?title=Rundbl%C3%A4ttriges_Wintergr%C3%BCn&amp;action=history\" target=\"_blank\" rel=\"noopener\">Autoren<\/a><em>.<\/em><\/p>\n","protected":false},"excerpt":{"rendered":"<p>Pflanzen -&gt; Bl\u00fcten II (sonstige Bl\u00fcten) Pflanzen von A-Z Zur Galerie sonstige Bl\u00fcten Das Rundbl\u00e4ttrige Wintergr\u00fcn (Pyrola rotundifolia) ist eine Pflanze aus der Unterfamilie der Wintergr\u00fcngew\u00e4chse und Fichtenspargelgew\u00e4chse\u00a0 in der Familie der Heidekrautgew\u00e4chse. Wie der Name andeutet, sterben die Bl\u00e4tter dieser Pflanze, wie bei allen Wintergr\u00fcngew\u00e4chsen, im Winter nicht ab. Sie sind entweder rund und &hellip; <a href=\"https:\/\/woerrlein-naturfoto.de\/wordpress\/blueten-ii-a-z\/rundblaettriges-wintergruen\/\" class=\"more-link\"><span class=\"screen-reader-text\">Rundbl\u00e4ttriges Wintergr\u00fcn<\/span> weiterlesen <span class=\"meta-nav\">&rarr;<\/span><\/a><\/p>\n","protected":false},"author":1,"featured_media":0,"parent":4851,"menu_order":0,"comment_status":"closed","ping_status":"closed","template":"page-templates\/full-width.php","meta":{"footnotes":""},"class_list":["post-14515","page","type-page","status-publish","hentry"],"_links":{"self":[{"href":"https:\/\/woerrlein-naturfoto.de\/wordpress\/wp-json\/wp\/v2\/pages\/14515","targetHints":{"allow":["GET"]}}],"collection":[{"href":"https:\/\/woerrlein-naturfoto.de\/wordpress\/wp-json\/wp\/v2\/pages"}],"about":[{"href":"https:\/\/woerrlein-naturfoto.de\/wordpress\/wp-json\/wp\/v2\/types\/page"}],"author":[{"embeddable":true,"href":"https:\/\/woerrlein-naturfoto.de\/wordpress\/wp-json\/wp\/v2\/users\/1"}],"replies":[{"embeddable":true,"href":"https:\/\/woerrlein-naturfoto.de\/wordpress\/wp-json\/wp\/v2\/comments?post=14515"}],"version-history":[{"count":4,"href":"https:\/\/woerrlein-naturfoto.de\/wordpress\/wp-json\/wp\/v2\/pages\/14515\/revisions"}],"predecessor-version":[{"id":14519,"href":"https:\/\/woerrlein-naturfoto.de\/wordpress\/wp-json\/wp\/v2\/pages\/14515\/revisions\/14519"}],"up":[{"embeddable":true,"href":"https:\/\/woerrlein-naturfoto.de\/wordpress\/wp-json\/wp\/v2\/pages\/4851"}],"wp:attachment":[{"href":"https:\/\/woerrlein-naturfoto.de\/wordpress\/wp-json\/wp\/v2\/media?parent=14515"}],"curies":[{"name":"wp","href":"https:\/\/api.w.org\/{rel}","templated":true}]}}