{"id":14502,"date":"2021-12-19T14:24:47","date_gmt":"2021-12-19T13:24:47","guid":{"rendered":"https:\/\/woerrlein-naturfoto.de\/wordpress\/?page_id=14502"},"modified":"2021-12-19T14:40:37","modified_gmt":"2021-12-19T13:40:37","slug":"westliche-keiljungfer","status":"publish","type":"page","link":"https:\/\/woerrlein-naturfoto.de\/wordpress\/sonstige-libellen-a-z\/westliche-keiljungfer\/","title":{"rendered":"Westliche Keiljungfer"},"content":{"rendered":"<p><a href=\"http:\/\/woerrlein-naturfoto.de\/wordpress\/insekten\/\"><span style=\"color: #ffff00;\">Insekten<\/span> <\/a>-&gt;<a href=\"http:\/\/woerrlein-naturfoto.de\/wordpress\/hauptseite-insekten\/insekten\/libellen\/\"><span style=\"color: #ffff00;\"> Libellen<\/span> <\/a>-&gt;<span style=\"color: #ffff00;\"> <a style=\"color: #ffff00;\" href=\"http:\/\/woerrlein-naturfoto.de\/wordpress\/hauptseite-insekten\/insekten\/libellen\/wildes-durcheinander\/\">wildes Durcheinander<\/a><\/span><br \/>\n<a title=\"Insekten A-Z\" href=\"http:\/\/woerrlein-naturfoto.de\/wordpress\/insekten-a-z\/\">Insekten von A-Z<\/a><br \/>\nzur Galerie <a title=\"wildes Durcheinander\" href=\"http:\/\/woerrlein-naturfoto.de\/wordpress\/hauptseite-insekten\/insekten\/libellen\/wildes-durcheinander\/\">sonstige Libellen<\/a><\/p>\n<p><img loading=\"lazy\" decoding=\"async\" class=\"alignleft wp-image-13359\" src=\"https:\/\/woerrlein-naturfoto.de\/wordpress\/wp-content\/uploads\/2015\/01\/WestlicheKeiljungfer_210606_6131.jpg\" alt=\"\" width=\"600\" height=\"400\" \/><\/p>\n<p>Die <b>Westliche Keiljungfer<\/b> (<i>Gomphus pulchellus<\/i>), hier ein frisch geschl\u00fcpftes Weibchen, ist eine Libellenart aus der Familie der Flussjungfern. Diese gelb-schwarz gef\u00e4rbte Gro\u00dflibelle besiedelt als einzige Vertreterin ihrer Familie vorwiegend stehende Gew\u00e4sser \u2013 alle anderen Flussjungfern ben\u00f6tigen Flie\u00dfgew\u00e4sser f\u00fcr ihre Larvalentwicklung. In Mitteleuropa galt sie bis vor einigen Jahrzehnten als \u00e4u\u00dferst selten; inzwischen zeigt die Art hier eine Ausbreitungstendenz und man kann ihr in Flusst\u00e4lern mit Kiesabbaust\u00e4tten h\u00e4ufiger begegnen. Der aus dem Griechischen und Lateinischen zusammengesetzte wissenschaftliche Name bedeutet so viel wie \u201eh\u00fcbscher Keil\u201c.<br \/>\nDie Art ist eine relativ schlank und zierlich gebaute Keiljungfer; sie erreicht eine K\u00f6rperl\u00e4nge von 45 bis 50 Millimetern und eine Fl\u00fcgelspannweite von 60 bis 70 Millimetern. Die Beine sind schwarz und gelb gestreift. Zur Unterscheidung von anderen <i>Gomphus<\/i>-Arten ist zudem die genaue Anordnung der schwarzen Streifenzeichnung auf der gelben Brust bedeutsam. Die schwarzen Linien dort sind recht schmal, was auch f\u00fcr die dunklen Zeichnungselemente des K\u00f6rpers insgesamt zutrifft. Daher wirken die Tiere \u2013 \u00e4hnlich wie etwa die <a title=\"Asiatische Keiljungfer\" href=\"https:\/\/de.wikipedia.org\/wiki\/Asiatische_Keiljungfer\" target=\"_blank\" rel=\"noopener\">Asiatische Keiljungfer<\/a> (<i>Gomphus flavipes<\/i>) \u2013 relativ hell. Zumindest jugendliche Exemplare weisen ein leuchtendes Gelb auf, das mit zunehmendem Alter allerdings verblasst und ins Grauolive verd\u00fcstert.<br \/>\nDas hintere <a title=\"Abdomen (Gliederf\u00fc\u00dfer)\" href=\"https:\/\/de.wikipedia.org\/wiki\/Abdomen_(Gliederf%C3%BC%C3%9Fer)\" target=\"_blank\" rel=\"noopener\">Abdomen<\/a> ist weder bei den M\u00e4nnchen noch bei den Weibchen keulig erweitert. W\u00e4hrend bei den M\u00e4nnchen aber das zweite Segment des Hinterleibs taillenartig eingeschn\u00fcrt ist, haben die Weibchen ein gleichm\u00e4\u00dfig dickes zylindrisches Abdomen.<\/p>\n<p><strong>Flugzeit:<\/strong> \u00a0\u00a0\u00a0 Anfang Mai bis Mitte August<\/p>\n<p>Zur Galerie <a title=\"wildes Durcheinander\" href=\"http:\/\/woerrlein-naturfoto.de\/wordpress\/hauptseite-insekten\/insekten\/libellen\/wildes-durcheinander\/\">sonstige Libellen<\/a><\/p>\n<p>&nbsp;<\/p>\n<p><em>Quelle des Textauszuges und weitere Infos bei <\/em><a href=\"https:\/\/de.wikipedia.org\/wiki\/Westliche_Keiljungfer\" target=\"_blank\" rel=\"noopener noreferrer\">Wikipedia<\/a><em> (<\/em><a href=\"http:\/\/www.gnu.org\/licenses\/fdl-1.3.txt\" target=\"_blank\" rel=\"noopener noreferrer\">GNU-Lizenz<\/a><em>)\u2013 mein Dank gilt den <\/em><a href=\"https:\/\/de.wikipedia.org\/w\/index.php?title=Westliche_Keiljungfer&amp;action=history\" target=\"_blank\" rel=\"noopener noreferrer\">Autoren<\/a><em>.<\/em><\/p>\n","protected":false},"excerpt":{"rendered":"<p>Insekten -&gt; Libellen -&gt; wildes Durcheinander Insekten von A-Z zur Galerie sonstige Libellen Die Westliche Keiljungfer (Gomphus pulchellus), hier ein frisch geschl\u00fcpftes Weibchen, ist eine Libellenart aus der Familie der Flussjungfern. Diese gelb-schwarz gef\u00e4rbte Gro\u00dflibelle besiedelt als einzige Vertreterin ihrer Familie vorwiegend stehende Gew\u00e4sser \u2013 alle anderen Flussjungfern ben\u00f6tigen Flie\u00dfgew\u00e4sser f\u00fcr ihre Larvalentwicklung. In Mitteleuropa &hellip; <a href=\"https:\/\/woerrlein-naturfoto.de\/wordpress\/sonstige-libellen-a-z\/westliche-keiljungfer\/\" class=\"more-link\"><span class=\"screen-reader-text\">Westliche Keiljungfer<\/span> weiterlesen <span class=\"meta-nav\">&rarr;<\/span><\/a><\/p>\n","protected":false},"author":1,"featured_media":0,"parent":3655,"menu_order":0,"comment_status":"closed","ping_status":"closed","template":"page-templates\/full-width.php","meta":{"footnotes":""},"class_list":["post-14502","page","type-page","status-publish","hentry"],"_links":{"self":[{"href":"https:\/\/woerrlein-naturfoto.de\/wordpress\/wp-json\/wp\/v2\/pages\/14502","targetHints":{"allow":["GET"]}}],"collection":[{"href":"https:\/\/woerrlein-naturfoto.de\/wordpress\/wp-json\/wp\/v2\/pages"}],"about":[{"href":"https:\/\/woerrlein-naturfoto.de\/wordpress\/wp-json\/wp\/v2\/types\/page"}],"author":[{"embeddable":true,"href":"https:\/\/woerrlein-naturfoto.de\/wordpress\/wp-json\/wp\/v2\/users\/1"}],"replies":[{"embeddable":true,"href":"https:\/\/woerrlein-naturfoto.de\/wordpress\/wp-json\/wp\/v2\/comments?post=14502"}],"version-history":[{"count":7,"href":"https:\/\/woerrlein-naturfoto.de\/wordpress\/wp-json\/wp\/v2\/pages\/14502\/revisions"}],"predecessor-version":[{"id":14511,"href":"https:\/\/woerrlein-naturfoto.de\/wordpress\/wp-json\/wp\/v2\/pages\/14502\/revisions\/14511"}],"up":[{"embeddable":true,"href":"https:\/\/woerrlein-naturfoto.de\/wordpress\/wp-json\/wp\/v2\/pages\/3655"}],"wp:attachment":[{"href":"https:\/\/woerrlein-naturfoto.de\/wordpress\/wp-json\/wp\/v2\/media?parent=14502"}],"curies":[{"name":"wp","href":"https:\/\/api.w.org\/{rel}","templated":true}]}}