{"id":14440,"date":"2021-12-19T12:59:38","date_gmt":"2021-12-19T11:59:38","guid":{"rendered":"https:\/\/woerrlein-naturfoto.de\/wordpress\/?page_id=14440"},"modified":"2021-12-19T13:34:24","modified_gmt":"2021-12-19T12:34:24","slug":"spaetbluehende-breitblaettrige-stendelwurz","status":"publish","type":"page","link":"https:\/\/woerrlein-naturfoto.de\/wordpress\/stendelwurzen-a-z\/spaetbluehende-breitblaettrige-stendelwurz\/","title":{"rendered":"Sp\u00e4tbl\u00fchende Breitbl\u00e4ttrige Stendelwurz"},"content":{"rendered":"<p><span style=\"color: #ffff00;\"><a style=\"color: #ffff00;\" href=\"http:\/\/woerrlein-naturfoto.de\/wordpress\/hauptseite-pflanzen\/pflanzen\/\">Pflanzen<\/a> <\/span>-&gt;<span style=\"color: #ffff00;\"><a style=\"color: #ffff00;\" href=\"http:\/\/woerrlein-naturfoto.de\/wordpress\/hauptseite-pflanzen\/pflanzen\/blueten-i-orchideen-2\/\">Orchideen <\/a><\/span>-&gt;<span style=\"color: #ffff00;\"> <a style=\"color: #ffff00;\" href=\"https:\/\/woerrlein-naturfoto.de\/wordpress\/hauptseite-pflanzen\/pflanzen\/blueten-i-orchideen-2\/stendelwurzen-epipactis\/\">Stendelwurzen (Epipactis)<\/a><\/span><br \/>\n<a href=\"http:\/\/woerrlein-naturfoto.de\/wordpress\/pflanzen-von-a-z\/\">Pflanzen von A-Z<\/a><br \/>\nZur Galerie <a href=\"https:\/\/woerrlein-naturfoto.de\/wordpress\/hauptseite-pflanzen\/pflanzen\/blueten-i-orchideen-2\/stendelwurzen-epipactis\/\">Stendelwurzen<\/a><\/p>\n<p><img loading=\"lazy\" decoding=\"async\" class=\"alignleft wp-image-14372\" src=\"https:\/\/woerrlein-naturfoto.de\/wordpress\/wp-content\/uploads\/2021\/12\/SpaetbluehendeBreitblaettrigeStendelwurz_210802_7100-267x400.jpg\" alt=\"\" width=\"267\" height=\"400\" srcset=\"https:\/\/woerrlein-naturfoto.de\/wordpress\/wp-content\/uploads\/2021\/12\/SpaetbluehendeBreitblaettrigeStendelwurz_210802_7100-267x400.jpg 267w, https:\/\/woerrlein-naturfoto.de\/wordpress\/wp-content\/uploads\/2021\/12\/SpaetbluehendeBreitblaettrigeStendelwurz_210802_7100.jpg 567w\" sizes=\"auto, (max-width: 267px) 100vw, 267px\" \/>Die <strong>Sp\u00e4tbl\u00fchende Breitbl\u00e4ttrige Stendelwurz<\/strong> <em>(Epipactis helleborine subsp. moratoria)\u00a0<\/em> wird als eigene Epipactis-Art gef\u00fchrt. Charakteristisch ist ihr schmaler St\u00e4ngel in Zick-Zack-Form. Der gestreckte, leicht behaarte Bl\u00fctenstand tr\u00e4gt 4-14 kleine Bl\u00fcten. Sie stehen fast waagerecht ab, sind meistens weit ge\u00f6ffnet und wirken quadratisch. Die gr\u00fcnen Sepalen haben eine L\u00e4nge von 9,0-10,0 mm und eine Breite von 5,0-5,5 mm. Die wei\u00dfen bis leicht rosafarbenen Petalen sind von 7,5\u20138,0 mm lang. Die Lippe ist zweigeteilt und kleiner als bei <i>E. helleborine<\/i>. Die herzf\u00f6rmige Vorderlippe hat eine wei\u00dfe Grundfarbe und schl\u00e4gt nach dem Aufbl\u00fchen etwas zur\u00fcck.<\/p>\n<p><strong>Bl\u00fctezeit:<\/strong> \u00a0\u00a0\u00a0 Ende Juli bis Mitte August<\/p>\n<p>Zur Galerie <a href=\"https:\/\/woerrlein-naturfoto.de\/wordpress\/hauptseite-pflanzen\/pflanzen\/blueten-i-orchideen-2\/stendelwurzen-epipactis\/\">Stendelwurzen<\/a><\/p>\n","protected":false},"excerpt":{"rendered":"<p>Pflanzen -&gt;Orchideen -&gt; Stendelwurzen (Epipactis) Pflanzen von A-Z Zur Galerie Stendelwurzen Die Sp\u00e4tbl\u00fchende Breitbl\u00e4ttrige Stendelwurz (Epipactis helleborine subsp. moratoria)\u00a0 wird als eigene Epipactis-Art gef\u00fchrt. Charakteristisch ist ihr schmaler St\u00e4ngel in Zick-Zack-Form. Der gestreckte, leicht behaarte Bl\u00fctenstand tr\u00e4gt 4-14 kleine Bl\u00fcten. Sie stehen fast waagerecht ab, sind meistens weit ge\u00f6ffnet und wirken quadratisch. Die gr\u00fcnen Sepalen &hellip; <a href=\"https:\/\/woerrlein-naturfoto.de\/wordpress\/stendelwurzen-a-z\/spaetbluehende-breitblaettrige-stendelwurz\/\" class=\"more-link\"><span class=\"screen-reader-text\">Sp\u00e4tbl\u00fchende Breitbl\u00e4ttrige Stendelwurz<\/span> weiterlesen <span class=\"meta-nav\">&rarr;<\/span><\/a><\/p>\n","protected":false},"author":1,"featured_media":0,"parent":14239,"menu_order":0,"comment_status":"closed","ping_status":"closed","template":"page-templates\/full-width.php","meta":{"footnotes":""},"class_list":["post-14440","page","type-page","status-publish","hentry"],"_links":{"self":[{"href":"https:\/\/woerrlein-naturfoto.de\/wordpress\/wp-json\/wp\/v2\/pages\/14440","targetHints":{"allow":["GET"]}}],"collection":[{"href":"https:\/\/woerrlein-naturfoto.de\/wordpress\/wp-json\/wp\/v2\/pages"}],"about":[{"href":"https:\/\/woerrlein-naturfoto.de\/wordpress\/wp-json\/wp\/v2\/types\/page"}],"author":[{"embeddable":true,"href":"https:\/\/woerrlein-naturfoto.de\/wordpress\/wp-json\/wp\/v2\/users\/1"}],"replies":[{"embeddable":true,"href":"https:\/\/woerrlein-naturfoto.de\/wordpress\/wp-json\/wp\/v2\/comments?post=14440"}],"version-history":[{"count":8,"href":"https:\/\/woerrlein-naturfoto.de\/wordpress\/wp-json\/wp\/v2\/pages\/14440\/revisions"}],"predecessor-version":[{"id":14448,"href":"https:\/\/woerrlein-naturfoto.de\/wordpress\/wp-json\/wp\/v2\/pages\/14440\/revisions\/14448"}],"up":[{"embeddable":true,"href":"https:\/\/woerrlein-naturfoto.de\/wordpress\/wp-json\/wp\/v2\/pages\/14239"}],"wp:attachment":[{"href":"https:\/\/woerrlein-naturfoto.de\/wordpress\/wp-json\/wp\/v2\/media?parent=14440"}],"curies":[{"name":"wp","href":"https:\/\/api.w.org\/{rel}","templated":true}]}}