{"id":14430,"date":"2021-12-19T12:23:15","date_gmt":"2021-12-19T11:23:15","guid":{"rendered":"https:\/\/woerrlein-naturfoto.de\/wordpress\/?page_id=14430"},"modified":"2021-12-19T13:39:43","modified_gmt":"2021-12-19T12:39:43","slug":"bienenragwurz","status":"publish","type":"page","link":"https:\/\/woerrlein-naturfoto.de\/wordpress\/ragwurzen-a-z\/bienenragwurz\/","title":{"rendered":"Bienenragwurz"},"content":{"rendered":"<p><span style=\"color: #ffff00;\"><a style=\"color: #ffff00;\" href=\"http:\/\/woerrlein-naturfoto.de\/wordpress\/hauptseite-pflanzen\/pflanzen\/\">Pflanzen<\/a> <\/span>-&gt;<span style=\"color: #ffff00;\"><a style=\"color: #ffff00;\" href=\"http:\/\/woerrlein-naturfoto.de\/wordpress\/hauptseite-pflanzen\/pflanzen\/blueten-i-orchideen-2\/\">Orchideen <\/a><\/span>-&gt;<span style=\"color: #ffff00;\"> <a style=\"color: #ffff00;\" href=\"https:\/\/woerrlein-naturfoto.de\/wordpress\/hauptseite-pflanzen\/pflanzen\/blueten-i-orchideen-2\/ragwurzen-ophris\/\">Ragwurzen (Ophrys)<\/a><\/span><br \/>\n<a href=\"http:\/\/woerrlein-naturfoto.de\/wordpress\/pflanzen-von-a-z\/\">Pflanzen von A-Z<\/a><br \/>\nZur Galerie <a href=\"https:\/\/woerrlein-naturfoto.de\/wordpress\/hauptseite-pflanzen\/pflanzen\/blueten-i-orchideen-2\/ragwurzen-ophris\/\">Ragwurzen<\/a><\/p>\n<p><img loading=\"lazy\" decoding=\"async\" class=\"alignleft wp-image-14345\" src=\"https:\/\/woerrlein-naturfoto.de\/wordpress\/wp-content\/uploads\/2021\/12\/Bienenragwurz_210620_6734-267x400.jpg\" alt=\"\" width=\"267\" height=\"400\" srcset=\"https:\/\/woerrlein-naturfoto.de\/wordpress\/wp-content\/uploads\/2021\/12\/Bienenragwurz_210620_6734-267x400.jpg 267w, https:\/\/woerrlein-naturfoto.de\/wordpress\/wp-content\/uploads\/2021\/12\/Bienenragwurz_210620_6734.jpg 567w\" sizes=\"auto, (max-width: 267px) 100vw, 267px\" \/><\/p>\n<p>Die <b>Bienen-Ragwurz<\/b> (<i>Ophrys apifera<\/i>) ist eine sp\u00e4tbl\u00fchende Art aus der Gattung der Ragwurzen (<i>Ophrys<\/i>) der Familie der Orchideen (Orchidaceae).<br \/>\nUm auf die besondere Gef\u00e4hrdung dieser Art aufmerksam zu machen, wurde die Bienen-Ragwurz vom Arbeitskreis Heimische Orchideen zur <a title=\"Orchidee des Jahres\" href=\"https:\/\/de.wikipedia.org\/wiki\/Orchidee_des_Jahres\" target=\"_blank\" rel=\"noopener\">Orchidee des Jahres<\/a> <a title=\"1995\" href=\"https:\/\/de.wikipedia.org\/wiki\/1995\">1995<\/a> gew\u00e4hlt.<br \/>\nDie Bienen-Ragwurz ist ein ausdauernder, krautig wachsender Knollengeophyt, der Wuchsh\u00f6hen von 20 bis 50\u00a0cm erreicht. Zwei bis vier Laubbl\u00e4tter sind in einer Rosette angeordnet und 6 bis 13\u00a0cm lang. Die Grundfarbe der Bl\u00e4tter ist gr\u00fcn mit silbrigem \u201eSchimmer\u201c. Die Blattrosette treibt bereits im fr\u00fchen Herbst aus.<br \/>\nDie Bl\u00fctenst\u00e4nde sind lockerbl\u00fctige \u00c4hren mit drei bis zehn Bl\u00fcten. Die Kelchbl\u00e4tter sind hell bis kr\u00e4ftig rosa gef\u00e4rbt und bei vollst\u00e4ndig ge\u00f6ffneter Bl\u00fcte meist weit zur\u00fcckgeschlagen. Die Kronbl\u00e4tter sind gr\u00fcn bis rosa, oft behaart und 3 bis 8 mm lang. Die Lippe ist ausgebreitet dreilappig und 10 bis 15 mm lang. Die Mittellappen sind dunkelbraun, das Basalfeld ist hellbraun. Das Mal ist gr\u00e4ulichblau mit hellem Rand, umgreift das Basalfeld mehr oder weniger. Das Anh\u00e4ngsel ist sehr gro\u00df, von vorn aber in der Regel nicht sichtbar, da sich der Rand des Mittellappens nach hinten umschl\u00e4gt. Die Seitenlappen besitzen gro\u00dfe, behaarte H\u00f6cker.<br \/>\nDie Bl\u00fcten der Bienen-Ragwurz werden nur selten von Insekten fremdbest\u00e4ubt. In der Regel kommt es zur Selbstbest\u00e4ubung. Dabei kr\u00fcmmen sich die Pollinienstiele nach unten und bringen so die Pollinien mit der Narbe in Ber\u00fchrung. Dies ist bei den Orchideen sehr selten, denn meist beruht hier die Fortpflanzung auf Fremdbest\u00e4ubung.<br \/>\nDie Anzahl bl\u00fchender Pflanzen schwankt von Jahr zu Jahr betr\u00e4chtlich. Je trockener der Winter und Fr\u00fchling, desto geringer die Anzahl. Im Jahrhundertsommer 2003 war die Zahl sehr gering. Nur an leicht beschatteten oder etwas feuchteren Standorten konnte man mehrere bl\u00fchende Pflanzen beobachten. Auch wurde die Anzahl der Pflanzen in einigen Regionen stark dezimiert; im Herbst trieben deutlich weniger Blattrosetten aus als im Herbst zuvor.<br \/>\nDie Pflanzen sind mitunter nicht sehr langlebig. Oft bl\u00fchen sie nur wenige Male und verschwinden dann wieder oder sie ben\u00f6tigen wieder einige Jahre bis zur n\u00e4chsten Bl\u00fcte. Grund daf\u00fcr d\u00fcrfte die Selbstbest\u00e4ubung sein. Der Aufwand an Energie f\u00fcr die Samenproduktion schw\u00e4cht die Pflanzen.<br \/>\nSeit Anfang der 1990er Jahre wird verst\u00e4rkt die Besiedelung neuer Standorte beobachtet, an denen sie noch nie zuvor gesehen wurde. An geeigneten Standorten kann die Anzahl der Pflanzen in nur wenigen Jahren stark ansteigen. Vom Samen bis zur bl\u00fchf\u00e4higen Pflanze dauert es nur drei bis vier Jahre.<\/p>\n<p><strong>Bl\u00fctezeit:<\/strong> \u00a0\u00a0\u00a0 Anfang Juni bis Anfang Juli<\/p>\n<p>Zur Galerie <a href=\"https:\/\/woerrlein-naturfoto.de\/wordpress\/hauptseite-pflanzen\/pflanzen\/blueten-i-orchideen-2\/ragwurzen-ophris\/\">Ragwurzen<\/a><\/p>\n<p>&nbsp;<\/p>\n<p><em>Quelle des Textauszuges und weitere Infos bei <\/em><a href=\"https:\/\/de.wikipedia.org\/wiki\/Bienen-Ragwurz\" target=\"_blank\" rel=\"noopener noreferrer\">Wikipedia<\/a><em> (<\/em><a href=\"http:\/\/www.gnu.org\/licenses\/fdl-1.3.txt\" target=\"_blank\" rel=\"noopener noreferrer\">GNU-Lizenz<\/a><em>)\u2013 mein Dank gilt den <\/em><a href=\"https:\/\/de.wikipedia.org\/w\/index.php?title=Bienen-Ragwurz&amp;action=history\" target=\"_blank\" rel=\"noopener noreferrer\">Autoren<\/a><em>.<\/em><\/p>\n","protected":false},"excerpt":{"rendered":"<p>Pflanzen -&gt;Orchideen -&gt; Ragwurzen (Ophrys) Pflanzen von A-Z Zur Galerie Ragwurzen Die Bienen-Ragwurz (Ophrys apifera) ist eine sp\u00e4tbl\u00fchende Art aus der Gattung der Ragwurzen (Ophrys) der Familie der Orchideen (Orchidaceae). Um auf die besondere Gef\u00e4hrdung dieser Art aufmerksam zu machen, wurde die Bienen-Ragwurz vom Arbeitskreis Heimische Orchideen zur Orchidee des Jahres 1995 gew\u00e4hlt. Die Bienen-Ragwurz &hellip; <a href=\"https:\/\/woerrlein-naturfoto.de\/wordpress\/ragwurzen-a-z\/bienenragwurz\/\" class=\"more-link\"><span class=\"screen-reader-text\">Bienenragwurz<\/span> weiterlesen <span class=\"meta-nav\">&rarr;<\/span><\/a><\/p>\n","protected":false},"author":1,"featured_media":0,"parent":14232,"menu_order":0,"comment_status":"closed","ping_status":"closed","template":"page-templates\/full-width.php","meta":{"footnotes":""},"class_list":["post-14430","page","type-page","status-publish","hentry"],"_links":{"self":[{"href":"https:\/\/woerrlein-naturfoto.de\/wordpress\/wp-json\/wp\/v2\/pages\/14430","targetHints":{"allow":["GET"]}}],"collection":[{"href":"https:\/\/woerrlein-naturfoto.de\/wordpress\/wp-json\/wp\/v2\/pages"}],"about":[{"href":"https:\/\/woerrlein-naturfoto.de\/wordpress\/wp-json\/wp\/v2\/types\/page"}],"author":[{"embeddable":true,"href":"https:\/\/woerrlein-naturfoto.de\/wordpress\/wp-json\/wp\/v2\/users\/1"}],"replies":[{"embeddable":true,"href":"https:\/\/woerrlein-naturfoto.de\/wordpress\/wp-json\/wp\/v2\/comments?post=14430"}],"version-history":[{"count":7,"href":"https:\/\/woerrlein-naturfoto.de\/wordpress\/wp-json\/wp\/v2\/pages\/14430\/revisions"}],"predecessor-version":[{"id":14458,"href":"https:\/\/woerrlein-naturfoto.de\/wordpress\/wp-json\/wp\/v2\/pages\/14430\/revisions\/14458"}],"up":[{"embeddable":true,"href":"https:\/\/woerrlein-naturfoto.de\/wordpress\/wp-json\/wp\/v2\/pages\/14232"}],"wp:attachment":[{"href":"https:\/\/woerrlein-naturfoto.de\/wordpress\/wp-json\/wp\/v2\/media?parent=14430"}],"curies":[{"name":"wp","href":"https:\/\/api.w.org\/{rel}","templated":true}]}}