{"id":13254,"date":"2021-07-26T13:09:46","date_gmt":"2021-07-26T11:09:46","guid":{"rendered":"https:\/\/woerrlein-naturfoto.de\/wordpress\/?page_id=13254"},"modified":"2021-07-26T13:17:12","modified_gmt":"2021-07-26T11:17:12","slug":"magerrasen-perlmuttfalter","status":"publish","type":"page","link":"https:\/\/woerrlein-naturfoto.de\/wordpress\/edelfalter-a-z\/magerrasen-perlmuttfalter\/","title":{"rendered":"Magerrasen-Perlmuttfalter"},"content":{"rendered":"<p><a href=\"http:\/\/woerrlein-naturfoto.de\/wordpress\/insekten\/\"><span style=\"color: #ffff00;\">Insekten<\/span><\/a> -&gt; <a href=\"http:\/\/woerrlein-naturfoto.de\/wordpress\/hauptseite-insekten\/insekten\/schmetterlinge-2\/\"><span style=\"color: #ffff00;\">Schmetterlinge<\/span><\/a>-&gt;<a href=\"https:\/\/woerrlein-naturfoto.de\/wordpress\/hauptseite-insekten\/insekten\/schmetterlinge-2\/edelfalter\/\"><span style=\"color: #ffff00;\">Edelfalter<\/span><\/a><br \/>\n<a title=\"Insekten A-Z\" href=\"http:\/\/woerrlein-naturfoto.de\/wordpress\/insekten-a-z\/\">Insekten von A-Z<\/a><br \/>\nzur Galerie <a href=\"https:\/\/woerrlein-naturfoto.de\/wordpress\/hauptseite-insekten\/insekten\/schmetterlinge-2\/edelfalter\/\">Edelfalter<\/a><\/p>\n<p><img loading=\"lazy\" decoding=\"async\" class=\"alignleft wp-image-13187\" src=\"https:\/\/woerrlein-naturfoto.de\/wordpress\/wp-content\/uploads\/2019\/10\/Magerrasenperlmutter_AW15819L_3191x4787-267x400.jpg\" alt=\"\" width=\"267\" height=\"400\" srcset=\"https:\/\/woerrlein-naturfoto.de\/wordpress\/wp-content\/uploads\/2019\/10\/Magerrasenperlmutter_AW15819L_3191x4787-267x400.jpg 267w, https:\/\/woerrlein-naturfoto.de\/wordpress\/wp-content\/uploads\/2019\/10\/Magerrasenperlmutter_AW15819L_3191x4787.jpg 567w\" sizes=\"auto, (max-width: 267px) 100vw, 267px\" \/>Der <b>Magerrasen-Perlmuttfalter<\/b> oder <b>Hainveilchen-Perlmuttfalter<\/b> (<i>Boloria dia<\/i>) ist ein Schmetterling (Tagfalter) aus der Familie der Edelfalter.<br \/>\nDie Falter erreichen eine Fl\u00fcgelspannweite von 32 bis 36 Millimetern und geh\u00f6ren damit zu den kleinsten Perlmuttfaltern in Mitteleuropa. Ihre Fl\u00fcgel sind auch langgestreckter als die der anderen Arten. Die Fl\u00fcgeloberseiten sind gelborange und tragen ein Muster aus schwarzen Flecken. Die Au\u00dfenkanten beider Fl\u00fcgelpaare sind fein wei\u00df und schwarz gestrichelt. In der <a class=\"mw-redirect\" title=\"Postdiskalregion\" href=\"https:\/\/de.wikipedia.org\/wiki\/Postdiskalregion\" target=\"_blank\" rel=\"noopener noreferrer\">Postdiskalregion<\/a> ist eine schwarze Punktreihe parallel zum Au\u00dfenrand angeordnet. Die <a class=\"mw-redirect\" title=\"Diskalregion\" href=\"https:\/\/de.wikipedia.org\/wiki\/Diskalregion\" target=\"_blank\" rel=\"noopener noreferrer\">Diskal-<\/a> und <a class=\"mw-redirect\" title=\"Basalregion\" href=\"https:\/\/de.wikipedia.org\/wiki\/Basalregion\" target=\"_blank\" rel=\"noopener noreferrer\">Basalregion<\/a> hat etwas gr\u00f6\u00dfere, bis zu den Adern reichende, Flecken. In der dunklen Basalregion ist ein gr\u00f6\u00dferer, runder schwarzer Punkt zu finden. Die Adern der gesamten Oberseite sind fein schwarz gef\u00e4rbt. Die Fl\u00fcgelunterseite ist relativ dunkel aus einer Mischung aus violettbraun und ockergelb gef\u00e4rbt. Vor allem in der Mitte, aber auch am Ansatz kann man drei gr\u00f6\u00dfere und einige kleinere Perlmuttflecken und daneben einige ockergelbe Flecken erkennen. In der Postdiskalregion verl\u00e4uft eine etwas deutlicher violett gef\u00e4rbte Binde, dahinter kann man analog zu den schwarzen Punkten der Vorderseite mehrere braune, dunkel gekernte Flecken erkennen. Am Au\u00dfenrand finden sich einige dunkle Bereiche mit vereinzelten wei\u00dfen Einschl\u00fcssen.<br \/>\nDie Raupen werden etwa 20 Millimeter lang und sind denen des <a title=\"Braunfleckiger Perlmuttfalter\" href=\"https:\/\/de.wikipedia.org\/wiki\/Braunfleckiger_Perlmuttfalter\" target=\"_blank\" rel=\"noopener noreferrer\">Braunfleckigen Perlmuttfalters<\/a> (<i>Boloria selene<\/i>) sehr \u00e4hnlich. Sie sind schwarzbr\u00e4unlich gef\u00e4rbt mit feinen, wei\u00dfen Punkten und tragen auf jedem Segment eine Reihe von hellbraunen Dornen. Anders als bei der \u00e4hnlichen Art ist das vorderste Dornenpaar aber nicht verl\u00e4ngert. Die Raupen ern\u00e4hren sich von Rauem Veilchen (<i>Viola hirta<\/i>) und anderen Veilchenarten, aber auch von Brombeeren (<i>Rubus fruticosus<\/i>), Himbeere (<i>Rubus idaeus<\/i>) und Kleiner Brunelle (<i>Prunella vulgaris<\/i>).<\/p>\n<p><strong>Flugzeit:<\/strong> \u00a0\u00a0\u00a0 In zwei Generationen von Ende April bis Mitte Juni und von Mitte Juli bis Mitte August.<\/p>\n<p>Zur Galerie <a href=\"https:\/\/woerrlein-naturfoto.de\/wordpress\/hauptseite-insekten\/insekten\/schmetterlinge-2\/edelfalter\/\">Edelfalter<\/a><\/p>\n<p><em>Quelle des Textauszuges und weitere Infos bei <\/em><a href=\"https:\/\/de.wikipedia.org\/wiki\/Magerrasen-Perlmuttfalter\" target=\"_blank\" rel=\"noopener noreferrer\">Wikipedia<\/a><em> (<\/em><a href=\"http:\/\/www.gnu.org\/licenses\/fdl-1.3.txt\" target=\"_blank\" rel=\"noopener noreferrer\">GNU-Lizenz<\/a><em>)\u2013 mein Dank gilt den <\/em><a href=\"https:\/\/de.wikipedia.org\/w\/index.php?title=C-Falter&amp;action=history\" target=\"_blank\" rel=\"noopener noreferrer\">Autoren<\/a><em>.<\/em><\/p>\n","protected":false},"excerpt":{"rendered":"<p>Insekten -&gt; Schmetterlinge-&gt;Edelfalter Insekten von A-Z zur Galerie Edelfalter Der Magerrasen-Perlmuttfalter oder Hainveilchen-Perlmuttfalter (Boloria dia) ist ein Schmetterling (Tagfalter) aus der Familie der Edelfalter. Die Falter erreichen eine Fl\u00fcgelspannweite von 32 bis 36 Millimetern und geh\u00f6ren damit zu den kleinsten Perlmuttfaltern in Mitteleuropa. Ihre Fl\u00fcgel sind auch langgestreckter als die der anderen Arten. Die Fl\u00fcgeloberseiten &hellip; <a href=\"https:\/\/woerrlein-naturfoto.de\/wordpress\/edelfalter-a-z\/magerrasen-perlmuttfalter\/\" class=\"more-link\"><span class=\"screen-reader-text\">Magerrasen-Perlmuttfalter<\/span> weiterlesen <span class=\"meta-nav\">&rarr;<\/span><\/a><\/p>\n","protected":false},"author":1,"featured_media":0,"parent":11134,"menu_order":0,"comment_status":"closed","ping_status":"closed","template":"page-templates\/full-width.php","meta":{"footnotes":""},"class_list":["post-13254","page","type-page","status-publish","hentry"],"_links":{"self":[{"href":"https:\/\/woerrlein-naturfoto.de\/wordpress\/wp-json\/wp\/v2\/pages\/13254","targetHints":{"allow":["GET"]}}],"collection":[{"href":"https:\/\/woerrlein-naturfoto.de\/wordpress\/wp-json\/wp\/v2\/pages"}],"about":[{"href":"https:\/\/woerrlein-naturfoto.de\/wordpress\/wp-json\/wp\/v2\/types\/page"}],"author":[{"embeddable":true,"href":"https:\/\/woerrlein-naturfoto.de\/wordpress\/wp-json\/wp\/v2\/users\/1"}],"replies":[{"embeddable":true,"href":"https:\/\/woerrlein-naturfoto.de\/wordpress\/wp-json\/wp\/v2\/comments?post=13254"}],"version-history":[{"count":4,"href":"https:\/\/woerrlein-naturfoto.de\/wordpress\/wp-json\/wp\/v2\/pages\/13254\/revisions"}],"predecessor-version":[{"id":13258,"href":"https:\/\/woerrlein-naturfoto.de\/wordpress\/wp-json\/wp\/v2\/pages\/13254\/revisions\/13258"}],"up":[{"embeddable":true,"href":"https:\/\/woerrlein-naturfoto.de\/wordpress\/wp-json\/wp\/v2\/pages\/11134"}],"wp:attachment":[{"href":"https:\/\/woerrlein-naturfoto.de\/wordpress\/wp-json\/wp\/v2\/media?parent=13254"}],"curies":[{"name":"wp","href":"https:\/\/api.w.org\/{rel}","templated":true}]}}