{"id":13243,"date":"2021-07-26T12:31:31","date_gmt":"2021-07-26T10:31:31","guid":{"rendered":"https:\/\/woerrlein-naturfoto.de\/wordpress\/?page_id=13243"},"modified":"2021-07-26T12:43:03","modified_gmt":"2021-07-26T10:43:03","slug":"russischer-baer","status":"publish","type":"page","link":"https:\/\/woerrlein-naturfoto.de\/wordpress\/nachtfalter-a-z\/russischer-baer\/","title":{"rendered":"Russischer B\u00e4r"},"content":{"rendered":"<p><span style=\"color: #ffff00;\"><a style=\"color: #ffff00;\" href=\"http:\/\/woerrlein-naturfoto.de\/wordpress\/insekten\/\">Insekten <\/a><\/span>-&gt;<span style=\"color: #ffff00;\"><a style=\"color: #ffff00;\" href=\"http:\/\/woerrlein-naturfoto.de\/wordpress\/hauptseite-insekten\/insekten\/schmetterlinge-2\/\"> Schmetterlinge<\/a><\/span> -&gt;<a href=\"https:\/\/woerrlein-naturfoto.de\/wordpress\/hauptseite-insekten\/insekten\/schmetterlinge-2\/nachtfalter\/\"><span style=\"color: #ffff00;\">Nachtfalter<\/span><\/a><br \/>\n<a title=\"Insekten A-Z\" href=\"http:\/\/woerrlein-naturfoto.de\/wordpress\/insekten-a-z\/\">Insekten von A-Z<\/a><br \/>\nzur Galerie <a href=\"https:\/\/woerrlein-naturfoto.de\/wordpress\/hauptseite-insekten\/insekten\/schmetterlinge-2\/nachtfalter\/\">Nachtfalter<\/a><\/p>\n<p><img loading=\"lazy\" decoding=\"async\" class=\"alignleft wp-image-13222\" src=\"https:\/\/woerrlein-naturfoto.de\/wordpress\/wp-content\/uploads\/2019\/10\/Russischer_Baer_AW_64570_7231x4821-600x400.jpg\" alt=\"\" width=\"600\" height=\"400\" \/>Der <b>Russische B\u00e4r<\/b>, auch <b>Spanische Flagge<\/b> genannt, (<i>Euplagia quadripunctaria<\/i>) ist ein Schmetterling (Nachtfalter) aus der Unterfamilie der B\u00e4renspinner. N\u00e4her mit ihm verwandt ist der <a title=\"\" href=\"https:\/\/woerrlein-naturfoto.de\/wordpress\/nachtfalter-a-z\/schoenbaer\/\" target=\"_blank\" rel=\"noopener noreferrer\">Sch\u00f6nb\u00e4r<\/a>.<br \/>\nDie Falter erreichen eine Fl\u00fcgelspannweite von 42 bis 52 Millimetern. Sie haben schwarzblaue Vorderfl\u00fcgel mit wei\u00dfen oder gelblichen Streifen. Diese bilden an den Fl\u00fcgelspitzen ein markantes &#8222;V&#8220;. Beim Spreizen der Vorderfl\u00fcgel werden die orangen Hinterfl\u00fcgel mit drei bis vier schwarzblaue Flecken sichtbar, ein auff\u00e4lliger <a title=\"Aposematismus\" href=\"https:\/\/de.wikipedia.org\/wiki\/Aposematismus\" target=\"_blank\" rel=\"noopener noreferrer\">Aposematismus<\/a> (Warntracht). Im Gegensatz zu anderen B\u00e4renspinnern besitzen sie, wie auch der verwandte Sch\u00f6nb\u00e4r, einen gut ausgebildeten Saugr\u00fcssel, der es ihnen erm\u00f6glicht, Nektar von Bl\u00fcten zu saugen, was diese so auff\u00e4llig gef\u00e4rbten Nachtfalter regelm\u00e4\u00dfig auch tags\u00fcber tun. Die <a title=\"Polyphagie (\u00d6kologie)\" href=\"https:\/\/de.wikipedia.org\/wiki\/Polyphagie_(%C3%96kologie)\" target=\"_blank\" rel=\"noopener noreferrer\">polyphagen<\/a> <a title=\"Raupe (Schmetterling)\" href=\"https:\/\/de.wikipedia.org\/wiki\/Raupe_(Schmetterling)\">Raupen<\/a> werden ca. 50 Millimeter lang. Sie sind schwarzgrau und haben eine gelbe R\u00fcckenlinie. Zus\u00e4tzlich haben sie auf den Seiten wei\u00dfe Flecken und \u00fcberall r\u00f6tlich-braune Warzen mit kurzen, hellen Borsten.<br \/>\nSie kommen in S\u00fcd- und Mitteleuropa, n\u00f6rdlich bis zum Harz vor. Sie bevorzugen halboffenes Gel\u00e4nde, wie z.\u00a0B. Steinbr\u00fcche, Fluss- und Bachr\u00e4nder, Trockenrasen und felsige T\u00e4ler und H\u00e4nge. Sie sind in sonnigem, trockenem wie auch in feuchtem, halbschattigem Gel\u00e4nde zu finden. Sie sind nicht h\u00e4ufig, aber in manchen Jahren lokal zahlreich. Gerne ruht der Falter auch an hellen W\u00e4nden, h\u00e4lt dabei jedoch die Fl\u00fcgel geschlossen. Nachts ans Licht geflogen kommen Russische B\u00e4ren nur selten.<\/p>\n<p><strong>Flugzeit:<\/strong> \u00a0\u00a0\u00a0 Juli bis Septemger in einer Generation.<\/p>\n<p>Zur Galerie <a href=\"https:\/\/woerrlein-naturfoto.de\/wordpress\/hauptseite-insekten\/insekten\/schmetterlinge-2\/nachtfalter\/\">Nachtfalter<\/a><\/p>\n<p>&nbsp;<\/p>\n<p><em>Quelle des Textauszuges und weitere Infos bei <\/em><a href=\"https:\/\/de.wikipedia.org\/wiki\/Russischer_B%C3%A4r\" target=\"_blank\" rel=\"noopener noreferrer\">Wikipedia<\/a><em> (<\/em><a href=\"http:\/\/www.gnu.org\/licenses\/fdl-1.3.txt\" target=\"_blank\" rel=\"noopener noreferrer\">GNU-Lizenz<\/a><em>)\u2013 mein Dank gilt den <\/em><a href=\"https:\/\/de.wikipedia.org\/w\/index.php?title=Russischer_B%C3%A4r&amp;action=history\" target=\"_blank\" rel=\"noopener noreferrer\">Autoren<\/a><em>.<\/em><\/p>\n","protected":false},"excerpt":{"rendered":"<p>Insekten -&gt; Schmetterlinge -&gt;Nachtfalter Insekten von A-Z zur Galerie Nachtfalter Der Russische B\u00e4r, auch Spanische Flagge genannt, (Euplagia quadripunctaria) ist ein Schmetterling (Nachtfalter) aus der Unterfamilie der B\u00e4renspinner. N\u00e4her mit ihm verwandt ist der Sch\u00f6nb\u00e4r. Die Falter erreichen eine Fl\u00fcgelspannweite von 42 bis 52 Millimetern. Sie haben schwarzblaue Vorderfl\u00fcgel mit wei\u00dfen oder gelblichen Streifen. Diese &hellip; <a href=\"https:\/\/woerrlein-naturfoto.de\/wordpress\/nachtfalter-a-z\/russischer-baer\/\" class=\"more-link\"><span class=\"screen-reader-text\">Russischer B\u00e4r<\/span> weiterlesen <span class=\"meta-nav\">&rarr;<\/span><\/a><\/p>\n","protected":false},"author":1,"featured_media":0,"parent":11172,"menu_order":0,"comment_status":"closed","ping_status":"closed","template":"page-templates\/full-width.php","meta":{"footnotes":""},"class_list":["post-13243","page","type-page","status-publish","hentry"],"_links":{"self":[{"href":"https:\/\/woerrlein-naturfoto.de\/wordpress\/wp-json\/wp\/v2\/pages\/13243","targetHints":{"allow":["GET"]}}],"collection":[{"href":"https:\/\/woerrlein-naturfoto.de\/wordpress\/wp-json\/wp\/v2\/pages"}],"about":[{"href":"https:\/\/woerrlein-naturfoto.de\/wordpress\/wp-json\/wp\/v2\/types\/page"}],"author":[{"embeddable":true,"href":"https:\/\/woerrlein-naturfoto.de\/wordpress\/wp-json\/wp\/v2\/users\/1"}],"replies":[{"embeddable":true,"href":"https:\/\/woerrlein-naturfoto.de\/wordpress\/wp-json\/wp\/v2\/comments?post=13243"}],"version-history":[{"count":6,"href":"https:\/\/woerrlein-naturfoto.de\/wordpress\/wp-json\/wp\/v2\/pages\/13243\/revisions"}],"predecessor-version":[{"id":13249,"href":"https:\/\/woerrlein-naturfoto.de\/wordpress\/wp-json\/wp\/v2\/pages\/13243\/revisions\/13249"}],"up":[{"embeddable":true,"href":"https:\/\/woerrlein-naturfoto.de\/wordpress\/wp-json\/wp\/v2\/pages\/11172"}],"wp:attachment":[{"href":"https:\/\/woerrlein-naturfoto.de\/wordpress\/wp-json\/wp\/v2\/media?parent=13243"}],"curies":[{"name":"wp","href":"https:\/\/api.w.org\/{rel}","templated":true}]}}