{"id":13239,"date":"2021-07-26T12:22:32","date_gmt":"2021-07-26T10:22:32","guid":{"rendered":"https:\/\/woerrlein-naturfoto.de\/wordpress\/?page_id=13239"},"modified":"2021-07-26T12:29:36","modified_gmt":"2021-07-26T10:29:36","slug":"wegerichbaer","status":"publish","type":"page","link":"https:\/\/woerrlein-naturfoto.de\/wordpress\/nachtfalter-a-z\/wegerichbaer\/","title":{"rendered":"Wegerichb\u00e4r"},"content":{"rendered":"<p><span style=\"color: #ffff00;\"><a style=\"color: #ffff00;\" href=\"http:\/\/woerrlein-naturfoto.de\/wordpress\/insekten\/\">Insekten <\/a><\/span>-&gt;<a href=\"http:\/\/woerrlein-naturfoto.de\/wordpress\/hauptseite-insekten\/insekten\/schmetterlinge-2\/\"><span style=\"color: #ffff00;\"> Schmetterlinge<\/span><\/a>-&gt;<a href=\"https:\/\/woerrlein-naturfoto.de\/wordpress\/hauptseite-insekten\/insekten\/schmetterlinge-2\/nachtfalter\/\"><span style=\"color: #ffff00;\">Nachtfalter<\/span><\/a><br \/>\n<a title=\"Insekten A-Z\" href=\"http:\/\/woerrlein-naturfoto.de\/wordpress\/insekten-a-z\/\">Insekten von A-Z<\/a><br \/>\nzur Galerie <a href=\"https:\/\/woerrlein-naturfoto.de\/wordpress\/hauptseite-insekten\/insekten\/schmetterlinge-2\/nachtfalter\/\">Nachtfalter<\/a><\/p>\n<p><img loading=\"lazy\" decoding=\"async\" class=\"alignleft wp-image-13162\" src=\"https:\/\/woerrlein-naturfoto.de\/wordpress\/wp-content\/uploads\/2019\/10\/Wegerichbaer_AW19413L_3541x5311-267x400.jpg\" alt=\"\" width=\"267\" height=\"400\" \/>Der <b>Wegerichb\u00e4r<\/b> (<i>Arctia plantaginis<\/i>) ist ein Schmetterling (Nachtfalter) aus der Unterfamilie der B\u00e4renspinner.<br \/>\nDie Falter besitzen eine Fl\u00fcgelspannweite von 32 bis 38 Millimetern. Der Wegerichb\u00e4r sieht dem <a title=\"Brauner B\u00e4r (Schmetterling)\" href=\"https:\/\/de.wikipedia.org\/wiki\/Brauner_B%C3%A4r_(Schmetterling)\" target=\"_blank\" rel=\"noopener noreferrer\">Braunen B\u00e4ren<\/a> \u00e4hnlich, ist aber etwas kleiner. Die Farben dieser Art variieren stark, so gibt es Exemplare mit rot-schwarzen, wei\u00df-schwarzen und gelb-schwarzen Hinterfl\u00fcgeln. Man hat jedoch herausgefunden, dass die Weibchen stets rot und die M\u00e4nnchen wei\u00df oder gelb gef\u00e4rbt sind. Auch melanistische Formen sind beschrieben, etwa <i>f.melanata<\/i>. Die Geschlechter kann man ebenso an den Beinen unterscheiden, M\u00e4nnchen haben wei\u00dfe und Weibchen schwarze Beine. Die adulten Raupen sind hinten und vorne schwarzgrau, mittig fuchsrot und dicht behaart.<br \/>\nMan findet den Wegerichb\u00e4ren in ganz Europa, aber vor allem in den Gebirgen und Mittelgebirgen bis 3000 m H\u00f6he. Ideal sind H\u00fcgell\u00e4nder mit nassen Wiesen, Mooren oder feuchten Waldr\u00e4ndern bzw. -schneisen. Viele Populationen des H\u00fcgellandes sind erloschen, da die Art sehr empfindlich auf Kulturma\u00dfnahmen auf den bewohnten Wiesenbiotopen reagiert. Seit Mitte des 20. Jahrhunderts sind viele ehemals sehr gro\u00dfe Populationen erloschen.<\/p>\n<p><strong>Flugzeit:<\/strong> \u00a0\u00a0\u00a0 Juni bis Mitte Juli in einer Generation.<\/p>\n<p>Zur Galerie <a href=\"https:\/\/woerrlein-naturfoto.de\/wordpress\/hauptseite-insekten\/insekten\/schmetterlinge-2\/nachtfalter\/\">Nachtfalter<\/a><\/p>\n<p>&nbsp;<\/p>\n<p><em>Quelle des Textauszuges und weitere Infos bei <\/em><a href=\"https:\/\/de.wikipedia.org\/wiki\/Wegerichb%C3%A4r\" target=\"_blank\" rel=\"noopener noreferrer\">Wikipedia<\/a><em> (<\/em><a href=\"http:\/\/www.gnu.org\/licenses\/fdl-1.3.txt\" target=\"_blank\" rel=\"noopener noreferrer\">GNU-Lizenz<\/a><em>)\u2013 mein Dank gilt den <\/em><a href=\"https:\/\/de.wikipedia.org\/w\/index.php?title=Wegerichb%C3%A4r&amp;action=history\" target=\"_blank\" rel=\"noopener noreferrer\">Autoren<\/a><em>.<\/em><\/p>\n","protected":false},"excerpt":{"rendered":"<p>Insekten -&gt; Schmetterlinge-&gt;Nachtfalter Insekten von A-Z zur Galerie Nachtfalter Der Wegerichb\u00e4r (Arctia plantaginis) ist ein Schmetterling (Nachtfalter) aus der Unterfamilie der B\u00e4renspinner. Die Falter besitzen eine Fl\u00fcgelspannweite von 32 bis 38 Millimetern. Der Wegerichb\u00e4r sieht dem Braunen B\u00e4ren \u00e4hnlich, ist aber etwas kleiner. Die Farben dieser Art variieren stark, so gibt es Exemplare mit rot-schwarzen, &hellip; <a href=\"https:\/\/woerrlein-naturfoto.de\/wordpress\/nachtfalter-a-z\/wegerichbaer\/\" class=\"more-link\"><span class=\"screen-reader-text\">Wegerichb\u00e4r<\/span> weiterlesen <span class=\"meta-nav\">&rarr;<\/span><\/a><\/p>\n","protected":false},"author":1,"featured_media":0,"parent":11172,"menu_order":0,"comment_status":"closed","ping_status":"closed","template":"page-templates\/full-width.php","meta":{"footnotes":""},"class_list":["post-13239","page","type-page","status-publish","hentry"],"_links":{"self":[{"href":"https:\/\/woerrlein-naturfoto.de\/wordpress\/wp-json\/wp\/v2\/pages\/13239","targetHints":{"allow":["GET"]}}],"collection":[{"href":"https:\/\/woerrlein-naturfoto.de\/wordpress\/wp-json\/wp\/v2\/pages"}],"about":[{"href":"https:\/\/woerrlein-naturfoto.de\/wordpress\/wp-json\/wp\/v2\/types\/page"}],"author":[{"embeddable":true,"href":"https:\/\/woerrlein-naturfoto.de\/wordpress\/wp-json\/wp\/v2\/users\/1"}],"replies":[{"embeddable":true,"href":"https:\/\/woerrlein-naturfoto.de\/wordpress\/wp-json\/wp\/v2\/comments?post=13239"}],"version-history":[{"count":3,"href":"https:\/\/woerrlein-naturfoto.de\/wordpress\/wp-json\/wp\/v2\/pages\/13239\/revisions"}],"predecessor-version":[{"id":13242,"href":"https:\/\/woerrlein-naturfoto.de\/wordpress\/wp-json\/wp\/v2\/pages\/13239\/revisions\/13242"}],"up":[{"embeddable":true,"href":"https:\/\/woerrlein-naturfoto.de\/wordpress\/wp-json\/wp\/v2\/pages\/11172"}],"wp:attachment":[{"href":"https:\/\/woerrlein-naturfoto.de\/wordpress\/wp-json\/wp\/v2\/media?parent=13239"}],"curies":[{"name":"wp","href":"https:\/\/api.w.org\/{rel}","templated":true}]}}