{"id":13230,"date":"2021-07-26T11:27:14","date_gmt":"2021-07-26T09:27:14","guid":{"rendered":"https:\/\/woerrlein-naturfoto.de\/wordpress\/?page_id=13230"},"modified":"2021-07-26T12:13:05","modified_gmt":"2021-07-26T10:13:05","slug":"eichenspinner","status":"publish","type":"page","link":"https:\/\/woerrlein-naturfoto.de\/wordpress\/nachtfalter-a-z\/eichenspinner\/","title":{"rendered":"Eichenspinner"},"content":{"rendered":"<p><span style=\"color: #ffff00;\"><a style=\"color: #ffff00;\" href=\"http:\/\/woerrlein-naturfoto.de\/wordpress\/insekten\/\">Insekten <\/a><\/span>-&gt;<a href=\"http:\/\/woerrlein-naturfoto.de\/wordpress\/hauptseite-insekten\/insekten\/schmetterlinge-2\/\"><span style=\"color: #ffff00;\"> Schmetterlinge<\/span><\/a>-&gt;<a href=\"https:\/\/woerrlein-naturfoto.de\/wordpress\/hauptseite-insekten\/insekten\/schmetterlinge-2\/nachtfalter\/\"><span style=\"color: #ffff00;\">Nachtfalter<\/span><\/a><br \/>\n<a title=\"Insekten A-Z\" href=\"http:\/\/woerrlein-naturfoto.de\/wordpress\/insekten-a-z\/\">Insekten von A-Z<\/a><br \/>\nzur Galerie <a href=\"https:\/\/woerrlein-naturfoto.de\/wordpress\/hauptseite-insekten\/insekten\/schmetterlinge-2\/nachtfalter\/\">Nachtfalter<\/a><\/p>\n<p><img loading=\"lazy\" decoding=\"async\" class=\"alignleft wp-image-13153\" src=\"https:\/\/woerrlein-naturfoto.de\/wordpress\/wp-content\/uploads\/2019\/10\/Eichenspinner_200721_8047-267x400.jpg\" alt=\"\" width=\"267\" height=\"400\" srcset=\"https:\/\/woerrlein-naturfoto.de\/wordpress\/wp-content\/uploads\/2019\/10\/Eichenspinner_200721_8047-267x400.jpg 267w, https:\/\/woerrlein-naturfoto.de\/wordpress\/wp-content\/uploads\/2019\/10\/Eichenspinner_200721_8047.jpg 567w\" sizes=\"auto, (max-width: 267px) 100vw, 267px\" \/>Der <b>Eichenspinner<\/b> oder <b>Quittenvogel<\/b> (<i>Lasiocampa quercus<\/i>) &#8211; nicht zu verwechseln mit dem <a title=\"\" href=\"https:\/\/de.wikipedia.org\/wiki\/Eichen-Prozessionsspinner\" target=\"_blank\" rel=\"noopener noreferrer\">Eichen-Prozessionsspinner<\/a> &#8211; ist ein Schmetterling aus der Familie der Glucken.<br \/>\nDie Falter erreichen eine Fl\u00fcgelspannweite von 45 bis 75 Millimetern. Beide Geschlechter, die sich deutlich voneinander unterscheiden, haben sehr variabel gef\u00e4rbte Fl\u00fcgel. Die Vorderfl\u00fcgel der M\u00e4nnchen haben meist eine kastanienbraune Grundf\u00e4rbung und haben etwa zwischen den hinteren beiden Fl\u00fcgeldritteln eine breite, zur Fl\u00fcgelspitze nicht scharf begrenzte, gelb gef\u00e4rbte, leicht geschwungene Binde. Daneben ist ein wei\u00dfer, dunkel gerandeter <a class=\"new\" title=\"Diskoidalfleck (Seite nicht vorhanden)\" href=\"https:\/\/de.wikipedia.org\/w\/index.php?title=Diskoidalfleck&amp;action=edit&amp;redlink=1\" target=\"_blank\" rel=\"noopener noreferrer\">Diskoidalfleck<\/a> auff\u00e4llig. Die Hinterfl\u00fcgel sind gleich gef\u00e4rbt, haben aber keine Diskoidalflecken. Die Weibchen sind deutlich heller gef\u00e4rbt und auch wesentlich gr\u00f6\u00dfer als die M\u00e4nnchen. Sie haben ockergelbe oder hellbraune Fl\u00fcgel, auf denen die gelbe Binde nur undeutlich erkennbar ist. Auf den Vorderfl\u00fcgeln haben sie ebenfalls wei\u00dfe, dunkel gerandete Diskoidalflecken.<br \/>\nDie Raupen werden ca. 80 Millimeter lang, sind dicht behaart und besitzen Brennhaare, die ein Nesselgift enthalten. Sie haben eine schwarze Grundf\u00e4rbung, wobei der R\u00fccken junger Raupen auf jedem Segment eine gelbe Raute tr\u00e4gt, die in der Mitte, nach hinten verlaufend einen wei\u00dfen Fleck besitzt. \u00c4ltere Tiere sind br\u00e4unlich-grau gef\u00e4rbt und haben an den Seiten ein Rautenmuster. Diese Rauten sind auf der einen Seite hell, an der anderen Seite braun, \u00e4hnlich der Grundf\u00e4rbung gef\u00e4rbt. Die Raupen haben zus\u00e4tzlich dichte, graubraune Haarpolster am R\u00fccken. Zwischen den Segmenten befinden sich kahle Streifen, die eine schwarze Farbe haben. Sie ern\u00e4hren sich besonders von verschiedenen Str\u00e4uchern, unter anderem von Schlehdorn (<i>Prunus spinosa<\/i>), Brombeeren (<i>Rubus fruticosus<\/i>), Besenginster (<i>Cytisus scoparius<\/i>), Blaubeere (<i>Vaccinium myrtillus<\/i>), Rauschbeere (<i>Vaccinium uliginosum<\/i>), Weiden (<i>Salix spec.<\/i>) und Besenheide (<i>Calluna vulgaris<\/i>). Sie fressen nur sehr selten an Eichen, obwohl dies ihr Name vermuten l\u00e4sst.<\/p>\n<p><strong>Flugzeit:<\/strong> \u00a0\u00a0\u00a0 Ende Juni bis Mitte August in einer Generation.<\/p>\n<p>Zur Galerie <a href=\"https:\/\/woerrlein-naturfoto.de\/wordpress\/hauptseite-insekten\/insekten\/schmetterlinge-2\/nachtfalter\/\">Nachtfalter<\/a><\/p>\n<p>&nbsp;<\/p>\n<p><em>Quelle des Textauszuges und weitere Infos bei <\/em><a href=\"https:\/\/de.wikipedia.org\/wiki\/Eichenspinner\" target=\"_blank\" rel=\"noopener noreferrer\">Wikipedia<\/a><em> (<\/em><a href=\"http:\/\/www.gnu.org\/licenses\/fdl-1.3.txt\" target=\"_blank\" rel=\"noopener noreferrer\">GNU-Lizenz<\/a><em>)\u2013 mein Dank gilt den <\/em><a href=\"https:\/\/de.wikipedia.org\/w\/index.php?title=Eichenspinner&amp;action=history\" target=\"_blank\" rel=\"noopener noreferrer\">Autoren<\/a><em>.<\/em><\/p>\n","protected":false},"excerpt":{"rendered":"<p>Insekten -&gt; Schmetterlinge-&gt;Nachtfalter Insekten von A-Z zur Galerie Nachtfalter Der Eichenspinner oder Quittenvogel (Lasiocampa quercus) &#8211; nicht zu verwechseln mit dem Eichen-Prozessionsspinner &#8211; ist ein Schmetterling aus der Familie der Glucken. Die Falter erreichen eine Fl\u00fcgelspannweite von 45 bis 75 Millimetern. Beide Geschlechter, die sich deutlich voneinander unterscheiden, haben sehr variabel gef\u00e4rbte Fl\u00fcgel. Die Vorderfl\u00fcgel &hellip; <a href=\"https:\/\/woerrlein-naturfoto.de\/wordpress\/nachtfalter-a-z\/eichenspinner\/\" class=\"more-link\"><span class=\"screen-reader-text\">Eichenspinner<\/span> weiterlesen <span class=\"meta-nav\">&rarr;<\/span><\/a><\/p>\n","protected":false},"author":1,"featured_media":0,"parent":11172,"menu_order":0,"comment_status":"closed","ping_status":"closed","template":"page-templates\/full-width.php","meta":{"footnotes":""},"class_list":["post-13230","page","type-page","status-publish","hentry"],"_links":{"self":[{"href":"https:\/\/woerrlein-naturfoto.de\/wordpress\/wp-json\/wp\/v2\/pages\/13230","targetHints":{"allow":["GET"]}}],"collection":[{"href":"https:\/\/woerrlein-naturfoto.de\/wordpress\/wp-json\/wp\/v2\/pages"}],"about":[{"href":"https:\/\/woerrlein-naturfoto.de\/wordpress\/wp-json\/wp\/v2\/types\/page"}],"author":[{"embeddable":true,"href":"https:\/\/woerrlein-naturfoto.de\/wordpress\/wp-json\/wp\/v2\/users\/1"}],"replies":[{"embeddable":true,"href":"https:\/\/woerrlein-naturfoto.de\/wordpress\/wp-json\/wp\/v2\/comments?post=13230"}],"version-history":[{"count":4,"href":"https:\/\/woerrlein-naturfoto.de\/wordpress\/wp-json\/wp\/v2\/pages\/13230\/revisions"}],"predecessor-version":[{"id":13238,"href":"https:\/\/woerrlein-naturfoto.de\/wordpress\/wp-json\/wp\/v2\/pages\/13230\/revisions\/13238"}],"up":[{"embeddable":true,"href":"https:\/\/woerrlein-naturfoto.de\/wordpress\/wp-json\/wp\/v2\/pages\/11172"}],"wp:attachment":[{"href":"https:\/\/woerrlein-naturfoto.de\/wordpress\/wp-json\/wp\/v2\/media?parent=13230"}],"curies":[{"name":"wp","href":"https:\/\/api.w.org\/{rel}","templated":true}]}}