{"id":13138,"date":"2021-06-04T17:21:36","date_gmt":"2021-06-04T15:21:36","guid":{"rendered":"https:\/\/woerrlein-naturfoto.de\/wordpress\/?page_id=13138"},"modified":"2021-06-04T17:21:57","modified_gmt":"2021-06-04T15:21:57","slug":"baumpieper","status":"publish","type":"page","link":"https:\/\/woerrlein-naturfoto.de\/wordpress\/stelzen-wasseramseln-a-z\/baumpieper\/","title":{"rendered":"Baumpieper"},"content":{"rendered":"<p><a href=\"http:\/\/woerrlein-naturfoto.de\/wordpress\/voegel\/\"><span style=\"color: #ffff00;\">V\u00f6gel<\/span> <\/a>-&gt;<span style=\"color: #ffff00;\"><a style=\"color: #ffff00;\" href=\"http:\/\/woerrlein-naturfoto.de\/wordpress\/voegel\/sperlingsvoegel\/\"> Sperlingsv\u00f6gel <\/a><\/span>-&gt;<span style=\"color: #ffff00;\"><a style=\"color: #ffff00;\" href=\"http:\/\/woerrlein-naturfoto.de\/wordpress\/hauptseite-voegel\/voegel\/sperlingsvoegel-2\/stelzen-wasseramseln\/\"> Stelzen, Wasseramseln<\/a><\/span><br \/>\n<a title=\"V\u00f6gel von A-Z\" href=\"http:\/\/woerrlein-naturfoto.de\/wordpress\/voegel\/voegel_von_a-z\/\">V\u00f6gel von A-Z<\/a><br \/>\nzur Galerie <a title=\"Stelzen, Wasseramseln\" href=\"http:\/\/woerrlein-naturfoto.de\/wordpress\/hauptseite-voegel\/voegel\/sperlingsvoegel-2\/stelzen-wasseramseln\/\">Stelzen, Wasseramseln<\/a><\/p>\n<p><img loading=\"lazy\" decoding=\"async\" class=\"alignleft wp-image-13124\" src=\"https:\/\/woerrlein-naturfoto.de\/wordpress\/wp-content\/uploads\/2021\/06\/Baumpieper_AW_69492_3283x2189-600x400.jpg\" alt=\"\" width=\"600\" height=\"400\" srcset=\"https:\/\/woerrlein-naturfoto.de\/wordpress\/wp-content\/uploads\/2021\/06\/Baumpieper_AW_69492_3283x2189-600x400.jpg 600w, https:\/\/woerrlein-naturfoto.de\/wordpress\/wp-content\/uploads\/2021\/06\/Baumpieper_AW_69492_3283x2189-768x512.jpg 768w, https:\/\/woerrlein-naturfoto.de\/wordpress\/wp-content\/uploads\/2021\/06\/Baumpieper_AW_69492_3283x2189-120x80.jpg 120w, https:\/\/woerrlein-naturfoto.de\/wordpress\/wp-content\/uploads\/2021\/06\/Baumpieper_AW_69492_3283x2189.jpg 1000w\" sizes=\"auto, (max-width: 600px) 100vw, 600px\" \/><\/p>\n<p>Der <b>Baumpieper<\/b> (<i>Anthus trivialis<\/i>) ist eine Vogelart aus der Familie der Stelzen und Pieper (Motacillidae). Der im Sommer in Mitteleuropa h\u00e4ufige, aber optisch unauff\u00e4llige Vogel ist vor allem an Waldr\u00e4ndern und -lichtungen zu beobachten, da er neben einem Bestand an hohen B\u00e4umen und Str\u00e4uchern auch offene, mit niedriger Vegetation bestandene Fl\u00e4chen ben\u00f6tigt. Er f\u00e4llt dort vor allem durch seinen Gesang auf. Trotz seines unscheinbaren Erscheinungsbildes f\u00e4llt der Baumpieper auf, da er von exponierten Singwarten aus oder im Singflug seine f\u00fcr den Menschen hell und heiter wirkenden Rufe erklingen l\u00e4sst. Entsprechend tr\u00e4gt diese Vogelart im Volksmund eine Reihe unterschiedlicher Trivialnamen. Einige wie Baum-, Holz-, Kraut-, Spitz- oder Spie\u00dflerche spielen auf das lerchen\u00e4hnliche Verhalten des Baumpiepers hin.<br \/>\nDer Baumpieper ist ein Weitstreckenzieher, der in der Vegetationszone der Hochgras-Savannen West- und Ostafrikas \u00fcberwintert.<sup id=\"cite_ref-blotzheim586_1-0\" class=\"reference\"><\/sup><\/p>\n<p>L\u00e4nge: 15 cm\u00a0\u00a0 Spannweite: 25-27 cm\u00a0\u00a0 Gewicht: 18-28 g\u00a0\u00a0 Gelege: 2-6 Eier<\/p>\n<p>Zur Galerie <a title=\"Stelzen, Wasseramseln\" href=\"http:\/\/woerrlein-naturfoto.de\/wordpress\/hauptseite-voegel\/voegel\/sperlingsvoegel-2\/stelzen-wasseramseln\/\">Stelzen, Wasseramseln<\/a><\/p>\n<p>&nbsp;<\/p>\n<p><em>Quelle des Textauszuges und weitere Infos bei <\/em><a href=\"https:\/\/de.wikipedia.org\/wiki\/Baumpieper\" target=\"_blank\" rel=\"noopener noreferrer\">Wikipedia<\/a> <em>(<\/em><a href=\"http:\/\/www.gnu.org\/licenses\/fdl-1.3.txt\" target=\"_blank\" rel=\"noopener noreferrer\">GNU-Lizenz<\/a><em>)<\/em> \u2013 <em>mein Dank gilt den<\/em> <a href=\"https:\/\/de.wikipedia.org\/w\/index.php?title=Baumpieper&amp;action=history\" target=\"_blank\" rel=\"noopener noreferrer\">Autoren<\/a>.<\/p>\n","protected":false},"excerpt":{"rendered":"<p>V\u00f6gel -&gt; Sperlingsv\u00f6gel -&gt; Stelzen, Wasseramseln V\u00f6gel von A-Z zur Galerie Stelzen, Wasseramseln Der Baumpieper (Anthus trivialis) ist eine Vogelart aus der Familie der Stelzen und Pieper (Motacillidae). Der im Sommer in Mitteleuropa h\u00e4ufige, aber optisch unauff\u00e4llige Vogel ist vor allem an Waldr\u00e4ndern und -lichtungen zu beobachten, da er neben einem Bestand an hohen B\u00e4umen &hellip; <a href=\"https:\/\/woerrlein-naturfoto.de\/wordpress\/stelzen-wasseramseln-a-z\/baumpieper\/\" class=\"more-link\"><span class=\"screen-reader-text\">Baumpieper<\/span> weiterlesen <span class=\"meta-nav\">&rarr;<\/span><\/a><\/p>\n","protected":false},"author":1,"featured_media":0,"parent":2978,"menu_order":0,"comment_status":"closed","ping_status":"closed","template":"page-templates\/full-width.php","meta":{"footnotes":""},"class_list":["post-13138","page","type-page","status-publish","hentry"],"_links":{"self":[{"href":"https:\/\/woerrlein-naturfoto.de\/wordpress\/wp-json\/wp\/v2\/pages\/13138","targetHints":{"allow":["GET"]}}],"collection":[{"href":"https:\/\/woerrlein-naturfoto.de\/wordpress\/wp-json\/wp\/v2\/pages"}],"about":[{"href":"https:\/\/woerrlein-naturfoto.de\/wordpress\/wp-json\/wp\/v2\/types\/page"}],"author":[{"embeddable":true,"href":"https:\/\/woerrlein-naturfoto.de\/wordpress\/wp-json\/wp\/v2\/users\/1"}],"replies":[{"embeddable":true,"href":"https:\/\/woerrlein-naturfoto.de\/wordpress\/wp-json\/wp\/v2\/comments?post=13138"}],"version-history":[{"count":1,"href":"https:\/\/woerrlein-naturfoto.de\/wordpress\/wp-json\/wp\/v2\/pages\/13138\/revisions"}],"predecessor-version":[{"id":13139,"href":"https:\/\/woerrlein-naturfoto.de\/wordpress\/wp-json\/wp\/v2\/pages\/13138\/revisions\/13139"}],"up":[{"embeddable":true,"href":"https:\/\/woerrlein-naturfoto.de\/wordpress\/wp-json\/wp\/v2\/pages\/2978"}],"wp:attachment":[{"href":"https:\/\/woerrlein-naturfoto.de\/wordpress\/wp-json\/wp\/v2\/media?parent=13138"}],"curies":[{"name":"wp","href":"https:\/\/api.w.org\/{rel}","templated":true}]}}