{"id":13016,"date":"2021-03-27T13:43:49","date_gmt":"2021-03-27T12:43:49","guid":{"rendered":"https:\/\/woerrlein-naturfoto.de\/wordpress\/?page_id=13016"},"modified":"2021-03-27T13:56:03","modified_gmt":"2021-03-27T12:56:03","slug":"sperlingskauz","status":"publish","type":"page","link":"https:\/\/woerrlein-naturfoto.de\/wordpress\/eulen_a-z\/sperlingskauz\/","title":{"rendered":"Sperlingskauz"},"content":{"rendered":"<p><span style=\"color: #ffff00;\"><a style=\"color: #ffff00;\" href=\"http:\/\/woerrlein-naturfoto.de\/wordpress\/voegel\/\">V\u00f6gel <\/a><\/span>-&gt;<span style=\"color: #ffff00;\"><a style=\"color: #ffff00;\" href=\"http:\/\/woerrlein-naturfoto.de\/wordpress\/hauptseite-voegel\/voegel\/eulen\/\"> Eulen<\/a><\/span><a href=\"http:\/\/woerrlein-naturfoto.de\/wordpress\/voegel\/sperlingsvoegel\/drosseln\"><br \/>\n<\/a><a title=\"V\u00f6gel von A-Z\" href=\"http:\/\/woerrlein-naturfoto.de\/wordpress\/voegel\/voegel_von_a-z\/\">V\u00f6gel von A-Z<\/a><br \/>\nZur Galerie <a title=\"Eulen\" href=\"http:\/\/woerrlein-naturfoto.de\/wordpress\/hauptseite-voegel\/voegel\/eulen\/\">Eulen<\/a><\/p>\n<p><img loading=\"lazy\" decoding=\"async\" class=\"alignleft wp-image-12997\" src=\"https:\/\/woerrlein-naturfoto.de\/wordpress\/wp-content\/uploads\/2014\/05\/Sperlingskauz_AW_66618_5433x3622-600x400.jpg\" alt=\"\" width=\"600\" height=\"400\" \/>Der <b>Sperlingskauz<\/b> (<i>Glaucidium passerinum<\/i>) ist die kleinste in Mitteleuropa heimische Eule. Auch weltweit geh\u00f6rt die Art zu den Zwergen unter den Eulenv\u00f6geln. Der Sperlingskauz ist ein Bewohner des pal\u00e4arktischen Nadelwaldg\u00fcrtels, in Mitteleuropa waren seine Vorkommen lange Zeit auf montane W\u00e4lder und W\u00e4lder in Mittelgebirgslagen beschr\u00e4nkt. In letzter Zeit konnte die Art ihr Brutareal betr\u00e4chtlich ausweiten und kommt in zunehmender Anzahl auch in niedriger gelegenen Gebieten vor. Sperlingsk\u00e4uze ern\u00e4hren sich von Kleins\u00e4ugern und Kleinv\u00f6geln. Es werden zwei Unterarten unterschieden.<br \/>\nDer Sperlingskauz wirkt ziemlich einheitlich dunkelgraubraun, Brust und Bauch sind unterschiedlich hell, jedoch selten rein wei\u00df. Am Hinterkopf hat er die typischen Flecken, die bei ung\u00fcnstigen Verh\u00e4ltnissen wie Augen aussehen. Bei guter Sicht ist eine dunkle Strichelung erkennbar. Der Kopf ist klein und flachstirnig mit deutlichen wei\u00dfen \u201eAugenbrauen\u201c. Das Gesichtsfeld ist dunkel, die Iris der verh\u00e4ltnism\u00e4\u00dfig kleinen Augen gelb. Der lange, mehrmals wei\u00df geb\u00e4nderte Schwanz ist sehr auffallend: Oft wird er seitlich hin- und her bewegt oder nach Zaunk\u00f6nigart steil aufgerichtet (<i>gestelzt<\/i>).<\/p>\n<p>L\u00e4nge: 16-17 cm\u00a0\u00a0 Spannweite: 34-35 cm\u00a0\u00a0 Gewicht: 50-70 g\u00a0\u00a0 Gelege: 4-7 Eier<\/p>\n<p>Zur Galerie <a title=\"Eulen\" href=\"http:\/\/woerrlein-naturfoto.de\/wordpress\/hauptseite-voegel\/voegel\/eulen\/\">Eulen<\/a><\/p>\n<p><em><br \/>\nQuelle des Textauszuges und weitere Infos bei <\/em><a href=\"https:\/\/de.wikipedia.org\/wiki\/Sperlingskauz\" target=\"_blank\" rel=\"noopener noreferrer\">Wikipedia<\/a><em> (<\/em><a href=\"http:\/\/www.gnu.org\/licenses\/fdl-1.3.txt\" target=\"_blank\" rel=\"noopener noreferrer\">GNU-Lizenz<\/a><em>)\u2013 mein Dank gilt den <\/em><a href=\"https:\/\/de.wikipedia.org\/w\/index.php?title=Sperlingskauz&amp;action=history\" target=\"_blank\" rel=\"noopener noreferrer\">Autoren<\/a><em>.<\/em><\/p>\n","protected":false},"excerpt":{"rendered":"<p>V\u00f6gel -&gt; Eulen V\u00f6gel von A-Z Zur Galerie Eulen Der Sperlingskauz (Glaucidium passerinum) ist die kleinste in Mitteleuropa heimische Eule. Auch weltweit geh\u00f6rt die Art zu den Zwergen unter den Eulenv\u00f6geln. Der Sperlingskauz ist ein Bewohner des pal\u00e4arktischen Nadelwaldg\u00fcrtels, in Mitteleuropa waren seine Vorkommen lange Zeit auf montane W\u00e4lder und W\u00e4lder in Mittelgebirgslagen beschr\u00e4nkt. In &hellip; <a href=\"https:\/\/woerrlein-naturfoto.de\/wordpress\/eulen_a-z\/sperlingskauz\/\" class=\"more-link\"><span class=\"screen-reader-text\">Sperlingskauz<\/span> weiterlesen <span class=\"meta-nav\">&rarr;<\/span><\/a><\/p>\n","protected":false},"author":1,"featured_media":0,"parent":456,"menu_order":0,"comment_status":"closed","ping_status":"closed","template":"page-templates\/full-width.php","meta":{"footnotes":""},"class_list":["post-13016","page","type-page","status-publish","hentry"],"_links":{"self":[{"href":"https:\/\/woerrlein-naturfoto.de\/wordpress\/wp-json\/wp\/v2\/pages\/13016","targetHints":{"allow":["GET"]}}],"collection":[{"href":"https:\/\/woerrlein-naturfoto.de\/wordpress\/wp-json\/wp\/v2\/pages"}],"about":[{"href":"https:\/\/woerrlein-naturfoto.de\/wordpress\/wp-json\/wp\/v2\/types\/page"}],"author":[{"embeddable":true,"href":"https:\/\/woerrlein-naturfoto.de\/wordpress\/wp-json\/wp\/v2\/users\/1"}],"replies":[{"embeddable":true,"href":"https:\/\/woerrlein-naturfoto.de\/wordpress\/wp-json\/wp\/v2\/comments?post=13016"}],"version-history":[{"count":7,"href":"https:\/\/woerrlein-naturfoto.de\/wordpress\/wp-json\/wp\/v2\/pages\/13016\/revisions"}],"predecessor-version":[{"id":13024,"href":"https:\/\/woerrlein-naturfoto.de\/wordpress\/wp-json\/wp\/v2\/pages\/13016\/revisions\/13024"}],"up":[{"embeddable":true,"href":"https:\/\/woerrlein-naturfoto.de\/wordpress\/wp-json\/wp\/v2\/pages\/456"}],"wp:attachment":[{"href":"https:\/\/woerrlein-naturfoto.de\/wordpress\/wp-json\/wp\/v2\/media?parent=13016"}],"curies":[{"name":"wp","href":"https:\/\/api.w.org\/{rel}","templated":true}]}}