{"id":13009,"date":"2021-03-27T13:28:12","date_gmt":"2021-03-27T12:28:12","guid":{"rendered":"https:\/\/woerrlein-naturfoto.de\/wordpress\/?page_id=13009"},"modified":"2021-03-27T13:57:56","modified_gmt":"2021-03-27T12:57:56","slug":"schleiereule","status":"publish","type":"page","link":"https:\/\/woerrlein-naturfoto.de\/wordpress\/eulen_a-z\/schleiereule\/","title":{"rendered":"Schleiereule"},"content":{"rendered":"<p><span style=\"color: #ffff00;\"><a style=\"color: #ffff00;\" href=\"http:\/\/woerrlein-naturfoto.de\/wordpress\/voegel\/\">V\u00f6gel <\/a><\/span>-&gt;<span style=\"color: #ffff00;\"><a style=\"color: #ffff00;\" href=\"http:\/\/woerrlein-naturfoto.de\/wordpress\/hauptseite-voegel\/voegel\/eulen\/\"> Eulen<\/a><\/span><a href=\"http:\/\/woerrlein-naturfoto.de\/wordpress\/voegel\/sperlingsvoegel\/drosseln\"><br \/>\n<\/a><a title=\"V\u00f6gel von A-Z\" href=\"http:\/\/woerrlein-naturfoto.de\/wordpress\/voegel\/voegel_von_a-z\/\">V\u00f6gel von A-Z<\/a><br \/>\nZur Galerie <a title=\"Eulen\" href=\"http:\/\/woerrlein-naturfoto.de\/wordpress\/hauptseite-voegel\/voegel\/eulen\/\">Eulen<\/a><\/p>\n<p><img loading=\"lazy\" decoding=\"async\" class=\"alignleft wp-image-13006\" src=\"https:\/\/woerrlein-naturfoto.de\/wordpress\/wp-content\/uploads\/2014\/05\/Schleiereule_D180625_2355-267x400.jpg\" alt=\"\" width=\"267\" height=\"400\" \/><\/p>\n<p>Die <b>Schleiereule<\/b> (<i>Tyto alba<\/i>) ist eine Vogelart aus der Ordnung der Eulen. Sie ist eine sehr helle, langbeinige Eule, die keine Federohren aufweist. Zu ihren auff\u00e4lligsten Erkennungsmerkmalen geh\u00f6ren das herzf\u00f6rmige Gesicht sowie die verh\u00e4ltnism\u00e4\u00dfig kleinen, schwarzen Augen. Sie ist nachtaktiv und am Tage nur an ihren Ruhepl\u00e4tzen sowie am Brutplatz zu beobachten.<br \/>\nDie Schleiereule kommt als Brutvogel in vielen Regionen der Welt vor. Sie fehlt in der Tundra, den tropischen Regenw\u00e4ldern sowie gro\u00dfen Teilen Asiens und in den W\u00fcsten. In Mitteleuropa ist sie ein verbreiteter Brutvogel, der vor allem in baumarmen Siedlungsgebieten im Tiefland vorkommt.<br \/>\nDer namensgebende, ausgepr\u00e4gte herzf\u00f6rmige Gesichtsschleier ist sehr hell, je nach Unterart ist er wei\u00df bis hellgrau oder leicht rostrot. Die Oberseite des K\u00f6rpers ist meist goldbraun mit einer feinen grauen Fleckenzeichnung. Die Unterseite kann von einem sehr reinen Wei\u00df bis zu einem hellen Braun variieren, au\u00dferdem unterscheiden sich die Zeichnungen und Fleckungen der einzelnen Unterarten sehr deutlich voneinander. Der Schnabel ist blassgelb, die Krallen sind hornfarben, die Iris der Augen ist dunkelbraun bis schwarz. Die Zehen sind fast unbefiedert und dunkelgraubraun. Die Nestlinge weisen im Unterschied zu anderen Eulen zwei aufeinanderfolgende Dunenkleider auf: Das erste Dunenkleid ist wei\u00df und kurz. An den Halsseiten fehlt es fast ganz. Nach etwa zw\u00f6lf Tagen folgt ein dichteres und l\u00e4ngeres Dunenkleid, das an der K\u00f6rperoberseite grau und an der K\u00f6rperunterseite gelblich get\u00f6nt ist. Die Augen \u00f6ffnen sich ab dem achten Tag. Die Iris ist anf\u00e4nglich blau und f\u00e4rbt im Verlauf von vier Wochen in ein Dunkelbraun um. Der Schnabel ist beim Schlupf wei\u00dflichrosa, nimmt aber sehr schnell eine graue F\u00e4rbung an. Die Zehen sind anfangs rosagelb und haben bis zum Fl\u00fcggewerden der Jungeulen eine dunkelgraue Farbe.<\/p>\n<p>L\u00e4nge: 33-35 cm\u00a0\u00a0 Spannweite: 85-93 cm\u00a0\u00a0 Gewicht: 240-360 g\u00a0\u00a0 Gelege: 4-7 Eier<\/p>\n<p>Zur Galerie <a title=\"Eulen\" href=\"http:\/\/woerrlein-naturfoto.de\/wordpress\/hauptseite-voegel\/voegel\/eulen\/\">Eulen<\/a><\/p>\n<p><em>Quelle des Textauszuges und weitere Infos bei <\/em><a href=\"https:\/\/de.wikipedia.org\/wiki\/Schleiereule\" target=\"_blank\" rel=\"noopener noreferrer\">Wikipedia<\/a><em> (<\/em><a href=\"http:\/\/www.gnu.org\/licenses\/fdl-1.3.txt\" target=\"_blank\" rel=\"noopener noreferrer\">GNU-Lizenz<\/a><em>)\u2013 mein Dank gilt den <\/em><a href=\"https:\/\/de.wikipedia.org\/w\/index.php?title=Schleiereule&amp;action=history\" target=\"_blank\" rel=\"noopener noreferrer\">Autoren<\/a><em>.<\/em><\/p>\n","protected":false},"excerpt":{"rendered":"<p>V\u00f6gel -&gt; Eulen V\u00f6gel von A-Z Zur Galerie Eulen Die Schleiereule (Tyto alba) ist eine Vogelart aus der Ordnung der Eulen. Sie ist eine sehr helle, langbeinige Eule, die keine Federohren aufweist. Zu ihren auff\u00e4lligsten Erkennungsmerkmalen geh\u00f6ren das herzf\u00f6rmige Gesicht sowie die verh\u00e4ltnism\u00e4\u00dfig kleinen, schwarzen Augen. Sie ist nachtaktiv und am Tage nur an ihren &hellip; <a href=\"https:\/\/woerrlein-naturfoto.de\/wordpress\/eulen_a-z\/schleiereule\/\" class=\"more-link\"><span class=\"screen-reader-text\">Schleiereule<\/span> weiterlesen <span class=\"meta-nav\">&rarr;<\/span><\/a><\/p>\n","protected":false},"author":1,"featured_media":0,"parent":456,"menu_order":0,"comment_status":"closed","ping_status":"closed","template":"page-templates\/full-width.php","meta":{"footnotes":""},"class_list":["post-13009","page","type-page","status-publish","hentry"],"_links":{"self":[{"href":"https:\/\/woerrlein-naturfoto.de\/wordpress\/wp-json\/wp\/v2\/pages\/13009","targetHints":{"allow":["GET"]}}],"collection":[{"href":"https:\/\/woerrlein-naturfoto.de\/wordpress\/wp-json\/wp\/v2\/pages"}],"about":[{"href":"https:\/\/woerrlein-naturfoto.de\/wordpress\/wp-json\/wp\/v2\/types\/page"}],"author":[{"embeddable":true,"href":"https:\/\/woerrlein-naturfoto.de\/wordpress\/wp-json\/wp\/v2\/users\/1"}],"replies":[{"embeddable":true,"href":"https:\/\/woerrlein-naturfoto.de\/wordpress\/wp-json\/wp\/v2\/comments?post=13009"}],"version-history":[{"count":9,"href":"https:\/\/woerrlein-naturfoto.de\/wordpress\/wp-json\/wp\/v2\/pages\/13009\/revisions"}],"predecessor-version":[{"id":13027,"href":"https:\/\/woerrlein-naturfoto.de\/wordpress\/wp-json\/wp\/v2\/pages\/13009\/revisions\/13027"}],"up":[{"embeddable":true,"href":"https:\/\/woerrlein-naturfoto.de\/wordpress\/wp-json\/wp\/v2\/pages\/456"}],"wp:attachment":[{"href":"https:\/\/woerrlein-naturfoto.de\/wordpress\/wp-json\/wp\/v2\/media?parent=13009"}],"curies":[{"name":"wp","href":"https:\/\/api.w.org\/{rel}","templated":true}]}}