{"id":12908,"date":"2021-01-29T14:30:59","date_gmt":"2021-01-29T13:30:59","guid":{"rendered":"https:\/\/woerrlein-naturfoto.de\/wordpress\/?page_id=12908"},"modified":"2021-01-29T14:35:05","modified_gmt":"2021-01-29T13:35:05","slug":"seehund","status":"publish","type":"page","link":"https:\/\/woerrlein-naturfoto.de\/wordpress\/meeressaeuger-a-z\/seehund\/","title":{"rendered":"Seehund"},"content":{"rendered":"<p><a href=\"http:\/\/woerrlein-naturfoto.de\/wordpress\/hauptseite-sonstige-tiere\/sonstige-tiere\/\"><span style=\"color: #ffff00;\">sonstige Tiere<\/span> <\/a>-&gt;<a title=\"S\u00e4ugetiere I (Meeress\u00e4uger)\" href=\"http:\/\/woerrlein-naturfoto.de\/wordpress\/hauptseite-sonstige-tiere\/sonstige-tiere\/saeugetiere-i-meeressaeuger\/\"><span style=\"color: #ffff00;\"> S\u00e4ugetiere I (Meeress\u00e4uger)<\/span><\/a><br \/>\n<a href=\"http:\/\/woerrlein-naturfoto.de\/wordpress\/sonstige-tiere-von-a-z\/\">sonstige Tiere von A-Z<\/a><br \/>\nzur Gallerie <a title=\"S\u00e4ugetiere I (Meeress\u00e4uger)\" href=\"http:\/\/woerrlein-naturfoto.de\/wordpress\/hauptseite-sonstige-tiere\/sonstige-tiere\/saeugetiere-i-meeressaeuger\/\">Meeress\u00e4uger<\/a><\/p>\n<p><img loading=\"lazy\" decoding=\"async\" class=\"alignleft wp-image-12886\" src=\"https:\/\/woerrlein-naturfoto.de\/wordpress\/wp-content\/uploads\/2021\/01\/Seehund_DSC_2449-6000x4000-1-600x400.jpg\" alt=\"\" width=\"600\" height=\"400\" \/>Der <b>Seehund<\/b> (<i>Phoca vitulina<\/i>) ist eine in allen n\u00f6rdlich-gem\u00e4\u00dfigten Meeren verbreitete Robbe aus der Familie der Hundsrobben.<br \/>\nSeehunde sind im Vergleich zu der anderen an deutschen K\u00fcsten verbreiteten Robbe, der <a title=\"Kegelrobbe\" href=\"https:\/\/woerrlein-naturfoto.de\/wordpress\/meeressaeuger-a-z\/kegelrobbe\/\" target=\"_blank\" rel=\"noopener noreferrer\">Kegelrobbe<\/a>, kleine und schlanke Robben (M\u00e4nnchen etwa 170\u00a0cm, Weibchen 140\u00a0cm, Gewicht 150 beziehungsweise 100\u00a0kg). Von der Kegelrobbe unterscheiden sie sich auch durch ihren rundlichen Kopf. Die F\u00e4rbung ist regional sehr variabel; in deutschen K\u00fcstengew\u00e4ssern sind Seehunde dunkelgrau gef\u00e4rbt und haben unregelm\u00e4\u00dfig \u00fcber den K\u00f6rper verteilte schwarze Flecken.<br \/>\nSeehunde sind sehr gute Schwimmer, die bis zu 200\u00a0m tief und 30 Minuten lang tauchen k\u00f6nnen. F\u00fcr gew\u00f6hnlich dauert ein Tauchgang aber nur drei Minuten. Ausgewachsene Seehunde fressen ausschlie\u00dflich Fische, und zwar Heringe, Sardinen, Dorsche, Lachse, Stinte und Plattfische. J\u00fcngere Seehunde ern\u00e4hren sich zu einem Gro\u00dfteil von anderen Meerestieren wie Krebs- und Weichtieren. Im Wasser sind Seehunde einzelg\u00e4ngerisch, auf Sandb\u00e4nken kommen sie oft zu kleinen Gruppen zusammen. Sie sind jedoch keine sozialen Tiere und reagieren aggressiv auf Ber\u00fchrung durch Artgenossen; vor allem M\u00e4nnchen f\u00fcgen sich gelegentlich gegenseitig blutige Wunden zu. Auf den Sandb\u00e4nken findet man sie daher meistens gleichm\u00e4\u00dfig verteilt, mit eineinhalb Metern Mindestabstand zwischen zwei Tieren.<br \/>\nVon Juli bis Anfang September findet die Begattung im Wasser statt. Mehrere M\u00e4nnchen sammeln sich dabei um ein Weibchen und versuchen, auf ihren R\u00fccken zu gelangen. Das Weibchen wehrt sich zun\u00e4chst mit Bissen und Fluchtversuchen gegen die Paarung. Letztlich siegt eines der M\u00e4nnchen, indem es das Weibchen mit einem Biss in den Nacken ruhigstellt. Nach etwa drei Minuten ist der Paarungsakt beendet und beide Partner schwimmen ihrer Wege. Seehundm\u00e4nnchen sind weder monogam noch bewachen sie nach Art mancher anderer Robben einen Harem.<br \/>\nDie Tragzeit betr\u00e4gt anschlie\u00dfend 11 Monate, wobei das embryonale Wachstum \u00fcber die ersten zwei bis zweieinhalb Monate ausgesetzt wird. Die Wurfzeit liegt dadurch im folgenden Jahr erneut in den Monaten Juni und Juli. Es wird in der Regel nur ein Jungtier geboren, das bei der Geburt rund 10\u00a0kg schwer, 85\u00a0cm lang und voll schwimmf\u00e4hig ist. Es wird ungef\u00e4hr f\u00fcnf Wochen ges\u00e4ugt und dann allein gelassen.<\/p>\n<p>Zur Galerie <a title=\"S\u00e4ugetiere I (Meeress\u00e4uger)\" href=\"http:\/\/woerrlein-naturfoto.de\/wordpress\/hauptseite-sonstige-tiere\/sonstige-tiere\/saeugetiere-i-meeressaeuger\/\">Meeress\u00e4uger<\/a><\/p>\n<p>&nbsp;<\/p>\n<p><em>Quelle des Textauszuges und weitere Infos bei <\/em><a href=\"https:\/\/de.wikipedia.org\/wiki\/Seehund\" target=\"_blank\" rel=\"noopener noreferrer\">Wikipedia<\/a><em> (<\/em><a href=\"http:\/\/www.gnu.org\/licenses\/fdl-1.3.txt\" target=\"_blank\" rel=\"noopener noreferrer\">GNU-Lizenz<\/a><em>)\u2013 mein Dank gilt den <\/em><a href=\"https:\/\/de.wikipedia.org\/w\/index.php?title=Seehund&amp;action=history\" target=\"_blank\" rel=\"noopener noreferrer\">Autoren<\/a><em>.<\/em><\/p>\n","protected":false},"excerpt":{"rendered":"<p>sonstige Tiere -&gt; S\u00e4ugetiere I (Meeress\u00e4uger) sonstige Tiere von A-Z zur Gallerie Meeress\u00e4uger Der Seehund (Phoca vitulina) ist eine in allen n\u00f6rdlich-gem\u00e4\u00dfigten Meeren verbreitete Robbe aus der Familie der Hundsrobben. Seehunde sind im Vergleich zu der anderen an deutschen K\u00fcsten verbreiteten Robbe, der Kegelrobbe, kleine und schlanke Robben (M\u00e4nnchen etwa 170\u00a0cm, Weibchen 140\u00a0cm, Gewicht 150 &hellip; <a href=\"https:\/\/woerrlein-naturfoto.de\/wordpress\/meeressaeuger-a-z\/seehund\/\" class=\"more-link\"><span class=\"screen-reader-text\">Seehund<\/span> weiterlesen <span class=\"meta-nav\">&rarr;<\/span><\/a><\/p>\n","protected":false},"author":1,"featured_media":0,"parent":5511,"menu_order":0,"comment_status":"closed","ping_status":"closed","template":"page-templates\/full-width.php","meta":{"footnotes":""},"class_list":["post-12908","page","type-page","status-publish","hentry"],"_links":{"self":[{"href":"https:\/\/woerrlein-naturfoto.de\/wordpress\/wp-json\/wp\/v2\/pages\/12908","targetHints":{"allow":["GET"]}}],"collection":[{"href":"https:\/\/woerrlein-naturfoto.de\/wordpress\/wp-json\/wp\/v2\/pages"}],"about":[{"href":"https:\/\/woerrlein-naturfoto.de\/wordpress\/wp-json\/wp\/v2\/types\/page"}],"author":[{"embeddable":true,"href":"https:\/\/woerrlein-naturfoto.de\/wordpress\/wp-json\/wp\/v2\/users\/1"}],"replies":[{"embeddable":true,"href":"https:\/\/woerrlein-naturfoto.de\/wordpress\/wp-json\/wp\/v2\/comments?post=12908"}],"version-history":[{"count":5,"href":"https:\/\/woerrlein-naturfoto.de\/wordpress\/wp-json\/wp\/v2\/pages\/12908\/revisions"}],"predecessor-version":[{"id":12914,"href":"https:\/\/woerrlein-naturfoto.de\/wordpress\/wp-json\/wp\/v2\/pages\/12908\/revisions\/12914"}],"up":[{"embeddable":true,"href":"https:\/\/woerrlein-naturfoto.de\/wordpress\/wp-json\/wp\/v2\/pages\/5511"}],"wp:attachment":[{"href":"https:\/\/woerrlein-naturfoto.de\/wordpress\/wp-json\/wp\/v2\/media?parent=12908"}],"curies":[{"name":"wp","href":"https:\/\/api.w.org\/{rel}","templated":true}]}}